{"id":9166,"date":"2022-02-25T10:18:48","date_gmt":"2022-02-25T10:18:48","guid":{"rendered":"https:\/\/dunavarsany.hu\/?page_id=9166"},"modified":"2023-01-16T12:53:42","modified_gmt":"2023-01-16T12:53:42","slug":"2022-evi-testuleti-ulesek","status":"publish","type":"page","link":"https:\/\/dunavarsany.hu\/index.php\/2022-evi-testuleti-ulesek\/","title":{"rendered":"2022. \u00e9vi test\u00fcleti \u00fcl\u00e9sek"},"content":{"rendered":"<table style=\"width: 45.2632%; height: 255px;\">\n<tbody>\n<tr style=\"height: 40px;\">\n<td style=\"width: 100%; height: 40px;\"><a href=\"https:\/\/dunavarsany.hu\/index.php\/2022\/02\/25\/2022-02-08-kt-rendes-nyilt-ules\/\">2022. 02. 08. Kt. rendes ny\u00edlt \u00fcl\u00e9s<\/a><\/td>\n<\/tr>\n<tr style=\"height: 39px;\">\n<td style=\"width: 100%; height: 39px;\"><a href=\"https:\/\/dunavarsany.hu\/index.php\/2022\/04\/12\/2022-02-24-kt-rendkivuli-ules\/\">2022. 02. 24. Kt. rendk\u00edv\u00fcli \u00fcl\u00e9s<\/a><\/td>\n<\/tr>\n<tr style=\"height: 42px;\">\n<td style=\"width: 100%; height: 42px;\"><a href=\"https:\/\/dunavarsany.hu\/index.php\/2022\/04\/12\/2022-03-08-kt-rendes-ules\/\">2022. 03. 08. Kt. rendes \u00fcl\u00e9s<\/a><\/td>\n<\/tr>\n<tr style=\"height: 38px;\">\n<td style=\"width: 100%; height: 38px;\"><a href=\"https:\/\/dunavarsany.hu\/index.php\/2022\/05\/05\/2022-04-12-kt-ules\/\">2022. 04. 12. Kt. \u00fcl\u00e9s<\/a><\/td>\n<\/tr>\n<tr style=\"height: 24px;\">\n<td style=\"width: 100%; height: 24px;\"><a href=\"https:\/\/dunavarsany.hu\/index.php\/2022\/06\/03\/2022-05-10-kt-ules\/\">2022. 05. 10. Kt. \u00fcl\u00e9s<\/a><\/td>\n<\/tr>\n<tr style=\"height: 24px;\">\n<td style=\"width: 100%; height: 24px;\"><a href=\"https:\/\/dunavarsany.hu\/index.php\/2022\/07\/05\/2022-06-14-kt-ules\/\">2022. 06. 14. Kt. \u00fcl\u00e9s<\/a><\/td>\n<\/tr>\n<tr style=\"height: 24px;\">\n<td style=\"width: 100%; height: 24px;\"><a href=\"https:\/\/dunavarsany.hu\/index.php\/2022\/08\/11\/2022-07-12-kt-ules\/\">2022.07.12. kt. \u00fcl\u00e9s<\/a><\/td>\n<\/tr>\n<tr style=\"height: 24px;\">\n<td style=\"width: 100%; height: 24px;\"><a href=\"https:\/\/dunavarsany.hu\/index.php\/2022\/08\/11\/2022-07-22-rendkivuli-nyilt-ules\/\">2022.07.22. rendk\u00edv\u00fcli ny\u00edlt \u00fcl\u00e9s<\/a><\/td>\n<\/tr>\n<tr>\n<td style=\"width: 100%;\"><a href=\"https:\/\/dunavarsany.hu\/index.php\/2022\/09\/26\/2022-08-29-rendkivuli-nyilt-ules\/\">2022.08.29. rendk\u00edv\u00fcli ny\u00edlt \u00fcl\u00e9s<\/a><\/td>\n<\/tr>\n<tr>\n<td style=\"width: 100%;\"><a href=\"https:\/\/dunavarsany.hu\/index.php\/2022\/09\/26\/2022-09-06-kozmeghallgatas\/\">2022.09.06. k\u00f6zmeghallgat\u00e1s<\/a><\/td>\n<\/tr>\n<tr>\n<td style=\"width: 100%;\"><a href=\"https:\/\/dunavarsany.hu\/index.php\/2022\/10\/10\/2022-09-20-kt-ules\/\">2022. 09. 20. Kt. \u00fcl\u00e9s<\/a><\/td>\n<\/tr>\n<tr>\n<td style=\"width: 100%;\"><a href=\"https:\/\/dunavarsany.hu\/index.php\/2022\/10\/26\/2022-10-11-kt-ules\/\">2022.10.11. Kt. \u00fcl\u00e9s<\/a><\/td>\n<\/tr>\n<tr>\n<td style=\"width: 100%;\"><a href=\"https:\/\/dunavarsany.hu\/index.php\/2022\/11\/15\/2022-10-27-kt-rendkivuli-nyilt-ules\/\">2022 10. 27. Kt. rendk\u00edv\u00fcli, ny\u00edlt \u00fcl\u00e9s<\/a><\/td>\n<\/tr>\n<tr>\n<td style=\"width: 100%;\"><a href=\"https:\/\/dunavarsany.hu\/index.php\/2022\/12\/08\/2022-11-14-kt-rendes-ules\/\">2022. 11. 14. Kt. rendes \u00fcl\u00e9s<\/a><\/td>\n<\/tr>\n<tr>\n<td style=\"width: 100%;\"><a href=\"https:\/\/dunavarsany.hu\/index.php\/2023\/01\/16\/2022-12-13-kt-rendes-ules\/\">2022. 12. 13. Kt. rendes \u00fcl\u00e9s<\/a><\/td>\n<\/tr>\n<\/tbody>\n<\/table>\n","protected":false},"excerpt":{"rendered":"<div class=\"mh-excerpt\"><p>2022. 02. 08. Kt. rendes ny\u00edlt \u00fcl\u00e9s 2022. 02. 24. Kt. rendk\u00edv\u00fcli \u00fcl\u00e9s 2022. 03. 08. Kt. rendes \u00fcl\u00e9s 2022. 04. 12. Kt. \u00fcl\u00e9s 2022. 05. 10. Kt. \u00fcl\u00e9s 2022. 06. 14. Kt. \u00fcl\u00e9s 2022.07.12. <a class=\"mh-excerpt-more\" href=\"https:\/\/dunavarsany.hu\/index.php\/2022-evi-testuleti-ulesek\/\" title=\"2022. \u00e9vi test\u00fcleti \u00fcl\u00e9sek\">[&#8230;]<\/a><\/p>\n<\/div>","protected":false},"author":3,"featured_media":0,"parent":0,"menu_order":0,"comment_status":"closed","ping_status":"closed","template":"","meta":{"footnotes":""},"class_list":["post-9166","page","type-page","status-publish"],"_links":{"self":[{"href":"https:\/\/dunavarsany.hu\/index.php\/wp-json\/wp\/v2\/pages\/9166","targetHints":{"allow":["GET"]}}],"collection":[{"href":"https:\/\/dunavarsany.hu\/index.php\/wp-json\/wp\/v2\/pages"}],"about":[{"href":"https:\/\/dunavarsany.hu\/index.php\/wp-json\/wp\/v2\/types\/page"}],"author":[{"embeddable":true,"href":"https:\/\/dunavarsany.hu\/index.php\/wp-json\/wp\/v2\/users\/3"}],"replies":[{"embeddable":true,"href":"https:\/\/dunavarsany.hu\/index.php\/wp-json\/wp\/v2\/comments?post=9166"}],"version-history":[{"count":32,"href":"https:\/\/dunavarsany.hu\/index.php\/wp-json\/wp\/v2\/pages\/9166\/revisions"}],"predecessor-version":[{"id":10485,"href":"https:\/\/dunavarsany.hu\/index.php\/wp-json\/wp\/v2\/pages\/9166\/revisions\/10485"}],"wp:attachment":[{"href":"https:\/\/dunavarsany.hu\/index.php\/wp-json\/wp\/v2\/media?parent=9166"}],"curies":[{"name":"wp","href":"https:\/\/api.w.org\/{rel}","templated":true}]}}