{"id":9125,"date":"2022-02-20T11:06:43","date_gmt":"2022-02-20T11:06:43","guid":{"rendered":"https:\/\/dunavarsany.hu\/?page_id=9125"},"modified":"2024-11-13T09:53:02","modified_gmt":"2024-11-13T09:53:02","slug":"ugysegedi-ugyfelfogadas","status":"publish","type":"page","link":"https:\/\/dunavarsany.hu\/index.php\/ugysegedi-ugyfelfogadas\/","title":{"rendered":"\u00dcgyseg\u00e9di \u00fcgyf\u00e9lfogad\u00e1s"},"content":{"rendered":"<div class=\"cxmmr5t8 oygrvhab hcukyx3x c1et5uql o9v6fnle ii04i59q\">\n<div dir=\"auto\" style=\"text-align: justify;\">A Pest Megyei Korm\u00e1nyhivatal \u00fcgyseg\u00e9di \u00fcgyf\u00e9lfogad\u00e1st tart a Dunavars\u00e1nyi K\u00f6z\u00f6s \u00d6nkorm\u00e1nyzati Hivatalban al\u00e1bbi id\u0151pontban:<\/div>\n<\/div>\n<div class=\"cxmmr5t8 oygrvhab hcukyx3x c1et5uql o9v6fnle ii04i59q\">\n<div dir=\"auto\"><\/div>\n<h3 dir=\"auto\" style=\"text-align: center;\"><strong>Minden h\u00f3nap els\u0151 szerd\u00e1j\u00e1n 8.00-10.00 \u00f3r\u00e1ig<\/strong><\/h3>\n<\/div>\n<div class=\"cxmmr5t8 oygrvhab hcukyx3x c1et5uql o9v6fnle ii04i59q\">\n<div dir=\"auto\"><\/div>\n<div dir=\"auto\">Int\u00e9zhet\u0151 \u00fcgyek:<\/div>\n<\/div>\n<div class=\"cxmmr5t8 oygrvhab hcukyx3x c1et5uql o9v6fnle ii04i59q\">\n<ul style=\"list-style-type: square;\">\n<li dir=\"auto\">foglalkoztat\u00e1st helyettes\u00edt\u0151 t\u00e1mogat\u00e1s<\/li>\n<li dir=\"auto\">eg\u00e9szs\u00e9gk\u00e1rosod\u00e1si \u00e9s gyermekfel\u00fcgyeleti t\u00e1mogat\u00e1s<\/li>\n<li dir=\"auto\">eg\u00e9szs\u00e9g\u00fcgyi szolg\u00e1ltat\u00e1sra val\u00f3 jogosults\u00e1g<\/li>\n<li dir=\"auto\">k\u00f6zgy\u00f3gyell\u00e1t\u00e1s<\/li>\n<li dir=\"auto\">\u00e1pol\u00e1si d\u00edj<\/li>\n<li dir=\"auto\">gyermekek otthongondoz\u00e1si d\u00edja<\/li>\n<li dir=\"auto\">id\u0151skor\u00faak j\u00e1rad\u00e9ka<\/li>\n<li dir=\"auto\">hadigondozott ell\u00e1t\u00e1s<\/li>\n<\/ul>\n<\/div>\n","protected":false},"excerpt":{"rendered":"<div class=\"mh-excerpt\"><p>A Pest Megyei Korm\u00e1nyhivatal \u00fcgyseg\u00e9di \u00fcgyf\u00e9lfogad\u00e1st tart a Dunavars\u00e1nyi K\u00f6z\u00f6s \u00d6nkorm\u00e1nyzati Hivatalban al\u00e1bbi id\u0151pontban: Minden h\u00f3nap els\u0151 szerd\u00e1j\u00e1n 8.00-10.00 \u00f3r\u00e1ig Int\u00e9zhet\u0151 \u00fcgyek: foglalkoztat\u00e1st helyettes\u00edt\u0151 t\u00e1mogat\u00e1s eg\u00e9szs\u00e9gk\u00e1rosod\u00e1si \u00e9s gyermekfel\u00fcgyeleti t\u00e1mogat\u00e1s eg\u00e9szs\u00e9g\u00fcgyi szolg\u00e1ltat\u00e1sra val\u00f3 jogosults\u00e1g k\u00f6zgy\u00f3gyell\u00e1t\u00e1s \u00e1pol\u00e1si <a class=\"mh-excerpt-more\" href=\"https:\/\/dunavarsany.hu\/index.php\/ugysegedi-ugyfelfogadas\/\" title=\"\u00dcgyseg\u00e9di \u00fcgyf\u00e9lfogad\u00e1s\">[&#8230;]<\/a><\/p>\n<\/div>","protected":false},"author":3,"featured_media":0,"parent":0,"menu_order":0,"comment_status":"closed","ping_status":"closed","template":"","meta":{"footnotes":""},"class_list":["post-9125","page","type-page","status-publish"],"_links":{"self":[{"href":"https:\/\/dunavarsany.hu\/index.php\/wp-json\/wp\/v2\/pages\/9125","targetHints":{"allow":["GET"]}}],"collection":[{"href":"https:\/\/dunavarsany.hu\/index.php\/wp-json\/wp\/v2\/pages"}],"about":[{"href":"https:\/\/dunavarsany.hu\/index.php\/wp-json\/wp\/v2\/types\/page"}],"author":[{"embeddable":true,"href":"https:\/\/dunavarsany.hu\/index.php\/wp-json\/wp\/v2\/users\/3"}],"replies":[{"embeddable":true,"href":"https:\/\/dunavarsany.hu\/index.php\/wp-json\/wp\/v2\/comments?post=9125"}],"version-history":[{"count":2,"href":"https:\/\/dunavarsany.hu\/index.php\/wp-json\/wp\/v2\/pages\/9125\/revisions"}],"predecessor-version":[{"id":13111,"href":"https:\/\/dunavarsany.hu\/index.php\/wp-json\/wp\/v2\/pages\/9125\/revisions\/13111"}],"wp:attachment":[{"href":"https:\/\/dunavarsany.hu\/index.php\/wp-json\/wp\/v2\/media?parent=9125"}],"curies":[{"name":"wp","href":"https:\/\/api.w.org\/{rel}","templated":true}]}}