{"id":7206,"date":"2021-02-22T10:45:15","date_gmt":"2021-02-22T10:45:15","guid":{"rendered":"http:\/\/dunavarsany.hu\/?page_id=7206"},"modified":"2021-02-22T10:45:15","modified_gmt":"2021-02-22T10:45:15","slug":"veszelyhelyzet-alatti-hatarozatok-eloterjesztesek-2021-02-11","status":"publish","type":"page","link":"https:\/\/dunavarsany.hu\/index.php\/veszelyhelyzet-alatti-hatarozatok-eloterjesztesek-2021-02-11\/","title":{"rendered":"Vesz\u00e9lyhelyzet alatti hat\u00e1rozatok-el\u0151terjeszt\u00e9sek 2021.02.11."},"content":{"rendered":"<p><a href=\"https:\/\/dunavarsany.hu\/wp-content\/uploads\/2021\/02\/11-12-Eloterjesztes.pdf\">11-12-El\u0151terjeszt\u00e9s<\/a><\/p>\n<p><a href=\"https:\/\/dunavarsany.hu\/wp-content\/uploads\/2021\/02\/11-2021.-II.-11.-hatarozat.pdf\">11-2021. (II. 11.) hat\u00e1rozat<\/a><\/p>\n<p><a href=\"https:\/\/dunavarsany.hu\/wp-content\/uploads\/2021\/02\/12-2021.-II.-11.-hatarozat.pdf\">12-2021. (II. 11.) hat\u00e1rozat<\/a><\/p>\n<p><a href=\"https:\/\/dunavarsany.hu\/wp-content\/uploads\/2021\/02\/13-16-Eloterjesztes.pdf\">13-16-El\u0151terjeszt\u00e9s<\/a><\/p>\n<p><a href=\"https:\/\/dunavarsany.hu\/wp-content\/uploads\/2021\/02\/13-2021.-II.-11.-hatarozat.pdf\">13-2021. (II. 11.) hat\u00e1rozat<\/a><\/p>\n<p><a href=\"https:\/\/dunavarsany.hu\/wp-content\/uploads\/2021\/02\/14-2021.-II.-11.-hatarozat.pdf\">14-2021. (II. 11.) hat\u00e1rozat<\/a><\/p>\n<p><a href=\"https:\/\/dunavarsany.hu\/wp-content\/uploads\/2021\/02\/15-2021.-II.-11.-hatarozat.pdf\">15-2021. (II. 11.) hat\u00e1rozat<\/a><\/p>\n<p><a href=\"https:\/\/dunavarsany.hu\/wp-content\/uploads\/2021\/02\/16-2021.-II.-11.-hatarozat.pdf\">16-2021. (II. 11.) hat\u00e1rozat<\/a><\/p>\n<p><a href=\"https:\/\/dunavarsany.hu\/wp-content\/uploads\/2021\/02\/17-Eloterjesztes.pdf\">17-El\u0151terjeszt\u00e9s<\/a><\/p>\n<p><a href=\"https:\/\/dunavarsany.hu\/wp-content\/uploads\/2021\/02\/17-2021.-II.-11.-hatarozat.pdf\">17-2021. (II. 11.) hat\u00e1rozat<\/a><\/p>\n<p><a href=\"https:\/\/dunavarsany.hu\/wp-content\/uploads\/2021\/02\/18-Eloterjesztes.pdf\">18-El\u0151terjeszt\u00e9s<\/a><\/p>\n<p><a href=\"https:\/\/dunavarsany.hu\/wp-content\/uploads\/2021\/02\/18-2021.-II.-11.-hatarozat.pdf\">18-2021. (II. 11.) hat\u00e1rozat<\/a><\/p>\n<p><a href=\"https:\/\/dunavarsany.hu\/wp-content\/uploads\/2021\/02\/19-Eloterjesztes.pdf\">19-El\u0151terjeszt\u00e9s<\/a><\/p>\n<p><a href=\"https:\/\/dunavarsany.hu\/wp-content\/uploads\/2021\/02\/19-2021.-II.-11.-hatarozat.pdf\">19-2021. (II. 11.) hat\u00e1rozat<\/a><\/p>\n<p><a href=\"https:\/\/dunavarsany.hu\/wp-content\/uploads\/2021\/02\/20-Eloterjesztes.pdf\">20-El\u0151terjeszt\u00e9s<\/a><\/p>\n<p><a href=\"https:\/\/dunavarsany.hu\/wp-content\/uploads\/2021\/02\/20-2021.-II.-11.-hatarozat.pdf\">20-2021. (II. 11.) hat\u00e1rozat<\/a><\/p>\n","protected":false},"excerpt":{"rendered":"<div class=\"mh-excerpt\"><p>11-12-El\u0151terjeszt\u00e9s 11-2021. (II. 11.) hat\u00e1rozat 12-2021. (II. 11.) hat\u00e1rozat 13-16-El\u0151terjeszt\u00e9s 13-2021. (II. 11.) hat\u00e1rozat 14-2021. (II. 11.) hat\u00e1rozat 15-2021. (II. 11.) hat\u00e1rozat 16-2021. (II. 11.) hat\u00e1rozat 17-El\u0151terjeszt\u00e9s 17-2021. (II. 11.) hat\u00e1rozat 18-El\u0151terjeszt\u00e9s 18-2021. (II. 11.) <a class=\"mh-excerpt-more\" href=\"https:\/\/dunavarsany.hu\/index.php\/veszelyhelyzet-alatti-hatarozatok-eloterjesztesek-2021-02-11\/\" title=\"Vesz\u00e9lyhelyzet alatti hat\u00e1rozatok-el\u0151terjeszt\u00e9sek 2021.02.11.\">[&#8230;]<\/a><\/p>\n<\/div>","protected":false},"author":3,"featured_media":0,"parent":0,"menu_order":0,"comment_status":"closed","ping_status":"closed","template":"","meta":{"footnotes":""},"class_list":["post-7206","page","type-page","status-publish"],"_links":{"self":[{"href":"https:\/\/dunavarsany.hu\/index.php\/wp-json\/wp\/v2\/pages\/7206","targetHints":{"allow":["GET"]}}],"collection":[{"href":"https:\/\/dunavarsany.hu\/index.php\/wp-json\/wp\/v2\/pages"}],"about":[{"href":"https:\/\/dunavarsany.hu\/index.php\/wp-json\/wp\/v2\/types\/page"}],"author":[{"embeddable":true,"href":"https:\/\/dunavarsany.hu\/index.php\/wp-json\/wp\/v2\/users\/3"}],"replies":[{"embeddable":true,"href":"https:\/\/dunavarsany.hu\/index.php\/wp-json\/wp\/v2\/comments?post=7206"}],"version-history":[{"count":1,"href":"https:\/\/dunavarsany.hu\/index.php\/wp-json\/wp\/v2\/pages\/7206\/revisions"}],"predecessor-version":[{"id":7223,"href":"https:\/\/dunavarsany.hu\/index.php\/wp-json\/wp\/v2\/pages\/7206\/revisions\/7223"}],"wp:attachment":[{"href":"https:\/\/dunavarsany.hu\/index.php\/wp-json\/wp\/v2\/media?parent=7206"}],"curies":[{"name":"wp","href":"https:\/\/api.w.org\/{rel}","templated":true}]}}