{"id":7188,"date":"2021-02-22T09:56:54","date_gmt":"2021-02-22T09:56:54","guid":{"rendered":"http:\/\/dunavarsany.hu\/?page_id=7188"},"modified":"2021-02-22T10:13:13","modified_gmt":"2021-02-22T10:13:13","slug":"veszelyhelyzet-alatti-hatarozatok-eloterjesztesek-2021-01-29","status":"publish","type":"page","link":"https:\/\/dunavarsany.hu\/index.php\/veszelyhelyzet-alatti-hatarozatok-eloterjesztesek-2021-01-29\/","title":{"rendered":"Vesz\u00e9lyhelyzet alatti hat\u00e1rozatok-el\u0151terjeszt\u00e9sek 2021.01.29."},"content":{"rendered":"<p><a href=\"https:\/\/dunavarsany.hu\/wp-content\/uploads\/2021\/02\/6-7-Eloterjesztes.pdf\">6-7 El\u0151terjeszt\u00e9s<\/a><\/p>\n<p><a href=\"https:\/\/dunavarsany.hu\/wp-content\/uploads\/2021\/02\/6-2021.-I.-29.-hatarozat.pdf\">6-2021. (I. 29.) hat\u00e1rozat<\/a><\/p>\n<p><a href=\"https:\/\/dunavarsany.hu\/wp-content\/uploads\/2021\/02\/7-2021.-I.-29.-hatarozat.pdf\">7-2021. (I. 29.) hat\u00e1rozat<\/a><\/p>\n","protected":false},"excerpt":{"rendered":"<div class=\"mh-excerpt\"><p>6-7 El\u0151terjeszt\u00e9s 6-2021. (I. 29.) hat\u00e1rozat 7-2021. (I. 29.) hat\u00e1rozat<\/p>\n<\/div>","protected":false},"author":3,"featured_media":0,"parent":0,"menu_order":0,"comment_status":"closed","ping_status":"closed","template":"","meta":{"footnotes":""},"class_list":["post-7188","page","type-page","status-publish"],"_links":{"self":[{"href":"https:\/\/dunavarsany.hu\/index.php\/wp-json\/wp\/v2\/pages\/7188","targetHints":{"allow":["GET"]}}],"collection":[{"href":"https:\/\/dunavarsany.hu\/index.php\/wp-json\/wp\/v2\/pages"}],"about":[{"href":"https:\/\/dunavarsany.hu\/index.php\/wp-json\/wp\/v2\/types\/page"}],"author":[{"embeddable":true,"href":"https:\/\/dunavarsany.hu\/index.php\/wp-json\/wp\/v2\/users\/3"}],"replies":[{"embeddable":true,"href":"https:\/\/dunavarsany.hu\/index.php\/wp-json\/wp\/v2\/comments?post=7188"}],"version-history":[{"count":1,"href":"https:\/\/dunavarsany.hu\/index.php\/wp-json\/wp\/v2\/pages\/7188\/revisions"}],"predecessor-version":[{"id":7192,"href":"https:\/\/dunavarsany.hu\/index.php\/wp-json\/wp\/v2\/pages\/7188\/revisions\/7192"}],"wp:attachment":[{"href":"https:\/\/dunavarsany.hu\/index.php\/wp-json\/wp\/v2\/media?parent=7188"}],"curies":[{"name":"wp","href":"https:\/\/api.w.org\/{rel}","templated":true}]}}