{"id":7097,"date":"2021-01-27T08:30:19","date_gmt":"2021-01-27T08:30:19","guid":{"rendered":"http:\/\/dunavarsany.hu\/?page_id=7097"},"modified":"2021-01-27T08:30:19","modified_gmt":"2021-01-27T08:30:19","slug":"veszelyhelyzet-alatti-hatarozatok-eloterjesztesek-2021","status":"publish","type":"page","link":"https:\/\/dunavarsany.hu\/index.php\/veszelyhelyzet-alatti-hatarozatok-eloterjesztesek-2021\/","title":{"rendered":"Vesz\u00e9lyhelyzet alatti hat\u00e1rozatok-el\u0151terjeszt\u00e9sek 2021"},"content":{"rendered":"<p><a href=\"https:\/\/dunavarsany.hu\/wp-content\/uploads\/2021\/01\/1.-Eloterjesztes-jan.14..pdf\">1. El\u0151terjeszt\u00e9s-jan.14.<\/a><\/p>\n<p><a href=\"https:\/\/dunavarsany.hu\/wp-content\/uploads\/2021\/01\/1.-hatarozat.pdf\">1. hat\u00e1rozat<\/a><\/p>\n<p><a href=\"https:\/\/dunavarsany.hu\/wp-content\/uploads\/2021\/01\/2.-Eloterjesztes-jan.14..pdf\">2. El\u0151terjeszt\u00e9s-jan.14.<\/a><\/p>\n<p><a href=\"https:\/\/dunavarsany.hu\/wp-content\/uploads\/2021\/01\/2.-hatarozat.pdf\">2. hat\u00e1rozat<\/a><\/p>\n<p><a href=\"https:\/\/dunavarsany.hu\/wp-content\/uploads\/2021\/01\/3.-Eloterjesztes-jan.14..pdf\">3. El\u0151terjeszt\u00e9s-jan.14.<\/a><\/p>\n<p><a href=\"https:\/\/dunavarsany.hu\/wp-content\/uploads\/2021\/01\/3.-hatarozat.pdf\">3. hat\u00e1rozat<\/a><\/p>\n<p><a href=\"https:\/\/dunavarsany.hu\/wp-content\/uploads\/2021\/01\/4.-Eloterjesztes-jan.14..pdf\">4. El\u0151terjeszt\u00e9s-jan.14.<\/a><\/p>\n<p><a href=\"https:\/\/dunavarsany.hu\/wp-content\/uploads\/2021\/01\/4.-hatarozat.pdf\">4. hat\u00e1rozat<\/a><\/p>\n<p><a href=\"https:\/\/dunavarsany.hu\/wp-content\/uploads\/2021\/01\/5.-Eloterjesztes-jan.14..pdf\">5. El\u0151terjeszt\u00e9s-jan.14.<\/a><\/p>\n<p><a href=\"https:\/\/dunavarsany.hu\/wp-content\/uploads\/2021\/01\/5.-hatarozat.pdf\">5. hat\u00e1rozat<\/a><\/p>\n","protected":false},"excerpt":{"rendered":"<div class=\"mh-excerpt\"><p>1. El\u0151terjeszt\u00e9s-jan.14. 1. hat\u00e1rozat 2. El\u0151terjeszt\u00e9s-jan.14. 2. hat\u00e1rozat 3. El\u0151terjeszt\u00e9s-jan.14. 3. hat\u00e1rozat 4. El\u0151terjeszt\u00e9s-jan.14. 4. hat\u00e1rozat 5. El\u0151terjeszt\u00e9s-jan.14. 5. hat\u00e1rozat<\/p>\n<\/div>","protected":false},"author":3,"featured_media":0,"parent":0,"menu_order":0,"comment_status":"closed","ping_status":"closed","template":"","meta":{"footnotes":""},"class_list":["post-7097","page","type-page","status-publish"],"_links":{"self":[{"href":"https:\/\/dunavarsany.hu\/index.php\/wp-json\/wp\/v2\/pages\/7097","targetHints":{"allow":["GET"]}}],"collection":[{"href":"https:\/\/dunavarsany.hu\/index.php\/wp-json\/wp\/v2\/pages"}],"about":[{"href":"https:\/\/dunavarsany.hu\/index.php\/wp-json\/wp\/v2\/types\/page"}],"author":[{"embeddable":true,"href":"https:\/\/dunavarsany.hu\/index.php\/wp-json\/wp\/v2\/users\/3"}],"replies":[{"embeddable":true,"href":"https:\/\/dunavarsany.hu\/index.php\/wp-json\/wp\/v2\/comments?post=7097"}],"version-history":[{"count":1,"href":"https:\/\/dunavarsany.hu\/index.php\/wp-json\/wp\/v2\/pages\/7097\/revisions"}],"predecessor-version":[{"id":7108,"href":"https:\/\/dunavarsany.hu\/index.php\/wp-json\/wp\/v2\/pages\/7097\/revisions\/7108"}],"wp:attachment":[{"href":"https:\/\/dunavarsany.hu\/index.php\/wp-json\/wp\/v2\/media?parent=7097"}],"curies":[{"name":"wp","href":"https:\/\/api.w.org\/{rel}","templated":true}]}}