{"id":7094,"date":"2021-01-27T08:23:33","date_gmt":"2021-01-27T08:23:33","guid":{"rendered":"http:\/\/dunavarsany.hu\/?page_id=7094"},"modified":"2022-01-04T12:27:34","modified_gmt":"2022-01-04T12:27:34","slug":"2021-evi-testuleti-ulesek","status":"publish","type":"page","link":"https:\/\/dunavarsany.hu\/index.php\/2021-evi-testuleti-ulesek\/","title":{"rendered":"2021. \u00e9vi test\u00fcleti \u00fcl\u00e9sek"},"content":{"rendered":"<p>&nbsp;<\/p>\r\n<!-- \/wp:post-content -->\r\n\r\n<!-- wp:table -->\r\n<figure class=\"wp-block-table\">\r\n<table style=\"width: 45.2632%; height: 348px;\">\r\n<tbody>\r\n<tr style=\"height: 47px;\">\r\n<td style=\"width: 100%; height: 47px;\"><a href=\"https:\/\/dunavarsany.hu\/index.php\/veszelyhelyzet-alatti-hatarozatok-eloterjesztesek-2021\/\">Vesz\u00e9lyhelyzet alatti hat\u00e1rozatok-el\u0151terjeszt\u00e9sek 2021.01.14.<\/a><\/td>\r\n<\/tr>\r\n<tr style=\"height: 47px;\">\r\n<td style=\"width: 100%; height: 47px;\"><a href=\"https:\/\/dunavarsany.hu\/index.php\/veszelyhelyzet-alatti-hatarozatok-eloterjesztesek-2021-01-29\/\">Vesz\u00e9lyhelyzet alatti hat\u00e1rozatok-el\u0151terjeszt\u00e9sek 2021.01.29.<\/a><\/td>\r\n<\/tr>\r\n<tr style=\"height: 47px;\">\r\n<td style=\"width: 100%; height: 47px;\"><a href=\"https:\/\/dunavarsany.hu\/index.php\/veszelyhelyzet-alatti-hatarozatok-eloterjesztesek-2021-02-01\/\">Vesz\u00e9lyhelyzet alatti hat\u00e1rozatok-el\u0151terjeszt\u00e9sek 2021.02.01.<\/a><\/td>\r\n<\/tr>\r\n<tr style=\"height: 23px;\">\r\n<td style=\"width: 100%; height: 23px;\"><a href=\"https:\/\/dunavarsany.hu\/index.php\/veszelyhelyzet-alatti-hatarozatok-eloterjesztesek-2021-02-11\/\">Vesz\u00e9lyhelyzet alatti hat\u00e1rozatok-el\u0151terjeszt\u00e9sek 2021.02.11.<\/a><\/td>\r\n<\/tr>\r\n<tr style=\"height: 23px;\">\r\n<td style=\"width: 100%; height: 23px;\"><a href=\"https:\/\/dunavarsany.hu\/index.php\/veszelyhelyzet-alatti-hatarozatok-eloterjesztesek-2021-02-18\/\">Vesz\u00e9lyhelyzet alatti hat\u00e1rozatok-el\u0151terjeszt\u00e9sek 2021.02.18.<\/a><\/td>\r\n<\/tr>\r\n<tr style=\"height: 23px;\">\r\n<td style=\"width: 100%; height: 23px;\"><a href=\"https:\/\/dunavarsany.hu\/index.php\/2021\/04\/08\/veszelyhelyzet-alatti-hatarozatok-eloterjesztesek-2021-02-25\/\">Vesz\u00e9lyhelyzet alatti hat\u00e1rozatok-el\u0151terjeszt\u00e9sek 2021.02.25.<\/a><\/td>\r\n<\/tr>\r\n<tr style=\"height: 23px;\">\r\n<td style=\"width: 100%; height: 23px;\"><a href=\"https:\/\/dunavarsany.hu\/index.php\/2021\/04\/06\/veszelyhelyzet-alatti-hatarozatok-eloterjesztesek-2021-03-03\/\">Vesz\u00e9lyhelyzet alatti hat\u00e1rozatok-el\u0151terjeszt\u00e9sek 2021.03.03.<\/a><\/td>\r\n<\/tr>\r\n<tr style=\"height: 23px;\">\r\n<td style=\"width: 100%; height: 23px;\"><a href=\"https:\/\/dunavarsany.hu\/index.php\/2021\/04\/06\/veszelyhelyzet-alatti-hatarozatok-eloterjesztesek-2021-03-16\/\">Vesz\u00e9lyhelyzet alatti hat\u00e1rozatok-el\u0151terjeszt\u00e9sek 2021.03.16.<\/a><\/td>\r\n<\/tr>\r\n<tr style=\"height: 23px;\">\r\n<td style=\"width: 100%; height: 23px;\"><a href=\"https:\/\/dunavarsany.hu\/index.php\/2021\/04\/06\/veszelyhelyzet-alatti-hatarozatok-eloterjesztesek-2021-03-29\/\">Vesz\u00e9lyhelyzet alatti hat\u00e1rozatok-el\u0151terjeszt\u00e9sek 2021.03.29.<\/a><\/td>\r\n<\/tr>\r\n<tr style=\"height: 23px;\">\r\n<td style=\"width: 100%; height: 23px;\"><a href=\"https:\/\/dunavarsany.hu\/index.php\/2021\/04\/14\/veszelyhelyzet-alatti-hatarozatok-eloterjesztesek-2021-04-08\/\">Vesz\u00e9lyhelyzet alatti hat\u00e1rozatok-el\u0151terjeszt\u00e9sek 2021.04.08.<\/a><\/td>\r\n<\/tr>\r\n<tr style=\"height: 23px;\">\r\n<td style=\"width: 100%; height: 23px;\"><a href=\"https:\/\/dunavarsany.hu\/index.php\/2021\/05\/10\/veszelyhelyzet-alatti-hatarozatok-eloterjesztesek-2021-04-19\/\">Vesz\u00e9lyhelyzet alatti hat\u00e1rozatok-el\u0151terjeszt\u00e9sek 2021.04.19.<\/a><\/td>\r\n<\/tr>\r\n<tr style=\"height: 23px;\">\r\n<td style=\"width: 100%; height: 23px;\"><a href=\"https:\/\/dunavarsany.hu\/index.php\/2021\/05\/10\/veszelyhelyzet-alatti-hatarozatok-eloterjesztesek-2021-04-21\/\">Vesz\u00e9lyhelyzet alatti hat\u00e1rozatok-el\u0151terjeszt\u00e9sek 2021.04.21.<\/a><\/td>\r\n<\/tr>\r\n<tr>\r\n<td style=\"width: 100%;\"><a href=\"https:\/\/dunavarsany.hu\/index.php\/2021\/05\/10\/veszelyhelyzet-alatti-hatarozatok-eloterjesztesek-2021-04-27\/\">Vesz\u00e9lyhelyzet alatti hat\u00e1rozatok-el\u0151terjeszt\u00e9sek 2021.04.27.<\/a><\/td>\r\n<\/tr>\r\n<tr>\r\n<td style=\"width: 100%;\"><a href=\"https:\/\/dunavarsany.hu\/index.php\/2021\/05\/10\/veszelyhelyzet-alatti-hatarozatok-eloterjesztesek-2021-05-04\/\">Vesz\u00e9lyhelyzet alatti hat\u00e1rozatok-el\u0151terjeszt\u00e9sek 2021.05.04.<\/a><\/td>\r\n<\/tr>\r\n<tr>\r\n<td style=\"width: 100%;\"><a href=\"https:\/\/dunavarsany.hu\/index.php\/2021\/05\/17\/veszelyhelyzet-alatti-hatarozatok-eloterjesztesek-2021-05-13\/\">Vesz\u00e9lyhelyzet alatti hat\u00e1rozatok-el\u0151terjeszt\u00e9sek 2021.05.13.<\/a><\/td>\r\n<\/tr>\r\n<tr>\r\n<td style=\"width: 100%;\"><a href=\"https:\/\/dunavarsany.hu\/index.php\/2021\/06\/11\/veszelyhelyzet-alatti-hatarozatok-eloterjesztesek-2021-05-26\/\">Vesz\u00e9lyhelyzet alatti hat\u00e1rozatok-el\u0151terjeszt\u00e9sek 2021.05.26.<\/a><\/td>\r\n<\/tr>\r\n<tr>\r\n<td style=\"width: 100%;\"><a href=\"https:\/\/dunavarsany.hu\/index.php\/2021\/07\/12\/veszelyhelyzet-alatti-hatarozatok-eloterjesztesek-2021-06-10\/\">Vesz\u00e9lyhelyzet alatti hat\u00e1rozatok-el\u0151terjeszt\u00e9sek 2021.06.10.<\/a><\/td>\r\n<\/tr>\r\n<tr>\r\n<td style=\"width: 100%;\"><a href=\"https:\/\/dunavarsany.hu\/index.php\/2021\/08\/09\/rendes-nyilt-kepviselo-testuleti-ules-2021-07-13\/\">2021.07.13. rendes, ny\u00edlt k\u00e9pvisel\u0151-test\u00fcleti \u00fcl\u00e9s<\/a><\/td>\r\n<\/tr>\r\n<tr>\r\n<td style=\"width: 100%;\"><a href=\"https:\/\/dunavarsany.hu\/index.php\/2021\/10\/05\/2021-09-07-kozmeghallgatas\/\">2021.09.07. K\u00f6zmeghallgat\u00e1s<\/a><\/td>\r\n<\/tr>\r\n<tr>\r\n<td style=\"width: 100%;\"><a href=\"https:\/\/dunavarsany.hu\/index.php\/2021\/10\/05\/2021-09-14-kt-rendes-ules\/\">2021. 09. 14. Kt. rendes \u00fcl\u00e9s<\/a><\/td>\r\n<\/tr>\r\n<tr>\r\n<td style=\"width: 100%;\"><a href=\"https:\/\/dunavarsany.hu\/index.php\/2021\/11\/02\/2021-10-12-kt-rendes-ules\/\">2021. 10. 12. Kt. rendes \u00fcl\u00e9s<\/a><\/td>\r\n<\/tr>\r\n<tr>\r\n<td style=\"width: 100%;\"><a href=\"https:\/\/dunavarsany.hu\/index.php\/2021\/12\/09\/2021-11-16-kt-rendes-ules\/\">2021. 11. 16. Kt. rendes \u00fcl\u00e9s<\/a><\/td>\r\n<\/tr>\r\n<tr>\r\n<td style=\"width: 100%;\"><a href=\"https:\/\/dunavarsany.hu\/index.php\/2022\/01\/04\/2021-12-14-kt-rendes-nyilt-ules\/\">2021. 12. 14. Kt. rendes, ny\u00edlt \u00fcl\u00e9s<\/a><\/td>\r\n<\/tr>\r\n<\/tbody>\r\n<\/table>\r\n<p>&nbsp;<\/p>\r\n<\/figure>","protected":false},"excerpt":{"rendered":"<div class=\"mh-excerpt\"><p>&nbsp; Vesz\u00e9lyhelyzet alatti hat\u00e1rozatok-el\u0151terjeszt\u00e9sek 2021.01.14. Vesz\u00e9lyhelyzet alatti hat\u00e1rozatok-el\u0151terjeszt\u00e9sek 2021.01.29. Vesz\u00e9lyhelyzet alatti hat\u00e1rozatok-el\u0151terjeszt\u00e9sek 2021.02.01. Vesz\u00e9lyhelyzet alatti hat\u00e1rozatok-el\u0151terjeszt\u00e9sek 2021.02.11. Vesz\u00e9lyhelyzet alatti hat\u00e1rozatok-el\u0151terjeszt\u00e9sek 2021.02.18. Vesz\u00e9lyhelyzet alatti hat\u00e1rozatok-el\u0151terjeszt\u00e9sek 2021.02.25. Vesz\u00e9lyhelyzet alatti hat\u00e1rozatok-el\u0151terjeszt\u00e9sek 2021.03.03. Vesz\u00e9lyhelyzet alatti hat\u00e1rozatok-el\u0151terjeszt\u00e9sek 2021.03.16. Vesz\u00e9lyhelyzet alatti <a class=\"mh-excerpt-more\" href=\"https:\/\/dunavarsany.hu\/index.php\/2021-evi-testuleti-ulesek\/\" title=\"2021. \u00e9vi test\u00fcleti \u00fcl\u00e9sek\">[&#8230;]<\/a><\/p>\n<\/div>","protected":false},"author":3,"featured_media":0,"parent":0,"menu_order":0,"comment_status":"closed","ping_status":"closed","template":"","meta":{"footnotes":""},"class_list":["post-7094","page","type-page","status-publish"],"_links":{"self":[{"href":"https:\/\/dunavarsany.hu\/index.php\/wp-json\/wp\/v2\/pages\/7094","targetHints":{"allow":["GET"]}}],"collection":[{"href":"https:\/\/dunavarsany.hu\/index.php\/wp-json\/wp\/v2\/pages"}],"about":[{"href":"https:\/\/dunavarsany.hu\/index.php\/wp-json\/wp\/v2\/types\/page"}],"author":[{"embeddable":true,"href":"https:\/\/dunavarsany.hu\/index.php\/wp-json\/wp\/v2\/users\/3"}],"replies":[{"embeddable":true,"href":"https:\/\/dunavarsany.hu\/index.php\/wp-json\/wp\/v2\/comments?post=7094"}],"version-history":[{"count":47,"href":"https:\/\/dunavarsany.hu\/index.php\/wp-json\/wp\/v2\/pages\/7094\/revisions"}],"predecessor-version":[{"id":8953,"href":"https:\/\/dunavarsany.hu\/index.php\/wp-json\/wp\/v2\/pages\/7094\/revisions\/8953"}],"wp:attachment":[{"href":"https:\/\/dunavarsany.hu\/index.php\/wp-json\/wp\/v2\/media?parent=7094"}],"curies":[{"name":"wp","href":"https:\/\/api.w.org\/{rel}","templated":true}]}}