{"id":7088,"date":"2021-01-26T08:53:13","date_gmt":"2021-01-26T08:53:13","guid":{"rendered":"http:\/\/dunavarsany.hu\/?page_id=7088"},"modified":"2021-01-26T08:53:34","modified_gmt":"2021-01-26T08:53:34","slug":"1-1-kapcsolat-szervezet-vezetok","status":"publish","type":"page","link":"https:\/\/dunavarsany.hu\/index.php\/kozerdeku-adatok-ii\/1-1-kapcsolat-szervezet-vezetok\/","title":{"rendered":"1.1 KAPCSOLAT, SZERVEZET, VEZET\u0150K"},"content":{"rendered":"<div>\n<div class=\"title set\">\u00d6nkorm\u00e1nyzat el\u00e9rhet\u0151s\u00e9ge<\/div>\n<\/div>\n<div>\n<div class=\"title set\">Hivatal el\u00e9rhet\u0151s\u00e9ge<\/div>\n<\/div>\n<div>\n<div class=\"title set\">Polg\u00e1rmester<\/div>\n<\/div>\n<div>\n<div class=\"title set\">Alpolg\u00e1rmesterek<\/div>\n<\/div>\n<div>\n<div class=\"title set\">Jegyz\u0151<\/div>\n<\/div>\n<div>\n<div class=\"title set\">Aljegyz\u0151<\/div>\n<\/div>\n<div><a href=\"http:\/\/www.dunavarsany.hu\/index.php\/kepviselo-testulet\">K\u00e9pvisel\u0151-test\u00fclet tagjai<\/a><\/div>\n<div><a href=\"http:\/\/www.dunavarsany.hu\/index.php\/nemzetisegi-onkormanyzat\">Nemzetis\u00e9gi \u00f6nkorm\u00e1nyzat<\/a><\/div>\n","protected":false},"excerpt":{"rendered":"<div class=\"mh-excerpt\"><p>\u00d6nkorm\u00e1nyzat el\u00e9rhet\u0151s\u00e9ge Hivatal el\u00e9rhet\u0151s\u00e9ge Polg\u00e1rmester Alpolg\u00e1rmesterek Jegyz\u0151 Aljegyz\u0151 K\u00e9pvisel\u0151-test\u00fclet tagjai Nemzetis\u00e9gi \u00f6nkorm\u00e1nyzat<\/p>\n<\/div>","protected":false},"author":3,"featured_media":0,"parent":7086,"menu_order":1,"comment_status":"closed","ping_status":"closed","template":"","meta":{"footnotes":""},"class_list":["post-7088","page","type-page","status-publish"],"_links":{"self":[{"href":"https:\/\/dunavarsany.hu\/index.php\/wp-json\/wp\/v2\/pages\/7088","targetHints":{"allow":["GET"]}}],"collection":[{"href":"https:\/\/dunavarsany.hu\/index.php\/wp-json\/wp\/v2\/pages"}],"about":[{"href":"https:\/\/dunavarsany.hu\/index.php\/wp-json\/wp\/v2\/types\/page"}],"author":[{"embeddable":true,"href":"https:\/\/dunavarsany.hu\/index.php\/wp-json\/wp\/v2\/users\/3"}],"replies":[{"embeddable":true,"href":"https:\/\/dunavarsany.hu\/index.php\/wp-json\/wp\/v2\/comments?post=7088"}],"version-history":[{"count":1,"href":"https:\/\/dunavarsany.hu\/index.php\/wp-json\/wp\/v2\/pages\/7088\/revisions"}],"predecessor-version":[{"id":7089,"href":"https:\/\/dunavarsany.hu\/index.php\/wp-json\/wp\/v2\/pages\/7088\/revisions\/7089"}],"up":[{"embeddable":true,"href":"https:\/\/dunavarsany.hu\/index.php\/wp-json\/wp\/v2\/pages\/7086"}],"wp:attachment":[{"href":"https:\/\/dunavarsany.hu\/index.php\/wp-json\/wp\/v2\/media?parent=7088"}],"curies":[{"name":"wp","href":"https:\/\/api.w.org\/{rel}","templated":true}]}}