{"id":6794,"date":"2020-12-08T19:09:05","date_gmt":"2020-12-08T19:09:05","guid":{"rendered":"http:\/\/dunavarsany.hu\/?page_id=6794"},"modified":"2021-12-03T11:31:10","modified_gmt":"2021-12-03T11:31:10","slug":"gyermekjoleti-szolgalat","status":"publish","type":"page","link":"https:\/\/dunavarsany.hu\/index.php\/gyermekjoleti-szolgalat\/","title":{"rendered":"Gyermekj\u00f3l\u00e9ti Szolg\u00e1lat"},"content":{"rendered":"<p style=\"text-align: center;\"><strong>Dunavars\u00e1ny \u00e9s K\u00f6rny\u00e9ke Csal\u00e1d- \u00e9s Gyermekj\u00f3l\u00e9ti Szolg\u00e1lat k\u00f6z\u00e9rdek\u0171 dokumentumai 2020.<\/strong><\/p>\n<ul style=\"list-style-type: disc;\">\n<li><a href=\"https:\/\/dunavarsany.hu\/wp-content\/uploads\/2021\/12\/Tajekoztatas-a-honlapra.pdf\">A Dunavars\u00e1ny \u00e9s K\u00f6rny\u00e9ke Csal\u00e1d-\u00e9s Gyermekj\u00f3l\u00e9ti Szolg\u00e1lat \u00e9s feladatai<\/a><\/li>\n<li><a href=\"https:\/\/dunavarsany.hu\/wp-content\/uploads\/2020\/12\/GYEJO-Kozerdeku-adatok-....pdf\">K\u00f6z\u00e9rdek\u0171 adatok<\/a><\/li>\n<li><a href=\"https:\/\/dunavarsany.hu\/wp-content\/uploads\/2020\/12\/LETSZAM-ADATOK-KOLTSEGVETES_653518_2020_GYEJOSZOLG.pdf\">L\u00e9tsz\u00e1m adatok<\/a><\/li>\n<li><a href=\"https:\/\/dunavarsany.hu\/wp-content\/uploads\/2020\/12\/Eves-koltsegvetesi-beszamolo_653518_2020_12_08_15_07-gyejo-szolg..pdf\">\u00c9ves k\u00f6lts\u00e9gvet\u00e9si besz\u00e1mol\u00f3<\/a><\/li>\n<li><a href=\"https:\/\/dunavarsany.hu\/wp-content\/uploads\/2020\/12\/ADATKEZELESI-SZABALYZAT_GYEJO.pdf\">Adatkezel\u00e9si szab\u00e1lyzat<\/a><\/li>\n<li><a href=\"https:\/\/dunavarsany.hu\/wp-content\/uploads\/2020\/12\/KV_2020_rend_form_Gyejo.pdf\">K\u00f6lts\u00e9gvet\u00e9s 2020<\/a><\/li>\n<li><a href=\"https:\/\/dunavarsany.hu\/wp-content\/uploads\/2020\/12\/SzMSz-jo-GYEJO-SZOLG.pdf\">SZMSZ<\/a><\/li>\n<li><a href=\"https:\/\/dunavarsany.hu\/wp-content\/uploads\/2021\/04\/Munkamegoszt-GYEJOszolg_2019.12.pdf\">Munkamegoszt\u00e1si meg\u00e1llapod\u00e1s_2019.12<\/a><\/li>\n<li><a href=\"https:\/\/dunavarsany.hu\/wp-content\/uploads\/2021\/04\/5-millio-feletti-szerzodesek-2020.Gyejo_.Szolgalat.xls\">5 milli\u00f3 feletti szerz\u0151d\u00e9sek 2020.<\/a><\/li>\n<li><a href=\"https:\/\/dunavarsany.hu\/wp-content\/uploads\/2021\/04\/5-millio-feletti-szerzodesek-2021.Gyejo_.Szolgalat.xls\">5 milli\u00f3 feletti szerz\u0151d\u00e9sek 2021.<\/a><\/li>\n<\/ul>\n","protected":false},"excerpt":{"rendered":"<div class=\"mh-excerpt\"><p>Dunavars\u00e1ny \u00e9s K\u00f6rny\u00e9ke Csal\u00e1d- \u00e9s Gyermekj\u00f3l\u00e9ti Szolg\u00e1lat k\u00f6z\u00e9rdek\u0171 dokumentumai 2020. A Dunavars\u00e1ny \u00e9s K\u00f6rny\u00e9ke Csal\u00e1d-\u00e9s Gyermekj\u00f3l\u00e9ti Szolg\u00e1lat \u00e9s feladatai K\u00f6z\u00e9rdek\u0171 adatok L\u00e9tsz\u00e1m adatok \u00c9ves k\u00f6lts\u00e9gvet\u00e9si besz\u00e1mol\u00f3 Adatkezel\u00e9si szab\u00e1lyzat K\u00f6lts\u00e9gvet\u00e9s 2020 SZMSZ Munkamegoszt\u00e1si meg\u00e1llapod\u00e1s_2019.12 5 milli\u00f3 <a class=\"mh-excerpt-more\" href=\"https:\/\/dunavarsany.hu\/index.php\/gyermekjoleti-szolgalat\/\" title=\"Gyermekj\u00f3l\u00e9ti Szolg\u00e1lat\">[&#8230;]<\/a><\/p>\n<\/div>","protected":false},"author":3,"featured_media":0,"parent":0,"menu_order":0,"comment_status":"closed","ping_status":"closed","template":"","meta":{"footnotes":""},"class_list":["post-6794","page","type-page","status-publish"],"_links":{"self":[{"href":"https:\/\/dunavarsany.hu\/index.php\/wp-json\/wp\/v2\/pages\/6794","targetHints":{"allow":["GET"]}}],"collection":[{"href":"https:\/\/dunavarsany.hu\/index.php\/wp-json\/wp\/v2\/pages"}],"about":[{"href":"https:\/\/dunavarsany.hu\/index.php\/wp-json\/wp\/v2\/types\/page"}],"author":[{"embeddable":true,"href":"https:\/\/dunavarsany.hu\/index.php\/wp-json\/wp\/v2\/users\/3"}],"replies":[{"embeddable":true,"href":"https:\/\/dunavarsany.hu\/index.php\/wp-json\/wp\/v2\/comments?post=6794"}],"version-history":[{"count":7,"href":"https:\/\/dunavarsany.hu\/index.php\/wp-json\/wp\/v2\/pages\/6794\/revisions"}],"predecessor-version":[{"id":8828,"href":"https:\/\/dunavarsany.hu\/index.php\/wp-json\/wp\/v2\/pages\/6794\/revisions\/8828"}],"wp:attachment":[{"href":"https:\/\/dunavarsany.hu\/index.php\/wp-json\/wp\/v2\/media?parent=6794"}],"curies":[{"name":"wp","href":"https:\/\/api.w.org\/{rel}","templated":true}]}}