{"id":6742,"date":"2020-12-01T08:09:31","date_gmt":"2020-12-01T08:09:31","guid":{"rendered":"http:\/\/dunavarsany.hu\/?page_id=6742"},"modified":"2021-01-14T13:17:15","modified_gmt":"2021-01-14T13:17:15","slug":"telepulesi-kepviselok","status":"publish","type":"page","link":"https:\/\/dunavarsany.hu\/index.php\/telepulesi-kepviselok\/","title":{"rendered":"K\u00e9pvisel\u0151-test\u00fclet"},"content":{"rendered":"<style id=\"team_free_dynamic_css6642\">#sptp-6642 .sptp-grid .sptp-row{margin-right:-12px;margin-left:-12px;}#sptp-6642 .sptp-member-avatar-img{border:0px none ;background-color:#FFFFFF;}#sptp-6642 .sptp-member-avatar-img:hover{}#sptp-6642 .sptp-section-title{margin-bottom:25px;}#sptp-6642 .sptp-section-title span{color:#333333;}#sptp-6642 .sptp-member-name .sptp-member-name-title{color:#333333;}#sptp-6642 .sptp-member-profession .sptp-jop-title{color:#333333;}#sptp-6642 .sptp-member-desc{color:#333333;}#sptp-6642 .sptp-member-social{text-align:center;}#sptp-6642 .sptp-member-social ul{text-align:center;}#sptp-6642 .sptp-member-social li{margin: 0 0 0 0 ;}#sptp-6642 .border-bg-around-member:not(.sptp-content-on-image){border:0px none #ddd;border-radius:0px;background-color:transparent;}#sptp-6642 .border-bg-around-member:not(.sptp-content-on-image):hover{border-color:#444;}#sptp-6642 .sp-team-item .sptp-member{margin:12px 12px;padding:0px 0px 0px 0px;}#sptp-6642 .swiper-slide .sptp-member{padding:0px 0px 0px 0px;}#sptp-6642 .sptp-list-item.sptp-member,#sptp-6642.sptp-section .sptp-member{box-shadow:none;}#sptp-6642 .sptp-list-item.sptp-member,#sptp-6642.sptp-carousel .sptp-member{margin-left:0px ;}#sptp-6642 .sptp-list-item.sptp-member:hover,#sptp-6642.sptp-section .sptp-member:hover{box-shadow:none;}<\/style><div id=\"sptp-6642\" class=\"sp-team sptp-section sptp-new_page top_img_bottom_content\">\n\t<h2 class=\"sptp-section-title\">\n\t\t\t<span>Dunavars\u00e1ny v\u00e1ros k\u00e9pvisel\u0151-test\u00fclete<\/span>\n\t<\/h2>\n\t<div class=\"sptp-grid\">\n\t\t\t<div class=\"sptp-page-loading-image\"><\/div>\n\t\t<div class=\"sptp-row\">\n\t\t\t\t\t\t\t\t<div class=\"sp-team-item sptp-col-lg-3 sptp-col-md-3 sptp-col-sm-2 sptp-col-xs-1\">\n\t\t\t\t<div class=\"sptp-member border-bg-around-member\">\n\t<a class='sptp-member-avatar'  href=https:\/\/dunavarsany.hu\/index.php\/team\/keresztesi-balazs\/ target=_blank >\n\t<span class=\"sptp-member-avatar-img sptp-square none\">\n\t\t<img loading=\"lazy\" decoding=\"async\" src=\"https:\/\/dunavarsany.hu\/wp-content\/uploads\/2020\/11\/Keresztesi_Balazs_2-scaled-e1606937154265-150x150.jpg\" alt=\"Dunavars\u00e1ny v\u00e1ros k\u00e9pvisel\u0151-test\u00fclete\" width=\"150\" height=\"150\">\n\t<\/span>\n<\/a>\n<div class=\"sptp-member-name\">\n\t\t<h2 class='sptp-member-name-title'>Keresztesi Bal\u00e1zs<\/h2>\n\t<\/div>\n<div class=\"sptp-member-profession\">\n\t\t\t<h4 class=\"sptp-jop-title\">polg\u00e1rmester<\/h4>\n\t<\/div>\n<div class=\"sptp-member-desc\">\n\t\t<\/div>\n<\/div><!-- .sptp-member -->\n\t\t\t<\/div>\n\t\t\t\t\t\t<div class=\"sp-team-item sptp-col-lg-3 sptp-col-md-3 sptp-col-sm-2 sptp-col-xs-1\">\n\t\t\t\t<div class=\"sptp-member border-bg-around-member\">\n\t<a class='sptp-member-avatar'  href=https:\/\/dunavarsany.hu\/index.php\/team\/herczeg-mariann\/ target=_blank >\n\t<span class=\"sptp-member-avatar-img sptp-square none\">\n\t\t<img loading=\"lazy\" decoding=\"async\" src=\"https:\/\/dunavarsany.hu\/wp-content\/uploads\/2020\/11\/2888-retus-Facebook-meret-1-e1731340915273-150x150.png\" alt=\"Dunavars\u00e1ny v\u00e1ros k\u00e9pvisel\u0151-test\u00fclete\" width=\"150\" height=\"150\">\n\t<\/span>\n<\/a>\n<div class=\"sptp-member-name\">\n\t\t<h2 class='sptp-member-name-title'>Herczeg Mariann<\/h2>\n\t<\/div>\n<div class=\"sptp-member-profession\">\n\t\t\t<h4 class=\"sptp-jop-title\">alpolg\u00e1rmester<\/h4>\n\t<\/div>\n<div class=\"sptp-member-desc\">\n\t\t<\/div>\n<\/div><!-- .sptp-member -->\n\t\t\t<\/div>\n\t\t\t\t\t\t<div class=\"sp-team-item sptp-col-lg-3 sptp-col-md-3 sptp-col-sm-2 sptp-col-xs-1\">\n\t\t\t\t<div class=\"sptp-member border-bg-around-member\">\n\t<a class='sptp-member-avatar'  href=https:\/\/dunavarsany.hu\/index.php\/team\/kun-laszlo\/ target=_blank >\n\t<span class=\"sptp-member-avatar-img sptp-square none\">\n\t\t<img loading=\"lazy\" decoding=\"async\" src=\"https:\/\/dunavarsany.hu\/wp-content\/uploads\/2020\/11\/Kun-Laci-150x150.jpg\" alt=\"Dunavars\u00e1ny v\u00e1ros k\u00e9pvisel\u0151-test\u00fclete\" width=\"150\" height=\"150\">\n\t<\/span>\n<\/a>\n<div class=\"sptp-member-name\">\n\t\t<h2 class='sptp-member-name-title'>Dr. Kun L\u00e1szl\u00f3 K\u00e1roly<\/h2>\n\t<\/div>\n<div class=\"sptp-member-profession\">\n\t\t\t<h4 class=\"sptp-jop-title\">alpolg\u00e1rmester<\/h4>\n\t<\/div>\n<div class=\"sptp-member-desc\">\n\t\t<\/div>\n<\/div><!-- .sptp-member -->\n\t\t\t<\/div>\n\t\t\t\t\t\t<div class=\"sp-team-item sptp-col-lg-3 sptp-col-md-3 sptp-col-sm-2 sptp-col-xs-1\">\n\t\t\t\t<div class=\"sptp-member border-bg-around-member\">\n\t<a class='sptp-member-avatar'  href=https:\/\/dunavarsany.hu\/index.php\/team\/gergone-varga-tunde\/ target=_blank >\n\t<span class=\"sptp-member-avatar-img sptp-square none\">\n\t\t<img loading=\"lazy\" decoding=\"async\" src=\"https:\/\/dunavarsany.hu\/wp-content\/uploads\/2024\/11\/639A7760-150x150.jpg\" alt=\"Dunavars\u00e1ny v\u00e1ros k\u00e9pvisel\u0151-test\u00fclete\" width=\"150\" height=\"150\">\n\t<\/span>\n<\/a>\n<div class=\"sptp-member-name\">\n\t\t<h2 class='sptp-member-name-title'>Gerg\u0151n\u00e9 Varga T\u00fcnde<\/h2>\n\t<\/div>\n<div class=\"sptp-member-profession\">\n\t\t\t<h4 class=\"sptp-jop-title\">telep\u00fcl\u00e9si k\u00e9pvisel\u0151<\/h4>\n\t<\/div>\n<div class=\"sptp-member-desc\">\n\t\t<\/div>\n<\/div><!-- .sptp-member -->\n\t\t\t<\/div>\n\t\t\t\t\t\t<div class=\"sp-team-item sptp-col-lg-3 sptp-col-md-3 sptp-col-sm-2 sptp-col-xs-1\">\n\t\t\t\t<div class=\"sptp-member border-bg-around-member\">\n\t<a class='sptp-member-avatar'  href=https:\/\/dunavarsany.hu\/index.php\/team\/knul-andrea\/ target=_blank >\n\t<span class=\"sptp-member-avatar-img sptp-square none\">\n\t\t<img loading=\"lazy\" decoding=\"async\" src=\"https:\/\/dunavarsany.hu\/wp-content\/uploads\/2020\/12\/Kicsinyitett-150x150.jpg\" alt=\"Dunavars\u00e1ny v\u00e1ros k\u00e9pvisel\u0151-test\u00fclete\" width=\"150\" height=\"150\">\n\t<\/span>\n<\/a>\n<div class=\"sptp-member-name\">\n\t\t<h2 class='sptp-member-name-title'>Knul Andrea<\/h2>\n\t<\/div>\n<div class=\"sptp-member-profession\">\n\t\t\t<h4 class=\"sptp-jop-title\">telep\u00fcl\u00e9si k\u00e9pvisel\u0151<\/h4>\n\t<\/div>\n<div class=\"sptp-member-desc\">\n\t\t<\/div>\n<\/div><!-- .sptp-member -->\n\t\t\t<\/div>\n\t\t\t\t\t\t<div class=\"sp-team-item sptp-col-lg-3 sptp-col-md-3 sptp-col-sm-2 sptp-col-xs-1\">\n\t\t\t\t<div class=\"sptp-member border-bg-around-member\">\n\t<a class='sptp-member-avatar'  href=https:\/\/dunavarsany.hu\/index.php\/team\/nagyne-dr-csobolyo-eszter\/ target=_blank >\n\t<span class=\"sptp-member-avatar-img sptp-square none\">\n\t\t<img loading=\"lazy\" decoding=\"async\" src=\"https:\/\/dunavarsany.hu\/wp-content\/uploads\/2020\/12\/NCsEszter_kek_2-scaled-e1731338426862-150x150.jpg\" alt=\"Dunavars\u00e1ny v\u00e1ros k\u00e9pvisel\u0151-test\u00fclete\" width=\"150\" height=\"150\">\n\t<\/span>\n<\/a>\n<div class=\"sptp-member-name\">\n\t\t<h2 class='sptp-member-name-title'>Nagyn\u00e9 Dr. Csoboly\u00f3 Eszter<\/h2>\n\t<\/div>\n<div class=\"sptp-member-profession\">\n\t\t\t<h4 class=\"sptp-jop-title\">telep\u00fcl\u00e9si k\u00e9pvisel\u0151<\/h4>\n\t<\/div>\n<div class=\"sptp-member-desc\">\n\t\t<\/div>\n<\/div><!-- .sptp-member -->\n\t\t\t<\/div>\n\t\t\t\t\t\t<div class=\"sp-team-item sptp-col-lg-3 sptp-col-md-3 sptp-col-sm-2 sptp-col-xs-1\">\n\t\t\t\t<div class=\"sptp-member border-bg-around-member\">\n\t<a class='sptp-member-avatar'  href=https:\/\/dunavarsany.hu\/index.php\/team\/valoczi-attila\/ target=_blank >\n\t<span class=\"sptp-member-avatar-img sptp-square none\">\n\t\t<img loading=\"lazy\" decoding=\"async\" src=\"https:\/\/dunavarsany.hu\/wp-content\/uploads\/2020\/12\/valoczi_attila_340x240-e1731421865183-150x150.jpg\" alt=\"Dunavars\u00e1ny v\u00e1ros k\u00e9pvisel\u0151-test\u00fclete\" width=\"150\" height=\"150\">\n\t<\/span>\n<\/a>\n<div class=\"sptp-member-name\">\n\t\t<h2 class='sptp-member-name-title'>V\u00e1l\u00f3czi Attila<\/h2>\n\t<\/div>\n<div class=\"sptp-member-profession\">\n\t\t\t<h4 class=\"sptp-jop-title\">telep\u00fcl\u00e9si k\u00e9pvisel\u0151<\/h4>\n\t<\/div>\n<div class=\"sptp-member-desc\">\n\t\t<\/div>\n<\/div><!-- .sptp-member -->\n\t\t\t<\/div>\n\t\t\t\t\t\t<div class=\"sp-team-item sptp-col-lg-3 sptp-col-md-3 sptp-col-sm-2 sptp-col-xs-1\">\n\t\t\t\t<div class=\"sptp-member border-bg-around-member\">\n\t<a class='sptp-member-avatar'  href=https:\/\/dunavarsany.hu\/index.php\/team\/veresegyhazi-bela\/ target=_blank >\n\t<span class=\"sptp-member-avatar-img sptp-square none\">\n\t\t<img loading=\"lazy\" decoding=\"async\" src=\"https:\/\/dunavarsany.hu\/wp-content\/uploads\/2020\/12\/profilkep-scaled-e1731421796374-150x150.jpeg\" alt=\"Dunavars\u00e1ny v\u00e1ros k\u00e9pvisel\u0151-test\u00fclete\" width=\"150\" height=\"150\">\n\t<\/span>\n<\/a>\n<div class=\"sptp-member-name\">\n\t\t<h2 class='sptp-member-name-title'>Veresegyh\u00e1zi B\u00e9la<\/h2>\n\t<\/div>\n<div class=\"sptp-member-profession\">\n\t\t\t<h4 class=\"sptp-jop-title\">telep\u00fcl\u00e9si k\u00e9pvisel\u0151<\/h4>\n\t<\/div>\n<div class=\"sptp-member-desc\">\n\t\t<\/div>\n<\/div><!-- .sptp-member -->\n\t\t\t<\/div>\n\t\t\t\t\t\t<div class=\"sp-team-item sptp-col-lg-3 sptp-col-md-3 sptp-col-sm-2 sptp-col-xs-1\">\n\t\t\t\t<div class=\"sptp-member border-bg-around-member\">\n\t<a class='sptp-member-avatar'  href=https:\/\/dunavarsany.hu\/index.php\/team\/zentai-kristof\/ target=_blank >\n\t<span class=\"sptp-member-avatar-img sptp-square none\">\n\t\t<img loading=\"lazy\" decoding=\"async\" src=\"https:\/\/dunavarsany.hu\/wp-content\/uploads\/2020\/12\/Kepernyofoto-2024-11-12-15.04.29-e1731421693241-150x150.png\" alt=\"Dunavars\u00e1ny v\u00e1ros k\u00e9pvisel\u0151-test\u00fclete\" width=\"150\" height=\"150\">\n\t<\/span>\n<\/a>\n<div class=\"sptp-member-name\">\n\t\t<h2 class='sptp-member-name-title'>Zentai Krist\u00f3f G\u00e1bor<\/h2>\n\t<\/div>\n<div class=\"sptp-member-profession\">\n\t\t\t<h4 class=\"sptp-jop-title\">telep\u00fcl\u00e9si k\u00e9pvisel\u0151<\/h4>\n\t<\/div>\n<div class=\"sptp-member-desc\">\n\t\t<\/div>\n<\/div><!-- .sptp-member -->\n\t\t\t<\/div>\n\t\t\t\t\t<\/div> <!-- end row -->\n\t<\/div> <!-- end grid -->\n\t\t<\/div>\n\n","protected":false},"excerpt":{"rendered":"<div class=\"mh-excerpt\"><\/div>","protected":false},"author":3,"featured_media":0,"parent":0,"menu_order":0,"comment_status":"closed","ping_status":"closed","template":"","meta":{"footnotes":""},"class_list":["post-6742","page","type-page","status-publish"],"_links":{"self":[{"href":"https:\/\/dunavarsany.hu\/index.php\/wp-json\/wp\/v2\/pages\/6742","targetHints":{"allow":["GET"]}}],"collection":[{"href":"https:\/\/dunavarsany.hu\/index.php\/wp-json\/wp\/v2\/pages"}],"about":[{"href":"https:\/\/dunavarsany.hu\/index.php\/wp-json\/wp\/v2\/types\/page"}],"author":[{"embeddable":true,"href":"https:\/\/dunavarsany.hu\/index.php\/wp-json\/wp\/v2\/users\/3"}],"replies":[{"embeddable":true,"href":"https:\/\/dunavarsany.hu\/index.php\/wp-json\/wp\/v2\/comments?post=6742"}],"version-history":[{"count":8,"href":"https:\/\/dunavarsany.hu\/index.php\/wp-json\/wp\/v2\/pages\/6742\/revisions"}],"predecessor-version":[{"id":7054,"href":"https:\/\/dunavarsany.hu\/index.php\/wp-json\/wp\/v2\/pages\/6742\/revisions\/7054"}],"wp:attachment":[{"href":"https:\/\/dunavarsany.hu\/index.php\/wp-json\/wp\/v2\/media?parent=6742"}],"curies":[{"name":"wp","href":"https:\/\/api.w.org\/{rel}","templated":true}]}}