{"id":6536,"date":"2020-11-03T11:24:16","date_gmt":"2020-11-03T11:24:16","guid":{"rendered":"http:\/\/dunavarsany.hu\/?page_id=6536"},"modified":"2024-10-22T09:46:32","modified_gmt":"2024-10-22T09:46:32","slug":"archiv-palyazatok","status":"publish","type":"page","link":"https:\/\/dunavarsany.hu\/index.php\/palyazatok\/archiv-palyazatok\/","title":{"rendered":"Arch\u00edv p\u00e1ly\u00e1zatok"},"content":{"rendered":"<p>&nbsp;<\/p>\r\n<h4>Fels\u0151oktat\u00e1si \u00f6szt\u00f6nd\u00edjp\u00e1ly\u00e1zat<\/h4>\r\n<p>P\u00e1ly\u00e1zat bead\u00e1s\u00e1nak hat\u00e1rideje: 2023. j\u00fanius 30. <span style=\"color: #ff0000;\"><strong>LEJ\u00c1RT!<\/strong><\/span><\/p>\r\n<p><a href=\"https:\/\/dunavarsany.hu\/wp-content\/uploads\/2023\/05\/2023.-evi-felsooktatasi-palyazati-felhivas.pdf\">P\u00c1LY\u00c1ZATI FELH\u00cdV\u00c1S \u2013 a fels\u0151fok\u00fa oktat\u00e1sban tanulm\u00e1nyokat folytat\u00f3 fiatalok anyagi t\u00e1mogat\u00e1s\u00e1ra 2023.<\/a><\/p>\r\n<p><a href=\"https:\/\/dunavarsany.hu\/wp-content\/uploads\/2023\/05\/2023.-evi-felsooktatasi-palyazati-adatlap.pdf\">Fels\u0151fok\u00fa oktat\u00e1s-p\u00e1ly\u00e1zati adatlap 2023.<\/a><\/p>\r\n<hr \/>\r\n<ul>\r\n<li>Dunavars\u00e1nyi K\u00f6z\u00f6s \u00d6nkorm\u00e1nyzati Hivatal Jegyz\u0151je p\u00e1ly\u00e1zatot hirdet <strong>1 f\u0151<\/strong> <strong>igazgat\u00e1si el\u0151ad\u00f3i (anyak\u00f6nyvvezet\u0151i) \u00e1ll\u00e1s bet\u00f6lt\u00e9s\u00e9re.<\/strong><\/li>\r\n<\/ul>\r\n<p><a href=\"https:\/\/dunavarsany.hu\/index.php\/2022\/11\/07\/palyazat-anyakonyvvezetoi-allas-betoltesere-3\/\">P\u00e1ly\u00e1zati ki\u00edr\u00e1s<\/a><\/p>\r\n<p>A p\u00e1ly\u00e1zat beny\u00fajt\u00e1si hat\u00e1rideje: 2023. janu\u00e1r 05. <span style=\"color: #ff0000;\"><strong>LEJ\u00c1RT!<\/strong><\/span><\/p>\r\n<p>A p\u00e1ly\u00e1zat elb\u00edr\u00e1l\u00e1s\u00e1nak hat\u00e1rideje: 2023. janu\u00e1r 18. <span style=\"color: #ff0000;\"><strong>LEJ\u00c1RT!<\/strong><\/span><\/p>\r\n<p>Az \u00e1ll\u00e1s az elb\u00edr\u00e1l\u00e1st k\u00f6vet\u0151en, azonnal bet\u00f6lthet\u0151.<\/p>\r\n<hr \/>\r\n<ul>\r\n<li>\r\n<h4>BURSA HUNGARICA 2024.<\/h4>\r\n<\/li>\r\n<\/ul>\r\n<p>\u201eA\u201d t\u00edpus fels\u0151oktat\u00e1si hallgat\u00f3k sz\u00e1m\u00e1ra a 2022\/2023. tan\u00e9v m\u00e1sodik \u00e9s a 2023\/2024. tan\u00e9v els\u0151 f\u00e9l\u00e9v\u00e9re vonatkoz\u00f3an,<br \/>\u201eB\u201d t\u00edpus fels\u0151oktat\u00e1si tanulm\u00e1nyokat kezdeni k\u00edv\u00e1n\u00f3 fiatalok sz\u00e1m\u00e1ra<\/p>\r\n<p>P\u00e1ly\u00e1zat bead\u00e1s\u00e1nak hat\u00e1rideje: 2022. november 3. <span style=\"color: #ff0000;\"><strong>LEJ\u00c1RT!<\/strong><\/span><\/p>\r\n<h4><a href=\"https:\/\/dunavarsany.hu\/wp-content\/uploads\/2022\/09\/Palyazati-kiiras-A-2023.docx\"><strong>\u201cA\u201d t\u00edpus\u00fa p\u00e1ly\u00e1zati ki\u00edr\u00e1s let\u00f6lthet\u0151 a sz\u00f6vegre kattintva<\/strong><\/a><br \/><a href=\"https:\/\/dunavarsany.hu\/wp-content\/uploads\/2022\/09\/Palyazati-kiiras-B-2023.docx\"><strong>\u201cB\u201d t\u00edpus\u00fa p\u00e1ly\u00e1zati ki\u00edr\u00e1s let\u00f6lthet\u0151 a sz\u00f6vegre kattintva<\/strong><\/a><\/h4>\r\n<hr \/>\r\n<ul style=\"list-style-type: circle;\">\r\n<li>Dunavars\u00e1ny V\u00e1ros \u00d6nkorm\u00e1nyzat\u00e1nak K\u00e9pvisel\u0151-test\u00fclete p\u00e1ly\u00e1zatot hirdet <strong>\u201ev\u00e9d\u0151n\u0151i\u201d (eg\u00e9szs\u00e9g\u00fcgyi szolg\u00e1lati jogviszony) \u00e1ll\u00e1s bet\u00f6lt\u00e9s\u00e9re.<\/strong><\/li>\r\n<\/ul>\r\n<p><a href=\"https:\/\/dunavarsany.hu\/wp-content\/uploads\/2022\/05\/PALYAZATI-FELHIVAS-vedonoi-allasra_2022.05..docx\">P\u00e1ly\u00e1zati ki\u00edr\u00e1s<\/a><\/p>\r\n<p>A p\u00e1ly\u00e1zat beny\u00fajt\u00e1si hat\u00e1rideje: 2022. m\u00e1jus 31. <span style=\"color: #ff0000;\"><strong>LEJ\u00c1RT!<\/strong><\/span><\/p>\r\n<p>A p\u00e1ly\u00e1zat elb\u00edr\u00e1l\u00e1s\u00e1nak hat\u00e1rideje: 2022. j\u00fanius 18. <span style=\"color: #ff0000;\"><strong>LEJ\u00c1RT!<\/strong><\/span><\/p>\r\n<p>Az \u00e1ll\u00e1s az elb\u00edr\u00e1l\u00e1st k\u00f6vet\u0151en, azonnal bet\u00f6lthet\u0151.<\/p>\r\n<hr \/>\r\n<ul>\r\n<li>\r\n<h4>Fels\u0151oktat\u00e1si \u00f6szt\u00f6nd\u00edjp\u00e1ly\u00e1zat<\/h4>\r\n<\/li>\r\n<\/ul>\r\n<p>P\u00e1ly\u00e1zat bead\u00e1s\u00e1nak hat\u00e1rideje: 2022. m\u00e1jus 31. <span style=\"color: #ff0000;\"><strong>LEJ\u00c1RT!<\/strong><\/span><\/p>\r\n<p><a href=\"https:\/\/dunavarsany.hu\/wp-content\/uploads\/2022\/05\/Felsofoku-palyazati-felhivas-2022.docx\">P\u00c1LY\u00c1ZATI FELH\u00cdV\u00c1S \u2013 a fels\u0151fok\u00fa oktat\u00e1sban tanulm\u00e1nyokat folytat\u00f3 fiatalok anyagi t\u00e1mogat\u00e1s\u00e1ra 2022.<\/a><\/p>\r\n<p><a href=\"https:\/\/dunavarsany.hu\/wp-content\/uploads\/2022\/05\/Adatlap-felsofok-2022.doc\">Fels\u0151fok\u00fa oktat\u00e1s-p\u00e1ly\u00e1zati adatlap 2022.<\/a><\/p>\r\n<hr \/>\r\n<p>&nbsp;<\/p>\r\n<center><\/center>\r\n<p>Dunavars\u00e1ny V\u00e1ros \u00d6nkorm\u00e1nyzat We\u00f6res S\u00e1ndor \u00d3voda p\u00e1ly\u00e1zatot hirdet\u00a0<strong>kisgyermeknevel\u0151, szakmai vezet\u0151\u00a0<\/strong><b><\/b>munkak\u00f6r bet\u00f6lt\u00e9s\u00e9re.<\/p>\r\n<p><a href=\"https:\/\/dunavarsany.hu\/wp-content\/uploads\/2022\/02\/Kisgyermeknevelo-szakmai-vezeto-allas.pdf\">P\u00e1ly\u00e1zati ki\u00edr\u00e1s<\/a><\/p>\r\n<p>A p\u00e1ly\u00e1zat elb\u00edr\u00e1l\u00e1s\u00e1nak hat\u00e1rideje: 2022. m\u00e1rcius 8. <span style=\"color: #ff0000;\"><strong>LEJ\u00c1RT!<\/strong><\/span><\/p>\r\n<p>Az \u00e1ll\u00e1s az elb\u00edr\u00e1l\u00e1st k\u00f6vet\u0151en legkor\u00e1bban 2022. \u00e1prilis 1-t\u0151l t\u00f6lthet\u0151 be.<\/p>\r\n<hr \/>\r\n<p>Dunavars\u00e1nyi K\u00f6z\u00f6s \u00d6nkorm\u00e1nyzati Hivatal Jegyz\u0151je p\u00e1ly\u00e1zatot hirdet\u00a0<strong>ad\u00f3\u00fcgyi el\u0151ad\u00f3i \u00e1ll\u00e1s<\/strong>\u00a0bet\u00f6lt\u00e9s\u00e9re.<\/p>\r\n<p><a href=\"https:\/\/dunavarsany.hu\/wp-content\/uploads\/2022\/02\/PALYAZATI-kiiras-adougyi-eloado-2022.02..doc\">P\u00e1ly\u00e1zati ki\u00edr\u00e1s<\/a><\/p>\r\n<p>A p\u00e1ly\u00e1zat elb\u00edr\u00e1l\u00e1s\u00e1nak hat\u00e1rideje: 2022. m\u00e1rcius 10. <span style=\"color: #ff0000;\"><strong>LEJ\u00c1RT!<\/strong><\/span><\/p>\r\n<p>Az \u00e1ll\u00e1s az elb\u00edr\u00e1l\u00e1st k\u00f6vet\u0151en azonnal bet\u00f6lthet\u0151.<\/p>\r\n<hr \/>\r\n<ul>\r\n<li>Dunavars\u00e1ny V\u00e1ros \u00d6nkorm\u00e1nyzat\u00e1nak K\u00e9pvisel\u0151-test\u00fclete p\u00e1ly\u00e1zatot hirdet\u00a0<strong>\u201ev\u00e9d\u0151n\u0151i\u201d \u00e1ll\u00e1s bet\u00f6lt\u00e9s\u00e9re.<\/strong><\/li>\r\n<\/ul>\r\n<p><a href=\"https:\/\/dunavarsany.hu\/wp-content\/uploads\/2021\/12\/PALYAZATI-FELHIVAS-vedonoi-allasra-II..docx\">P\u00e1ly\u00e1zati ki\u00edr\u00e1s<\/a><\/p>\r\n<p>A p\u00e1ly\u00e1zat beny\u00fajt\u00e1si hat\u00e1rideje: 2022. janu\u00e1r 21.\u00a0<span style=\"color: #ff0000;\"><strong>LEJ\u00c1RT!<\/strong><\/span><\/p>\r\n<p>A p\u00e1ly\u00e1zat elb\u00edr\u00e1l\u00e1s\u00e1nak hat\u00e1rideje: 2022. febru\u00e1r 11.<\/p>\r\n<p>Az \u00e1ll\u00e1s az elb\u00edr\u00e1l\u00e1st k\u00f6vet\u0151en, azonnal bet\u00f6lthet\u0151.<\/p>\r\n<hr \/>\r\n<p><span style=\"font-size: 14pt;\"><strong>2021. \u00e9vi p\u00e1ly\u00e1zatok:<\/strong><\/span><\/p>\r\n<hr \/>\r\n<ul>\r\n<li>\r\n<h4>BURSA HUNGARICA 2023.<\/h4>\r\n<\/li>\r\n<\/ul>\r\n<p>\u201eA\u201d t\u00edpus fels\u0151oktat\u00e1si hallgat\u00f3k sz\u00e1m\u00e1ra a 2021\/2022. tan\u00e9v m\u00e1sodik \u00e9s a 2022\/2023. tan\u00e9v els\u0151 f\u00e9l\u00e9v\u00e9re vonatkoz\u00f3an,<br \/>\u201eB\u201d t\u00edpus fels\u0151oktat\u00e1si tanulm\u00e1nyokat kezdeni k\u00edv\u00e1n\u00f3 fiatalok sz\u00e1m\u00e1ra<\/p>\r\n<p>P\u00e1ly\u00e1zat bead\u00e1s\u00e1nak hat\u00e1rideje: 2021. november 5.\u00a0<strong>LEJ\u00c1RT!<\/strong><\/p>\r\n<p>&nbsp;<\/p>\r\n<h4><strong><a href=\"https:\/\/dunavarsany.hu\/wp-content\/uploads\/2021\/10\/BURSA_Palyazati_kiiras_A_2022.docx\">\u201cA\u201d t\u00edpus\u00fa p\u00e1ly\u00e1zati ki\u00edr\u00e1s let\u00f6lthet\u0151 a sz\u00f6vegre kattintva<\/a><\/strong><br \/><strong><a href=\"https:\/\/dunavarsany.hu\/wp-content\/uploads\/2021\/10\/BURSA_Palyazati_kiiras_B_2022.docx\">\u201cB\u201d t\u00edpus\u00fa p\u00e1ly\u00e1zati ki\u00edr\u00e1s let\u00f6lthet\u0151 a sz\u00f6vegre kattintva<\/a><\/strong><\/h4>\r\n<hr \/>\r\n<ul>\r\n<li><strong>P\u00e1ly\u00e1zat Dunavars\u00e1ny \u00e9s K\u00f6rny\u00e9ke Csal\u00e1d- \u00e9s Gyermekj\u00f3l\u00e9ti Szolg\u00e1lat int\u00e9zm\u00e9nyvezet\u0151 poz\u00edci\u00f3j\u00e1ra<\/strong><\/li>\r\n<\/ul>\r\n<p><a href=\"https:\/\/dunavarsany.hu\/index.php\/2021\/09\/27\/palyazat-gyermekjoleti-szolgalat-intezmenyvezetoi-poziciojara\/\">P\u00e1ly\u00e1zati ki\u00edr\u00e1s<\/a><\/p>\r\n<p>A p\u00e1ly\u00e1zat beny\u00fajt\u00e1si hat\u00e1rideje: 2021. okt\u00f3ber 27.\u00a0<strong>LEJ\u00c1RT!<\/strong><\/p>\r\n<p>A p\u00e1ly\u00e1zat elb\u00edr\u00e1l\u00e1s\u00e1nak hat\u00e1rideje: 2021. november 19.<\/p>\r\n<p>A megb\u00edz\u00e1s 5 \u00e9v hat\u00e1rozott id\u0151tartamra, 2022. janu\u00e1r 1. napj\u00e1t\u00f3l 2026. december 31. napj\u00e1ig sz\u00f3l.<\/p>\r\n<hr \/>\r\n<ul>\r\n<li>\r\n<h4>P\u00e1ly\u00e1zat ad\u00f3\u00fcgyi el\u0151ad\u00f3i \u00e1ll\u00e1s bet\u00f6lt\u00e9s\u00e9re<\/h4>\r\n<\/li>\r\n<\/ul>\r\n<p><a href=\"https:\/\/dunavarsany.hu\/wp-content\/uploads\/2021\/08\/Palyazati-kiiras-adougyi-eloado-2021.-december-1.doc\">P\u00e1ly\u00e1zati ki\u00edr\u00e1s<\/a><\/p>\r\n<p>P\u00e1ly\u00e1zat bead\u00e1s\u00e1nak hat\u00e1rideje: 2021. szeptember 24.\u00a0<strong>LEJ\u00c1RT!<\/strong><\/p>\r\n<p>A p\u00e1ly\u00e1zat elb\u00edr\u00e1l\u00e1s\u00e1nak hat\u00e1rideje: 2021. okt\u00f3ber 8.<\/p>\r\n<p>Az \u00e1ll\u00e1s az elb\u00edr\u00e1l\u00e1st k\u00f6vet\u0151en, 2021. december 01. napj\u00e1t\u00f3l t\u00f6lthet\u0151 be.<\/p>\r\n<hr \/>\r\n<h3>2020. \u00e9vi p\u00e1ly\u00e1zatok:<\/h3>\r\n<hr \/>\r\n<ul style=\"list-style-type: circle;\">\r\n<li>\r\n<h4>P\u00e1ly\u00e1zat \u00d3vodavezet\u0151i poz\u00edci\u00f3 bet\u00f6lt\u00e9s\u00e9re<\/h4>\r\n<\/li>\r\n<\/ul>\r\n<p><a href=\"https:\/\/dunavarsany.hu\/index.php\/2020\/10\/20\/palyazat-ovodavezetoi-poziciora\/\">P\u00e1ly\u00e1zati ki\u00edr\u00e1s<\/a><\/p>\r\n<p>P\u00e1ly\u00e1zat bead\u00e1s\u00e1nak hat\u00e1rideje: 2020. november 18.<\/p>\r\n<p>Poz\u00edci\u00f3 bet\u00f6lthet\u0151: 2021. janu\u00e1r 1.<\/p>\r\n<hr \/>\r\n<ul style=\"list-style-type: circle;\">\r\n<li>\r\n<h4>BURSA HUNGARICA 2022.<\/h4>\r\n<\/li>\r\n<\/ul>\r\n<p>A \u00e9s B t\u00edpus\u00fa Bursa Hungarica Fels\u0151oktat\u00e1si \u00d6nkorm\u00e1nyzati \u00d6szt\u00f6nd\u00edjp\u00e1ly\u00e1zat fels\u0151oktat\u00e1si hallgat\u00f3k sz\u00e1m\u00e1ra a 2021. \u00e9vre<\/p>\r\n<p>P\u00e1ly\u00e1zat bead\u00e1s\u00e1nak hat\u00e1rideje: 2020. november 5.<\/p>\r\n<p><!-- \/wp:post-content -->\r\n\r\n<!-- wp:heading {\"level\":4} --><\/p>\r\n<h4><a href=\"https:\/\/dunavarsany.hu\/wp-content\/uploads\/2020\/09\/BURSA_A_palyazati_kiiras_2021.pdf\">&#8222;A&#8221; t\u00edpus\u00fa p\u00e1ly\u00e1zati ki\u00edr\u00e1s let\u00f6lthet\u0151 a sz\u00f6vegre kattintva<\/a><br \/><a href=\"https:\/\/dunavarsany.hu\/wp-content\/uploads\/2020\/09\/BURSA_B_palyazati_kiiras_2021.pdf\">&#8222;B&#8221; t\u00edpus\u00fa p\u00e1ly\u00e1zati ki\u00edr\u00e1s let\u00f6lthet\u0151 a sz\u00f6vegre kattintva<\/a><\/h4>\r\n<hr \/>\r\n<h3 style=\"text-align: left;\">2019. \u00e9vi p\u00e1ly\u00e1zatok:<\/h3>\r\n<hr \/>\r\n<ul style=\"list-style-type: circle;\">\r\n<li>\r\n<h4>M\u0171vel\u0151d\u00e9si H\u00e1z int\u00e9zm\u00e9nyvezet\u0151i p\u00e1ly\u00e1zat<\/h4>\r\n<\/li>\r\n<\/ul>\r\n<p>A p\u00e1ly\u00e1zat bead\u00e1s\u00e1nak hat\u00e1rideje: 2020. okt\u00f3ber 13.\u00a0<\/p>\r\n<p>A p\u00e1ly\u00e1zat elb\u00edr\u00e1l\u00e1s\u00e1nak hat\u00e1rideje: 2020. okt\u00f3ber 30.<\/p>\r\n<p><a href=\"https:\/\/dunavarsany.hu\/wp-content\/uploads\/2020\/09\/P\u00c1LY\u00c1ZATI-FELH\u00cdV\u00c1S-m\u0171v.h\u00e1z-igazgat\u00f3-2020.pdf\">P\u00e1ly\u00e1zati ki\u00edr\u00e1s<br \/>Dunavars\u00e1ny V\u00e1ros \u00d6nkorm\u00e1nyzat\u00e1nak K\u00e9pvisel\u0151-test\u00fclete p\u00e1ly\u00e1zatot \u00edr ki a Dunavars\u00e1ny V\u00e1ros \u00d6nkorm\u00e1nyzat Pet\u0151fi M\u0171vel\u0151d\u00e9si H\u00e1z \u00e9s K\u00f6nyvt\u00e1r int\u00e9zm\u00e9nyvezet\u0151i beoszt\u00e1s\u00e1nak ell\u00e1t\u00e1s\u00e1ra.<\/a><\/p>\r\n<hr \/>\r\n<ul style=\"list-style-type: circle;\">\r\n<li style=\"text-align: left;\">\r\n<h4>\u00d6nkorm\u00e1nyzat &#8211; m\u0171szaki \u00fcgyint\u00e9z\u0151<\/h4>\r\n<\/li>\r\n<\/ul>\r\n<p>P\u00e1ly\u00e1zat bead\u00e1s\u00e1nak hat\u00e1rideje: 2019. szeptember 6. Poz\u00edci\u00f3 bet\u00f6lthet\u0151: 2019. okt\u00f3ber 1.<\/p>\r\n<p style=\"text-align: left;\"><a href=\"https:\/\/dunavarsany.hu\/wp-content\/uploads\/2019\/08\/190816_Oldal_1.jpg\">P\u00e1ly\u00e1zati ki\u00edr\u00e1s Dunavars\u00e1nyi K\u00f6z\u00f6s \u00d6nkorm\u00e1nyzati Hivatal Jegyz\u0151je p\u00e1ly\u00e1zatot hirdet m\u0171szaki \u00fcgyint\u00e9z\u0151i munkak\u00f6r bet\u00f6lt\u00e9s\u00e9re<\/a><\/p>\r\n<!-- \/wp:heading -->\r\n\r\n<!-- wp:separator --><hr class=\"wp-block-separator\" \/><!-- \/wp:separator -->\r\n\r\n<!-- wp:paragraph --><center>\r\n<ul style=\"list-style-type: circle;\">\r\n<li style=\"text-align: left;\">\r\n<h4>\u00d6nkorm\u00e1nyzat &#8211; p\u00e9nz\u00fcgyi el\u0151ad\u00f3 II.<\/h4>\r\n<\/li>\r\n<\/ul>\r\n<p style=\"text-align: left;\">P\u00e1ly\u00e1zat bead\u00e1s\u00e1nak hat\u00e1rideje: 2019. szeptember 6.<\/p>\r\n<p style=\"text-align: left;\">Poz\u00edci\u00f3 bet\u00f6lthet\u0151: 2019. szeptember 16.<\/p>\r\n<\/center><center><a href=\"http:\/\/regi.dunavarsany.hu\/index.php\/hirek\/1162-palyazati-kiiras-penzugyi-eloadoi-allas-betoltesere-ii\">P\u00e1ly\u00e1zati ki\u00edr\u00e1s Dunavars\u00e1nyi K\u00f6z\u00f6s \u00d6nkorm\u00e1nyzati Hivatal Jegyz\u0151je p\u00e1ly\u00e1zatot hirdet p\u00e9nz\u00fcgyi el\u0151ad\u00f3i \u00e1ll\u00e1s bet\u00f6lt\u00e9s\u00e9re. II.<\/a><\/center><hr \/>\r\n<ul style=\"list-style-type: circle; text-align: left;\">\r\n<li>\r\n<h4>\u00d6nkorm\u00e1nyzat &#8211; p\u00e9nz\u00fcgyi el\u0151ad\u00f3<\/h4>\r\n<\/li>\r\n<\/ul>\r\n<p style=\"text-align: left;\">P\u00e1ly\u00e1zat bead\u00e1s\u00e1nak hat\u00e1rideje: 2019. augusztus 5.<\/p>\r\n<p style=\"text-align: left;\">Poz\u00edci\u00f3 bet\u00f6lthet\u0151: 2019. szeptember 2.<\/p>\r\n<center><\/center><center><a href=\"http:\/\/regi.dunavarsany.hu\/index.php\/hirek\/1142-palyazati-kiiras-penzugyi-eloadoi-allas-betoltesere\">P\u00e1ly\u00e1zati ki\u00edr\u00e1s Dunavars\u00e1nyi K\u00f6z\u00f6s \u00d6nkorm\u00e1nyzati Hivatal Jegyz\u0151je p\u00e1ly\u00e1zatot hirdet p\u00e9nz\u00fcgyi el\u0151ad\u00f3i \u00e1ll\u00e1s bet\u00f6lt\u00e9s\u00e9re.<\/a><\/center><hr \/><center><\/center>\r\n<ul style=\"list-style-type: circle; text-align: left;\">\r\n<li>\r\n<h4>Fels\u0151oktat\u00e1si \u00f6szt\u00f6nd\u00edjp\u00e1ly\u00e1zat<\/h4>\r\n<\/li>\r\n<\/ul>\r\n<p style=\"text-align: left;\">P\u00e1ly\u00e1zat bead\u00e1s\u00e1nak hat\u00e1rideje: 2019. m\u00e1jus 31.<\/p>\r\n<center><\/center><center><a href=\"http:\/\/regi.dunavarsany.hu\/index.php\/hirek\/1100-palyazati-felhivas-a-felsofoku-oktatasban-tanulmanyokat-folytato-fiatalok-anyagi-tamogatasara-2019\">P\u00c1LY\u00c1ZATI FELH\u00cdV\u00c1S &#8211; a fels\u0151fok\u00fa oktat\u00e1sban tanulm\u00e1nyokat folytat\u00f3 fiatalok anyagi t\u00e1mogat\u00e1s\u00e1ra 2019<\/a><\/center><hr \/><center>\r\n<ul style=\"list-style-type: circle;\">\r\n<li style=\"text-align: left;\">\r\n<h4>H\u00e1zi gondoz\u00f3i p\u00e1ly\u00e1zat<\/h4>\r\n<\/li>\r\n<\/ul>\r\n<p style=\"text-align: left;\">P\u00e1ly\u00e1zat bead\u00e1s\u00e1nak hat\u00e1rideje: 2019. janu\u00e1r 28.<\/p>\r\n<p style=\"text-align: left;\">P\u00e1ly\u00e1zat elb\u00edr\u00e1l\u00e1s\u00e1nak hat\u00e1rideje: 2019. janu\u00e1r 31.<\/p>\r\n<\/center><center><\/center><center><a href=\"http:\/\/regi.dunavarsany.hu\/index.php\/hirek\/1048-palyazati-kiiras-hazi-gondozoi-munkakor-betoltesere\">P\u00e1ly\u00e1zati ki\u00edr\u00e1s h\u00e1zi-gondoz\u00f3i munkak\u00f6r bet\u00f6lt\u00e9s\u00e9re<\/a><\/center><center><hr \/><\/center>\r\n<ul style=\"list-style-type: circle; text-align: left;\">\r\n<li>BURSA HUNGARICA 2021.<\/li>\r\n<\/ul>\r\n<h3><!-- \/wp:paragraph -->\r\n\r\n<!-- wp:paragraph --><\/h3>\r\n<p style=\"text-align: left;\"><strong>A \u00e9s B t\u00edpus\u00fa Bursa Hungarica Fels\u0151oktat\u00e1si \u00d6nkorm\u00e1nyzati \u00d6szt\u00f6nd\u00edjp\u00e1ly\u00e1zat fels\u0151oktat\u00e1si hallgat\u00f3k sz\u00e1m\u00e1ra a 2020. \u00e9vre<\/strong><\/p>\r\n<p style=\"text-align: left;\">P\u00e1ly\u00e1zat bead\u00e1s\u00e1nak hat\u00e1rideje: 2019. november 5.<\/p>\r\n<h3><!-- \/wp:paragraph -->\r\n\r\n<!-- wp:heading {\"level\":4} --><\/h3>\r\n<h4 style=\"text-align: left;\"><a href=\"https:\/\/dunavarsany.hu\/dokumentumok\/Bursa_palyazati_kiiras_a_2020.pdf\">&#8222;A&#8221; t\u00edpus\u00fa p\u00e1ly\u00e1zati ki\u00edr\u00e1s let\u00f6lthet\u0151 a sz\u00f6vegre kattintva<\/a> <a href=\"https:\/\/dunavarsany.hu\/dokumentumok\/Bursa_palyazati_kiiras_b_2020.pdf\">&#8222;B&#8221; t\u00edpus\u00fa p\u00e1ly\u00e1zati ki\u00edr\u00e1s let\u00f6lthet\u0151 a sz\u00f6vegre kattintva<\/a><\/h4>\r\n<h3><!-- \/wp:heading --><\/h3>\r\n<h3><!-- wp:separator --><\/h3>\r\n<hr \/><center><\/center><center><\/center><center><strong>A \u00e9s B t\u00edpus\u00fa Bursa Hungarica Fels\u0151oktat\u00e1si \u00d6nkorm\u00e1nyzati \u00d6szt\u00f6nd\u00edjp\u00e1ly\u00e1zatot fels\u0151oktat\u00e1si hallgat\u00f3k sz\u00e1m\u00e1ra a 2019. \u00e9vre<\/strong><\/center>\r\n<h4 style=\"text-align: left;\"><a href=\"http:\/\/regi.dunavarsany.hu\/dokumentumok\/bursa_19_a.pdf\">\u201cA\u201d t\u00edpus\u00fa p\u00e1ly\u00e1zati ki\u00edr\u00e1s let\u00f6lthet\u0151 a sz\u00f6vegre kattintva<\/a> <a href=\"http:\/\/regi.dunavarsany.hu\/dokumentumok\/bursa_19_b.pdf\">\u201cB\u201d t\u00edpus\u00fa p\u00e1ly\u00e1zati ki\u00edr\u00e1s let\u00f6lthet\u0151 a sz\u00f6vegre kattintva<\/a><\/h4>\r\n<p>&nbsp;<\/p>\r\n<hr \/><center><strong><a href=\"http:\/\/regi.dunavarsany.hu\/index.php\/hirek\/1015-palyazati-kiiras-igazgatasi-eloadoi-allas-betoltesere\">P\u00e1ly\u00e1zati ki\u00edr\u00e1s igazgat\u00e1si el\u0151ad\u00f3i \u00e1ll\u00e1s bet\u00f6lt\u00e9s\u00e9re<\/a><\/strong><\/center><center><strong><a href=\"http:\/\/regi.dunavarsany.hu\/index.php\/hirek\/949-palyazati-kiiras-adougyi-eloadoi-allas-betoltesere\">P\u00e1ly\u00e1zati ki\u00edr\u00e1s ad\u00f3\u00fcgyi el\u0151ad\u00f3i \u00e1ll\u00e1s bet\u00f6lt\u00e9s\u00e9re<\/a><\/strong><\/center><center><strong><a href=\"http:\/\/regi.dunavarsany.hu\/index.php\/hirek\/948-palyazat-kiiras-penzugyi-eloadoi-allas-betoltesere\">P\u00e1ly\u00e1zati ki\u00edr\u00e1s p\u00e9nz\u00fcgyi el\u0151ad\u00f3i \u00e1ll\u00e1s bet\u00f6lt\u00e9s\u00e9re<\/a><\/strong><\/center><hr \/><center>P\u00c1LY\u00c1ZATI FELH\u00cdV\u00c1S<\/center>\r\n<p><a href=\"http:\/\/regi.dunavarsany.hu\/index.php\/hirek\/901-palyazati-felhivas-dunavarsany-varos-onkormanyzat-weores-sandor-ovoda-2336-dunavarsany-arpad-u-14-magasabb-vezetoi-intezmenyvezetoi-beosztasanak-betoltese\">Dunavars\u00e1ny V\u00e1ros \u00d6nkorm\u00e1nyzat\u00e1nak K\u00e9pvisel\u0151-test\u00fclete p\u00e1ly\u00e1zatot \u00edr ki a Dunavars\u00e1ny V\u00e1ros \u00d6nkorm\u00e1nyzat We\u00f6res S\u00e1ndor \u00d3voda (2336 Dunavars\u00e1ny, \u00c1rp\u00e1d u. 14.) magasabb vezet\u0151i (int\u00e9zm\u00e9nyvezet\u0151i) beoszt\u00e1s\u00e1nak bet\u00f6lt\u00e9s\u00e9re.<\/a><\/p>\r\n<hr \/>\r\n<h3 style=\"text-align: left;\">2018. \u00e9vi p\u00e1ly\u00e1zatok:<\/h3>\r\n<hr \/><center><\/center><center><strong>P\u00e1ly\u00e1zati ki\u00edr\u00e1s<\/strong><\/center>\r\n<p>Dunavars\u00e1ny V\u00e1ros \u00d6nkorm\u00e1nyzata az Emberi Er\u0151forr\u00e1sok Miniszt\u00e9rium\u00e1val egy\u00fcttm\u0171k\u00f6dve, ezennel ki\u00edrja a 2018. \u00e9vre a Bursa Hungarica Fels\u0151oktat\u00e1si \u00d6nkorm\u00e1nyzati \u00d6szt\u00f6nd\u00edjp\u00e1ly\u00e1zat \u201cA\u201d \u00e9s \u201cB\u201d t\u00edpus\u00e1t. <a href=\"http:\/\/regi.dunavarsany.hu\/dokumentumok\/palyazatok\/Bursa_a_2018.pdf\">\u201cA\u201d T\u00cdPUS\u00da P\u00c1LY\u00c1ZATI KI\u00cdR\u00c1S<\/a>,<a href=\"http:\/\/regi.dunavarsany.hu\/dokumentumok\/palyazatok\/Bursa_b_2018.pdf\">\u201cB\u201d T\u00cdPUS\u00da P\u00c1LY\u00c1ZATI KI\u00cdR\u00c1S<\/a><\/p>\r\n<hr \/><center><strong><a href=\"http:\/\/regi.dunavarsany.hu\/index.php\/hirek\/751-palyazati-kiiras-penzugyi-eloadoi-munkakor-betoltesere\">P\u00e1ly\u00e1zati ki\u00edr\u00e1s \u2013 P\u00e9nz\u00fcgyi el\u0151ad\u00f3i munkak\u00f6r bet\u00f6lt\u00e9s\u00e9re<\/a><\/strong><\/center><hr \/><center><a href=\"http:\/\/regi.dunavarsany.hu\/index.php\/hirek\/738-palyazati-felhivas-dunavarsany-es-kornyeke-csalad-es-gyermekjoleti-szolgalat-intezmenyvezetoi-magasabb-vezetoi-allashelyenek-betoltesere\"><strong>P\u00c1LY\u00c1ZATI FELH\u00cdV\u00c1S \u2013 Dunavars\u00e1ny \u00e9s K\u00f6rny\u00e9ke Csal\u00e1d- \u00e9s Gyermekj\u00f3l\u00e9ti Szolg\u00e1lat int\u00e9zm\u00e9nyvezet\u0151i (magasabb vezet\u0151i) \u00e1ll\u00e1shely\u00e9nek bet\u00f6lt\u00e9s\u00e9re<\/strong><\/a><\/center><hr \/>\r\n<h3>2017. \u00e9vi p\u00e1ly\u00e1zatok:<\/h3>\r\n<p style=\"text-align: left;\">Dunavars\u00e1ny V\u00e1ros \u00d6nkorm\u00e1nyzata az Emberi Er\u0151forr\u00e1sok Miniszt\u00e9rium\u00e1val egy\u00fcttm\u0171k\u00f6dve, ezennel ki\u00edrja a 2017. \u00e9vre a Bursa Hungarica Fels\u0151oktat\u00e1si \u00d6nkorm\u00e1nyzati \u00d6szt\u00f6nd\u00edjp\u00e1ly\u00e1zat \u201cA\u201d \u00e9s \u201cB\u201d t\u00edpus\u00e1t.<\/p>\r\n<p><a href=\"http:\/\/regi.dunavarsany.hu\/dokumentumok\/bursa2017A.pdf\">\u201cA\u201d T\u00cdPUS\u00da P\u00c1LY\u00c1ZATI KI\u00cdR\u00c1S<\/a>,<a href=\"http:\/\/regi.dunavarsany.hu\/dokumentumok\/bursa2017B.pdf\">\u201cB\u201d T\u00cdPUS\u00da P\u00c1LY\u00c1ZATI KI\u00cdR\u00c1S<\/a><\/p>\r\n<hr \/><center><a href=\"http:\/\/regi.dunavarsany.hu\/index.php\/hirek\/646-palyazati-kiiras-beruhazasi-ugyintezoi-munkakor-betoltesere\"><strong>P\u00e1ly\u00e1zati ki\u00edr\u00e1s \u2013 beruh\u00e1z\u00e1si \u00fcgyint\u00e9z\u0151i munkak\u00f6r bet\u00f6lt\u00e9s\u00e9re<\/strong><\/a><\/center><hr \/><center><a href=\"http:\/\/regi.dunavarsany.hu\/index.php\/hirek\/806-felhivas-osztondij-palyazat-a-felsofoku-oktatasban-tanulmanyokat-folytato-fiatalok-szamara\"><strong>P\u00c1LY\u00c1ZATI FELH\u00cdV\u00c1S \u2013 a fels\u0151fok\u00fa oktat\u00e1sban tanulm\u00e1nyokat folytat\u00f3 fiatalok anyagi t\u00e1mogat\u00e1s\u00e1ra 2017<\/strong><\/a><\/center><hr \/><center><a href=\"http:\/\/regi.dunavarsany.hu\/index.php\/hirek\/644-palyazati-felhivas-hazi-segitsegnyujto-munkakor-betoltesere\"><strong>P\u00c1LY\u00c1ZATI FELH\u00cdV\u00c1S \u2013 H\u00e1zi seg\u00edts\u00e9gny\u00fajt\u00f3 munkak\u00f6r bet\u00f6lt\u00e9s\u00e9re<\/strong><\/a><\/center><hr \/><center><a href=\"http:\/\/regi.dunavarsany.hu\/index.php\/hirek\/625-palyazat-hazi-gyermekorvosi-praxis-betoltesere\"><strong>P\u00e1ly\u00e1zati felh\u00edv\u00e1s \u2013 h\u00e1zi gyermekorvosi praxis bet\u00f6lt\u00e9s\u00e9re<\/strong><\/a><\/center><hr \/><center><a href=\"http:\/\/regi.dunavarsany.hu\/index.php\/hirek\/611-palyazati-felhivas-dunavarsanyi-arpad-fejedelem-altalanos-iskola-intezmenyvezeto-magasabb-vezeto-beosztas-ellatasara\"><strong>P\u00e1ly\u00e1zati felh\u00edv\u00e1s \u2013 Dunavars\u00e1nyi \u00c1rp\u00e1d Fejedelem \u00c1ltal\u00e1nos Iskola Int\u00e9zm\u00e9nyvezet\u0151 (magasabb vezet\u0151) beoszt\u00e1s ell\u00e1t\u00e1s\u00e1ra<\/strong><\/a><\/center><hr \/><center><strong><a href=\"http:\/\/regi.dunavarsany.hu\/index.php\/hirek\/600-palyazati-felhivas-vedonoi-allas-betoltesere\">P\u00c1LY\u00c1ZATI FELH\u00cdV\u00c1S \u2013 \u201ev\u00e9d\u0151n\u0151i\u201d \u00e1ll\u00e1s bet\u00f6lt\u00e9s\u00e9re<\/a><\/strong><\/center><hr \/>\r\n<p>&nbsp;<\/p>\r\n<h3 style=\"text-align: left;\">2016. \u00e9vi p\u00e1ly\u00e1zatok:<\/h3>\r\n<center><\/center><center><strong>P\u00e1ly\u00e1zati ki\u00edr\u00e1s<\/strong><\/center><center>Dunavars\u00e1ny V\u00e1ros \u00d6nkorm\u00e1nyzata az Emberi Er\u0151forr\u00e1sok Miniszt\u00e9rium\u00e1val egy\u00fcttm\u0171k\u00f6dve, ezennel ki\u00edrja a 2016. \u00e9vre a Bursa Hungarica Fels\u0151oktat\u00e1si \u00d6nkorm\u00e1nyzati \u00d6szt\u00f6nd\u00edjp\u00e1ly\u00e1zat \u201cA\u201d \u00e9s \u201cB\u201d t\u00edpus\u00e1t.<\/center><center><a href=\"http:\/\/regi.dunavarsany.hu\/images\/palyazat_kiiras_a_2016.pdf\">\u201cA\u201d T\u00cdPUS\u00da P\u00c1LY\u00c1ZATI KI\u00cdR\u00c1S<\/a>,<a href=\"http:\/\/regi.dunavarsany.hu\/images\/palyazati_kiiras_b_2016-2.pdf\">\u201cB\u201d T\u00cdPUS\u00da P\u00c1LY\u00c1ZATI KI\u00cdR\u00c1S<\/a><\/center><hr \/><center><strong><a href=\"http:\/\/regi.dunavarsany.hu\/index.php\/hirek\/322-palyazati-felhivas-intezmenyvezetoi-allas-betoltesere-weores-sandor-ovoda\">P\u00e1ly\u00e1zati felh\u00edv\u00e1s int\u00e9zmenyvezet\u0151i \u00e1ll\u00e1s bet\u00f6lt\u00e9s\u00e9re \u2013 Dunavars\u00e1ny V\u00e1ros \u00d6nkorm\u00e1nyzata We\u00f6res S\u00e1ndor \u00d3voda<\/a><\/strong><\/center><hr \/><center><strong><a href=\"http:\/\/regi.dunavarsany.hu\/index.php\/hirek\/321-palyazati-felhivas-kegyeleti-kozszolgalati-feladatok-ellatasara\">P\u00e1ly\u00e1zati felh\u00edv\u00e1s kegyeleti, k\u00f6zszolg\u00e1lati feladatok ell\u00e1t\u00e1s\u00e1ra<\/a><\/strong><\/center><hr \/><center><center>Let\u00f6lthet\u0151\u00a0<a href=\"http:\/\/regi.dunavarsany.hu\/dokumentumok\/palyazatok\/Adatlap%20Felsofoku%20oktatas%20palyazathoz%202015.doc\">ADATLAP<\/a><\/center><\/center><center><img decoding=\"async\" class=\"alignleft\" src=\"http:\/\/regi.dunavarsany.hu\/images\/felsofoku_1.jpg\" alt=\"\" \/><\/center>","protected":false},"excerpt":{"rendered":"<div class=\"mh-excerpt\"><p>&nbsp; Fels\u0151oktat\u00e1si \u00f6szt\u00f6nd\u00edjp\u00e1ly\u00e1zat P\u00e1ly\u00e1zat bead\u00e1s\u00e1nak hat\u00e1rideje: 2023. j\u00fanius 30. LEJ\u00c1RT! P\u00c1LY\u00c1ZATI FELH\u00cdV\u00c1S \u2013 a fels\u0151fok\u00fa oktat\u00e1sban tanulm\u00e1nyokat folytat\u00f3 fiatalok anyagi t\u00e1mogat\u00e1s\u00e1ra 2023. Fels\u0151fok\u00fa oktat\u00e1s-p\u00e1ly\u00e1zati adatlap 2023. Dunavars\u00e1nyi K\u00f6z\u00f6s \u00d6nkorm\u00e1nyzati Hivatal Jegyz\u0151je p\u00e1ly\u00e1zatot hirdet 1 f\u0151 <a class=\"mh-excerpt-more\" href=\"https:\/\/dunavarsany.hu\/index.php\/palyazatok\/archiv-palyazatok\/\" title=\"Arch\u00edv p\u00e1ly\u00e1zatok\">[&#8230;]<\/a><\/p>\n<\/div>","protected":false},"author":3,"featured_media":0,"parent":5452,"menu_order":0,"comment_status":"closed","ping_status":"closed","template":"","meta":{"footnotes":""},"class_list":["post-6536","page","type-page","status-publish"],"_links":{"self":[{"href":"https:\/\/dunavarsany.hu\/index.php\/wp-json\/wp\/v2\/pages\/6536","targetHints":{"allow":["GET"]}}],"collection":[{"href":"https:\/\/dunavarsany.hu\/index.php\/wp-json\/wp\/v2\/pages"}],"about":[{"href":"https:\/\/dunavarsany.hu\/index.php\/wp-json\/wp\/v2\/types\/page"}],"author":[{"embeddable":true,"href":"https:\/\/dunavarsany.hu\/index.php\/wp-json\/wp\/v2\/users\/3"}],"replies":[{"embeddable":true,"href":"https:\/\/dunavarsany.hu\/index.php\/wp-json\/wp\/v2\/comments?post=6536"}],"version-history":[{"count":10,"href":"https:\/\/dunavarsany.hu\/index.php\/wp-json\/wp\/v2\/pages\/6536\/revisions"}],"predecessor-version":[{"id":12968,"href":"https:\/\/dunavarsany.hu\/index.php\/wp-json\/wp\/v2\/pages\/6536\/revisions\/12968"}],"up":[{"embeddable":true,"href":"https:\/\/dunavarsany.hu\/index.php\/wp-json\/wp\/v2\/pages\/5452"}],"wp:attachment":[{"href":"https:\/\/dunavarsany.hu\/index.php\/wp-json\/wp\/v2\/media?parent=6536"}],"curies":[{"name":"wp","href":"https:\/\/api.w.org\/{rel}","templated":true}]}}