{"id":6533,"date":"2020-11-03T11:22:55","date_gmt":"2020-11-03T11:22:55","guid":{"rendered":"http:\/\/dunavarsany.hu\/?page_id=6533"},"modified":"2025-03-11T10:16:20","modified_gmt":"2025-03-11T10:16:20","slug":"archivalt-civil-palyazatok","status":"publish","type":"page","link":"https:\/\/dunavarsany.hu\/index.php\/palyazatok\/civil-palyazatok\/archivalt-civil-palyazatok\/","title":{"rendered":"Arch\u00edv civil p\u00e1ly\u00e1zatok"},"content":{"rendered":"<h3 style=\"text-align: center;\"><strong>ARCH\u00cdV civil p\u00e1ly\u00e1zatok:<\/strong><\/h3>\n<h4>Dunavars\u00e1ny V\u00e1ros \u00d6nkorm\u00e1nyzat\u00e1nak 2023. \u00e9vi p\u00e1ly\u00e1zata orsz\u00e1gos sport\u00e1gi szaksz\u00f6vets\u00e9g tagjak\u00e9nt a sport\u00e1g versenyrendszer\u00e9ben r\u00e9sztvev\u0151 sportszervezetek sz\u00e1m\u00e1ra <strong><span style=\"color: #ff0000;\">LEJ\u00c1RT!<\/span><\/strong><\/h4>\n<p><a href=\"https:\/\/dunavarsany.hu\/wp-content\/uploads\/2023\/02\/Sport-palyazati-FELHIVAS_2023.doc\">Szaksz\u00f6vets\u00e9gi sport p\u00e1ly\u00e1zati felh\u00edvas 2023<\/a><\/p>\n<p><a href=\"https:\/\/dunavarsany.hu\/wp-content\/uploads\/2023\/02\/Sport-Palyazati-URLAP-2023.docx\">Sport p\u00e1ly\u00e1zati \u0171rlap 2023<\/a><\/p>\n<p><a href=\"https:\/\/dunavarsany.hu\/wp-content\/uploads\/2023\/02\/Sport_palyazati_elszamololap_2023.docx\">Sport p\u00e1ly\u00e1zati elsz\u00e1mol\u00f3lap 2023<\/a><\/p>\n<hr \/>\n<h4>Dunavars\u00e1ny V\u00e1ros \u00d6nkorm\u00e1nyzat\u00e1nak 2023. \u00e9vi p\u00e1ly\u00e1zata egyes\u00fcletek, sportegyes\u00fcletek \u00e9s alap\u00edtv\u00e1nyok sz\u00e1m\u00e1ra <strong><span style=\"color: #ff0000;\">LEJ\u00c1RT!<\/span><\/strong><\/h4>\n<p><a href=\"https:\/\/dunavarsany.hu\/wp-content\/uploads\/2023\/02\/Civil-palyazati-FELHIVAS_2023.doc\">Civil p\u00e1ly\u00e1zati felh\u00edvas 2023<\/a><\/p>\n<p><a href=\"https:\/\/dunavarsany.hu\/wp-content\/uploads\/2023\/02\/Civil_palyazati_URLAP_2023.docx\">Civil p\u00e1ly\u00e1zati \u0171rlap 2023<\/a><\/p>\n<p><a href=\"https:\/\/dunavarsany.hu\/wp-content\/uploads\/2023\/02\/Civil_palyazati_elszamololap_2023.docx\">Civil p\u00e1ly\u00e1zati elsz\u00e1mol\u00f3lap 2023<\/a><\/p>\n<hr \/>\n<h4><em>Dunavars\u00e1ny V\u00e1ros \u00d6nkorm\u00e1nyzat\u00e1nak 2022. \u00e9vi p\u00e1ly\u00e1zata orsz\u00e1gos sport\u00e1gi szaksz\u00f6vets\u00e9g tagjak\u00e9nt a sport\u00e1g versenyrendszer\u00e9ben r\u00e9sztvev\u0151 sportszervezetek sz\u00e1m\u00e1ra. <\/em><em><span style=\"color: #ff0000;\">LEJ\u00c1RT!<\/span><\/em><\/h4>\n<p><a href=\"https:\/\/dunavarsany.hu\/wp-content\/uploads\/2022\/02\/Sport-palyazati-felhivas-2022.doc\">Szaksz\u00f6vets\u00e9gi sport p\u00e1ly\u00e1zati felh\u00edvas 2022<\/a><\/p>\n<p><a href=\"https:\/\/dunavarsany.hu\/wp-content\/uploads\/2022\/02\/Civil_palyazati_urlap_2022.docx\">Sport p\u00e1ly\u00e1zati \u0171rlap 2022<\/a><\/p>\n<p><a href=\"https:\/\/dunavarsany.hu\/wp-content\/uploads\/2022\/02\/Civil_palyazati_elszamololap_2022.docx\">Sport p\u00e1ly\u00e1zati elsz\u00e1mol\u00f3lap 2022<\/a><\/p>\n<hr \/>\n<h4><em>Dunavars\u00e1ny V\u00e1ros \u00d6nkorm\u00e1nyzat\u00e1nak 2022. \u00e9vi p\u00e1ly\u00e1zata egyes\u00fcletek, sportegyes\u00fcletek \u00e9s alap\u00edtv\u00e1nyok sz\u00e1m\u00e1ra. <\/em><em><span style=\"color: #ff0000;\">LEJ\u00c1RT!<\/span><\/em><\/h4>\n<p><a href=\"https:\/\/dunavarsany.hu\/wp-content\/uploads\/2022\/02\/Civil-palyazati-felhivas-2022.doc\">Civil p\u00e1ly\u00e1zati felh\u00edvas 2022<\/a><\/p>\n<p><a href=\"https:\/\/dunavarsany.hu\/wp-content\/uploads\/2022\/02\/Civil_palyazati_urlap_2022.docx\">Civil p\u00e1ly\u00e1zati \u0171rlap 2022<\/a><\/p>\n<p><a href=\"https:\/\/dunavarsany.hu\/wp-content\/uploads\/2022\/02\/Civil_palyazati_elszamololap_2022.docx\">Civil p\u00e1ly\u00e1zati elsz\u00e1mol\u00f3lap 2022<\/a><\/p>\n<hr \/>\n<h4><em>Dunavars\u00e1ny V\u00e1ros \u00d6nkorm\u00e1nyzat\u00e1nak 2021. \u00e9vi p\u00e1ly\u00e1zata orsz\u00e1gos sport\u00e1gi szaksz\u00f6vets\u00e9g tagjak\u00e9nt a sport\u00e1g versenyrendszer\u00e9ben r\u00e9sztvev\u0151 sportszervezetek sz\u00e1m\u00e1ra. <span style=\"color: #ff0000;\">LEJ\u00c1RT!<\/span><\/em><\/h4>\n<p><a href=\"https:\/\/dunavarsany.hu\/wp-content\/uploads\/2021\/04\/sport-palyazati-felhivas-2021.doc\">Szaksz\u00f6vets\u00e9gi sport p\u00e1ly\u00e1zati felh\u00edvas 2021<\/a><\/p>\n<p><a href=\"https:\/\/dunavarsany.hu\/wp-content\/uploads\/2021\/04\/Civil_palyazati_urlap_2021.docx\">Sport p\u00e1ly\u00e1zati \u0171rlap 2021<\/a><\/p>\n<p><a href=\"https:\/\/dunavarsany.hu\/wp-content\/uploads\/2021\/04\/Civil_palyazati_elszamololap_2021.docx\">Sport p\u00e1ly\u00e1zati elsz\u00e1mol\u00f3lap 2021<\/a><\/p>\n<hr \/>\n<h4><em>Dunavars\u00e1ny V\u00e1ros \u00d6nkorm\u00e1nyzat\u00e1nak 2021. \u00e9vi p\u00e1ly\u00e1zata egyes\u00fcletek, sportegyes\u00fcletek \u00e9s alap\u00edtv\u00e1nyok sz\u00e1m\u00e1ra<\/em><\/h4>\n<h4><em><span style=\"color: #ff0000;\">LEJ\u00c1RT!<\/span><\/em><\/h4>\n<p><a href=\"https:\/\/dunavarsany.hu\/wp-content\/uploads\/2021\/04\/civil-palyazati-felhivas-2021.doc\">Civil p\u00e1ly\u00e1zati felh\u00edvas 2021<\/a><\/p>\n<p><a href=\"https:\/\/dunavarsany.hu\/wp-content\/uploads\/2021\/04\/Civil_palyazati_urlap_2021.docx\">Civil p\u00e1ly\u00e1zati \u0171rlap 2021<\/a><\/p>\n<p><a href=\"https:\/\/dunavarsany.hu\/wp-content\/uploads\/2021\/04\/Civil_palyazati_elszamololap_2021.docx\">Civil p\u00e1ly\u00e1zati elsz\u00e1mol\u00f3lap 2021<\/a><\/p>\n<hr \/>\n<p>&nbsp;<\/p>\n<p><strong><em>Vasutas Telep\u00fcl\u00e9sek Sz\u00f6vets\u00e9ge \u2013 rajzp\u00e1ly\u00e1zat<\/em><\/strong> <strong><em><span style=\"color: #ff0000;\">LEJ\u00c1RT!<\/span><\/em><\/strong><\/p>\n<p><a href=\"https:\/\/dunavarsany.hu\/index.php\/2020\/11\/06\/vasutas-telepulesek-szovetsege-rajzpalyazat\/\">P\u00e1ly\u00e1zat<\/a><\/p>\n<p>P\u00e1ly\u00e1zat lead\u00e1s\u00e1nak hat\u00e1rideje: 2020. november 20.<\/p>\n<p>P\u00e1ly\u00e1zat elb\u00edr\u00e1l\u00e1s\u00e1nak hat\u00e1rideje: 2020. december 15.<\/p>\n<p>&nbsp;<\/p>\n<hr \/>\n<p><strong><em>NEA civil p\u00e1ly\u00e1zati lehet\u0151s\u00e9g 2021 <span style=\"color: #ff0000;\">LEJ\u00c1RT!<\/span><\/em><\/strong><\/p>\n<p><a href=\"https:\/\/dunavarsany.hu\/index.php\/2020\/11\/06\/nea-civil-palyazati-lehetoseg-2021\/\">P\u00e1ly\u00e1zat<\/a><\/p>\n<p>P\u00e1ly\u00e1zat lead\u00e1s\u00e1nak hat\u00e1rideje: 2020. november 11. szerda 12:00 \u00f3ra<\/p>\n<p>&nbsp;<\/p>\n<hr \/>\n<p><strong><em>Dunavars\u00e1ny V\u00e1ros \u00d6nkorm\u00e1nyzat\u00e1nak 2020. \u00e9vi p\u00e1ly\u00e1zata orsz\u00e1gos sport\u00e1gi szaksz\u00f6vets\u00e9g tagjak\u00e9nt a sport\u00e1g versenyrendszer\u00e9ben r\u00e9sztvev\u0151 sportszervezetek sz\u00e1m\u00e1ra. <span style=\"color: #ff0000;\">LEJ\u00c1RT!<\/span><\/em><\/strong><\/p>\n<p><a href=\"http:\/\/regi.dunavarsany.hu\/dokumentumok\/sport_palyazat_2020.pdf\">Szaksz\u00f6vets\u00e9gi sport p\u00e1ly\u00e1zati felh\u00edvas 2020<\/a><\/p>\n<p><a href=\"http:\/\/regi.dunavarsany.hu\/dokumentumok\/Kormanyrendelet_20162.pdf\">Korm\u00e1nyrendelet<\/a><\/p>\n<p><a href=\"http:\/\/regi.dunavarsany.hu\/dokumentumok\/Torveny_20162.pdf\">T\u00f6rveny<\/a><\/p>\n<p><a href=\"http:\/\/regi.dunavarsany.hu\/dokumentumok\/palyazat_urlap_2020.docx\">Sport p\u00e1ly\u00e1zati \u0171rlap 2020<\/a><\/p>\n<p><a href=\"http:\/\/regi.dunavarsany.hu\/dokumentumok\/palyazat_elszamolo_2020.docx\">Sport p\u00e1ly\u00e1zati elsz\u00e1mol\u00f3lap 2020<\/a><\/p>\n<p><a href=\"http:\/\/regi.dunavarsany.hu\/dokumentumok\/Sport_palyazat_tajekoztato_2017.pdf\">Sport p\u00e1ly\u00e1zat t\u00e1j\u00e9koztat\u00f3 lev\u00e9l<\/a><\/p>\n<hr \/>\n<p><strong><em>Dunavars\u00e1ny V\u00e1ros \u00d6nkorm\u00e1nyzat\u00e1nak 2020. \u00e9vi p\u00e1ly\u00e1zata egyes\u00fcletek, sportegyes\u00fcletek \u00e9s alap\u00edtv\u00e1nyok sz\u00e1m\u00e1ra <span style=\"color: #ff0000;\">LEJ\u00c1RT!<\/span><\/em><\/strong><\/p>\n<p><a href=\"http:\/\/regi.dunavarsany.hu\/dokumentumok\/civil_palyazat_2020.pdf\">Civil p\u00e1ly\u00e1zati felh\u00edvas 2020<\/a><\/p>\n<p><a href=\"http:\/\/regi.dunavarsany.hu\/dokumentumok\/Kormanyrendelet_2016.pdf\">Korm\u00e1nyrendelet<\/a><\/p>\n<p><a href=\"http:\/\/regi.dunavarsany.hu\/dokumentumok\/Torveny_2016.pdf\">T\u00f6rveny<\/a><\/p>\n<p><a href=\"http:\/\/regi.dunavarsany.hu\/dokumentumok\/palyazat_urlap_2020.docx\">Civil p\u00e1ly\u00e1zati \u0171rlap 2020<\/a><\/p>\n<p><a href=\"http:\/\/regi.dunavarsany.hu\/dokumentumok\/palyazat_elszamolo_2020.docx\">Civil p\u00e1ly\u00e1zati elsz\u00e1mol\u00f3lap 2020<\/a><\/p>\n<p><a href=\"http:\/\/regi.dunavarsany.hu\/dokumentumok\/Civil_palyazat_tajekoztato_2017.pdf\">Civil p\u00e1ly\u00e1zat t\u00e1j\u00e9koztat\u00f3 lev\u00e9l<\/a><\/p>\n<hr \/>\n<p>&nbsp;<\/p>\n<h3 style=\"text-align: center;\"><strong>2019. \u00e9vi\u00a0 civil p\u00e1ly\u00e1zatok:<\/strong><\/h3>\n<p><center><\/center><center><em><strong>Dunavars\u00e1ny V\u00e1ros \u00d6nkorm\u00e1nyzat\u00e1nak 2019. \u00e9vi p\u00e1ly\u00e1zata orsz\u00e1gos sport\u00e1gi szaksz\u00f6vets\u00e9g tagjak\u00e9nt a sport\u00e1g versenyrendszer\u00e9ben r\u00e9sztvev\u0151 sportszervezetek sz\u00e1m\u00e1ra<\/strong><\/em><br \/>\n<em><strong>A p\u00e1ly\u00e1zattal kapcsolatos inform\u00e1ci\u00f3kat az al\u00e1bbi let\u00f6lthet\u0151 dokumentumokban tal\u00e1lj\u00e1k:<\/strong><\/em><\/center><center><\/center><center><\/center><a href=\"http:\/\/regi.dunavarsany.hu\/dokumentumok\/Szakszovetsegi_sport_palyazati_felhivas_2019.pdf\">Szaksz\u00f6vets\u00e9gi sport p\u00e1ly\u00e1zati felh\u00edvas 2019<\/a><\/p>\n<p><a href=\"http:\/\/regi.dunavarsany.hu\/dokumentumok\/Kormanyrendelet_20162.pdf\">Korm\u00e1nyrendelet<\/a><\/p>\n<p><a href=\"http:\/\/regi.dunavarsany.hu\/dokumentumok\/Torveny_20162.pdf\">T\u00f6rveny<\/a><\/p>\n<p><a href=\"http:\/\/regi.dunavarsany.hu\/dokumentumok\/Sport_palyazati_urlap_2019.docx\">Sport p\u00e1ly\u00e1zati \u0171rlap 2019<\/a><\/p>\n<p><a href=\"http:\/\/regi.dunavarsany.hu\/dokumentumok\/Sport_palyazati_elszamololap_2019.docx\">Sport p\u00e1ly\u00e1zati elsz\u00e1mol\u00f3lap 2019<\/a><\/p>\n<p><a href=\"http:\/\/regi.dunavarsany.hu\/dokumentumok\/Sport_palyazat_tajekoztato_2017.pdf\">Sport p\u00e1ly\u00e1zat t\u00e1j\u00e9koztat\u00f3 lev\u00e9l<\/a><\/p>\n<hr \/>\n<p>&nbsp;<\/p>\n<p><center><\/center><center><em><strong>Dunavars\u00e1ny V\u00e1ros \u00d6nkorm\u00e1nyzat\u00e1nak 2019. \u00e9vi p\u00e1ly\u00e1zata egyes\u00fcletek, sportegyes\u00fcletek \u00e9s alap\u00edtv\u00e1nyok sz\u00e1m\u00e1ra<\/strong><\/em><br \/>\n<em><strong>A p\u00e1ly\u00e1zattal kapcsolatos inform\u00e1ci\u00f3kat az al\u00e1bbi let\u00f6lthet\u0151 dokumentumokban tal\u00e1lj\u00e1k:<\/strong><\/em><\/center><center><\/center><center><\/center><a href=\"http:\/\/regi.dunavarsany.hu\/dokumentumok\/Civil_palyazati_felhivas_2019.pdf\">Civil p\u00e1ly\u00e1zati felh\u00edvas 2019<\/a><\/p>\n<p><a href=\"http:\/\/regi.dunavarsany.hu\/dokumentumok\/Kormanyrendelet_2016.pdf\">Korm\u00e1nyrendelet<\/a><\/p>\n<p><a href=\"http:\/\/regi.dunavarsany.hu\/dokumentumok\/Torveny_2016.pdf\">T\u00f6rveny<\/a><\/p>\n<p><a href=\"http:\/\/regi.dunavarsany.hu\/dokumentumok\/Civil_palyazati_urlap_2019.docx\">Civil p\u00e1ly\u00e1zati \u0171rlap 2019<\/a><\/p>\n<p><a href=\"http:\/\/regi.dunavarsany.hu\/dokumentumok\/Civil_palyazati_elszamololap_2019.docx\">Civil p\u00e1ly\u00e1zati elsz\u00e1mol\u00f3lap 2019<\/a><\/p>\n<p><a href=\"http:\/\/regi.dunavarsany.hu\/dokumentumok\/Civil_palyazat_tajekoztato_2017.pdf\">Civil p\u00e1ly\u00e1zat t\u00e1j\u00e9koztat\u00f3 lev\u00e9l<\/a><\/p>\n<hr \/>\n<p style=\"text-align: center;\"><em><strong>Benedek Elek kult\u00far\u00e1lis p\u00e1ly\u00e1zat a &#8222;Nagy mesemond\u00f3\u201d Benedek Elek sz\u00fclet\u00e9s\u00e9nek 160. \u00e9s hal\u00e1l\u00e1nak 90. \u00e9vfordul\u00f3j\u00e1nak alkalm\u00e1b\u00f3l<\/strong><\/em><\/p>\n<p style=\"text-align: center;\">P\u00e1ly\u00e1zat bead\u00e1s\u00e1nak hat\u00e1rideje: 2019. okt\u00f3ber 11.<\/p>\n<p><a href=\"http:\/\/regi.dunavarsany.hu\/index.php\/hirek\/1138-palyazati-felhivas-nagy-mesemondo-benedek-elek-szuletesenek-160-es-halalanak-90-evfordulojanak-alkalmabol\">P\u00e1ly\u00e1zat<\/a><\/p>\n<hr \/>\n<h3 style=\"text-align: center;\">2018. \u00e9vi civil p\u00e1ly\u00e1zatok:<\/h3>\n<p><center>Dunavars\u00e1ny V\u00e1ros \u00d6nkorm\u00e1nyzat\u00e1nak 2018. \u00e9vi p\u00e1ly\u00e1zata orsz\u00e1gos sport\u00e1gi szaksz\u00f6vets\u00e9g tagjak\u00e9nt a sport\u00e1g versenyrendszer\u00e9ben r\u00e9sztvev\u0151 sportszervezetek sz\u00e1m\u00e1ra<br \/>\nA p\u00e1ly\u00e1zattal kapcsolatos inform\u00e1ci\u00f3kat az al\u00e1bbi let\u00f6lthet\u0151 dokumentumokban tal\u00e1lj\u00e1k:<\/center><center><\/center><center><\/center><a href=\"http:\/\/regi.dunavarsany.hu\/dokumentumok\/Szakszovetsegi_sport_palyazati_felhivas_2018.pdf\">Szaksz\u00f6vets\u00e9gi sport p\u00e1ly\u00e1zati felh\u00edvas 2018<\/a><\/p>\n<p><a href=\"http:\/\/regi.dunavarsany.hu\/dokumentumok\/Kormanyrendelet_20162.pdf\">Korm\u00e1nyrendelet<\/a><\/p>\n<p><a href=\"http:\/\/regi.dunavarsany.hu\/dokumentumok\/Torveny_20162.pdf\">T\u00f6rveny<\/a><\/p>\n<p><a href=\"http:\/\/regi.dunavarsany.hu\/dokumentumok\/Sport_palyazati_urlap_2018.docx\">Sport p\u00e1ly\u00e1zati \u0171rlap 2018<\/a><\/p>\n<p><a href=\"http:\/\/regi.dunavarsany.hu\/dokumentumok\/Sport_palyazati_elszamololap_2018.docx\">Sport p\u00e1ly\u00e1zati elsz\u00e1mol\u00f3lap 2018<\/a><\/p>\n<p><a href=\"http:\/\/regi.dunavarsany.hu\/dokumentumok\/Sport_palyazat_tajekoztato_2017.pdf\">Sport p\u00e1ly\u00e1zat t\u00e1j\u00e9koztat\u00f3 lev\u00e9l<\/a><\/p>\n<hr \/>\n<p><center>Dunavars\u00e1ny V\u00e1ros \u00d6nkorm\u00e1nyzat\u00e1nak 2018. \u00e9vi p\u00e1ly\u00e1zata egyes\u00fcletek, sportegyes\u00fcletek \u00e9s alap\u00edtv\u00e1nyok sz\u00e1m\u00e1ra<br \/>\nA p\u00e1ly\u00e1zattal kapcsolatos inform\u00e1ci\u00f3kat az al\u00e1bbi let\u00f6lthet\u0151 dokumentumokban tal\u00e1lj\u00e1k:<\/center><center><\/center><a href=\"http:\/\/regi.dunavarsany.hu\/dokumentumok\/Civil_palyazati_felhivas_2018.pdf\">Civil p\u00e1ly\u00e1zati felh\u00edvas 2018<\/a><\/p>\n<p><a href=\"http:\/\/regi.dunavarsany.hu\/dokumentumok\/Kormanyrendelet_2016.pdf\">Korm\u00e1nyrendelet<\/a><\/p>\n<p><a href=\"http:\/\/regi.dunavarsany.hu\/dokumentumok\/Torveny_2016.pdf\">T\u00f6rveny<\/a><\/p>\n<p><a href=\"http:\/\/regi.dunavarsany.hu\/dokumentumok\/Civil_palyazati_urlap_2018.docx\">Civil p\u00e1ly\u00e1zati \u0171rlap 2018<\/a><\/p>\n<p><a href=\"http:\/\/regi.dunavarsany.hu\/dokumentumok\/Civil_palyazati_elszamololap_2018.docx\">Civil p\u00e1ly\u00e1zati elsz\u00e1mol\u00f3lap 2018<\/a><\/p>\n<p><a href=\"http:\/\/regi.dunavarsany.hu\/dokumentumok\/Civil_palyazat_tajekoztato_2017.pdf\">Civil p\u00e1ly\u00e1zat t\u00e1j\u00e9koztat\u00f3 lev\u00e9l<\/a><\/p>\n<hr \/>\n<h3 style=\"text-align: center;\">2017. \u00e9vi civil p\u00e1ly\u00e1zatok:<\/h3>\n<p><center>Dunavars\u00e1ny V\u00e1ros \u00d6nkorm\u00e1nyzat\u00e1nak 2017. \u00e9vi p\u00e1ly\u00e1zata orsz\u00e1gos sport\u00e1gi szaksz\u00f6vets\u00e9g tagjak\u00e9nt a sport\u00e1g versenyrendszer\u00e9ben r\u00e9sztvev\u0151 sportszervezetek sz\u00e1m\u00e1ra<br \/>\nA p\u00e1ly\u00e1zattal kapcsolatos inform\u00e1ci\u00f3kat az al\u00e1bbi let\u00f6lthet\u0151 dokumentumokban tal\u00e1lj\u00e1k:<\/center><center><\/center><center><\/center><a href=\"http:\/\/regi.dunavarsany.hu\/dokumentumok\/Szakszovetsegi_sport_palyazati_felhivas_2017.pdf\">Szaksz\u00f6vets\u00e9gi sport p\u00e1ly\u00e1zati felh\u00edvas 2017<\/a><\/p>\n<p><a href=\"http:\/\/regi.dunavarsany.hu\/dokumentumok\/Kormanyrendelet_20162.pdf\">Korm\u00e1nyrendelet<\/a><\/p>\n<p><a href=\"http:\/\/regi.dunavarsany.hu\/dokumentumok\/Torveny_20162.pdf\">T\u00f6rveny<\/a><\/p>\n<p><a href=\"http:\/\/regi.dunavarsany.hu\/dokumentumok\/Sport_palyazati_urlap_2017.docx\">Sport p\u00e1ly\u00e1zati \u0171rlap 2017<\/a><\/p>\n<p><a href=\"http:\/\/regi.dunavarsany.hu\/dokumentumok\/Sport_palyazati_elszamololap_2017.docx\">Sport p\u00e1ly\u00e1zati elsz\u00e1mol\u00f3lap 2017<\/a><\/p>\n<p><a href=\"http:\/\/regi.dunavarsany.hu\/dokumentumok\/Sport_palyazat_tajekoztato_2017.pdf\">Sport p\u00e1ly\u00e1zat t\u00e1j\u00e9koztat\u00f3 lev\u00e9l<\/a><\/p>\n<hr \/>\n<p>&nbsp;<\/p>\n<p><center>Dunavars\u00e1ny V\u00e1ros \u00d6nkorm\u00e1nyzat\u00e1nak 2017. \u00e9vi p\u00e1ly\u00e1zata egyes\u00fcletek, sportegyes\u00fcletek \u00e9s alap\u00edtv\u00e1nyok sz\u00e1m\u00e1ra<br \/>\nA p\u00e1ly\u00e1zattal kapcsolatos inform\u00e1ci\u00f3kat az al\u00e1bbi let\u00f6lthet\u0151 dokumentumokban tal\u00e1lj\u00e1k:<\/center><center><\/center><center><\/center><a href=\"http:\/\/regi.dunavarsany.hu\/dokumentumok\/Civil_palyazati_felhivas_2017.pdf\">Civil p\u00e1ly\u00e1zati felh\u00edvas 2017<\/a><\/p>\n<p><a href=\"http:\/\/regi.dunavarsany.hu\/dokumentumok\/Kormanyrendelet_2016.pdf\">Korm\u00e1nyrendelet<\/a><\/p>\n<p><a href=\"http:\/\/regi.dunavarsany.hu\/dokumentumok\/Torveny_2016.pdf\">T\u00f6rveny<\/a><\/p>\n<p><a href=\"http:\/\/regi.dunavarsany.hu\/dokumentumok\/Civil_palyazati_urlap_2017.docx\">Civil p\u00e1ly\u00e1zati \u0171rlap 2017<\/a><\/p>\n<p><a href=\"http:\/\/regi.dunavarsany.hu\/dokumentumok\/Civil_palyazati_elszamololap_2017.docx\">Civil p\u00e1ly\u00e1zati elsz\u00e1mol\u00f3lap 2017<\/a><\/p>\n<p><a href=\"http:\/\/regi.dunavarsany.hu\/dokumentumok\/Civil_palyazat_tajekoztato_2017.pdf\">Civil p\u00e1ly\u00e1zat t\u00e1j\u00e9koztat\u00f3 lev\u00e9l<\/a><\/p>\n","protected":false},"excerpt":{"rendered":"<div class=\"mh-excerpt\"><p>ARCH\u00cdV civil p\u00e1ly\u00e1zatok: Dunavars\u00e1ny V\u00e1ros \u00d6nkorm\u00e1nyzat\u00e1nak 2023. \u00e9vi p\u00e1ly\u00e1zata orsz\u00e1gos sport\u00e1gi szaksz\u00f6vets\u00e9g tagjak\u00e9nt a sport\u00e1g versenyrendszer\u00e9ben r\u00e9sztvev\u0151 sportszervezetek sz\u00e1m\u00e1ra LEJ\u00c1RT! Szaksz\u00f6vets\u00e9gi sport p\u00e1ly\u00e1zati felh\u00edvas 2023 Sport p\u00e1ly\u00e1zati \u0171rlap 2023 Sport p\u00e1ly\u00e1zati elsz\u00e1mol\u00f3lap 2023 Dunavars\u00e1ny V\u00e1ros <a class=\"mh-excerpt-more\" href=\"https:\/\/dunavarsany.hu\/index.php\/palyazatok\/civil-palyazatok\/archivalt-civil-palyazatok\/\" title=\"Arch\u00edv civil p\u00e1ly\u00e1zatok\">[&#8230;]<\/a><\/p>\n<\/div>","protected":false},"author":3,"featured_media":0,"parent":6496,"menu_order":0,"comment_status":"closed","ping_status":"closed","template":"","meta":{"footnotes":""},"class_list":["post-6533","page","type-page","status-publish"],"_links":{"self":[{"href":"https:\/\/dunavarsany.hu\/index.php\/wp-json\/wp\/v2\/pages\/6533","targetHints":{"allow":["GET"]}}],"collection":[{"href":"https:\/\/dunavarsany.hu\/index.php\/wp-json\/wp\/v2\/pages"}],"about":[{"href":"https:\/\/dunavarsany.hu\/index.php\/wp-json\/wp\/v2\/types\/page"}],"author":[{"embeddable":true,"href":"https:\/\/dunavarsany.hu\/index.php\/wp-json\/wp\/v2\/users\/3"}],"replies":[{"embeddable":true,"href":"https:\/\/dunavarsany.hu\/index.php\/wp-json\/wp\/v2\/comments?post=6533"}],"version-history":[{"count":14,"href":"https:\/\/dunavarsany.hu\/index.php\/wp-json\/wp\/v2\/pages\/6533\/revisions"}],"predecessor-version":[{"id":13600,"href":"https:\/\/dunavarsany.hu\/index.php\/wp-json\/wp\/v2\/pages\/6533\/revisions\/13600"}],"up":[{"embeddable":true,"href":"https:\/\/dunavarsany.hu\/index.php\/wp-json\/wp\/v2\/pages\/6496"}],"wp:attachment":[{"href":"https:\/\/dunavarsany.hu\/index.php\/wp-json\/wp\/v2\/media?parent=6533"}],"curies":[{"name":"wp","href":"https:\/\/api.w.org\/{rel}","templated":true}]}}