{"id":6496,"date":"2020-10-27T14:48:25","date_gmt":"2020-10-27T14:48:25","guid":{"rendered":"http:\/\/dunavarsany.hu\/?page_id=6496"},"modified":"2025-03-12T10:22:41","modified_gmt":"2025-03-12T10:22:41","slug":"civil-palyazatok","status":"publish","type":"page","link":"https:\/\/dunavarsany.hu\/index.php\/palyazatok\/civil-palyazatok\/","title":{"rendered":"Civil p\u00e1ly\u00e1zatok"},"content":{"rendered":"<h3 style=\"text-align: center;\">Aktu\u00e1lis civil p\u00e1ly\u00e1zatok:<\/h3>\n<p data-fontsize=\"14\"><strong>Dunavars\u00e1ny V\u00e1ros \u00d6nkorm\u00e1nyzat\u00e1nak 2025. \u00e9vi p\u00e1ly\u00e1zata orsz\u00e1gos sport\u00e1gi szaksz\u00f6vets\u00e9g, vagy sz\u00f6vets\u00e9g tagjak\u00e9nt a sport\u00e1g versenyrendszer\u00e9ben r\u00e9sztvev\u0151 sportszervezetek sz\u00e1m\u00e1ra<\/strong><\/p>\n<p data-fontsize=\"14\"><a href=\"https:\/\/dunavarsany.hu\/wp-content\/uploads\/2025\/02\/Sport-palyazati-FELHIVAS-2025.pdf\" data-fontsize=\"14\">Szaksz\u00f6vets\u00e9gi sport p\u00e1ly\u00e1zati felh\u00edvas 2025<\/a><\/p>\n<p data-fontsize=\"14\"><a href=\"https:\/\/dunavarsany.hu\/wp-content\/uploads\/2025\/03\/Sport-palyazati-URLAP-2025.docx\">Sport p\u00e1ly\u00e1zati \u0171rlap 2025<\/a><\/p>\n<p data-fontsize=\"14\"><a href=\"https:\/\/dunavarsany.hu\/wp-content\/uploads\/2025\/03\/Sport-palyazati-ELSZAMOLOLAP-2025.docx\">Sport p\u00e1ly\u00e1zati elsz\u00e1mol\u00f3lap 2025<\/a><\/p>\n<hr \/>\n<p data-fontsize=\"14\"><strong>Dunavars\u00e1ny V\u00e1ros \u00d6nkorm\u00e1nyzat\u00e1nak 2025. \u00e9vi p\u00e1ly\u00e1zata Civil egyes\u00fcletek, sportegyes\u00fcletek \u00e9s alap\u00edtv\u00e1nyok sz\u00e1m\u00e1ra<\/strong><\/p>\n<p data-fontsize=\"14\"><a href=\"https:\/\/dunavarsany.hu\/wp-content\/uploads\/2025\/02\/Civil-palyazati-FELHIVAS-2025.pdf\" data-fontsize=\"14\">Civil p\u00e1ly\u00e1zati felh\u00edvas 2025<\/a><\/p>\n<p data-fontsize=\"14\"><a href=\"https:\/\/dunavarsany.hu\/wp-content\/uploads\/2025\/03\/Civil-palyazati-URLAP-2025.docx\">Civil p\u00e1ly\u00e1zati \u0171rlap 2025<\/a><\/p>\n<p data-fontsize=\"14\"><a href=\"https:\/\/dunavarsany.hu\/wp-content\/uploads\/2025\/03\/Civil-palyazati-ELSZAMOLOLAP-2025.docx\">Civil p\u00e1ly\u00e1zati elsz\u00e1mol\u00f3lap 2025<\/a><\/p>\n<hr \/>\n<p><strong>Dunavars\u00e1ny V\u00e1ros \u00d6nkorm\u00e1nyzat\u00e1nak 2024. \u00e9vi p\u00e1ly\u00e1zata orsz\u00e1gos sport\u00e1gi szaksz\u00f6vets\u00e9g, vagy sz\u00f6vets\u00e9g tagjak\u00e9nt a sport\u00e1g versenyrendszer\u00e9ben r\u00e9sztvev\u0151 sportszervezetek sz\u00e1m\u00e1ra <span style=\"color: #ff0000;\">LEJ\u00c1RT!<\/span><\/strong><\/p>\n<p><a href=\"https:\/\/dunavarsany.hu\/wp-content\/uploads\/2024\/02\/Sport-palyazati-felhivas_2024.docx\">Szaksz\u00f6vets\u00e9gi sport p\u00e1ly\u00e1zati felh\u00edvas 2024<\/a><\/p>\n<p><a href=\"https:\/\/dunavarsany.hu\/wp-content\/uploads\/2024\/02\/Sport-Palyazati-URLAP-2024.docx\">Sport p\u00e1ly\u00e1zati \u0171rlap 2024<\/a><\/p>\n<p><a href=\"https:\/\/dunavarsany.hu\/wp-content\/uploads\/2024\/02\/Sport_palyazati_elszamololap_2024.docx\">Sport p\u00e1ly\u00e1zati elsz\u00e1mol\u00f3lap 2024<\/a><\/p>\n<hr \/>\n<p style=\"text-align: justify;\"><strong>Dunavars\u00e1ny V\u00e1ros \u00d6nkorm\u00e1nyzat\u00e1nak 2024. \u00e9vi p\u00e1ly\u00e1zata egyes\u00fcletek, sportegyes\u00fcletek \u00e9s alap\u00edtv\u00e1nyok sz\u00e1m\u00e1ra <span style=\"color: #ff0000;\">LEJ\u00c1RT!<\/span><\/strong><\/p>\n<p><a href=\"https:\/\/dunavarsany.hu\/wp-content\/uploads\/2024\/02\/Civil-palyazati-felhivas_2024.docx\">Civil p\u00e1ly\u00e1zati felh\u00edvas 2024<\/a><\/p>\n<p><a href=\"https:\/\/dunavarsany.hu\/wp-content\/uploads\/2024\/02\/Civil-Palyazati_URLAP_2024.docx\">Civil p\u00e1ly\u00e1zati \u0171rlap 2024<\/a><\/p>\n<p><a href=\"https:\/\/dunavarsany.hu\/wp-content\/uploads\/2024\/02\/Civil_palyazati_elszamololap_2024.docx\">Civil p\u00e1ly\u00e1zati elsz\u00e1mol\u00f3lap 2024<\/a><\/p>\n","protected":false},"excerpt":{"rendered":"<div class=\"mh-excerpt\"><p>Aktu\u00e1lis civil p\u00e1ly\u00e1zatok: Dunavars\u00e1ny V\u00e1ros \u00d6nkorm\u00e1nyzat\u00e1nak 2025. \u00e9vi p\u00e1ly\u00e1zata orsz\u00e1gos sport\u00e1gi szaksz\u00f6vets\u00e9g, vagy sz\u00f6vets\u00e9g tagjak\u00e9nt a sport\u00e1g versenyrendszer\u00e9ben r\u00e9sztvev\u0151 sportszervezetek sz\u00e1m\u00e1ra Szaksz\u00f6vets\u00e9gi sport p\u00e1ly\u00e1zati felh\u00edvas 2025 Sport p\u00e1ly\u00e1zati \u0171rlap 2025 Sport p\u00e1ly\u00e1zati elsz\u00e1mol\u00f3lap 2025 Dunavars\u00e1ny <a class=\"mh-excerpt-more\" href=\"https:\/\/dunavarsany.hu\/index.php\/palyazatok\/civil-palyazatok\/\" title=\"Civil p\u00e1ly\u00e1zatok\">[&#8230;]<\/a><\/p>\n<\/div>","protected":false},"author":3,"featured_media":0,"parent":5452,"menu_order":1,"comment_status":"closed","ping_status":"closed","template":"","meta":{"footnotes":""},"class_list":["post-6496","page","type-page","status-publish"],"_links":{"self":[{"href":"https:\/\/dunavarsany.hu\/index.php\/wp-json\/wp\/v2\/pages\/6496","targetHints":{"allow":["GET"]}}],"collection":[{"href":"https:\/\/dunavarsany.hu\/index.php\/wp-json\/wp\/v2\/pages"}],"about":[{"href":"https:\/\/dunavarsany.hu\/index.php\/wp-json\/wp\/v2\/types\/page"}],"author":[{"embeddable":true,"href":"https:\/\/dunavarsany.hu\/index.php\/wp-json\/wp\/v2\/users\/3"}],"replies":[{"embeddable":true,"href":"https:\/\/dunavarsany.hu\/index.php\/wp-json\/wp\/v2\/comments?post=6496"}],"version-history":[{"count":29,"href":"https:\/\/dunavarsany.hu\/index.php\/wp-json\/wp\/v2\/pages\/6496\/revisions"}],"predecessor-version":[{"id":13663,"href":"https:\/\/dunavarsany.hu\/index.php\/wp-json\/wp\/v2\/pages\/6496\/revisions\/13663"}],"up":[{"embeddable":true,"href":"https:\/\/dunavarsany.hu\/index.php\/wp-json\/wp\/v2\/pages\/5452"}],"wp:attachment":[{"href":"https:\/\/dunavarsany.hu\/index.php\/wp-json\/wp\/v2\/media?parent=6496"}],"curies":[{"name":"wp","href":"https:\/\/api.w.org\/{rel}","templated":true}]}}