{"id":6476,"date":"2020-10-26T11:28:08","date_gmt":"2020-10-26T11:28:08","guid":{"rendered":"http:\/\/dunavarsany.hu\/?page_id=6476"},"modified":"2020-10-26T12:08:23","modified_gmt":"2020-10-26T12:08:23","slug":"muvelodesi-oktatasi-es-sport-alapitvany-dunavarsany","status":"publish","type":"page","link":"https:\/\/dunavarsany.hu\/index.php\/muvelodesi-oktatasi-es-sport-alapitvany-dunavarsany\/","title":{"rendered":"M\u0170VEL\u0150D\u00c9SI, OKTAT\u00c1SI \u00c9S SPORT ALAP\u00cdTV\u00c1NY DUNAVARS\u00c1NY"},"content":{"rendered":"<p>M\u0170VEL\u0150D\u00c9SI, OKTAT\u00c1SI \u00c9S SPORT ALAP\u00cdTV\u00c1NY DUNAVARS\u00c1NY<\/p>\n<p>Ad\u00f3sz\u00e1m: 19181510-1-13<br \/>\nC\u00edm: 2336 Dunavars\u00e1ny, Kossuth Lajos u.18.<br \/>\nTev\u00e9kenys\u00e9gi k\u00f6r: Sport<\/p>\n<p>Az <a href=\"https:\/\/dunavarsany.hu\/wp-content\/uploads\/2020\/10\/EB00327212_Muvelodesi.pdf\">alap\u00edtv\u00e1ny 2019. \u00e9vi m\u00e9rlege<\/a> ide kattintva ny\u00edlik meg.<\/p>\n","protected":false},"excerpt":{"rendered":"<div class=\"mh-excerpt\"><p>M\u0170VEL\u0150D\u00c9SI, OKTAT\u00c1SI \u00c9S SPORT ALAP\u00cdTV\u00c1NY DUNAVARS\u00c1NY Ad\u00f3sz\u00e1m: 19181510-1-13 C\u00edm: 2336 Dunavars\u00e1ny, Kossuth Lajos u.18. Tev\u00e9kenys\u00e9gi k\u00f6r: Sport Az alap\u00edtv\u00e1ny 2019. \u00e9vi m\u00e9rlege ide kattintva ny\u00edlik meg.<\/p>\n<\/div>","protected":false},"author":3,"featured_media":0,"parent":0,"menu_order":0,"comment_status":"closed","ping_status":"closed","template":"","meta":{"footnotes":""},"class_list":["post-6476","page","type-page","status-publish"],"_links":{"self":[{"href":"https:\/\/dunavarsany.hu\/index.php\/wp-json\/wp\/v2\/pages\/6476","targetHints":{"allow":["GET"]}}],"collection":[{"href":"https:\/\/dunavarsany.hu\/index.php\/wp-json\/wp\/v2\/pages"}],"about":[{"href":"https:\/\/dunavarsany.hu\/index.php\/wp-json\/wp\/v2\/types\/page"}],"author":[{"embeddable":true,"href":"https:\/\/dunavarsany.hu\/index.php\/wp-json\/wp\/v2\/users\/3"}],"replies":[{"embeddable":true,"href":"https:\/\/dunavarsany.hu\/index.php\/wp-json\/wp\/v2\/comments?post=6476"}],"version-history":[{"count":2,"href":"https:\/\/dunavarsany.hu\/index.php\/wp-json\/wp\/v2\/pages\/6476\/revisions"}],"predecessor-version":[{"id":6480,"href":"https:\/\/dunavarsany.hu\/index.php\/wp-json\/wp\/v2\/pages\/6476\/revisions\/6480"}],"wp:attachment":[{"href":"https:\/\/dunavarsany.hu\/index.php\/wp-json\/wp\/v2\/media?parent=6476"}],"curies":[{"name":"wp","href":"https:\/\/api.w.org\/{rel}","templated":true}]}}