{"id":6291,"date":"2020-09-21T07:28:52","date_gmt":"2020-09-21T07:28:52","guid":{"rendered":"http:\/\/dunavarsany.hu\/?page_id=6291"},"modified":"2020-09-21T07:40:19","modified_gmt":"2020-09-21T07:40:19","slug":"rendkivuli-kepviselo-testuleti-ules-2020-08-17","status":"publish","type":"page","link":"https:\/\/dunavarsany.hu\/index.php\/rendkivuli-kepviselo-testuleti-ules-2020-08-17\/","title":{"rendered":"Rendk\u00edv\u00fcli k\u00e9pvisel\u0151-test\u00fcleti \u00fcl\u00e9s 2020.08.17."},"content":{"rendered":"\n<h4 class=\"wp-block-heading\">El\u0151terjeszt\u00e9sek<\/h4>\n\n\n\n<ul class=\"wp-block-list\"><li><a href=\"https:\/\/dunavarsany.hu\/wp-content\/uploads\/2020\/09\/2020.-08.-17.-El\u0151terjeszt\u00e9s-1.-Napirendi-pont-Javaslat-a-Belter\u00fcleti-utak-fejleszt\u00e9se-Dunavars\u00e1nyban-1.-Habitat-utca-t\u00e1rgy\u00fa-beruh\u00e1z\u00e1s-p\u00f3tmunk\u00e1inak-elrendel\u00e9s\u00e9re.pdf\">1. napirendi pont<\/a><\/li><li><a href=\"https:\/\/dunavarsany.hu\/wp-content\/uploads\/2020\/09\/2020.-08.-17.-El\u0151terjeszt\u00e9s-2.-Napirendi-pontJavaslat-a-Ker\u00e9kp\u00e1r\u00fat-fejleszt\u00e9s-Dunavars\u00e1ny-V\u00e1ros\u00e1ban-2.-t\u00e1rgy\u00fa-beruh\u00e1z\u00e1s-p\u00f3tmunk\u00e1inak-elrendel\u00e9s\u00e9re.pdf\">2. napirendi pont<\/a><\/li><li><a href=\"https:\/\/dunavarsany.hu\/wp-content\/uploads\/2020\/09\/2020.-08.-17.-El\u0151terjeszt\u00e9s-3.-Napirendi-pontNapirend-Javaslat-az-int\u00e9zm\u00e9nyi-fejleszt\u00e9si-ter\u00fcletet-\u00e9rint\u0151-fejleszt\u00e9sek-koncepci\u00f3terv\u00e9nek-elfogad\u00e1s\u00e1ra.pdf\">3. napirendi pont<\/a><\/li><\/ul>\n\n\n\n<h4 class=\"wp-block-heading\">Jegyz\u0151k\u00f6nyv<\/h4>\n\n\n\n<ul class=\"wp-block-list\"><li><a href=\"https:\/\/dunavarsany.hu\/wp-content\/uploads\/2020\/09\/2020.-08.-17.-Jegyz\u0151k\u00f6nyv.pdf\">Jegyz\u0151k\u00f6nyv<\/a><\/li><\/ul>\n\n\n\n<h4 class=\"wp-block-heading\">Megh\u00edv\u00f3<\/h4>\n\n\n\n<ul class=\"wp-block-list\"><li><a href=\"https:\/\/dunavarsany.hu\/wp-content\/uploads\/2020\/09\/2020.-08.-17.-Megh\u00edv\u00f3.pdf\">Megh\u00edv\u00f3<\/a><\/li><\/ul>\n\n\n\n<h4 class=\"wp-block-heading\">Hat\u00e1rozatok<\/h4>\n\n\n\n<ul class=\"wp-block-list\"><li><a href=\"https:\/\/dunavarsany.hu\/wp-content\/uploads\/2020\/09\/2020.-08.-17.-Hat\u00e1rozatok.pdf\">Hat\u00e1rozatok<\/a><\/li><\/ul>\n\n\n<p><!--EndFragment--><\/p>","protected":false},"excerpt":{"rendered":"<div class=\"mh-excerpt\"><p>El\u0151terjeszt\u00e9sek 1. napirendi pont 2. napirendi pont 3. napirendi pont Jegyz\u0151k\u00f6nyv Jegyz\u0151k\u00f6nyv Megh\u00edv\u00f3 Megh\u00edv\u00f3 Hat\u00e1rozatok Hat\u00e1rozatok<\/p>\n<\/div>","protected":false},"author":3,"featured_media":0,"parent":0,"menu_order":0,"comment_status":"closed","ping_status":"closed","template":"","meta":{"footnotes":""},"class_list":["post-6291","page","type-page","status-publish"],"_links":{"self":[{"href":"https:\/\/dunavarsany.hu\/index.php\/wp-json\/wp\/v2\/pages\/6291","targetHints":{"allow":["GET"]}}],"collection":[{"href":"https:\/\/dunavarsany.hu\/index.php\/wp-json\/wp\/v2\/pages"}],"about":[{"href":"https:\/\/dunavarsany.hu\/index.php\/wp-json\/wp\/v2\/types\/page"}],"author":[{"embeddable":true,"href":"https:\/\/dunavarsany.hu\/index.php\/wp-json\/wp\/v2\/users\/3"}],"replies":[{"embeddable":true,"href":"https:\/\/dunavarsany.hu\/index.php\/wp-json\/wp\/v2\/comments?post=6291"}],"version-history":[{"count":2,"href":"https:\/\/dunavarsany.hu\/index.php\/wp-json\/wp\/v2\/pages\/6291\/revisions"}],"predecessor-version":[{"id":6299,"href":"https:\/\/dunavarsany.hu\/index.php\/wp-json\/wp\/v2\/pages\/6291\/revisions\/6299"}],"wp:attachment":[{"href":"https:\/\/dunavarsany.hu\/index.php\/wp-json\/wp\/v2\/media?parent=6291"}],"curies":[{"name":"wp","href":"https:\/\/api.w.org\/{rel}","templated":true}]}}