{"id":6210,"date":"2020-09-08T12:19:50","date_gmt":"2020-09-08T12:19:50","guid":{"rendered":"http:\/\/dunavarsany.hu\/?page_id=6210"},"modified":"2020-09-08T12:19:50","modified_gmt":"2020-09-08T12:19:50","slug":"2020-02-11-dv-majoshaza","status":"publish","type":"page","link":"https:\/\/dunavarsany.hu\/index.php\/2020-02-11-dv-majoshaza\/","title":{"rendered":"2020.02.11. Dv-Majosh\u00e1za"},"content":{"rendered":"\n<h4 class=\"wp-block-heading\">El\u0151terjeszt\u00e9sek<\/h4>\n\n\n\n<ul class=\"wp-block-list\"><li><a href=\"http:\/\/regi.dunavarsany.hu\/dokumentumok\/testuletiulesek\/2020\/2020_02_11_egyuttes\/El%C5%91terjeszt%C3%A9s%20-%201.%20napirend.pdf\">1. napirendi pont<\/a><\/li><\/ul>\n\n\n\n<h4 class=\"wp-block-heading\">Jegyz\u0151k\u00f6nyv<\/h4>\n\n\n\n<ul class=\"wp-block-list\"><li><a href=\"http:\/\/regi.dunavarsany.hu\/dokumentumok\/testuletiulesek\/2020\/2020_02_11_egyuttes\/2020.%2002.%2011.%20-%20Jegyz%C5%91k%C3%B6nyv.pdf\">Jegyz\u0151k\u00f6nyv<\/a><\/li><\/ul>\n\n\n\n<h4 class=\"wp-block-heading\">Megh\u00edv\u00f3<\/h4>\n\n\n\n<ul class=\"wp-block-list\"><li><a href=\"http:\/\/regi.dunavarsany.hu\/dokumentumok\/testuletiulesek\/2020\/2020_02_11_egyuttes\/2020.%2002.%2011.%20-%20Megh%C3%ADv%C3%B3.pdf\">Megh\u00edv\u00f3<\/a><\/li><\/ul>\n\n\n\n<h4 class=\"wp-block-heading\">Hat\u00e1rozatok<\/h4>\n\n\n\n<ul class=\"wp-block-list\"><li><a href=\"http:\/\/regi.dunavarsany.hu\/dokumentumok\/testuletiulesek\/2020\/2020_02_11_egyuttes\/2020.%20febru%C3%A1r%2011.%20-%20Hat%C3%A1rozatok_Dv.-Majosh%C3%A1za%20(9-11).pdf\">Hat\u00e1rozatok<\/a><\/li><\/ul>\n","protected":false},"excerpt":{"rendered":"<div class=\"mh-excerpt\"><p>El\u0151terjeszt\u00e9sek 1. napirendi pont Jegyz\u0151k\u00f6nyv Jegyz\u0151k\u00f6nyv Megh\u00edv\u00f3 Megh\u00edv\u00f3 Hat\u00e1rozatok Hat\u00e1rozatok<\/p>\n<\/div>","protected":false},"author":1,"featured_media":0,"parent":0,"menu_order":0,"comment_status":"closed","ping_status":"closed","template":"","meta":{"footnotes":""},"class_list":["post-6210","page","type-page","status-publish"],"_links":{"self":[{"href":"https:\/\/dunavarsany.hu\/index.php\/wp-json\/wp\/v2\/pages\/6210","targetHints":{"allow":["GET"]}}],"collection":[{"href":"https:\/\/dunavarsany.hu\/index.php\/wp-json\/wp\/v2\/pages"}],"about":[{"href":"https:\/\/dunavarsany.hu\/index.php\/wp-json\/wp\/v2\/types\/page"}],"author":[{"embeddable":true,"href":"https:\/\/dunavarsany.hu\/index.php\/wp-json\/wp\/v2\/users\/1"}],"replies":[{"embeddable":true,"href":"https:\/\/dunavarsany.hu\/index.php\/wp-json\/wp\/v2\/comments?post=6210"}],"version-history":[{"count":1,"href":"https:\/\/dunavarsany.hu\/index.php\/wp-json\/wp\/v2\/pages\/6210\/revisions"}],"predecessor-version":[{"id":6211,"href":"https:\/\/dunavarsany.hu\/index.php\/wp-json\/wp\/v2\/pages\/6210\/revisions\/6211"}],"wp:attachment":[{"href":"https:\/\/dunavarsany.hu\/index.php\/wp-json\/wp\/v2\/media?parent=6210"}],"curies":[{"name":"wp","href":"https:\/\/api.w.org\/{rel}","templated":true}]}}