{"id":6202,"date":"2020-09-08T12:16:53","date_gmt":"2020-09-08T12:16:53","guid":{"rendered":"http:\/\/dunavarsany.hu\/?page_id=6202"},"modified":"2020-09-08T12:16:53","modified_gmt":"2020-09-08T12:16:53","slug":"2020-03-10-kt-nyilt-ules","status":"publish","type":"page","link":"https:\/\/dunavarsany.hu\/index.php\/2020-03-10-kt-nyilt-ules\/","title":{"rendered":"2020. 03. 10. Kt. ny\u00edlt \u00fcl\u00e9s"},"content":{"rendered":"\n<h4 class=\"wp-block-heading\">El\u0151terjeszt\u00e9sek<\/h4>\n\n\n\n<ul class=\"wp-block-list\"><li><a href=\"http:\/\/regi.dunavarsany.hu\/dokumentumok\/testuletiulesek\/2020\/2020.%2003.%2010.%20Kt.%20ny%C3%ADlt%20%C3%BCl%C3%A9s\/El%C5%91terjeszt%C3%A9s%20-%201.%20Napirendi%20pont.pdf\">1. napirendi pont<\/a><\/li><li><a href=\"http:\/\/regi.dunavarsany.hu\/dokumentumok\/testuletiulesek\/2020\/2020.%2003.%2010.%20Kt.%20ny%C3%ADlt%20%C3%BCl%C3%A9s\/El%C5%91terjeszt%C3%A9s%20-%202.%20Napirendi%20pont.pdf\">2. napirendi pont<\/a><\/li><li><a href=\"http:\/\/regi.dunavarsany.hu\/dokumentumok\/testuletiulesek\/2020\/2020.%2003.%2010.%20Kt.%20ny%C3%ADlt%20%C3%BCl%C3%A9s\/El%C5%91terjeszt%C3%A9s%20-%203.%20Napirendi%20pont.pdf\">3. napirendi pont<\/a><\/li><li><a href=\"http:\/\/regi.dunavarsany.hu\/dokumentumok\/testuletiulesek\/2020\/2020.%2003.%2010.%20Kt.%20ny%C3%ADlt%20%C3%BCl%C3%A9s\/El%C5%91terjeszt%C3%A9s%20-%201.%20Napirendi%20pont.pdf\">4. napirendi pont<\/a><\/li><li><a href=\"http:\/\/regi.dunavarsany.hu\/dokumentumok\/testuletiulesek\/2020\/2020.%2003.%2010.%20Kt.%20ny%C3%ADlt%20%C3%BCl%C3%A9s\/El%C5%91terjeszt%C3%A9s%20-%202.%20Napirendi%20pont.pdf\">5. napirendi pont<\/a><\/li><li><a href=\"http:\/\/regi.dunavarsany.hu\/dokumentumok\/testuletiulesek\/2020\/2020.%2003.%2010.%20Kt.%20ny%C3%ADlt%20%C3%BCl%C3%A9s\/El%C5%91terjeszt%C3%A9s%20-%203.%20Napirendi%20pont.pdf\">6. napirendi pont<\/a><\/li><li><a href=\"http:\/\/regi.dunavarsany.hu\/dokumentumok\/testuletiulesek\/2020\/2020.%2003.%2010.%20Kt.%20ny%C3%ADlt%20%C3%BCl%C3%A9s\/El%C5%91terjeszt%C3%A9s%20-%201.%20Napirendi%20pont.pdf\">7. napirendi pont<\/a><\/li><li><a href=\"http:\/\/regi.dunavarsany.hu\/dokumentumok\/testuletiulesek\/2020\/2020.%2003.%2010.%20Kt.%20ny%C3%ADlt%20%C3%BCl%C3%A9s\/El%C5%91terjeszt%C3%A9s%20-%202.%20Napirendi%20pont.pdf\">8. napirendi pont<\/a><\/li><li><a href=\"http:\/\/regi.dunavarsany.hu\/dokumentumok\/testuletiulesek\/2020\/2020.%2003.%2010.%20Kt.%20ny%C3%ADlt%20%C3%BCl%C3%A9s\/El%C5%91terjeszt%C3%A9s%20-%203.%20Napirendi%20pont.pdf\">9. napirendi pont<\/a><\/li><\/ul>\n\n\n\n<h4 class=\"wp-block-heading\">Jegyz\u0151k\u00f6nyv<\/h4>\n\n\n\n<ul class=\"wp-block-list\"><li><a href=\"http:\/\/regi.dunavarsany.hu\/dokumentumok\/testuletiulesek\/2020\/2020.%2003.%2010.%20Kt.%20ny%C3%ADlt%20%C3%BCl%C3%A9s\/2020.%2003.%2010.%20-%20Jegyz%C5%91k%C3%B6nyv.pdf\">Jegyz\u0151k\u00f6nyv<\/a><\/li><\/ul>\n\n\n\n<h4 class=\"wp-block-heading\">Megh\u00edv\u00f3<\/h4>\n\n\n\n<ul class=\"wp-block-list\"><li><a href=\"http:\/\/regi.dunavarsany.hu\/dokumentumok\/testuletiulesek\/2020\/2020.%2003.%2010.%20Kt.%20ny%C3%ADlt%20%C3%BCl%C3%A9s\/2020.%2003.%2010.%20-%20Megh%C3%ADv%C3%B3.pdf\">Megh\u00edv\u00f3<\/a><\/li><\/ul>\n\n\n\n<h4 class=\"wp-block-heading\">Hat\u00e1rozatok<\/h4>\n\n\n\n<ul class=\"wp-block-list\"><li><a href=\"http:\/\/regi.dunavarsany.hu\/dokumentumok\/testuletiulesek\/2020\/2020.%2003.%2010.%20Kt.%20ny%C3%ADlt%20%C3%BCl%C3%A9s\/2020.%2003.%2010.%20-%20Hat%C3%A1rozatok.pdf\">Hat\u00e1rozatok<\/a><\/li><\/ul>\n","protected":false},"excerpt":{"rendered":"<div class=\"mh-excerpt\"><p>El\u0151terjeszt\u00e9sek 1. napirendi pont 2. napirendi pont 3. napirendi pont 4. napirendi pont 5. napirendi pont 6. napirendi pont 7. napirendi pont 8. napirendi pont 9. napirendi pont Jegyz\u0151k\u00f6nyv Jegyz\u0151k\u00f6nyv Megh\u00edv\u00f3 Megh\u00edv\u00f3 Hat\u00e1rozatok Hat\u00e1rozatok<\/p>\n<\/div>","protected":false},"author":1,"featured_media":0,"parent":0,"menu_order":0,"comment_status":"closed","ping_status":"closed","template":"","meta":{"footnotes":""},"class_list":["post-6202","page","type-page","status-publish"],"_links":{"self":[{"href":"https:\/\/dunavarsany.hu\/index.php\/wp-json\/wp\/v2\/pages\/6202","targetHints":{"allow":["GET"]}}],"collection":[{"href":"https:\/\/dunavarsany.hu\/index.php\/wp-json\/wp\/v2\/pages"}],"about":[{"href":"https:\/\/dunavarsany.hu\/index.php\/wp-json\/wp\/v2\/types\/page"}],"author":[{"embeddable":true,"href":"https:\/\/dunavarsany.hu\/index.php\/wp-json\/wp\/v2\/users\/1"}],"replies":[{"embeddable":true,"href":"https:\/\/dunavarsany.hu\/index.php\/wp-json\/wp\/v2\/comments?post=6202"}],"version-history":[{"count":1,"href":"https:\/\/dunavarsany.hu\/index.php\/wp-json\/wp\/v2\/pages\/6202\/revisions"}],"predecessor-version":[{"id":6203,"href":"https:\/\/dunavarsany.hu\/index.php\/wp-json\/wp\/v2\/pages\/6202\/revisions\/6203"}],"wp:attachment":[{"href":"https:\/\/dunavarsany.hu\/index.php\/wp-json\/wp\/v2\/media?parent=6202"}],"curies":[{"name":"wp","href":"https:\/\/api.w.org\/{rel}","templated":true}]}}