{"id":6198,"date":"2020-09-08T12:15:03","date_gmt":"2020-09-08T12:15:03","guid":{"rendered":"http:\/\/dunavarsany.hu\/?page_id=6198"},"modified":"2020-12-15T11:18:00","modified_gmt":"2020-12-15T11:18:00","slug":"veszelyhelyzet-alatti-hatarozatok-eloterjesztesek-2020","status":"publish","type":"page","link":"https:\/\/dunavarsany.hu\/index.php\/veszelyhelyzet-alatti-hatarozatok-eloterjesztesek-2020\/","title":{"rendered":"Vesz\u00e9lyhelyzet alatti hat\u00e1rozatok-el\u0151terjeszt\u00e9sek 2020-I."},"content":{"rendered":"\r\n<ul class=\"wp-block-list\">\r\n<li><a href=\"http:\/\/regi.dunavarsany.hu\/dokumentumok\/testuletiulesek\/2020\/51-2020.%20(III.%2015.)%20Rendk%C3%ADv%C3%BCli%20sz%C3%BCnet,%20vesz%C3%A9lyhelyzet%20int%C3%A9zked%C3%A9sek.pdf\">51\/2020<\/a><\/li>\r\n<li><a href=\"http:\/\/regi.dunavarsany.hu\/dokumentumok\/testuletiulesek\/2020\/52-2020.%20(III.%2027.)%20Iskola%20%C3%A1tszervez%C3%A9s%20v%C3%A9lem%C3%A9nyez%C3%A9s.pdf\">52\/2020<\/a><\/li>\r\n<li><a href=\"http:\/\/regi.dunavarsany.hu\/dokumentumok\/testuletiulesek\/2020\/53-2020.%20(IV.%202.)%20V8%20k%C3%BClter%C3%BClet%20hasznos%C3%ADt%C3%A1s%20d%C3%B6nt%C3%A9s.pdf\">53\/2020<\/a><\/li>\r\n<li><a href=\"http:\/\/regi.dunavarsany.hu\/dokumentumok\/testuletiulesek\/2020\/54-2020.%20(IV.%202.)%20V8%20belter%C3%BClet%20hasznos%C3%ADt%C3%A1s%20d%C3%B6nt%C3%A9s.pdf\">54\/2020<\/a><\/li>\r\n<li><a href=\"http:\/\/regi.dunavarsany.hu\/dokumentumok\/testuletiulesek\/2020\/55-2020.%20(IV.%209.)%20civil%20p%C3%A1ly%C3%A1zat%20felf%C3%BCggeszt%C3%A9se.pdf\">55\/2020<\/a><\/li>\r\n<li><a href=\"http:\/\/regi.dunavarsany.hu\/dokumentumok\/testuletiulesek\/2020\/56-2020.%20(IV.%209.)%20sport%20p%C3%A1ly%C3%A1zat%20felf%C3%BCggeszt%C3%A9se.pdf\">56\/2020<\/a><\/li>\r\n<li><a href=\"http:\/\/regi.dunavarsany.hu\/dokumentumok\/testuletiulesek\/2020\/57-2020.%20(IV.%209.)%20%C3%B6nkorm%C3%A1nyzati%20rendezv%C3%A9nyek%20elmarad%C3%A1sa.pdf\">57\/2020<\/a><\/li>\r\n<li><a href=\"http:\/\/regi.dunavarsany.hu\/dokumentumok\/testuletiulesek\/2020\/58-2020.%20(IV.%2022.)%20Gazdas%C3%A1gi%20Program%202020-2024..pdf\">58\/2020<\/a><\/li>\r\n<li><a href=\"http:\/\/regi.dunavarsany.hu\/dokumentumok\/testuletiulesek\/2020\/59-2020.%20(V.%205.)%20V8%20k%C3%BClter%C3%BClet%20hasznos%C3%ADt%C3%A1s%20d%C3%B6nt%C3%A9s2.pdf\">59\/2020<\/a><\/li>\r\n<li><a href=\"http:\/\/regi.dunavarsany.hu\/dokumentumok\/testuletiulesek\/2020\/60-2020.%20(V.%2025.)%20Kt.%20hat%C3%A1rozat.pdf\">60\/2020<\/a><\/li>\r\n<li><a href=\"http:\/\/regi.dunavarsany.hu\/dokumentumok\/testuletiulesek\/2020\/61-2020.%20(V.%2029.)%20Kt.%20hat%C3%A1rozat.pdf\">61\/2020<\/a><\/li>\r\n<li><a href=\"http:\/\/regi.dunavarsany.hu\/dokumentumok\/testuletiulesek\/2020\/62-2020.%20(V.%2029.)%20Kt.%20hat%C3%A1rozat.pdf\">62\/2020<\/a><\/li>\r\n<li><a href=\"http:\/\/regi.dunavarsany.hu\/dokumentumok\/testuletiulesek\/2020\/63-2020.%20(VI.%2016.)%20Kt.%20hat%C3%A1rozat.pdf\">63\/2020<\/a><\/li>\r\n<li><a href=\"http:\/\/regi.dunavarsany.hu\/dokumentumok\/testuletiulesek\/2020\/64-2020.%20(VI.%2016.)%20Kt.%20hat%C3%A1rozat.pdf\">64\/2020<\/a><\/li>\r\n<li><a href=\"http:\/\/regi.dunavarsany.hu\/dokumentumok\/testuletiulesek\/2020\/65-2020.%20(VI.%2016.)%20Kt.%20hat%C3%A1rozat.pdf\">65\/2020<\/a><\/li>\r\n<li><a href=\"http:\/\/regi.dunavarsany.hu\/dokumentumok\/testuletiulesek\/2020\/66-2020.%20(VI.%2016.)%20Kt.%20hat%C3%A1rozat.pdf\">66\/2020<\/a><\/li>\r\n<li><a href=\"http:\/\/regi.dunavarsany.hu\/dokumentumok\/testuletiulesek\/2020\/67-2020.%20(VI.%2016.)%20Kt.%20hat%C3%A1rozat.pdf\">67\/2020<\/a><\/li>\r\n<li><a href=\"http:\/\/regi.dunavarsany.hu\/dokumentumok\/testuletiulesek\/2020\/68-2020.%20(VI.%2016.)%20Kt.%20hat%C3%A1rozat.pdf\">68\/2020<\/a><\/li>\r\n<li><a href=\"http:\/\/regi.dunavarsany.hu\/dokumentumok\/testuletiulesek\/2020\/69-2020.%20(VI.%2016.)%20Kt.%20hat%C3%A1rozat.pdf\">69\/2020<\/a><\/li>\r\n<li><a href=\"http:\/\/regi.dunavarsany.hu\/dokumentumok\/testuletiulesek\/2020\/70-2020.%20(VI.%2016.)%20Kt.%20hat%C3%A1rozat.pdf\">70\/2020<\/a><\/li>\r\n<li><a href=\"http:\/\/regi.dunavarsany.hu\/dokumentumok\/testuletiulesek\/2020\/71-2020.%20(VI.%2016.)%20Kt.%20hat%C3%A1rozat.pdf\">71\/2020<\/a><\/li>\r\n<li><a href=\"http:\/\/regi.dunavarsany.hu\/dokumentumok\/testuletiulesek\/2020\/72-2020.%20(VI.%2016.)%20Kt.%20hat%C3%A1rozat.pdf\">72\/2020<\/a><\/li>\r\n<li><a href=\"http:\/\/regi.dunavarsany.hu\/dokumentumok\/testuletiulesek\/2020\/73-2020.%20(VI.%2016.)%20Kt.%20hat%C3%A1rozat.pdf\">73\/2020<\/a><\/li>\r\n<li><a href=\"http:\/\/regi.dunavarsany.hu\/dokumentumok\/testuletiulesek\/2020\/74-2020.%20(VI.%2016.)%20Kt.%20hat%C3%A1rozat.pdf\">74\/2020<\/a><\/li>\r\n<li><a href=\"http:\/\/regi.dunavarsany.hu\/dokumentumok\/testuletiulesek\/2020\/2020.%2004.%2002.%20-%20El%C5%91terjeszt%C3%A9s%20(53.%2054.%20sz%C3%A1m%C3%BA%20hat%C3%A1rozathoz).pdf\">53-54\/2020-El\u0151terjeszt\u00e9s<\/a><\/li>\r\n<li><a href=\"http:\/\/regi.dunavarsany.hu\/dokumentumok\/testuletiulesek\/2020\/2020.%2005.%2005.%20-%20El%C5%91terjeszt%C3%A9s%20(59.%20sz%C3%A1m%C3%BA%20hat%C3%A1rozathoz).pdf\">59\/2020-El\u0151terjeszt\u00e9s<\/a><\/li>\r\n<li><a href=\"http:\/\/regi.dunavarsany.hu\/dokumentumok\/testuletiulesek\/2020\/2020.%2005.%2025.%20-%20El%C5%91terjeszt%C3%A9s%20(60.%20sz%C3%A1m%C3%BA%20hat%C3%A1rozathoz).pdf\">60\/2020-El\u0151terjeszt\u00e9s<\/a><\/li>\r\n<li><a href=\"http:\/\/regi.dunavarsany.hu\/dokumentumok\/testuletiulesek\/2020\/2020.%2005.%2029.%20-%20El%C5%91terjeszt%C3%A9s%20(61.%20sz%C3%A1m%C3%BA%20hat%C3%A1rozathoz).pdf\">61\/2020-El\u0151terjeszt\u00e9s<\/a><\/li>\r\n<li><a href=\"http:\/\/regi.dunavarsany.hu\/dokumentumok\/testuletiulesek\/2020\/2020.%2005.%2029.%20-%20El%C5%91terjeszt%C3%A9s%20(62.%20sz%C3%A1m%C3%BA%20hat%C3%A1rozathoz).pdf\">62\/2020-El\u0151terjeszt\u00e9s<\/a><\/li>\r\n<li><a href=\"http:\/\/regi.dunavarsany.hu\/dokumentumok\/testuletiulesek\/2020\/2020.%2006.%2016.%20-%20El%C5%91terjeszt%C3%A9s%20(63.%20sz%C3%A1m%C3%BA%20hat%C3%A1rozathoz).pdf\">63\/2020-El\u0151terjeszt\u00e9s<\/a><\/li>\r\n<li><a href=\"http:\/\/regi.dunavarsany.hu\/dokumentumok\/testuletiulesek\/2020\/2020.%2006.%2016.%20-%20El%C5%91terjeszt%C3%A9s%20(64.%20sz%C3%A1m%C3%BA%20hat%C3%A1rozathoz).pdf\">64\/2020-El\u0151terjeszt\u00e9s<\/a><\/li>\r\n<li><a href=\"http:\/\/regi.dunavarsany.hu\/dokumentumok\/testuletiulesek\/2020\/2020.%2006.%2016.%20-%20El%C5%91terjeszt%C3%A9s%20(65.%20sz%C3%A1m%C3%BA%20hat%C3%A1rozathoz).pdf\">65\/2020-El\u0151terjeszt\u00e9s<\/a><\/li>\r\n<li><a href=\"http:\/\/regi.dunavarsany.hu\/dokumentumok\/testuletiulesek\/2020\/2020.%2006.%2016.%20-%20El%C5%91terjeszt%C3%A9s%20(66.%20sz%C3%A1m%C3%BA%20hat%C3%A1rozathoz).pdf\">66\/2020-El\u0151terjeszt\u00e9s<\/a><\/li>\r\n<li><a href=\"http:\/\/regi.dunavarsany.hu\/dokumentumok\/testuletiulesek\/2020\/2020.%2006.%2016.%20-%20El%C5%91terjeszt%C3%A9s%20(67.%20sz%C3%A1m%C3%BA%20hat%C3%A1rozathoz%20-I%20r%C3%A9sz).pdf\">67\/2020-El\u0151terjeszt\u00e9s I.<\/a><\/li>\r\n<li><a href=\"http:\/\/regi.dunavarsany.hu\/dokumentumok\/testuletiulesek\/2020\/2020.%2006.%2016.%20-%20El%C5%91terjeszt%C3%A9s%20(67.%20sz%C3%A1m%C3%BA%20hat%C3%A1rozathoz%20-II%20r%C3%A9sz).pdf\">67\/2020-El\u0151terjeszt\u00e9s II.<\/a><\/li>\r\n<li><a href=\"http:\/\/regi.dunavarsany.hu\/dokumentumok\/testuletiulesek\/2020\/2020.%2006.%2016.%20-%20El%C5%91terjeszt%C3%A9s%20(68.%20sz%C3%A1m%C3%BA%20hat%C3%A1rozathoz).pdf\">68\/2020-El\u0151terjeszt\u00e9s<\/a><\/li>\r\n<li><a href=\"http:\/\/regi.dunavarsany.hu\/dokumentumok\/testuletiulesek\/2020\/2020.%2006.%2016.%20-%20El%C5%91terjeszt%C3%A9s%20(69.%20sz%C3%A1m%C3%BA%20hat%C3%A1rozathoz).pdf\">69\/2020-El\u0151terjeszt\u00e9s<\/a><\/li>\r\n<li><a href=\"http:\/\/regi.dunavarsany.hu\/dokumentumok\/testuletiulesek\/2020\/2020.%2006.%2016.%20-%20El%C5%91terjeszt%C3%A9s%20(70.%20sz%C3%A1m%C3%BA%20hat%C3%A1rozathoz).pdf\">70\/2020-El\u0151terjeszt\u00e9s<\/a><\/li>\r\n<li><a href=\"http:\/\/regi.dunavarsany.hu\/dokumentumok\/testuletiulesek\/2020\/2020.%2006.%2016.%20-%20El%C5%91terjeszt%C3%A9s%20(71.%20sz%C3%A1m%C3%BA%20hat%C3%A1rozathoz).pdf\">71\/2020-El\u0151terjeszt\u00e9s<\/a><\/li>\r\n<li><a href=\"http:\/\/regi.dunavarsany.hu\/dokumentumok\/testuletiulesek\/2020\/2020.%2006.%2016.%20-%20El%C5%91terjeszt%C3%A9s%20(74.%20sz%C3%A1m%C3%BA%20hat%C3%A1rozathoz).pdf\">74\/2020-El\u0151terjeszt\u00e9s<\/a><\/li>\r\n<\/ul>\r\n","protected":false},"excerpt":{"rendered":"<div class=\"mh-excerpt\"><p>51\/2020 52\/2020 53\/2020 54\/2020 55\/2020 56\/2020 57\/2020 58\/2020 59\/2020 60\/2020 61\/2020 62\/2020 63\/2020 64\/2020 65\/2020 66\/2020 67\/2020 68\/2020 69\/2020 70\/2020 71\/2020 72\/2020 73\/2020 74\/2020 53-54\/2020-El\u0151terjeszt\u00e9s 59\/2020-El\u0151terjeszt\u00e9s 60\/2020-El\u0151terjeszt\u00e9s 61\/2020-El\u0151terjeszt\u00e9s 62\/2020-El\u0151terjeszt\u00e9s 63\/2020-El\u0151terjeszt\u00e9s 64\/2020-El\u0151terjeszt\u00e9s 65\/2020-El\u0151terjeszt\u00e9s 66\/2020-El\u0151terjeszt\u00e9s 67\/2020-El\u0151terjeszt\u00e9s I. <a class=\"mh-excerpt-more\" href=\"https:\/\/dunavarsany.hu\/index.php\/veszelyhelyzet-alatti-hatarozatok-eloterjesztesek-2020\/\" title=\"Vesz\u00e9lyhelyzet alatti hat\u00e1rozatok-el\u0151terjeszt\u00e9sek 2020-I.\">[&#8230;]<\/a><\/p>\n<\/div>","protected":false},"author":1,"featured_media":0,"parent":0,"menu_order":0,"comment_status":"closed","ping_status":"closed","template":"","meta":{"footnotes":""},"class_list":["post-6198","page","type-page","status-publish"],"_links":{"self":[{"href":"https:\/\/dunavarsany.hu\/index.php\/wp-json\/wp\/v2\/pages\/6198","targetHints":{"allow":["GET"]}}],"collection":[{"href":"https:\/\/dunavarsany.hu\/index.php\/wp-json\/wp\/v2\/pages"}],"about":[{"href":"https:\/\/dunavarsany.hu\/index.php\/wp-json\/wp\/v2\/types\/page"}],"author":[{"embeddable":true,"href":"https:\/\/dunavarsany.hu\/index.php\/wp-json\/wp\/v2\/users\/1"}],"replies":[{"embeddable":true,"href":"https:\/\/dunavarsany.hu\/index.php\/wp-json\/wp\/v2\/comments?post=6198"}],"version-history":[{"count":2,"href":"https:\/\/dunavarsany.hu\/index.php\/wp-json\/wp\/v2\/pages\/6198\/revisions"}],"predecessor-version":[{"id":6866,"href":"https:\/\/dunavarsany.hu\/index.php\/wp-json\/wp\/v2\/pages\/6198\/revisions\/6866"}],"wp:attachment":[{"href":"https:\/\/dunavarsany.hu\/index.php\/wp-json\/wp\/v2\/media?parent=6198"}],"curies":[{"name":"wp","href":"https:\/\/api.w.org\/{rel}","templated":true}]}}