{"id":6192,"date":"2020-09-08T12:06:27","date_gmt":"2020-09-08T12:06:27","guid":{"rendered":"http:\/\/dunavarsany.hu\/?page_id=6192"},"modified":"2020-09-08T12:06:27","modified_gmt":"2020-09-08T12:06:27","slug":"2020-07-14-kt-rendes-nyilt-ules","status":"publish","type":"page","link":"https:\/\/dunavarsany.hu\/index.php\/2020-07-14-kt-rendes-nyilt-ules\/","title":{"rendered":"2020.07.14. kt. rendes, ny\u00edlt \u00fcl\u00e9s"},"content":{"rendered":"\n<h4 class=\"wp-block-heading\">El\u0151terjeszt\u00e9sek<\/h4>\n\n\n\n<ul class=\"wp-block-list\"><li><a href=\"http:\/\/regi.dunavarsany.hu\/dokumentumok\/testuletiulesek\/2020\/2020.%2007.%2014.%20Kt.%20rendes,%20ny%C3%ADlt%20%C3%BCl%C3%A9s%20anyagai\/El%C5%91terjeszt%C3%A9s%20-%201.%20Napirendi%20pont%20Javaslat%20az%20%C3%96nkorm%C3%A1nyzat%202020.%20%C3%A9vi%20k%C3%B6lts%C3%A9gvet%C3%A9s%C3%A9r%C5%91l%20sz%C3%B3l%C3%B3%2022020.%20(II.%2012.)%20%C3%B6nkorm%C3%A1nyzati%20rendelet%20m%C3%B3dos%C3%ADt%C3%A1s%C3%A1ra.pdf\">1. napirendi pont<\/a><\/li><li><a href=\"http:\/\/regi.dunavarsany.hu\/dokumentumok\/testuletiulesek\/2020\/2020.%2007.%2014.%20Kt.%20rendes,%20ny%C3%ADlt%20%C3%BCl%C3%A9s%20anyagai\/El%C5%91terjeszt%C3%A9s%20-%202.%20Napirendi%20pont%20Javaslat%20a%20Dunavars%C3%A1nyi%20V%C3%A1rosgazd%C3%A1lkod%C3%A1si%20Kft.%202019.%20%C3%A9vi%20besz%C3%A1mol%C3%B3j%C3%A1nak%20elfogad%C3%A1s%C3%A1ra%20%C3%A9s%20Alap%C3%ADt%C3%B3%20Okirat%C3%A1nak%20m%C3%B3dos%C3%ADt%C3%A1s%C3%A1ra.pdf\">2. napirendi pont<\/a><\/li><li><a href=\"http:\/\/regi.dunavarsany.hu\/dokumentumok\/testuletiulesek\/2020\/2020.%2007.%2014.%20Kt.%20rendes,%20ny%C3%ADlt%20%C3%BCl%C3%A9s%20anyagai\/El%C5%91terjeszt%C3%A9s%20-%203.%20Napirendi%20pont%20Javaslat%20Dunavars%C3%A1ny%20V%C3%A1ros%20%C3%96nkorm%C3%A1nyzata%20%C3%A9s%20int%C3%A9zm%C3%A9nyei%20k%C3%B6z%C3%B6tt%20k%C3%B6tend%C5%91%20munkamegoszt%C3%A1si%20meg%C3%A1llapod%C3%A1sok%20elfogad%C3%A1s%C3%A1ra.pdf\">3. napirendi pont<\/a><\/li><li><a href=\"http:\/\/regi.dunavarsany.hu\/dokumentumok\/testuletiulesek\/2020\/2020.%2007.%2014.%20Kt.%20rendes,%20ny%C3%ADlt%20%C3%BCl%C3%A9s%20anyagai\/El%C5%91terjeszt%C3%A9s%20-%204.%20Napirendi%20pont%20Javaslat%20st%C3%A1tusz%20megsz%C3%BCntet%C3%A9s%C3%A9re.pdf\">4. napirendi pont<\/a><\/li><li><a href=\"http:\/\/regi.dunavarsany.hu\/dokumentumok\/testuletiulesek\/2020\/2020.%2007.%2014.%20Kt.%20rendes,%20ny%C3%ADlt%20%C3%BCl%C3%A9s%20anyagai\/El%C5%91terjeszt%C3%A9s%20-%205.%20Napirendi%20pont%20Javaslat%20a%20Telep%C3%BCl%C3%A9si%20%C3%89rt%C3%A9kt%C3%A1r%20Bizotts%C3%A1g%20%C3%B6sszet%C3%A9tel%C3%A9nek%20megv%C3%A1ltoztat%C3%A1s%C3%A1ra.pdf\">5. napirendi pont<\/a><\/li><li><a href=\"http:\/\/regi.dunavarsany.hu\/dokumentumok\/testuletiulesek\/2020\/2020.%2007.%2014.%20Kt.%20rendes,%20ny%C3%ADlt%20%C3%BCl%C3%A9s%20anyagai\/El%C5%91terjeszt%C3%A9s%20-%206.%20Napirendi%20pont%20Javaslat%20a%20Dunavars%C3%A1ny,%20Sport%20utca%2051.%20sz%C3%A1m%20alatti%20%C3%B6nkorm%C3%A1nyzati%20ingatlan%20b%C3%A9rbead%C3%A1s%C3%A1ra%20m%C3%A1solata.pdf\">6. napirendi pont<\/a><\/li><li><a href=\"http:\/\/regi.dunavarsany.hu\/dokumentumok\/testuletiulesek\/2020\/2020.%2007.%2014.%20Kt.%20rendes,%20ny%C3%ADlt%20%C3%BCl%C3%A9s%20anyagai\/El%C5%91terjeszt%C3%A9s%20-7.%20Napirendi%20pont%20Javaslat%20a%20834-841,%208423,%208433,%208443%20hrsz-%C3%BA%20ingatlanok%20megoszt%C3%A1s%C3%A1hoz%20telep%C3%BCl%C3%A9srendez%C3%A9si%20szerz%C5%91d%C3%A9s%20al%C3%A1%C3%ADr%C3%A1s%C3%A1ra.pdf\">7. napirendi pont<\/a><\/li><li><a href=\"http:\/\/regi.dunavarsany.hu\/dokumentumok\/testuletiulesek\/2020\/2020.%2007.%2014.%20Kt.%20rendes,%20ny%C3%ADlt%20%C3%BCl%C3%A9s%20anyagai\/El%C5%91terjeszt%C3%A9s%20-8..%20Napirendi%20pont%20Javaslat%20%C3%96nkorm%C3%A1nyzati%20konzorciumi%20villamos%20energia%20k%C3%B6zbeszerz%C3%A9s%20csatlakoz%C3%A1si%20szerz%C5%91d%C3%A9s%20megk%C3%B6t%C3%A9s%C3%A9re.pdf\">8. napirendi pont<\/a><\/li><li><a href=\"http:\/\/regi.dunavarsany.hu\/dokumentumok\/testuletiulesek\/2020\/2020.%2007.%2014.%20Kt.%20rendes,%20ny%C3%ADlt%20%C3%BCl%C3%A9s%20anyagai\/El%C5%91terjeszt%C3%A9s%20-9.%20Napirendi%20pont%20Javaslat%20Dunavars%C3%A1ny%20V%C3%A1ros%20telep%C3%BCl%C3%A9srendez%C3%A9si%20eszk%C3%B6zei%20fel%C3%BClvizsg%C3%A1lat%C3%A1ra%20%C3%A9s%20m%C3%B3dos%C3%ADt%C3%A1s%C3%A1ra.pdf\">9. napirendi pont<\/a><\/li><li><a href=\"http:\/\/regi.dunavarsany.hu\/dokumentumok\/testuletiulesek\/2020\/2020.%2007.%2014.%20Kt.%20rendes,%20ny%C3%ADlt%20%C3%BCl%C3%A9s%20anyagai\/El%C5%91terjeszt%C3%A9s%20-10.%20Napirendi%20pont%20Javaslat%20a%20Nyugati-lak%C3%B3park%20lak%C3%B3pihen%C5%91%20%C3%B6vezett%C3%A9%20nyilv%C3%A1n%C3%ADt%C3%A1s%C3%A1ra.pdf\">10. napirendi pont<\/a><\/li><li><a href=\"http:\/\/regi.dunavarsany.hu\/dokumentumok\/testuletiulesek\/2020\/2020.%2007.%2014.%20Kt.%20rendes,%20ny%C3%ADlt%20%C3%BCl%C3%A9s%20anyagai\/El%C5%91terjeszt%C3%A9s%20-11.%20Napirendi%20pont%20Javaslat%20utc%C3%A1k%20elnevez%C3%A9s%C3%A9re.pdf\">11. napirendi pont<\/a><\/li><li><a href=\"http:\/\/regi.dunavarsany.hu\/dokumentumok\/testuletiulesek\/2020\/2020.%2007.%2014.%20Kt.%20rendes,%20ny%C3%ADlt%20%C3%BCl%C3%A9s%20anyagai\/El%C5%91terjeszt%C3%A9s%20-12.%20Napirend%20Javaslat%20a%20Local%20Agenda%202021-2025%20id%C5%91szakra%20vonatkoz%C3%B3%20helyi%20programj%C3%A1nak%20elfogad%C3%A1s%C3%A1ra.pdf\">12. napirendi pont<\/a><\/li><li><a href=\"http:\/\/regi.dunavarsany.hu\/dokumentumok\/testuletiulesek\/2020\/2020.%2007.%2014.%20Kt.%20rendes,%20ny%C3%ADlt%20%C3%BCl%C3%A9s%20anyagai\/El%C5%91terjeszt%C3%A9s%20-13.%20Napirendi%20pont%20Javaslat%20az%20%C3%BAtkarbantart%C3%A1si%20feladatok%20elv%C3%A9gz%C3%A9s%C3%A9hez%20k%C3%B6lts%C3%A9gvet%C3%A9si%20forr%C3%A1s%20biztos%C3%ADt%C3%A1s%C3%A1ra.pdf\">13. napirendi pont<\/a><\/li><li><a href=\"http:\/\/regi.dunavarsany.hu\/dokumentumok\/testuletiulesek\/2020\/2020.%2007.%2014.%20Kt.%20rendes,%20ny%C3%ADlt%20%C3%BCl%C3%A9s%20anyagai\/El%C5%91terjeszt%C3%A9s%20-14.%20Napirendi%20pont%20Javaslat%20az%20%C5%90sz%20utca%20forgalmi%20rendj%C3%A9nek%20megv%C3%A1ltoztat%C3%A1s%C3%A1ra.pdf\">14. napirendi pont<\/a><\/li><li><a href=\"http:\/\/regi.dunavarsany.hu\/dokumentumok\/testuletiulesek\/2020\/2020.%2007.%2014.%20Kt.%20rendes,%20ny%C3%ADlt%20%C3%BCl%C3%A9s%20anyagai\/El%C5%91terjeszt%C3%A9s%20-15.%20Napirendi%20pont%20Javaslat%20int%C3%A9zm%C3%A9nyi%20fejleszt%C3%A9si%20ter%C3%BCleten%20megval%C3%B3sul%C3%B3%20beruh%C3%A1z%C3%A1sok%20el%C5%91k%C3%A9sz%C3%ADt%C3%A9s%C3%A9re.pdf\">15. napirendi pont<\/a><\/li><li><a href=\"http:\/\/regi.dunavarsany.hu\/dokumentumok\/testuletiulesek\/2020\/2020.%2007.%2014.%20Kt.%20rendes,%20ny%C3%ADlt%20%C3%BCl%C3%A9s%20anyagai\/El%C5%91terjeszt%C3%A9s%20-16.%20Napirendi%20pont%20T%C3%A1j%C3%A9koztat%C3%B3%20a%20V%C3%B6r%C3%B6smarty%20utca%20csapad%C3%A9kv%C3%ADz%20elvezet%C3%A9si%20probl%C3%A9m%C3%A1inak%20t%C3%A1rgy%C3%A1ban%20%C3%A9rkezett%20lakoss%C3%A1gi%20megkeres%C3%A9sr%C5%91l.pdf\">16. napirendi pont<\/a><\/li><\/ul>\n\n\n\n<h4 class=\"wp-block-heading\">Jegyz\u0151k\u00f6nyv<\/h4>\n\n\n\n<ul class=\"wp-block-list\"><li><a href=\"http:\/\/regi.dunavarsany.hu\/dokumentumok\/testuletiulesek\/2020\/2020.%2007.%2014.%20Kt.%20rendes,%20ny%C3%ADlt%20%C3%BCl%C3%A9s%20anyagai\/2020.%2007.%2014.%20Jegyz%C5%91k%C3%B6nyv.pdf\">Jegyz\u0151k\u00f6nyv<\/a><\/li><\/ul>\n\n\n\n<h4 class=\"wp-block-heading\">Megh\u00edv\u00f3<\/h4>\n\n\n\n<ul class=\"wp-block-list\"><li><a href=\"http:\/\/regi.dunavarsany.hu\/dokumentumok\/testuletiulesek\/2020\/2020.%2007.%2014.%20Kt.%20rendes,%20ny%C3%ADlt%20%C3%BCl%C3%A9s%20anyagai\/2020.%2007.%2014.%20Megh%C3%ADv%C3%B3.pdf\">Megh\u00edv\u00f3<\/a><\/li><\/ul>\n\n\n\n<h4 class=\"wp-block-heading\">Hat\u00e1rozatok<\/h4>\n\n\n\n<ul class=\"wp-block-list\"><li><a href=\"http:\/\/regi.dunavarsany.hu\/dokumentumok\/testuletiulesek\/2020\/2020.%2007.%2014.%20Kt.%20rendes,%20ny%C3%ADlt%20%C3%BCl%C3%A9s%20anyagai\/2020.%2007.%2014.%20Hat%C3%A1rozatok.pdf\">Hat\u00e1rozatok<\/a><\/li><\/ul>\n","protected":false},"excerpt":{"rendered":"<div class=\"mh-excerpt\"><p>El\u0151terjeszt\u00e9sek 1. napirendi pont 2. napirendi pont 3. napirendi pont 4. napirendi pont 5. napirendi pont 6. napirendi pont 7. napirendi pont 8. napirendi pont 9. napirendi pont 10. napirendi pont 11. napirendi pont 12. <a class=\"mh-excerpt-more\" href=\"https:\/\/dunavarsany.hu\/index.php\/2020-07-14-kt-rendes-nyilt-ules\/\" title=\"2020.07.14. kt. rendes, ny\u00edlt \u00fcl\u00e9s\">[&#8230;]<\/a><\/p>\n<\/div>","protected":false},"author":1,"featured_media":0,"parent":0,"menu_order":0,"comment_status":"closed","ping_status":"closed","template":"","meta":{"footnotes":""},"class_list":["post-6192","page","type-page","status-publish"],"_links":{"self":[{"href":"https:\/\/dunavarsany.hu\/index.php\/wp-json\/wp\/v2\/pages\/6192","targetHints":{"allow":["GET"]}}],"collection":[{"href":"https:\/\/dunavarsany.hu\/index.php\/wp-json\/wp\/v2\/pages"}],"about":[{"href":"https:\/\/dunavarsany.hu\/index.php\/wp-json\/wp\/v2\/types\/page"}],"author":[{"embeddable":true,"href":"https:\/\/dunavarsany.hu\/index.php\/wp-json\/wp\/v2\/users\/1"}],"replies":[{"embeddable":true,"href":"https:\/\/dunavarsany.hu\/index.php\/wp-json\/wp\/v2\/comments?post=6192"}],"version-history":[{"count":2,"href":"https:\/\/dunavarsany.hu\/index.php\/wp-json\/wp\/v2\/pages\/6192\/revisions"}],"predecessor-version":[{"id":6195,"href":"https:\/\/dunavarsany.hu\/index.php\/wp-json\/wp\/v2\/pages\/6192\/revisions\/6195"}],"wp:attachment":[{"href":"https:\/\/dunavarsany.hu\/index.php\/wp-json\/wp\/v2\/media?parent=6192"}],"curies":[{"name":"wp","href":"https:\/\/api.w.org\/{rel}","templated":true}]}}