{"id":6188,"date":"2020-09-08T12:04:27","date_gmt":"2020-09-08T12:04:27","guid":{"rendered":"http:\/\/dunavarsany.hu\/?page_id=6188"},"modified":"2020-12-15T11:31:54","modified_gmt":"2020-12-15T11:31:54","slug":"2020-evi-testuleti-ulesek","status":"publish","type":"page","link":"https:\/\/dunavarsany.hu\/index.php\/2020-evi-testuleti-ulesek\/","title":{"rendered":"2020. \u00e9vi test\u00fcleti \u00fcl\u00e9sek"},"content":{"rendered":"\r\n<p>&nbsp;<\/p>\r\n\r\n\r\n\r\n<figure class=\"wp-block-table\">\r\n<table style=\"width: 45.2632%;\">\r\n<tbody>\r\n<tr>\r\n<td style=\"width: 100%;\"><a href=\"https:\/\/dunavarsany.hu\/index.php\/2020\/12\/15\/veszelyhelyzet-alatti-hatarozatok-eloterjesztesek-2020-ii\/\">Vesz\u00e9lyhelyzet alatti hat\u00e1rozatok-el\u0151terjeszt\u00e9sek 2020-II.<\/a><\/td>\r\n<\/tr>\r\n<tr>\r\n<td style=\"width: 100%;\"><a href=\"https:\/\/dunavarsany.hu\/index.php\/2020\/12\/15\/2020-10-29-kt-rendkivuli-nyilt-ules\/\">2020. 10. 29. Kt. rendk\u00edv\u00fcli ny\u00edlt \u00fcl\u00e9s<\/a><\/td>\r\n<\/tr>\r\n<tr>\r\n<td style=\"width: 100%;\"><a href=\"https:\/\/dunavarsany.hu\/index.php\/2020\/12\/15\/2020-10-13-kt-rendes-nyilt-ules\/\">2020. 10. 13. Kt. rendes ny\u00edlt \u00fcl\u00e9s<\/a><\/td>\r\n<\/tr>\r\n<tr>\r\n<td style=\"width: 100%;\"><a href=\"https:\/\/dunavarsany.hu\/index.php\/2020\/10\/01\/rendes-kepviselo-testuleti-ules-2020-09-08\/\">2020.09.08. kt. rendes, ny\u00edlt \u00fcl\u00e9s<\/a><\/td>\r\n<\/tr>\r\n<tr>\r\n<td style=\"width: 100%;\"><a href=\"https:\/\/dunavarsany.hu\/index.php\/rendkivuli-kepviselo-testuleti-ules-2020-08-17\/\">2020.08.17. rendk\u00edv\u00fcli kt. \u00fcl\u00e9s<\/a><\/td>\r\n<\/tr>\r\n<tr>\r\n<td style=\"width: 100%;\"><a href=\"https:\/\/dunavarsany.hu\/index.php\/2020-07-14-kt-rendes-nyilt-ules\/\">2020.07.14. kt. rendes, ny\u00edlt \u00fcl\u00e9s<\/a><\/td>\r\n<\/tr>\r\n<tr>\r\n<td style=\"width: 100%;\"><a href=\"https:\/\/dunavarsany.hu\/index.php\/veszelyhelyzet-alatti-hatarozatok-eloterjesztesek-2020\/\">Vesz\u00e9lyhelyzet alatti hat\u00e1rozatok-el\u0151terjeszt\u00e9sek 2020-I.<\/a><\/td>\r\n<\/tr>\r\n<tr>\r\n<td style=\"width: 100%;\"><a href=\"https:\/\/dunavarsany.hu\/index.php\/2020-03-10-kt-nyilt-ules\/\">2020. 03. 10. Kt. ny\u00edlt \u00fcl\u00e9s<\/a><\/td>\r\n<\/tr>\r\n<tr>\r\n<td style=\"width: 100%;\"><a href=\"https:\/\/dunavarsany.hu\/index.php\/2020-02-24-rendkivuli-kt-ules\/\">2020.02.24. rendk\u00edv\u00fcli Kt. \u00fcl\u00e9s<\/a><\/td>\r\n<\/tr>\r\n<tr>\r\n<td style=\"width: 100%;\"><a href=\"https:\/\/dunavarsany.hu\/index.php\/2020-02-11\/\">2020.02.11.<\/a><\/td>\r\n<\/tr>\r\n<tr>\r\n<td style=\"width: 100%;\"><a href=\"https:\/\/dunavarsany.hu\/index.php\/2020-02-11-dv-majoshaza\/\">2020.02.11. Dv-Majosh\u00e1za<\/a><\/td>\r\n<\/tr>\r\n<tr>\r\n<td style=\"width: 100%;\"><a href=\"https:\/\/dunavarsany.hu\/index.php\/2020-01-28\/\">2020.01.28.<\/a><\/td>\r\n<\/tr>\r\n<\/tbody>\r\n<\/table>\r\n<\/figure>\r\n\r\n\r\n\r\n<p>&nbsp;<\/p>\r\n","protected":false},"excerpt":{"rendered":"<div class=\"mh-excerpt\"><p>&nbsp; Vesz\u00e9lyhelyzet alatti hat\u00e1rozatok-el\u0151terjeszt\u00e9sek 2020-II. 2020. 10. 29. Kt. rendk\u00edv\u00fcli ny\u00edlt \u00fcl\u00e9s 2020. 10. 13. Kt. rendes ny\u00edlt \u00fcl\u00e9s 2020.09.08. kt. rendes, ny\u00edlt \u00fcl\u00e9s 2020.08.17. rendk\u00edv\u00fcli kt. \u00fcl\u00e9s 2020.07.14. kt. rendes, ny\u00edlt \u00fcl\u00e9s Vesz\u00e9lyhelyzet alatti <a class=\"mh-excerpt-more\" href=\"https:\/\/dunavarsany.hu\/index.php\/2020-evi-testuleti-ulesek\/\" title=\"2020. \u00e9vi test\u00fcleti \u00fcl\u00e9sek\">[&#8230;]<\/a><\/p>\n<\/div>","protected":false},"author":1,"featured_media":0,"parent":0,"menu_order":0,"comment_status":"closed","ping_status":"closed","template":"","meta":{"footnotes":""},"class_list":["post-6188","page","type-page","status-publish"],"_links":{"self":[{"href":"https:\/\/dunavarsany.hu\/index.php\/wp-json\/wp\/v2\/pages\/6188","targetHints":{"allow":["GET"]}}],"collection":[{"href":"https:\/\/dunavarsany.hu\/index.php\/wp-json\/wp\/v2\/pages"}],"about":[{"href":"https:\/\/dunavarsany.hu\/index.php\/wp-json\/wp\/v2\/types\/page"}],"author":[{"embeddable":true,"href":"https:\/\/dunavarsany.hu\/index.php\/wp-json\/wp\/v2\/users\/1"}],"replies":[{"embeddable":true,"href":"https:\/\/dunavarsany.hu\/index.php\/wp-json\/wp\/v2\/comments?post=6188"}],"version-history":[{"count":14,"href":"https:\/\/dunavarsany.hu\/index.php\/wp-json\/wp\/v2\/pages\/6188\/revisions"}],"predecessor-version":[{"id":6891,"href":"https:\/\/dunavarsany.hu\/index.php\/wp-json\/wp\/v2\/pages\/6188\/revisions\/6891"}],"wp:attachment":[{"href":"https:\/\/dunavarsany.hu\/index.php\/wp-json\/wp\/v2\/media?parent=6188"}],"curies":[{"name":"wp","href":"https:\/\/api.w.org\/{rel}","templated":true}]}}