{"id":6186,"date":"2020-09-08T12:06:34","date_gmt":"2020-09-08T12:06:34","guid":{"rendered":"http:\/\/dunavarsany.hu\/?page_id=6186"},"modified":"2020-09-08T12:44:15","modified_gmt":"2020-09-08T12:44:15","slug":"hirdetmeny-forintrade-kft-uzemletesites","status":"publish","type":"page","link":"https:\/\/dunavarsany.hu\/index.php\/hirdetmeny-forintrade-kft-uzemletesites\/","title":{"rendered":"HIRDETM\u00c9NY &#8211; Forintrade Kft. \u00fczeml\u00e9tes\u00edt\u00e9s"},"content":{"rendered":"\n<figure class=\"wp-block-image\"><img loading=\"lazy\" decoding=\"async\" width=\"881\" height=\"222\" src=\"https:\/\/dunavarsany.hu\/wp-content\/uploads\/2020\/09\/V\u00e1rosi-fejl\u00e9c.png\" alt=\"\" class=\"wp-image-6187\" srcset=\"https:\/\/dunavarsany.hu\/wp-content\/uploads\/2020\/09\/V\u00e1rosi-fejl\u00e9c.png 881w, https:\/\/dunavarsany.hu\/wp-content\/uploads\/2020\/09\/V\u00e1rosi-fejl\u00e9c-300x76.png 300w, https:\/\/dunavarsany.hu\/wp-content\/uploads\/2020\/09\/V\u00e1rosi-fejl\u00e9c-768x194.png 768w\" sizes=\"auto, (max-width: 881px) 100vw, 881px\" \/><\/figure>\n\n\n\n<p style=\"text-align:center\"><strong>H I R D E T M \u00c9 N Y<\/strong><\/p>\n\n\n\n<p>Az \u00fcgy t\u00e1rgya: A Forintrade Kft. (Dunavars\u00e1ny, Neumann J\u00e1nos utca 26.) tervezett fejleszt\u00e9se &#8211; Dunavars\u00e1nyban, a Neumann J\u00e1nos utca 26., a 5100 hrsz.-\u00fa ingatlanon &#8211; m\u0171anyagfeldolgoz\u00f3 \u00fczemcsarnok \u00e9s rakt\u00e1rcsarnok \u00e9p\u00edt\u00e9se &#8211; az Agromulti Keresked\u0151h\u00e1z Kft. fels\u0151 k\u00fcsz\u00f6b\u00e9rt\u00e9k\u0171 vesz\u00e9lyes anyagokkal foglalkoz\u00f3 \u00fczem vesz\u00e9lyess\u00e9gi \u00f6vezet\u00e9n bel\u00fcl.<\/p>\n\n\n\n<p>Az \u00fcgy iktat\u00f3sz\u00e1ma: DV\/8953-9\/2020<br>A k\u00f6zz\u00e9t\u00e9tel megind\u00edt\u00e1s\u00e1nak napja: 2020. szeptember 8.<br>Az \u00fcgyint\u00e9z\u0151 neve, el\u00e9rhet\u0151s\u00e9ge: Kert\u00e9sz Be\u00e1ta, f\u0151\u00e9p\u00edt\u00e9sz, Tel: 70 3670017<br>Az \u00e9szrev\u00e9telek megt\u00e9tel\u00e9re rendelkez\u00e9sre \u00e1ll\u00f3 id\u0151: 21 nap (az \u00e9szrev\u00e9telez\u00e9s utols\u00f3 napja: 2020. szeptember 29.)<\/p>\n\n\n\n<p>Az \u00e9szrev\u00e9telezend\u0151 dokumentumok el\u00e9r\u00e9si helye:<\/p>\n\n\n\n<p style=\"text-align:center\">www.dunavarsany.hu\/index.php\/hirdetmeny-forintrade-kft-uzemletesites\/<\/p>\n\n\n\n<p>Az elektronikusan k\u00f6zz\u00e9tett dokument\u00e1ci\u00f3 pap\u00edralapon megtekinthet\u0151 2020. szeptember 8-t\u00f3l 2020.  szeptember 29-ig-ig \u00fcgyf\u00e9lfogad\u00e1si id\u0151ben a Beruh\u00e1z\u00e1si \u00e9s M\u0171szaki Oszt\u00e1lyon.  A tervezett fejleszt\u00e9ssel kapcsolatos esetleges \u00e9szrev\u00e9teleket Dunavars\u00e1ny v\u00e1ros nyilv\u00e1noss\u00e1ga elektronikus lev\u00e9lben, a jegyzo@dunavarsany.hu c\u00edmre, postai \u00faton lev\u00e9lben Dunavars\u00e1nyi K\u00f6z\u00f6s \u00d6nkorm\u00e1nyzati Hivatal Jegyz\u0151j\u00e9nek c\u00edmezve a 2336 Dunavars\u00e1ny Kossuth Lajos utca 18. c\u00edmre k\u00fcldheti meg 2020. szeptember 29-ig.<br>Az \u00fcgy t\u00e1rgy\u00e1nak r\u00f6vid ismertet\u00e9se:<br>A Dunavars\u00e1ny, az 5100 hrsz.-\u00fa, belter\u00fcleti ingatlanon a Forintrade Kft m\u0171anyagfeldolgoz\u00f3 \u00fczemcsarnokot \u00e9s rakt\u00e1rcsarnokot tervez l\u00e9tes\u00edteni, a v\u00e1ros \u00e9szaki r\u00e9sz\u00e9n, a Dunavars\u00e1ny Ipari Park szomsz\u00e9ds\u00e1g\u00e1ban a Neumann J\u00e1nos utca 26. alatt. A tervezett csarnok\u00e9p\u00fclet a vesz\u00e9lyes<br> anyagokkal keresked\u0151 Agromulti Kft. k\u00f6z\u00e9ps\u0151 \u00e9s k\u00fcls\u0151 vesz\u00e9lyess\u00e9gi z\u00f3n\u00e1j\u00e1ba, az ingatlan igen kis r\u00e9sze, ahol se \u00e9p\u00fclet, se parkol\u00f3 nem tervezett, a bels\u0151 vesz\u00e9lyess\u00e9gi z\u00f3n\u00e1ba esik, ez\u00e9rt a vonatkoz\u00f3 jogszab\u00e1ly alapj\u00e1n katasztr\u00f3fav\u00e9delmi bizotts\u00e1g \u00f6sszeh\u00edv\u00e1sa volt sz\u00fcks\u00e9ges az \u00e9p\u00edt\u00e9si enged\u00e9lyez\u00e9si elj\u00e1r\u00e1s sor\u00e1n.<br> A Pest Megyei Katasztr\u00f3fav\u00e9delmi Igazgat\u00f3s\u00e1g a vesz\u00e9lyes anyagokkal kapcsolatos s\u00falyos balesetek<br> elleni v\u00e9dekez\u00e9sr\u0151l sz\u00f3l\u00f3 219\/2011. (X. 20.) Korm. rendelet (a tov\u00e1bbiakban: R.) 29. \u00a7 (1) bekezd\u00e9sben szerepl\u0151 hat\u00f3s\u00e1gok k\u00e9pvisel\u0151it az \u00fcgy t\u00e1rgy\u00e1ban \u00f6sszeh\u00edvta. A bizotts\u00e1g \u00e1ll\u00e1sfoglal\u00e1sa a R. 7. mell\u00e9klet\u00e9nek 2. pontj\u00e1ban meghat\u00e1rozott szempontok figyelembev\u00e9tel\u00e9vel az, hogy a beruh\u00e1z\u00f3 Forintrade Kft a megval\u00f3sul\u00f3 \u00e9p\u00fcleteknek az Agromulti Kft. dunavars\u00e1nyi telephely\u00e9nek k\u00f6z\u00e9ps\u0151 z\u00f3n\u00e1val (a s\u00e9r\u00fcl\u00e9s egy\u00e9ni kock\u00e1zata 10 -5 \u00e9s 10 -6 esem\u00e9ny\/\u00e9v \u00e9rt\u00e9kek k\u00f6z\u00f6tt alakul) \u00e9rintett r\u00e9sz\u00e9n soha ne legyen egyszerre 100 f\u0151n\u00e9l t\u00f6bb \u00e9s a bels\u0151 z\u00f3n\u00e1n bel\u00fcli (a s\u00e9r\u00fcl\u00e9s egy\u00e9ni kock\u00e1zata meghaladja a 10 -5 esem\u00e9ny\/\u00e9v \u00e9rt\u00e9ket) ter\u00fcleten munkahelyet, parkol\u00f3t ne  l\u00e9tes\u00edtsen.<br> Az 5100 hrsz-\u00fa ingatlanra tervezett l\u00e9tes\u00edtm\u00e9nyek tervezete megfelel a fenti \u00e1ll\u00e1sfoglal\u00e1snak.<br>A katasztr\u00f3fav\u00e9delmi hat\u00f3s\u00e1g ezen \u00e1ll\u00e1sfoglal\u00e1sa ellen az \u00fcgyben \u00e9rintettek a Forintrade Kft. biztons\u00e1gi \u00f6vezeten bel\u00fcli tervezett beruh\u00e1z\u00e1s\u00e1t a vesz\u00e9lyess\u00e9gi \u00f6vezet vonatkoz\u00e1s\u00e1ban nem ellenezt\u00e9k.<\/p>\n\n\n\n<p>A hirdetm\u00e9nyhez kapcsol\u00f3d\u00f3, let\u00f6lthet\u0151 dokumentumok:<\/p>\n\n\n\n<ul class=\"wp-block-list\"><li><a href=\"https:\/\/dunavarsany.hu\/wp-content\/uploads\/2020\/09\/5100-M\u0171szaki-le\u00edr\u00e1s-\u00e9p\u00edt\u00e9szet.pdf\">5100-M\u0171szaki le\u00edr\u00e1s \u00e9p\u00edt\u00e9szet<\/a><\/li><li><a href=\"https:\/\/dunavarsany.hu\/wp-content\/uploads\/2020\/09\/Dunavars\u00e1ny_5100_hrsz_Forintrade_katasztr\u00f3fa_Bizotts\u00e1g_kezdem\u00e9nyez\u00e9s.pdf\">Dunavars\u00e1ny_5100_hrsz_Forintrade_katasztr\u00f3fa_Bizotts\u00e1g_kezdem\u00e9nyez\u00e9s<\/a><\/li><li><a href=\"https:\/\/dunavarsany.hu\/wp-content\/uploads\/2020\/09\/E-ENG-00-\u00c1TN\u00c9ZETI-HELYSZ\u00cdNRAJZ.pdf\">E-ENG-00 \u00c1TN\u00c9ZETI HELYSZ\u00cdNRAJZ<\/a><\/li><li><a href=\"https:\/\/dunavarsany.hu\/wp-content\/uploads\/2020\/09\/E-ENG-02-HELYSZ\u00cdNRAJZ.pdf\">E-ENG-02 HELYSZ\u00cdNRAJZ<\/a><\/li><li><a href=\"https:\/\/dunavarsany.hu\/wp-content\/uploads\/2020\/09\/E-ENG-R-10-FSZ-ALAPRAJZ-RAKT\u00c1RCSARNOK.pdf\">E-ENG-R-10 FSZ  ALAPRAJZ &#8211; RAKT\u00c1RCSARNOK<\/a><\/li><li><a href=\"https:\/\/dunavarsany.hu\/wp-content\/uploads\/2020\/09\/E-ENG-R-20-R-01-R-02-METSZET-RAKT\u00c1RCSARNOK-2.pdf\">E-ENG-R-20 R-01 R-02 METSZET &#8211; RAKT\u00c1RCSARNOK (2)<\/a><\/li><li><a href=\"https:\/\/dunavarsany.hu\/wp-content\/uploads\/2020\/09\/E-ENG-\u00dc-10-F\u00d6LDSZINT-ALAPRAJZ-\u00dcZEMCSARNOK.pdf\">E-ENG-\u00dc-10 F\u00d6LDSZINT ALAPRAJZ &#8211; \u00dcZEMCSARNOK<\/a><\/li><li><a href=\"https:\/\/dunavarsany.hu\/wp-content\/uploads\/2020\/09\/E-ENG-\u00dc-11-EMELET-ALAPRAJZ-\u00dcZEMCSARNOK.pdf\">E-ENG-\u00dc-11 EMELET ALAPRAJZ &#8211; \u00dcZEMCSARNOK<\/a><\/li><li><a href=\"https:\/\/dunavarsany.hu\/wp-content\/uploads\/2020\/09\/E-ENG-\u00dc-20-\u00dc-01-\u00dc-02-\u00dc-03-METSZET-\u00dcZEMCSAR_.pdf\">E-ENG-\u00dc-20 \u00dc-01 \u00dc-02 \u00dc-03 METSZET &#8211; \u00dcZEMCSAR_<\/a><\/li><li><a href=\"https:\/\/dunavarsany.hu\/wp-content\/uploads\/2020\/09\/Forintrade_bizotts\u00e1gi-\u00e1ll\u00e1sfoglal\u00e1s.pdf\">Forintrade_bizotts\u00e1gi \u00e1ll\u00e1sfoglal\u00e1s<\/a><\/li><li><a href=\"https:\/\/dunavarsany.hu\/wp-content\/uploads\/2020\/09\/T-R-01-Rakt\u00e1rcsarnok-ki\u00fcr\u00edt\u00e9si-alaprajz.pdf\">T-R 01 Rakt\u00e1rcsarnok ki\u00fcr\u00edt\u00e9si alaprajz<\/a><\/li><li><a href=\"https:\/\/dunavarsany.hu\/wp-content\/uploads\/2020\/09\/T-R-02-Rakt\u00e1rcsarnok-h\u0151-\u00e9s-f\u00fcstelvezet\u00e9s-alaprajz.pdf\">T-R 02 Rakt\u00e1rcsarnok h\u0151- \u00e9s f\u00fcstelvezet\u00e9s alaprajz<\/a><\/li><li><a href=\"https:\/\/dunavarsany.hu\/wp-content\/uploads\/2020\/09\/T-\u00dc-01-\u00dczemcsarnok-Fsz-Ki\u00fcr\u00edt\u00e9s.pdf\">T-\u00dc 01 \u00dczemcsarnok Fsz Ki\u00fcr\u00edt\u00e9s<\/a><\/li><li><a href=\"https:\/\/dunavarsany.hu\/wp-content\/uploads\/2020\/09\/T-\u00dc-02-\u00dczemcsarnok-Emelet-Ki\u00fcr\u00edt\u00e9s.pdf\">T-\u00dc 02 \u00dczemcsarnok Emelet Ki\u00fcr\u00edt\u00e9s<\/a><\/li><li><a href=\"https:\/\/dunavarsany.hu\/wp-content\/uploads\/2020\/09\/T-\u00dc-03-\u00dczemcsarnok-H\u0151-\u00e9s-F\u00fcstelvezet\u00e9s.pdf\">T-\u00dc 03 \u00dczemcsarnok H\u0151- \u00e9s F\u00fcstelvezet\u00e9s<\/a><\/li><li><a href=\"https:\/\/dunavarsany.hu\/wp-content\/uploads\/2020\/09\/T-\u00dc-04-\u00dczemcsarnok-L\u00e9gut\u00e1np\u00f3tl\u00e1s.pdf\">T-\u00dc 04 \u00dczemcsarnok L\u00e9gut\u00e1np\u00f3tl\u00e1s<\/a><\/li><li><a href=\"https:\/\/dunavarsany.hu\/wp-content\/uploads\/2020\/09\/T\u0171zv\u00e9delmi-m\u0171szaki-le\u00edr\u00e1s_Rakt\u00e1rcsarnok.pdf\">T\u0171zv\u00e9delmi m\u0171szaki le\u00edr\u00e1s_Rakt\u00e1rcsarnok<\/a><\/li><li><a href=\"https:\/\/dunavarsany.hu\/wp-content\/uploads\/2020\/09\/T\u0171zv\u00e9delmi-m\u0171szaki-le\u00edr\u00e1s_\u00dczemcsarnok.pdf\">T\u0171zv\u00e9delmi m\u0171szaki le\u00edr\u00e1s_\u00dczemcsarnok<\/a><\/li><\/ul>\n","protected":false},"excerpt":{"rendered":"<div class=\"mh-excerpt\"><p>H I R D E T M \u00c9 N Y Az \u00fcgy t\u00e1rgya: A Forintrade Kft. (Dunavars\u00e1ny, Neumann J\u00e1nos utca 26.) tervezett fejleszt\u00e9se &#8211; Dunavars\u00e1nyban, a Neumann J\u00e1nos utca 26., a 5100 hrsz.-\u00fa ingatlanon &#8211; <a class=\"mh-excerpt-more\" href=\"https:\/\/dunavarsany.hu\/index.php\/hirdetmeny-forintrade-kft-uzemletesites\/\" title=\"HIRDETM\u00c9NY &#8211; Forintrade Kft. \u00fczeml\u00e9tes\u00edt\u00e9s\">[&#8230;]<\/a><\/p>\n<\/div>","protected":false},"author":3,"featured_media":0,"parent":0,"menu_order":0,"comment_status":"closed","ping_status":"closed","template":"","meta":{"footnotes":""},"class_list":["post-6186","page","type-page","status-publish"],"_links":{"self":[{"href":"https:\/\/dunavarsany.hu\/index.php\/wp-json\/wp\/v2\/pages\/6186","targetHints":{"allow":["GET"]}}],"collection":[{"href":"https:\/\/dunavarsany.hu\/index.php\/wp-json\/wp\/v2\/pages"}],"about":[{"href":"https:\/\/dunavarsany.hu\/index.php\/wp-json\/wp\/v2\/types\/page"}],"author":[{"embeddable":true,"href":"https:\/\/dunavarsany.hu\/index.php\/wp-json\/wp\/v2\/users\/3"}],"replies":[{"embeddable":true,"href":"https:\/\/dunavarsany.hu\/index.php\/wp-json\/wp\/v2\/comments?post=6186"}],"version-history":[{"count":7,"href":"https:\/\/dunavarsany.hu\/index.php\/wp-json\/wp\/v2\/pages\/6186\/revisions"}],"predecessor-version":[{"id":6237,"href":"https:\/\/dunavarsany.hu\/index.php\/wp-json\/wp\/v2\/pages\/6186\/revisions\/6237"}],"wp:attachment":[{"href":"https:\/\/dunavarsany.hu\/index.php\/wp-json\/wp\/v2\/media?parent=6186"}],"curies":[{"name":"wp","href":"https:\/\/api.w.org\/{rel}","templated":true}]}}