{"id":6098,"date":"2020-09-01T20:34:44","date_gmt":"2020-09-01T20:34:44","guid":{"rendered":"http:\/\/dunavarsany.hu\/?page_id=6098"},"modified":"2023-01-25T15:05:55","modified_gmt":"2023-01-25T15:05:55","slug":"civil-szervezetek","status":"publish","type":"page","link":"https:\/\/dunavarsany.hu\/index.php\/civil-szervezetek\/","title":{"rendered":"Civil szervezetek &#8211; alap\u00edtv\u00e1nyok"},"content":{"rendered":"<p><strong>Civil szervezetek \u00e9s alap\u00edtv\u00e1nyok aktu\u00e1lis list\u00e1ja<\/strong><\/p>\n<table style=\"width: 85.4986%; height: 936px;\">\n<tbody>\n<tr style=\"height: 24px;\">\n<td style=\"width: 81.3718%; height: 24px;\" width=\"377\"><strong>Szervezet neve<\/strong><\/td>\n<td style=\"width: 100.516%; height: 24px;\" width=\"189\"><strong>Szervezet besorol\u00e1sa<\/strong><\/td>\n<\/tr>\n<tr style=\"height: 24px;\">\n<td style=\"width: 81.3718%; height: 24px;\" width=\"377\"><strong>1.\u00a0\u00a0\u00a0\u00a0 <\/strong><strong>Balogh Team Sport \u00e9s Kultur\u00e1lis Egyes\u00fclet<\/strong><\/td>\n<td style=\"width: 100.516%; height: 24px;\" width=\"189\">egyes\u00fclet<\/td>\n<\/tr>\n<tr style=\"height: 24px;\">\n<td style=\"width: 81.3718%; height: 24px;\" width=\"377\"><strong>2.\u00a0\u00a0\u00a0\u00a0 <\/strong><a href=\"http:\/\/bobitatunderovi.hu\/\"><strong>B\u00f3bita Alap\u00edtv\u00e1ny a Dunavars\u00e1nyi \u00d3vod\u00e1sok\u00e9rt<\/strong><\/a><\/td>\n<td style=\"width: 100.516%; height: 24px;\" width=\"189\">alap\u00edtv\u00e1ny<\/td>\n<\/tr>\n<tr>\n<td style=\"width: 81.3718%;\"><strong>3.\u00a0 \u00a0 \u00a0<a href=\"https:\/\/dunavarsany.hu\/wp-content\/uploads\/2023\/01\/Csujjogato-10-eves-jubileumvegleges.pdf\">Csujjogat\u00f3 T\u00e1ncegyes\u00fclet<\/a><\/strong><\/td>\n<td style=\"width: 100.516%;\">egyes\u00fclet<\/td>\n<\/tr>\n<tr style=\"height: 24px;\">\n<td style=\"width: 81.3718%; height: 24px;\" width=\"377\"><strong>4.\u00a0\u00a0\u00a0\u00a0 <\/strong><strong>Classic Car Dunavars\u00e1ny Veter\u00e1nj\u00e1rm\u0171 Egyes\u00fclet<\/strong><\/td>\n<td style=\"width: 100.516%; height: 24px;\" width=\"189\">egyes\u00fclet<\/td>\n<\/tr>\n<tr style=\"height: 24px;\">\n<td style=\"width: 81.3718%; height: 24px;\" width=\"377\"><strong>5.\u00a0\u00a0\u00a0\u00a0 <\/strong><strong>D\u00e9legyh\u00e1zi Karate Sportegyes\u00fclet Dunavars\u00e1nyi Csoport<\/strong><\/td>\n<td style=\"width: 100.516%; height: 24px;\" width=\"189\">egyes\u00fclet<\/td>\n<\/tr>\n<tr style=\"height: 24px;\">\n<td style=\"width: 81.3718%; height: 24px;\" width=\"377\"><strong>6.\u00a0\u00a0\u00a0\u00a0 <\/strong><strong>D\u00e9legyh\u00e1zi-Dunavars\u00e1nyi \u00d6nk\u00e9ntes T\u0171zolt\u00f3 Egyes\u00fclet<\/strong><\/td>\n<td style=\"width: 100.516%; height: 24px;\" width=\"189\">egyes\u00fclet<\/td>\n<\/tr>\n<tr style=\"height: 24px;\">\n<td style=\"width: 81.3718%; height: 24px;\" width=\"377\"><strong>7.\u00a0\u00a0\u00a0\u00a0 <\/strong><strong>Dunavars\u00e1nyi Erd\u00e9lyiek K\u00f6zhaszn\u00fa Egyes\u00fclete<\/strong><\/td>\n<td style=\"width: 100.516%; height: 24px;\" width=\"189\">egyes\u00fclet<\/td>\n<\/tr>\n<tr style=\"height: 24px;\">\n<td style=\"width: 81.3718%; height: 24px;\" width=\"377\"><strong>7.\u00a0\u00a0\u00a0\u00a0 <\/strong><strong>Dunavars\u00e1nyi Jump Fit TSE<\/strong><\/td>\n<td style=\"width: 100.516%; height: 24px;\" width=\"189\">egyes\u00fclet<\/td>\n<\/tr>\n<tr style=\"height: 24px;\">\n<td style=\"width: 81.3718%; height: 24px;\" width=\"377\"><strong>8.\u00a0\u00a0\u00a0\u00a0 <\/strong><strong>Dunavars\u00e1nyi Nemzeti F\u00f3rum<\/strong><\/td>\n<td style=\"width: 100.516%; height: 24px;\" width=\"189\">egyes\u00fclet<\/td>\n<\/tr>\n<tr style=\"height: 24px;\">\n<td style=\"width: 81.3718%; height: 24px;\" width=\"377\"><strong>9.\u00a0\u00a0\u00a0\u00a0 <\/strong><strong>Dunavars\u00e1nyi Sv\u00e1bok Egyes\u00fclete<\/strong><\/td>\n<td style=\"width: 100.516%; height: 24px;\" width=\"189\">egyes\u00fclet<\/td>\n<\/tr>\n<tr style=\"height: 24px;\">\n<td style=\"width: 81.3718%; height: 24px;\" width=\"377\"><strong>10.\u00a0 <\/strong><a href=\"http:\/\/dte.hu\/\"><strong>Dunavars\u00e1nyi Torna Egylet<\/strong><\/a><\/td>\n<td style=\"width: 100.516%; height: 24px;\" width=\"189\">egyes\u00fclet<\/td>\n<\/tr>\n<tr style=\"height: 24px;\">\n<td style=\"width: 81.3718%; height: 24px;\" width=\"377\"><strong>11.\u00a0 <\/strong><strong>Dunavars\u00e1nyi \u00dasz\u00f3 Nemzed\u00e9k Akad\u00e9mia<\/strong><\/td>\n<td style=\"width: 100.516%; height: 24px;\" width=\"189\">egyes\u00fclet<\/td>\n<\/tr>\n<tr style=\"height: 24px;\">\n<td style=\"width: 81.3718%; height: 24px;\" width=\"377\"><strong>12.\u00a0 <\/strong><strong>Dunavars\u00e1nyi Katolikus Templom Fel\u00faj\u00edt\u00e1sa Alap\u00edtv\u00e1ny<\/strong><\/td>\n<td style=\"width: 100.516%; height: 24px;\" width=\"189\">alap\u00edtv\u00e1ny<\/td>\n<\/tr>\n<tr style=\"height: 24px;\">\n<td style=\"width: 81.3718%; height: 24px;\" width=\"377\"><strong>13.\u00a0 <\/strong><a href=\"http:\/\/dvore4x4.hu\/\"><strong>Dunavars\u00e1nyi Off-Road Egyes\u00fclet<\/strong><\/a><\/td>\n<td style=\"width: 100.516%; height: 24px;\" width=\"189\">egyes\u00fclet<\/td>\n<\/tr>\n<tr style=\"height: 24px;\">\n<td style=\"width: 81.3718%; height: 24px;\" width=\"377\"><strong>14.\u00a0 <\/strong><strong>Dunavars\u00e1nyi Polg\u00e1r\u0151r Egyes\u00fclet<\/strong><\/td>\n<td style=\"width: 100.516%; height: 24px;\" width=\"189\">egyes\u00fclet<\/td>\n<\/tr>\n<tr style=\"height: 24px;\">\n<td style=\"width: 81.3718%; height: 24px;\" width=\"377\"><strong>15.\u00a0 <\/strong><strong>Dyslexi\u00e1s Gyermekek\u00e9rt Egyes\u00fclet<\/strong><\/td>\n<td style=\"width: 100.516%; height: 24px;\" width=\"189\">egyes\u00fclet<\/td>\n<\/tr>\n<tr style=\"height: 24px;\">\n<td style=\"width: 81.3718%; height: 24px;\" width=\"377\"><strong>16.\u00a0 <\/strong><strong>Cig\u00e1ny \u00cdr\u00f3sz\u00f6vets\u00e9g \u00e9s Nemzeti (K\u00f6z)m\u0171vel\u0151d\u00e9si T\u00e1rsas\u00e1g<\/strong><\/td>\n<td style=\"width: 100.516%; height: 24px;\" width=\"189\">egyes\u00fclet<\/td>\n<\/tr>\n<tr style=\"height: 24px;\">\n<td style=\"width: 81.3718%; height: 24px;\" width=\"377\"><strong>17.\u00a0 <\/strong><strong>Everness Senior Egyes\u00fclet<\/strong><\/td>\n<td style=\"width: 100.516%; height: 24px;\" width=\"189\">egyes\u00fclet<\/td>\n<\/tr>\n<tr style=\"height: 24px;\">\n<td style=\"width: 81.3718%; height: 24px;\" width=\"377\"><strong>18.\u00a0 <\/strong><strong>Iskola a Gyermekek\u00e9rt Alap\u00edtv\u00e1ny<\/strong><\/td>\n<td style=\"width: 100.516%; height: 24px;\" width=\"189\">alap\u00edtv\u00e1ny<\/td>\n<\/tr>\n<tr style=\"height: 24px;\">\n<td style=\"width: 81.3718%; height: 24px;\" width=\"377\"><strong>19.\u00a0 <\/strong><a href=\"http:\/\/kantatika.hu\/\"><strong>Kant\u00e1tika F\u00e9rfikar<\/strong><\/a><\/td>\n<td style=\"width: 100.516%; height: 24px;\" width=\"189\">egyes\u00fclet<\/td>\n<\/tr>\n<tr style=\"height: 24px;\">\n<td style=\"width: 81.3718%; height: 24px;\" width=\"377\"><strong>20.\u00a0 <\/strong><strong>Kert\u00e9szek \u00e9s Kertbar\u00e1tok Orsz\u00e1gos Sz\u00f6vets\u00e9ge Dunavars\u00e1nyi Klubja<\/strong><\/td>\n<td style=\"width: 100.516%; height: 24px;\" width=\"189\">egyes\u00fclet<\/td>\n<\/tr>\n<tr style=\"height: 24px;\">\n<td style=\"width: 81.3718%; height: 24px;\" width=\"377\"><strong>21.\u00a0 <\/strong><strong>Kossuth Lajos Cserk\u00e9sz Alap\u00edtv\u00e1ny<\/strong><\/td>\n<td style=\"width: 100.516%; height: 24px;\" width=\"189\">alap\u00edtv\u00e1ny<\/td>\n<\/tr>\n<tr style=\"height: 24px;\">\n<td style=\"width: 81.3718%; height: 24px;\" width=\"377\"><strong>22.\u00a0 <\/strong><a href=\"http:\/\/banyaklub.hu\/\"><strong>L\u00e1nyok Asszonyok Klubja Dunavars\u00e1nyi Egyes\u00fclete<\/strong><\/a><\/td>\n<td style=\"width: 100.516%; height: 24px;\" width=\"189\">egyes\u00fclet<\/td>\n<\/tr>\n<tr style=\"height: 24px;\">\n<td style=\"width: 81.3718%; height: 24px;\" width=\"377\"><strong>23.\u00a0 <\/strong><a href=\"https:\/\/dunavarsany.hu\/index.php\/2020\/12\/30\/liza-tanito-neni-a-nagyvarsanyi-gyermekekert-alapitvany\/\"><strong>Liza Tan\u00edt\u00f3 N\u00e9ni a Nagyvars\u00e1nyi Gyermekek\u00e9rt Alap\u00edtv\u00e1ny<\/strong><\/a><\/td>\n<td style=\"width: 100.516%; height: 24px;\" width=\"189\">alap\u00edtv\u00e1ny<\/td>\n<\/tr>\n<tr style=\"height: 24px;\">\n<td style=\"width: 81.3718%; height: 24px;\" width=\"377\"><strong>24.\u00a0 <\/strong><strong>Mag\u00e1nyos Id\u0151seket \u00e9s Csal\u00e1dokat Seg\u00edt\u0151 Alap\u00edtv\u00e1ny<\/strong><\/td>\n<td style=\"width: 100.516%; height: 24px;\" width=\"189\">alap\u00edtv\u00e1ny<\/td>\n<\/tr>\n<tr style=\"height: 24px;\">\n<td style=\"width: 81.3718%; height: 24px;\" width=\"377\"><strong>25.\u00a0 <\/strong><strong>Magyarorsz\u00e1gi Cig\u00e1nyok Demokratikus Sz\u00f6vets\u00e9ge<\/strong><\/td>\n<td style=\"width: 100.516%; height: 24px;\" width=\"189\">egyes\u00fclet<\/td>\n<\/tr>\n<tr style=\"height: 24px;\">\n<td style=\"width: 81.3718%; height: 24px;\" width=\"377\"><strong>26.\u00a0 <\/strong><a href=\"https:\/\/maltai.hu\/tevekenyseg\/intezmeny\/143\"><strong>Magyar M\u00e1ltai Szeretetszolg\u00e1lat Egyes\u00fclet <\/strong><\/a><\/td>\n<td style=\"width: 100.516%; height: 24px;\" width=\"189\">egyes\u00fclet<\/td>\n<\/tr>\n<tr style=\"height: 24px;\">\n<td style=\"width: 81.3718%; height: 24px;\" width=\"377\"><strong>27.\u00a0 <\/strong><a href=\"https:\/\/www.facebook.com\/mlitse\"><strong>Merkapt-Mekler L\u00e1szl\u00f3 Sport Egyes\u00fclet Dunavars\u00e1ny<\/strong><\/a><\/td>\n<td style=\"width: 100.516%; height: 24px;\" width=\"189\">egyes\u00fclet<\/td>\n<\/tr>\n<tr style=\"height: 24px;\">\n<td style=\"width: 81.3718%; height: 24px;\" width=\"377\"><strong>28.\u00a0 <\/strong><strong>Mollissima N\u0151i Kar<\/strong><\/td>\n<td style=\"width: 100.516%; height: 24px;\" width=\"189\">egyes\u00fclet<\/td>\n<\/tr>\n<tr style=\"height: 24px;\">\n<td style=\"width: 81.3718%; height: 24px;\" width=\"377\"><strong>29.\u00a0 <\/strong><a href=\"https:\/\/dunavarsany.hu\/index.php\/2020\/10\/26\/muvelodesi-oktatasi-es-sport-alapitvany-dunavarsany\/\"><strong>M\u0171vel\u0151d\u00e9si, Oktat\u00e1si \u00e9s Sport Alap\u00edtv\u00e1ny<\/strong><\/a><\/td>\n<td style=\"width: 100.516%; height: 24px;\" width=\"189\">alap\u00edtv\u00e1ny<\/td>\n<\/tr>\n<tr style=\"height: 24px;\">\n<td style=\"width: 81.3718%; height: 24px;\" width=\"377\"><strong>30.\u00a0 <\/strong><strong>Nagyvars\u00e1nyi Nyugd\u00edjas Klub Egyes\u00fclet<\/strong><\/td>\n<td style=\"width: 100.516%; height: 24px;\" width=\"189\">egyes\u00fclet<\/td>\n<\/tr>\n<tr style=\"height: 24px;\">\n<td style=\"width: 81.3718%; height: 24px;\" width=\"377\"><strong>31.\u00a0 <\/strong><a href=\"https:\/\/www.nautilus1270.hu\/\"><strong>1270.sz. Nautilus V\u00edzicsapat<\/strong><\/a><\/td>\n<td style=\"width: 100.516%; height: 24px;\" width=\"189\">egyes\u00fclet<\/td>\n<\/tr>\n<tr style=\"height: 24px;\">\n<td style=\"width: 81.3718%; height: 24px;\" width=\"377\"><strong>32.\u00a0 <\/strong><strong>Soli Deo Gl\u00f3ria K\u00f6z\u00f6ss\u00e9g<\/strong><\/td>\n<td style=\"width: 100.516%; height: 24px;\" width=\"189\">egyes\u00fclet<\/td>\n<\/tr>\n<tr style=\"height: 24px;\">\n<td style=\"width: 81.3718%; height: 24px;\" width=\"377\"><strong>33.\u00a0 <\/strong><strong>Szent Vendel Kolping Csal\u00e1d Egyes\u00fclet<\/strong><\/td>\n<td style=\"width: 100.516%; height: 24px;\" width=\"189\">egyes\u00fclet<\/td>\n<\/tr>\n<tr style=\"height: 24px;\">\n<td style=\"width: 81.3718%; height: 24px;\" width=\"377\"><strong>34.\u00a0 <\/strong><a href=\"http:\/\/talaljegycelt.hu\/\"><strong>Tal\u00e1lj egy c\u00e9lt! Sportegyes\u00fclet<\/strong><\/a><\/td>\n<td style=\"width: 100.516%; height: 24px;\" width=\"189\">egyes\u00fclet<\/td>\n<\/tr>\n<tr style=\"height: 24px;\">\n<td style=\"width: 81.3718%; height: 24px;\" width=\"377\"><strong>35.\u00a0 <\/strong><strong>Unio H\u0151l\u00e9gballon Szabadid\u0151 \u00e9s Sportrep\u00fcl\u0151 Egylet<\/strong><\/td>\n<td style=\"width: 100.516%; height: 24px;\" width=\"189\">egyes\u00fclet<\/td>\n<\/tr>\n<tr style=\"height: 24px;\">\n<td style=\"width: 81.3718%; height: 24px;\" width=\"377\"><strong>36.\u00a0 <\/strong><strong>Venus R\u00fadsport Egyes\u00fclet<\/strong><\/td>\n<td style=\"width: 100.516%; height: 24px;\" width=\"189\">egyes\u00fclet<\/td>\n<\/tr>\n<tr style=\"height: 24px;\">\n<td style=\"width: 81.3718%; height: 24px;\" width=\"377\"><strong>37.\u00a0 <\/strong><strong>V\u00e1ci Egyh\u00e1zmegyei Karit\u00e1sz Dunavars\u00e1nyi Szervezete<\/strong><\/td>\n<td style=\"width: 100.516%; height: 24px;\" width=\"189\">egyes\u00fclet<\/td>\n<\/tr>\n<tr style=\"height: 24px;\">\n<td style=\"width: 81.3718%; height: 24px;\" width=\"377\"><strong>38.\u00a0 <\/strong><a href=\"https:\/\/www.facebook.com\/willpowertse\"><strong>\u201e\u00d6sszefog\u00e1s a fiatalok\u00e9rt\u201d Willpower T\u00e1nc- \u00e9s Sportegyes\u00fclet<\/strong><\/a><\/td>\n<td style=\"width: 100.516%; height: 24px;\" width=\"189\">egyes\u00fclet<\/td>\n<\/tr>\n<\/tbody>\n<\/table>\n","protected":false},"excerpt":{"rendered":"<div class=\"mh-excerpt\"><p>Civil szervezetek \u00e9s alap\u00edtv\u00e1nyok aktu\u00e1lis list\u00e1ja Szervezet neve Szervezet besorol\u00e1sa 1.\u00a0\u00a0\u00a0\u00a0 Balogh Team Sport \u00e9s Kultur\u00e1lis Egyes\u00fclet egyes\u00fclet 2.\u00a0\u00a0\u00a0\u00a0 B\u00f3bita Alap\u00edtv\u00e1ny a Dunavars\u00e1nyi \u00d3vod\u00e1sok\u00e9rt alap\u00edtv\u00e1ny 3.\u00a0 \u00a0 \u00a0Csujjogat\u00f3 T\u00e1ncegyes\u00fclet egyes\u00fclet 4.\u00a0\u00a0\u00a0\u00a0 Classic Car Dunavars\u00e1ny Veter\u00e1nj\u00e1rm\u0171 <a class=\"mh-excerpt-more\" href=\"https:\/\/dunavarsany.hu\/index.php\/civil-szervezetek\/\" title=\"Civil szervezetek &#8211; alap\u00edtv\u00e1nyok\">[&#8230;]<\/a><\/p>\n<\/div>","protected":false},"author":1,"featured_media":0,"parent":0,"menu_order":0,"comment_status":"closed","ping_status":"closed","template":"","meta":{"footnotes":""},"class_list":["post-6098","page","type-page","status-publish"],"_links":{"self":[{"href":"https:\/\/dunavarsany.hu\/index.php\/wp-json\/wp\/v2\/pages\/6098","targetHints":{"allow":["GET"]}}],"collection":[{"href":"https:\/\/dunavarsany.hu\/index.php\/wp-json\/wp\/v2\/pages"}],"about":[{"href":"https:\/\/dunavarsany.hu\/index.php\/wp-json\/wp\/v2\/types\/page"}],"author":[{"embeddable":true,"href":"https:\/\/dunavarsany.hu\/index.php\/wp-json\/wp\/v2\/users\/1"}],"replies":[{"embeddable":true,"href":"https:\/\/dunavarsany.hu\/index.php\/wp-json\/wp\/v2\/comments?post=6098"}],"version-history":[{"count":26,"href":"https:\/\/dunavarsany.hu\/index.php\/wp-json\/wp\/v2\/pages\/6098\/revisions"}],"predecessor-version":[{"id":10545,"href":"https:\/\/dunavarsany.hu\/index.php\/wp-json\/wp\/v2\/pages\/6098\/revisions\/10545"}],"wp:attachment":[{"href":"https:\/\/dunavarsany.hu\/index.php\/wp-json\/wp\/v2\/media?parent=6098"}],"curies":[{"name":"wp","href":"https:\/\/api.w.org\/{rel}","templated":true}]}}