{"id":6092,"date":"2020-09-01T14:01:13","date_gmt":"2020-09-01T14:01:13","guid":{"rendered":"http:\/\/dunavarsany.hu\/?page_id=6092"},"modified":"2026-03-03T09:25:54","modified_gmt":"2026-03-03T09:25:54","slug":"testuleti-ulesek","status":"publish","type":"page","link":"https:\/\/dunavarsany.hu\/index.php\/testuleti-ulesek\/","title":{"rendered":"Test\u00fcleti \u00fcl\u00e9sek"},"content":{"rendered":"\r\n<h3 class=\"wp-block-heading\">Alkateg\u00f3ri\u00e1k<\/h3>\r\n<ul style=\"list-style-type: square;\">\r\n<li><a href=\"https:\/\/dunavarsany.hu\/index.php\/2026\/03\/03\/2026-evi-testuleti-ulesek\/\">2026. \u00e9vi test\u00fcleti \u00fcl\u00e9sek<\/a><\/li>\r\n<li><a href=\"https:\/\/dunavarsany.hu\/index.php\/2025\/02\/07\/2025-evi-testuleti-ulesek\/\">2025. \u00e9vi test\u00fcleti \u00fcl\u00e9sek<\/a><\/li>\r\n<li><a href=\"https:\/\/dunavarsany.hu\/index.php\/2024\/03\/12\/2024-evi-testuleti-ulesek\/\">2024. \u00e9vi test\u00fcleti \u00fcl\u00e9sek<\/a><\/li>\r\n<li><a href=\"https:\/\/dunavarsany.hu\/index.php\/2023-evi-testuleti-ulesek\/\">2023. \u00e9vi test\u00fcleti \u00fcl\u00e9sek<\/a><\/li>\r\n<li><a href=\"https:\/\/dunavarsany.hu\/index.php\/2022-evi-testuleti-ulesek\/\">2022. \u00e9vi test\u00fcleti \u00fcl\u00e9sek<\/a>\r\n\r\n<\/li>\r\n<li><a href=\"https:\/\/dunavarsany.hu\/index.php\/2021-evi-testuleti-ulesek\/\">2021. \u00e9vi test\u00fcleti \u00fcl\u00e9sek<\/a><\/li>\r\n<li><a href=\"https:\/\/dunavarsany.hu\/index.php\/2020-evi-testuleti-ulesek\/\">2020. \u00e9vi test\u00fcleti \u00fcl\u00e9sek<\/a>\r\n\r\n<\/li>\r\n<li><a href=\"http:\/\/regi.dunavarsany.hu\/index.php\/testuleti-ulesek\/35-2019-evi-testuleti-ulesek\">2019. \u00e9vi test\u00fcleti \u00fcl\u00e9sek<\/a>\r\n\r\n<\/li>\r\n<li><a href=\"http:\/\/regi.dunavarsany.hu\/index.php\/testuleti-ulesek\/34-2018-evi-testuleti-ulesek\">2018. \u00e9vi test\u00fcleti \u00fcl\u00e9sek<\/a>\r\n\r\n<\/li>\r\n<li><a href=\"http:\/\/regi.dunavarsany.hu\/index.php\/testuleti-ulesek\/33-2017-evi-testuleti-ulesek\">2017. \u00e9vi test\u00fcleti \u00fcl\u00e9sek<\/a>\r\n\r\n<\/li>\r\n<li><a href=\"http:\/\/regi.dunavarsany.hu\/index.php\/testuleti-ulesek\/32-2016-evi-testuleti-ulesek\">2016. \u00e9vi test\u00fcleti \u00fcl\u00e9sek<\/a>\r\n\r\n<\/li>\r\n<li><a href=\"http:\/\/regi.dunavarsany.hu\/index.php\/testuleti-ulesek\/27-2015-evi-testuleti-ulesek\">2015. \u00e9vi test\u00fcleti \u00fcl\u00e9sek<\/a>\r\n\r\n<\/li>\r\n<li><a href=\"http:\/\/regi.dunavarsany.hu\/index.php\/testuleti-ulesek\/28-2014-evi-testuleti-ulesek\">2014. \u00e9vi test\u00fcleti \u00fcl\u00e9sek<\/a>\r\n\r\n<\/li>\r\n<li><a href=\"http:\/\/regi.dunavarsany.hu\/index.php\/testuleti-ulesek\/29-2013-evi-testuleti-ulesek\">2013. \u00e9vi test\u00fcleti \u00fcl\u00e9sek<\/a>\r\n\r\n<\/li>\r\n<li><a href=\"http:\/\/regi.dunavarsany.hu\/index.php\/testuleti-ulesek\/30-2012-evi-testuleti-ulesek\">2012. \u00e9vi test\u00fcleti \u00fcl\u00e9sek<\/a>\r\n\r\n<\/li>\r\n<li><a href=\"http:\/\/regi.dunavarsany.hu\/index.php\/testuleti-ulesek\/31-2011-evi-testuleti-ulesek\">2011. \u00e9vi test\u00fcleti \u00fcl\u00e9sek<\/a><\/li>\r\n<\/ul>\r\n","protected":false},"excerpt":{"rendered":"<div class=\"mh-excerpt\"><p>Alkateg\u00f3ri\u00e1k 2026. \u00e9vi test\u00fcleti \u00fcl\u00e9sek 2025. \u00e9vi test\u00fcleti \u00fcl\u00e9sek 2024. \u00e9vi test\u00fcleti \u00fcl\u00e9sek 2023. \u00e9vi test\u00fcleti \u00fcl\u00e9sek 2022. \u00e9vi test\u00fcleti \u00fcl\u00e9sek 2021. \u00e9vi test\u00fcleti \u00fcl\u00e9sek 2020. \u00e9vi test\u00fcleti \u00fcl\u00e9sek 2019. \u00e9vi test\u00fcleti \u00fcl\u00e9sek 2018. \u00e9vi <a class=\"mh-excerpt-more\" href=\"https:\/\/dunavarsany.hu\/index.php\/testuleti-ulesek\/\" title=\"Test\u00fcleti \u00fcl\u00e9sek\">[&#8230;]<\/a><\/p>\n<\/div>","protected":false},"author":1,"featured_media":0,"parent":0,"menu_order":0,"comment_status":"closed","ping_status":"closed","template":"","meta":{"footnotes":""},"class_list":["post-6092","page","type-page","status-publish"],"_links":{"self":[{"href":"https:\/\/dunavarsany.hu\/index.php\/wp-json\/wp\/v2\/pages\/6092","targetHints":{"allow":["GET"]}}],"collection":[{"href":"https:\/\/dunavarsany.hu\/index.php\/wp-json\/wp\/v2\/pages"}],"about":[{"href":"https:\/\/dunavarsany.hu\/index.php\/wp-json\/wp\/v2\/types\/page"}],"author":[{"embeddable":true,"href":"https:\/\/dunavarsany.hu\/index.php\/wp-json\/wp\/v2\/users\/1"}],"replies":[{"embeddable":true,"href":"https:\/\/dunavarsany.hu\/index.php\/wp-json\/wp\/v2\/comments?post=6092"}],"version-history":[{"count":21,"href":"https:\/\/dunavarsany.hu\/index.php\/wp-json\/wp\/v2\/pages\/6092\/revisions"}],"predecessor-version":[{"id":15162,"href":"https:\/\/dunavarsany.hu\/index.php\/wp-json\/wp\/v2\/pages\/6092\/revisions\/15162"}],"wp:attachment":[{"href":"https:\/\/dunavarsany.hu\/index.php\/wp-json\/wp\/v2\/media?parent=6092"}],"curies":[{"name":"wp","href":"https:\/\/api.w.org\/{rel}","templated":true}]}}