{"id":6083,"date":"2020-08-31T17:30:06","date_gmt":"2020-08-31T17:30:06","guid":{"rendered":"http:\/\/dunavarsany.hu\/?page_id=6083"},"modified":"2020-08-31T17:30:06","modified_gmt":"2020-08-31T17:30:06","slug":"ugyintezes","status":"publish","type":"page","link":"https:\/\/dunavarsany.hu\/index.php\/ugyintezes\/","title":{"rendered":"\u00dcgyint\u00e9z\u00e9s"},"content":{"rendered":"\n<p><a href=\"https:\/\/dunavarsany.hu\/index.php\/2018\/06\/25\/elektronikus-ugyintezes\/\">Elektronikus \u00fcgyint\u00e9z\u00e9s<\/a><\/p>\n\n\n\n<p><a href=\"https:\/\/dunavarsany.hu\/index.php\/letoltheto-nyomtatvanyok\/\">Let\u00f6lthet\u0151 nyomtatv\u00e1nyok<\/a><\/p>\n","protected":false},"excerpt":{"rendered":"<div class=\"mh-excerpt\"><p>Elektronikus \u00fcgyint\u00e9z\u00e9s Let\u00f6lthet\u0151 nyomtatv\u00e1nyok<\/p>\n<\/div>","protected":false},"author":1,"featured_media":0,"parent":0,"menu_order":0,"comment_status":"closed","ping_status":"closed","template":"","meta":{"footnotes":""},"class_list":["post-6083","page","type-page","status-publish"],"_links":{"self":[{"href":"https:\/\/dunavarsany.hu\/index.php\/wp-json\/wp\/v2\/pages\/6083","targetHints":{"allow":["GET"]}}],"collection":[{"href":"https:\/\/dunavarsany.hu\/index.php\/wp-json\/wp\/v2\/pages"}],"about":[{"href":"https:\/\/dunavarsany.hu\/index.php\/wp-json\/wp\/v2\/types\/page"}],"author":[{"embeddable":true,"href":"https:\/\/dunavarsany.hu\/index.php\/wp-json\/wp\/v2\/users\/1"}],"replies":[{"embeddable":true,"href":"https:\/\/dunavarsany.hu\/index.php\/wp-json\/wp\/v2\/comments?post=6083"}],"version-history":[{"count":1,"href":"https:\/\/dunavarsany.hu\/index.php\/wp-json\/wp\/v2\/pages\/6083\/revisions"}],"predecessor-version":[{"id":6084,"href":"https:\/\/dunavarsany.hu\/index.php\/wp-json\/wp\/v2\/pages\/6083\/revisions\/6084"}],"wp:attachment":[{"href":"https:\/\/dunavarsany.hu\/index.php\/wp-json\/wp\/v2\/media?parent=6083"}],"curies":[{"name":"wp","href":"https:\/\/api.w.org\/{rel}","templated":true}]}}