{"id":6079,"date":"2020-08-31T17:27:43","date_gmt":"2020-08-31T17:27:43","guid":{"rendered":"http:\/\/dunavarsany.hu\/?page_id=6079"},"modified":"2020-12-16T10:55:31","modified_gmt":"2020-12-16T10:55:31","slug":"elektronikus-ugyintezes","status":"publish","type":"page","link":"https:\/\/dunavarsany.hu\/index.php\/elektronikus-ugyintezes\/","title":{"rendered":"Elektronikus \u00fcgyint\u00e9z\u00e9s"},"content":{"rendered":"\r\n<p>A pand\u00e9mi\u00e1s id\u0151szakban k\u00fcl\u00f6n\u00f6s fontoss\u00e1ggal b\u00edr az, hogy az \u00fcgyfelek haszn\u00e1lj\u00e1k az elektronikus \u00fcgyint\u00e9z\u00e9si szolg\u00e1ltat\u00e1sokat. Ennek el\u0151seg\u00edt\u00e9se \u00e9rdek\u00e9ben, 2021. janu\u00e1r 1-t\u0151l a Korm\u00e1nyzati \u00dcgyf\u00e9lvonal (1818) seg\u00edti az elektronikus \u00fcgyint\u00e9z\u00e9si port\u00e1l haszn\u00e1lat\u00e1t.<\/p>\r\n<p>A 1818 a k\u00f6vetkez\u0151 szolg\u00e1ltat\u00e1sok ell\u00e1t\u00e1s\u00e1t biztos\u00edtja:<\/p>\r\n<p>&#8211; seg\u00edts\u00e9gny\u00fajt\u00e1s a rendszerbe val\u00f3 bel\u00e9p\u00e9shez;<\/p>\r\n<p>&#8211; technikai seg\u00edts\u00e9g az oldalon megjelen\u0151 szolg\u00e1ltat\u00e1sok kapcs\u00e1n;<\/p>\r\n<p>&#8211; \u00fcgyfelek t\u00e1mogat\u00e1sa az ASP rendszer haszn\u00e1lata sor\u00e1n;<\/p>\r\n<p>&#8211; kapcsolattart\u00e1s a k\u00f6zponti szolg\u00e1ltat\u00f3val, valamint az \u00fcgyf\u00e9lt\u00e1mogat\u00f3i feladatokat ell\u00e1t\u00f3 szervezetekkel;<\/p>\r\n<p>&#8211; int\u00e9zhet\u0151 \u00fcgyekkel kapcsolatos t\u00e1j\u00e9koztat\u00e1s;<\/p>\r\n<p>&#8211; SZE\u00dcSZ-szel kapcsolatos panaszok, k\u00f6z\u00e9rdek\u0171 bejelent\u00e9sek, \u00e9szrev\u00e9telek fogad\u00e1sa, kivizsg\u00e1l\u00e1sa, tov\u00e1bb\u00edt\u00e1sa, megv\u00e1laszol\u00e1sa.<\/p>\r\n<p>Az \u00f6nkorm\u00e1nyzati ad\u00f3 \u00e9s egy\u00e9b hivatali \u00fcgyekben term\u00e9szetesen tov\u00e1bbra is az \u00f6nkorm\u00e1nyzat az illet\u00e9kes, \u00e9s a saj\u00e1t \u00fcgyf\u00e9lszolg\u00e1lati csatorn\u00e1n kereszt\u00fcl biztos\u00edt t\u00e1mogat\u00e1st. Javasoljuk, hogy \u00fcgyeik int\u00e9z\u00e9s\u00e9hez haszn\u00e1lj\u00e1k az e-\u00f6nkorm\u00e1nyzatport\u00e1l szolg\u00e1ltat\u00e1sait.\u00a0Al\u00e1bbiakban t\u00e1j\u00e9koztatjuk az elektronikusan int\u00e9zhet\u0151 \u00fcgyekr\u0151l, azokhoz sz\u00fcks\u00e9ges felt\u00e9telekr\u0151l, az \u00fcgymenetr\u0151l, a kit\u00f6ltend\u0151 nyomtatv\u00e1nyokr\u00f3l \u00e9s azok hiteles\u00edt\u00e9s\u00e9r\u0151l.<\/p>\r\n\r\n\r\n\r\n<p>Kapcsol\u00f3d\u00f3 dokumentumok:<\/p>\r\n\r\n\r\n\r\n<p><a href=\"https:\/\/dunavarsany.hu\/dokumentumok\/e_ugy\/eugyint_dv.pdf\">T\u00e1j\u00e9koztat\u00f3<\/a><br \/><a href=\"https:\/\/dunavarsany.hu\/dokumentumok\/e_ugy\/elektronikus_ugyintezes_dokumentumok_hitelesitese_utmutato.pdf\">Dokumentumok hiteles\u00edt\u00e9se \u00fatmutat\u00f3<\/a><br \/><a href=\"https:\/\/dunavarsany.hu\/dokumentumok\/e_ugy\/elektronikus_ugyintezes_epapir_felhasznaloi_kezikonyv.pdf\">ePap\u00edr felhaszn\u00e1l\u00f3i k\u00e9zik\u00f6nyv<\/a><br \/><a href=\"https:\/\/dunavarsany.hu\/dokumentumok\/e_ugy\/elektronikus_ugyintezes_keaesz_webkliens_felhasznaloi_kezikonyv.pdf\">KEAESZ webkliens felhaszn\u00e1l\u00f3i k\u00e9zik\u00f6nyv<\/a><br \/><a href=\"https:\/\/dunavarsany.hu\/dokumentumok\/e_ugy\/elektronikus_ugyintezes_az_onkormanyzati_hivatali_portalon.pdf\">Elektronikus \u00fcgyint\u00e9z\u00e9s az \u00d6nkorm\u00e1nyzati Hivatali Port\u00e1lon<\/a><br \/><a href=\"https:\/\/dunavarsany.hu\/dokumentumok\/e_ugy\/elektronikus_ugyintezes_gepjarmuado_kitoltesi_utmutato_2018.pdf\">G\u00e9pj\u00e1rm\u0171ad\u00f3 kit\u00f6lt\u00e9si \u00fatmutat\u00f3 2018<\/a><br \/><a href=\"https:\/\/dunavarsany.hu\/dokumentumok\/e_ugy\/elektronikus_ugyintezes_HIPA_kitoltesi_utmutato_2018.pdf\">HIPA kit\u00f6lt\u00e9si \u00fatmutat\u00f3 2018<\/a><\/p>\r\n\r\n\r\n\r\n<p>&nbsp;<\/p>\r\n","protected":false},"excerpt":{"rendered":"<div class=\"mh-excerpt\"><p>A pand\u00e9mi\u00e1s id\u0151szakban k\u00fcl\u00f6n\u00f6s fontoss\u00e1ggal b\u00edr az, hogy az \u00fcgyfelek haszn\u00e1lj\u00e1k az elektronikus \u00fcgyint\u00e9z\u00e9si szolg\u00e1ltat\u00e1sokat. Ennek el\u0151seg\u00edt\u00e9se \u00e9rdek\u00e9ben, 2021. janu\u00e1r 1-t\u0151l a Korm\u00e1nyzati \u00dcgyf\u00e9lvonal (1818) seg\u00edti az elektronikus \u00fcgyint\u00e9z\u00e9si port\u00e1l haszn\u00e1lat\u00e1t. A 1818 a k\u00f6vetkez\u0151 <a class=\"mh-excerpt-more\" href=\"https:\/\/dunavarsany.hu\/index.php\/elektronikus-ugyintezes\/\" title=\"Elektronikus \u00fcgyint\u00e9z\u00e9s\">[&#8230;]<\/a><\/p>\n<\/div>","protected":false},"author":1,"featured_media":0,"parent":0,"menu_order":0,"comment_status":"closed","ping_status":"closed","template":"","meta":{"footnotes":""},"class_list":["post-6079","page","type-page","status-publish"],"_links":{"self":[{"href":"https:\/\/dunavarsany.hu\/index.php\/wp-json\/wp\/v2\/pages\/6079","targetHints":{"allow":["GET"]}}],"collection":[{"href":"https:\/\/dunavarsany.hu\/index.php\/wp-json\/wp\/v2\/pages"}],"about":[{"href":"https:\/\/dunavarsany.hu\/index.php\/wp-json\/wp\/v2\/types\/page"}],"author":[{"embeddable":true,"href":"https:\/\/dunavarsany.hu\/index.php\/wp-json\/wp\/v2\/users\/1"}],"replies":[{"embeddable":true,"href":"https:\/\/dunavarsany.hu\/index.php\/wp-json\/wp\/v2\/comments?post=6079"}],"version-history":[{"count":5,"href":"https:\/\/dunavarsany.hu\/index.php\/wp-json\/wp\/v2\/pages\/6079\/revisions"}],"predecessor-version":[{"id":6900,"href":"https:\/\/dunavarsany.hu\/index.php\/wp-json\/wp\/v2\/pages\/6079\/revisions\/6900"}],"wp:attachment":[{"href":"https:\/\/dunavarsany.hu\/index.php\/wp-json\/wp\/v2\/media?parent=6079"}],"curies":[{"name":"wp","href":"https:\/\/api.w.org\/{rel}","templated":true}]}}