{"id":6077,"date":"2020-08-31T17:26:41","date_gmt":"2020-08-31T17:26:41","guid":{"rendered":"http:\/\/dunavarsany.hu\/?page_id=6077"},"modified":"2025-12-12T13:20:44","modified_gmt":"2025-12-12T13:20:44","slug":"letoltheto-nyomtatvanyok","status":"publish","type":"page","link":"https:\/\/dunavarsany.hu\/index.php\/letoltheto-nyomtatvanyok\/","title":{"rendered":"Let\u00f6lthet\u0151 nyomtatv\u00e1nyok"},"content":{"rendered":"\r\n<p><strong>Ad\u00f3 oszt\u00e1ly<\/strong><\/p>\r\n\r\n\r\n\r\n<ul class=\"wp-block-list\">\r\n<li><a href=\"https:\/\/dunavarsany.hu\/index.php\/2020\/12\/11\/gepjarmu-adoztatassal-kapcsolatos-valtozasok-2021-tol\/\">Ad\u00f3ztat\u00e1ssal kapcsolatos v\u00e1ltoz\u00e1sok 2021-t\u0151l<\/a><\/li>\r\n<li><a href=\"https:\/\/dunavarsany.hu\/index.php\/2021\/01\/14\/gepjarmu-adovaltozas-2021\/\">G\u00e9pj\u00e1rm\u0171ad\u00f3 v\u00e1ltoz\u00e1s 2021<\/a><\/li>\r\n<li><a href=\"https:\/\/dunavarsany.hu\/index.php\/2021\/01\/14\/helyi-iparuzesi-ado-valtozas-2021\/\">Helyi ipar\u0171z\u00e9si ad\u00f3 v\u00e1ltoz\u00e1s 2021<\/a><\/li>\r\n<li><a href=\"https:\/\/dunavarsany.hu\/dokumentumok\/nyomtatvanyok\/valtbej_ado.pdf\">Bejelentkez\u00e9s, v\u00e1ltoz\u00e1s bejelent\u00e9s<\/a><\/li>\r\n<li><a href=\"https:\/\/dunavarsany.hu\/dokumentumok\/nyomtatvanyok\/ttdbevallas.docx\">Talajterhel\u00e9si d\u00edj bevall\u00e1s<\/a><\/li>\r\n<li><a href=\"https:\/\/dunavarsany.hu\/dokumentumok\/nyomtatvanyok\/iparuzesi%20ado%20bejelentkezes.doc\">Ipar\u0171z\u00e9si ad\u00f3 bejelentkez\u00e9s<\/a><\/li>\r\n<li><a href=\"https:\/\/dunavarsany.hu\/wp-content\/uploads\/2024\/03\/epitmenyado_adatbejelentes_folap_2024.doc\">\u00c9p\u00edtm\u00e9nyad\u00f3 adatbejelent\u00e9s f\u0151lap<\/a><\/li>\r\n<li><a href=\"https:\/\/dunavarsany.hu\/wp-content\/uploads\/2024\/03\/epitmenyado_A_betetlap_2024.doc\">\u00c9p\u00edtm\u00e9nyad\u00f3 &#8222;A&#8221; kieg\u00e9sz\u00edt\u0151 lap<\/a><\/li>\r\n<li><a href=\"https:\/\/dunavarsany.hu\/wp-content\/uploads\/2024\/03\/epitmenyado_B_betetlap_2024.doc\">\u00c9p\u00edtm\u00e9nyad\u00f3 &#8222;B&#8221; kieg\u00e9sz\u00edt\u0151 lap<\/a><\/li>\r\n<li><a href=\"https:\/\/dunavarsany.hu\/dokumentumok\/nyomtatvanyok\/078_megallapodas_adoval_kapcsolatos_kotelezettsegekrol.pdf\">Meg\u00e1llapod\u00e1s ad\u00f3val kapcsolatos k\u00f6telezetts\u00e9gekr\u0151l \u00e9s jogokr\u00f3l<\/a><\/li>\r\n<li><a href=\"https:\/\/dunavarsany.hu\/dokumentumok\/nyomtatvanyok\/adoig012017.doc\">K\u00e9relem ad\u00f3igazol\u00e1s ki\u00e1ll\u00edt\u00e1s\u00e1hoz<\/a><\/li>\r\n<li><a href=\"https:\/\/dunavarsany.hu\/dokumentumok\/nyomtatvanyok\/idegenforgado.doc\">Idegenforgalmi ad\u00f3bevall\u00e1s, vend\u00e9g\u00e9jszak\u00e1n alapul\u00f3 ad\u00f3z\u00e1s eset\u00e9n<\/a><\/li>\r\n<li><a href=\"https:\/\/dunavarsany.hu\/wp-content\/uploads\/2023\/10\/HELYI-ADO-BANKSZAMLASZAMOK-20231001.pdf\">Helyi ad\u00f3 sz\u00e1mlasz\u00e1mok<\/a><\/li>\r\n<li><a href=\"https:\/\/dunavarsany.hu\/dokumentumok\/nyomtatvanyok\/bevallas_desztillalo.pdf\">BEVALL\u00c1S El\u0151\u00e1ll\u00edtott mag\u00e1nf\u0151z\u00f6tt p\u00e1rlat ut\u00e1n<\/a><\/li>\r\n<li><a href=\"https:\/\/dunavarsany.hu\/dokumentumok\/nyomtatvanyok\/desztillalo.pdf\">BEJELENT\u00c9S desztill\u00e1l\u00f3berendez\u00e9s tulajdonjog\u00e1r\u00f3l<\/a><hr \/><\/li>\r\n<\/ul>\r\n\r\n\r\n\r\n<p><strong>M\u0171szaki oszt\u00e1ly<\/strong><\/p>\r\n\r\n\r\n\r\n<ul class=\"wp-block-list\">\r\n<li style=\"list-style-type: none;\">\r\n<ul>\r\n<li><a href=\"https:\/\/dunavarsany.hu\/wp-content\/uploads\/2023\/12\/TAJEKOZTATO-muszaki-hatosagi-ugyek-eljarasairol-2023.12.docx\">T\u00e1j\u00e9kozat\u00f3 m\u0171szaki hat\u00f3s\u00e1gi \u00fcgyek elj\u00e1r\u00e1sair\u00f3l<\/a><\/li>\r\n<li><a href=\"https:\/\/dunavarsany.hu\/wp-content\/uploads\/2021\/07\/Kut-letesitesi-kerelem.xlsx\">Adatlap k\u00fat l\u00e9tes\u00edt\u00e9s\u00e9hez<\/a><\/li>\r\n<li><a href=\"https:\/\/dunavarsany.hu\/wp-content\/uploads\/2021\/07\/Kut-vizjogi-fennmaradasi-engedelyezese-iranti-kerelem.docx\">K\u00fat v\u00edzjogi fennmarad\u00e1si enged\u00e9ly k\u00e9relem<\/a><\/li>\r\n<li><a href=\"https:\/\/dunavarsany.hu\/wp-content\/uploads\/2021\/07\/Fakivagasi-engedely-iranti-kerelem.pdf\">Fakiv\u00e1g\u00e1si enged\u00e9ly k\u00e9relem<\/a><\/li>\r\n<li><a href=\"https:\/\/dunavarsany.hu\/wp-content\/uploads\/2021\/07\/Fakivagas-utolagos-bejelentese.pdf\">Fakiv\u00e1g\u00e1s ut\u00f3lagos bejelent\u00e9se<\/a><\/li>\r\n<li><a href=\"https:\/\/dunavarsany.hu\/wp-content\/uploads\/2021\/07\/Faultetesi-szandek-bejelentese.pdf\">Fa\u00fcltet\u00e9si sz\u00e1nd\u00e9k bejelent\u00e9se<\/a><\/li>\r\n<li><a href=\"https:\/\/dunavarsany.hu\/dokumentumok\/nyomtatvanyok\/nyomt_muszak_1.doc\">Telepenged\u00e9ly kiad\u00e1sa ir\u00e1nti k\u00e9relem<\/a><\/li>\r\n<li><a href=\"https:\/\/dunavarsany.hu\/dokumentumok\/nyomtatvanyok\/nyomt_muszak_2.docx\">ADATLAP telep\u00fcl\u00e9sk\u00e9pi v\u00e9lem\u00e9ny kiad\u00e1s\u00e1hoz<\/a><\/li>\r\n<li><a href=\"https:\/\/dunavarsany.hu\/dokumentumok\/nyomtatvanyok\/nyomt_muszak_4.doc\">H\u00e1zsz\u00e1m igazol\u00e1si k\u00e9relem<\/a><\/li>\r\n<li><a href=\"https:\/\/dunavarsany.hu\/wp-content\/uploads\/2022\/11\/Hatosagi_bizonyitvany_kiadasa_iranti_kerelem-13.pdf\">Hat\u00f3s\u00e1gi bizony\u00edtv\u00e1ny kiad\u00e1sa ir\u00e1nti k\u00e9relem<\/a><\/li>\r\n<li><a href=\"https:\/\/dunavarsany.hu\/dokumentumok\/nyomtatvanyok\/nyomt_muszak_6.docx\">K\u00e9relem g\u00e9pj\u00e1rm\u0171-t\u00e1rol\u00e1s\u00e1ra telephely igazol\u00e1s\u00e1hoz<\/a><\/li>\r\n<li><a href=\"https:\/\/dunavarsany.hu\/dokumentumok\/nyomtatvanyok\/k%C3%A9relem%20k%C3%B6z%C3%BAtkezel%C5%91ihez%202020.docx\">K\u00e9relem k\u00f6z\u00fat nem k\u00f6zleked\u00e9si c\u00e9l\u00fa ig\u00e9nybev\u00e9tel\u00e9re<\/a><\/li>\r\n<li><a href=\"https:\/\/dunavarsany.hu\/wp-content\/uploads\/2021\/08\/Kozterulet-hasznalati-engedely-iranti-kerelem-DV.doc\">K\u00f6zter\u00fclet haszn\u00e1lati k\u00e9relem<\/a><\/li>\r\n<li><a href=\"https:\/\/dunavarsany.hu\/wp-content\/uploads\/2022\/11\/Behajtasi-engedely-iranti-kerelem.pdf\">Behajt\u00e1si enged\u00e9ly<\/a><\/li>\r\n<li><a href=\"https:\/\/dunavarsany.hu\/wp-content\/uploads\/2021\/07\/KERELEM-vizikozmu-halozatra-torteno-utolagos-racsatlakozashoz.pdf\">Vizik\u00f6zm\u0171 h\u00e1l\u00f3zatra t\u00f6rt\u00e9n\u0151 ut\u00f3lagos r\u00e1csatlakoz\u00e1si k\u00e9relem<\/a><\/li>\r\n<li><a href=\"https:\/\/dunavarsany.hu\/wp-content\/uploads\/2023\/11\/Bejelentes-ipari-tevekenyseg-megszuneserol_2023.11.pdf\">Bejelent\u00e9s ipari tev\u00e9kenys\u00e9g megsz\u0171n\u00e9s\u00e9r\u0151l<\/a><\/li>\r\n<\/ul>\r\n<\/li>\r\n<\/ul>\r\n<p>&nbsp;<\/p>\r\n\r\n\r\n<hr class=\"wp-block-separator\" \/>\r\n\r\n\r\n<p><strong>Igazgat\u00e1si oszt\u00e1ly<\/strong><\/p>\r\n\r\n\r\n\r\n<ul class=\"wp-block-list\">\r\n<li><a href=\"https:\/\/dunavarsany.hu\/wp-content\/uploads\/2024\/09\/allatvedelmi-bejelento-lap-1.pdf\">\u00c1llatv\u00e9delmi bejelent\u0151 lap<\/a><\/li>\r\n<li><a href=\"https:\/\/dunavarsany.hu\/wp-content\/uploads\/2024\/09\/GYES-kiegeszites.pdf\">GYES kieg\u00e9sz\u00edt\u00e9s<\/a><\/li>\r\n<li><a href=\"https:\/\/dunavarsany.hu\/wp-content\/uploads\/2024\/09\/Rendkivuli-telepulesi-tamogatas.pdf\">Rendk\u00edv\u00fcli telep\u00fcl\u00e9si t\u00e1mogat\u00e1s<\/a><\/li>\r\n<li><a href=\"https:\/\/dunavarsany.hu\/wp-content\/uploads\/2024\/09\/Rendkivuli-telepulesi-tamogatas-gyermek-jogan.pdf\">Rendk\u00edv\u00fcli telep\u00fcl\u00e9si t\u00e1mogat\u00e1s gyermek jog\u00e1n<\/a><\/li>\r\n<li><a href=\"https:\/\/dunavarsany.hu\/wp-content\/uploads\/2024\/09\/Rendszeres-telepulesi-tamogatas-gyogyszerkiadasok-viselesehez.pdf\">Rendszeres telep\u00fcl\u00e9si t\u00e1mogat\u00e1s gy\u00f3gyszerkiad\u00e1sok visel\u00e9s\u00e9hez<\/a><\/li>\r\n<li><a href=\"https:\/\/dunavarsany.hu\/wp-content\/uploads\/2024\/09\/Rendszeres-telepulesi-tamogatas-lakhatashoz.pdf\">Rendszeres telep\u00fcl\u00e9si t\u00e1mogat\u00e1s lakhat\u00e1shoz<\/a><\/li>\r\n<li><a href=\"https:\/\/dunavarsany.hu\/wp-content\/uploads\/2022\/09\/kerelem_09_15_kedvezmennyel-elszamolt-foldgaz-igenybevetelere.doc\">K\u00e9relem kedvezm\u00e9nnyel elsz\u00e1molt f\u00f6ldg\u00e1z ig\u00e9nybev\u00e9tel\u00e9re<\/a><\/li>\r\n<li><a href=\"https:\/\/dunavarsany.hu\/wp-content\/uploads\/2025\/12\/1.-melleklet_Kerelem.pdf\">K\u00e9relem a szoci\u00e1lis c\u00e9l\u00fa t\u0171zifa t\u00e1mogat\u00e1s ig\u00e9nyl\u00e9s\u00e9hez<\/a><\/li>\r\n<li><a href=\"https:\/\/dunavarsany.hu\/wp-content\/uploads\/2025\/02\/Kerelem-fogyatekkal-elo-gyermekek-tamogatasa-megallapitasahoz.pdf\">Ke\u0301relem fogyate\u0301kkal e\u0301lo\u030b gyermekek ta\u0301mogata\u0301sa mega\u0301llapi\u0301ta\u0301sa\u0301hoz<\/a><\/li>\r\n<li><a href=\"https:\/\/dunavarsany.hu\/wp-content\/uploads\/2025\/02\/Kerelem-fogyatekkal-elo-nagykoru-szemelyek-tamogatasa-megallapitasahoz.pdf\">Ke\u0301relem fogyate\u0301kkal e\u0301lo\u030b nagykoru\u0301 szeme\u0301lyek ta\u0301mogata\u0301sa mega\u0301llapi\u0301ta\u0301sa\u0301hoz<\/a><\/li>\r\n<li><a href=\"https:\/\/dunavarsany.hu\/wp-content\/uploads\/2025\/02\/Kerelem-arva-es-felarva-gyermekek-reszere-biztositott-nevelesi-hozzajarulas-megallapitasahoz.pdf\">Ke\u0301relem a\u0301rva e\u0301s fe\u0301la\u0301rva gyermekek re\u0301sze\u0301re biztosi\u0301tott nevele\u0301si hozza\u0301ja\u0301rula\u0301s mega\u0301llapi\u0301ta\u0301sa\u0301hoz<\/a><\/li>\r\n<li><a href=\"https:\/\/dunavarsany.hu\/wp-content\/uploads\/2025\/07\/KERELEM-Nevelesi-ev-es-tanevkezdesi-tamogatashoz-1.docx\">K\u00e9relem Nevele\u0301si e\u0301v- e\u0301s tane\u0301vkezde\u0301si ta\u0301mogata\u0301shoz<\/a><\/li>\r\n<li><a href=\"https:\/\/dunavarsany.hu\/wp-content\/uploads\/2024\/09\/hagyateki-nyilatkozat.pdf\">Hagyat\u00e9ki nyilatkozat<\/a><\/li>\r\n<li><a href=\"https:\/\/dunavarsany.hu\/wp-content\/uploads\/2024\/09\/Formanyomtatvany_RGYK-jogosultsaghoz-es-hatranyos-helyzet-megallapitasahoz_2024aug.doc\">Formanyomtatv\u00e1ny_Rendszeres gyermekv\u00e9delmi kedvezm\u00e9nyre jogosults\u00e1ghoz \u00e9s h\u00e1tr\u00e1nyos helyzet meg\u00e1llap\u00edt\u00e1s\u00e1hoz<\/a><\/li>\r\n<li><a href=\"https:\/\/dunavarsany.hu\/wp-content\/uploads\/2021\/05\/Formanyomtatvany_Kornyezettanulmany_Hatrranyos-helyzet-halmozottan-hatranyos-helyzet-megallapitasahoz.docx\">Formanyomtatv\u00e1ny_K\u00f6rnyezettanulm\u00e1ny_H\u00e1tr\u00e1nyos helyzet, halmozottan h\u00e1tr\u00e1nyos helyzet meg\u00e1llap\u00edt\u00e1s\u00e1hoz<\/a><\/li>\r\n<li><a href=\"https:\/\/dunavarsany.hu\/wp-content\/uploads\/2021\/02\/A-mehtartas-2021.-februar-20-an-hatalyos-jogszabalyi-hattere.pdf\">A m\u00e9htart\u00e1s 2021. febru\u00e1r 20-\u00e1n hat\u00e1lyos jogszab\u00e1lyi h\u00e1ttere<\/a><\/li>\r\n<li><a href=\"https:\/\/dunavarsany.hu\/wp-content\/uploads\/2021\/02\/meheszet-bejelentese-formanyomtatvany.doc\">M\u00e9h\u00e9szet bejelent\u00e9se formanyomtatv\u00e1ny<\/a><\/li>\r\n<li><a href=\"https:\/\/dunavarsany.hu\/wp-content\/uploads\/2021\/02\/meheszet-kijelentese-formanyomtatvany.doc\">M\u00e9h\u00e9szet kijelent\u00e9se formanyomtatv\u00e1ny<\/a><\/li>\r\n<li><a href=\"https:\/\/dunavarsany.hu\/wp-content\/uploads\/2024\/09\/Vedooltas-tamogatas-kerelem-felnott.pdf\">V\u00e9d\u0151olt\u00e1s t\u00e1mogat\u00e1s k\u00e9relem- feln\u0151tt<\/a><\/li>\r\n<li><a href=\"https:\/\/dunavarsany.hu\/wp-content\/uploads\/2024\/09\/Vedooltas-tamogatas-kerelem-gyermek.pdf\">V\u00e9d\u0151olt\u00e1s t\u00e1mogat\u00e1s k\u00e9relem &#8211; gyermek<\/a><\/li>\r\n<li><a href=\"https:\/\/dunavarsany.hu\/wp-content\/uploads\/2024\/09\/Kerelem-szennyvizdij-kedvezmeny-igenybevetelehez.pdf\">K\u00e9relem szennyv\u00edzd\u00edj kedvezm\u00e9ny ig\u00e9nybev\u00e9tel\u00e9hez<\/a><\/li>\r\n<li><a href=\"https:\/\/dunavarsany.hu\/wp-content\/uploads\/2024\/09\/Kerelem-hulladekszallitasi-dijkedvezmeny-igenybevetelehez.pdf\">K\u00e9relem hullad\u00e9ksz\u00e1ll\u00edt\u00e1si-d\u00edjkedvezm\u00e9ny ig\u00e9nybev\u00e9tel\u00e9hez<\/a><\/li>\r\n<li><a href=\"https:\/\/dunavarsany.hu\/wp-content\/uploads\/2021\/01\/ebosszerio-adatlap.doc\">Eb\u00f6ssze\u00edr\u00f3 adatlap<\/a><\/li>\r\n<li><a href=\"https:\/\/dunavarsany.hu\/wp-content\/uploads\/2025\/07\/Allatvedelmi-hatosagi-eljaras.pdf\">A\u0301llatve\u0301delmi hato\u0301sa\u0301gi elja\u0301ra\u0301s<\/a><\/li>\r\n<li><a href=\"https:\/\/dunavarsany.hu\/wp-content\/uploads\/2025\/11\/Kereskedelmi-tevekenyseg-nyomtatvany.pdf\">Kereskedelmi tev\u00e9kenys\u00e9g bejelent\u00e9se, m\u00f3dos\u00edt\u00e1sa, megsz\u00fcntet\u00e9se<\/a><\/li>\r\n<li><a href=\"https:\/\/dunavarsany.hu\/wp-content\/uploads\/2024\/09\/szallashely-bejelentese-modositasa-megszuntetese.pdf\">Sz\u00e1ll\u00e1shely bejelentese, m\u00f3dos\u00edtasa, megsz\u00fcntet\u00e9se<\/a><\/li>\r\n<li><a href=\"https:\/\/dunavarsany.hu\/dokumentumok\/nyomtatvanyok\/alkalminyitvatartasbejelentese.doc\">K\u00c9RELEM A KERESKEDELMI IGAZOL\u00c1ST\u00d3L ELT\u00c9R\u0150 Alkalmi NYITVATART\u00c1S nyilv\u00e1ntart\u00e1sba v\u00e9tel\u00e9re<\/a><\/li>\r\n<li><a href=\"http:\/\/birosag.hu\/uke-bunteto-nyomtatvanyok\/urlap-keresetlevel-beterjesztesehez-jegyzo-birtokvedelmi-hatarozatanak\">\u0170rlap keresetlev\u00e9l beterjeszt\u00e9s\u00e9hez jegyz\u0151 birtokv\u00e9delmi hat\u00e1rozat\u00e1nak megv\u00e1ltoztat\u00e1sa ir\u00e1nti perben<\/a><\/li>\r\n<li><a href=\"https:\/\/dunavarsany.hu\/dokumentumok\/elovasarlasijog.pdf\">Az el\u0151v\u00e1s\u00e1rl\u00e1si jogr\u00f3l \u00e9rthet\u0151en<\/a><\/li>\r\n<li><a href=\"https:\/\/dunavarsany.hu\/wp-content\/uploads\/2025\/07\/Birtokvdelmi-eljaras.pdf\">Birtokv\u00e9delmi elja\u0301ra\u0301s<\/a><\/li>\r\n<li><a href=\"https:\/\/dunavarsany.hu\/dokumentumok\/nyomtatvanyok\/ig_1706191.pdf\">A haszon\u00e1llat-tart\u00e1s telep\u00fcl\u00e9si szinten megjelen\u0151 jogi szab\u00e1lyoz\u00e1sa<\/a><\/li>\r\n<li><a href=\"https:\/\/dunavarsany.hu\/dokumentumok\/nyomtatvanyok\/ig_1706192.pdf\">Mikrochip, olt\u00e1sok ivartalan\u00edt\u00e1s, hanyag tart\u00e1s, l\u00e1ncon tart\u00e1s \u2013 \u00f6sszef\u00fcgg\u00e9sek \u00e9s k\u00f6vetkezm\u00e9nyek az \u00e1llatv\u00e9delemben<\/a><\/li>\r\n<li><a href=\"https:\/\/dunavarsany.hu\/dokumentumok\/nyomtatvanyok\/ig_170627.pdf\">A vesz\u00e9lyes \u00e1llatok tart\u00e1s\u00e1nak jogi szab\u00e1lyoz\u00e1sa<\/a><\/li>\r\n<\/ul>\r\n<hr \/>\r\n<p>PVKH Szigetszentmikl\u00f3si J\u00e1r\u00e1si Hivatal<\/p>\r\n<ul>\r\n<li><a href=\"https:\/\/dunavarsany.hu\/wp-content\/uploads\/2025\/03\/Kerelem_reklam-reklameszkoz-elhelyezes.pdf\">Ke\u0301relem rekla\u0301m, rekla\u0301meszko\u0308z elhelyeze\u0301s\u00e9re<\/a><\/li>\r\n<\/ul>\r\n","protected":false},"excerpt":{"rendered":"<div class=\"mh-excerpt\"><p>Ad\u00f3 oszt\u00e1ly Ad\u00f3ztat\u00e1ssal kapcsolatos v\u00e1ltoz\u00e1sok 2021-t\u0151l G\u00e9pj\u00e1rm\u0171ad\u00f3 v\u00e1ltoz\u00e1s 2021 Helyi ipar\u0171z\u00e9si ad\u00f3 v\u00e1ltoz\u00e1s 2021 Bejelentkez\u00e9s, v\u00e1ltoz\u00e1s bejelent\u00e9s Talajterhel\u00e9si d\u00edj bevall\u00e1s Ipar\u0171z\u00e9si ad\u00f3 bejelentkez\u00e9s \u00c9p\u00edtm\u00e9nyad\u00f3 adatbejelent\u00e9s f\u0151lap \u00c9p\u00edtm\u00e9nyad\u00f3 &#8222;A&#8221; kieg\u00e9sz\u00edt\u0151 lap \u00c9p\u00edtm\u00e9nyad\u00f3 &#8222;B&#8221; kieg\u00e9sz\u00edt\u0151 lap Meg\u00e1llapod\u00e1s <a class=\"mh-excerpt-more\" href=\"https:\/\/dunavarsany.hu\/index.php\/letoltheto-nyomtatvanyok\/\" title=\"Let\u00f6lthet\u0151 nyomtatv\u00e1nyok\">[&#8230;]<\/a><\/p>\n<\/div>","protected":false},"author":1,"featured_media":0,"parent":0,"menu_order":0,"comment_status":"closed","ping_status":"closed","template":"","meta":{"footnotes":""},"class_list":["post-6077","page","type-page","status-publish"],"_links":{"self":[{"href":"https:\/\/dunavarsany.hu\/index.php\/wp-json\/wp\/v2\/pages\/6077","targetHints":{"allow":["GET"]}}],"collection":[{"href":"https:\/\/dunavarsany.hu\/index.php\/wp-json\/wp\/v2\/pages"}],"about":[{"href":"https:\/\/dunavarsany.hu\/index.php\/wp-json\/wp\/v2\/types\/page"}],"author":[{"embeddable":true,"href":"https:\/\/dunavarsany.hu\/index.php\/wp-json\/wp\/v2\/users\/1"}],"replies":[{"embeddable":true,"href":"https:\/\/dunavarsany.hu\/index.php\/wp-json\/wp\/v2\/comments?post=6077"}],"version-history":[{"count":67,"href":"https:\/\/dunavarsany.hu\/index.php\/wp-json\/wp\/v2\/pages\/6077\/revisions"}],"predecessor-version":[{"id":14841,"href":"https:\/\/dunavarsany.hu\/index.php\/wp-json\/wp\/v2\/pages\/6077\/revisions\/14841"}],"wp:attachment":[{"href":"https:\/\/dunavarsany.hu\/index.php\/wp-json\/wp\/v2\/media?parent=6077"}],"curies":[{"name":"wp","href":"https:\/\/api.w.org\/{rel}","templated":true}]}}