{"id":6059,"date":"2020-08-31T16:33:56","date_gmt":"2020-08-31T16:33:56","guid":{"rendered":"http:\/\/dunavarsany.hu\/?page_id=6059"},"modified":"2021-09-29T06:11:45","modified_gmt":"2021-09-29T06:11:45","slug":"kerekparutak-letesitesenek-felujitasanak-es-korszerusitesenek-tamogatasa-pest-megye-teruleten","status":"publish","type":"page","link":"https:\/\/dunavarsany.hu\/index.php\/kerekparutak-letesitesenek-felujitasanak-es-korszerusitesenek-tamogatasa-pest-megye-teruleten\/","title":{"rendered":"Ker\u00e9kp\u00e1rutak l\u00e9tes\u00edt\u00e9s\u00e9nek, fel\u00faj\u00edt\u00e1s\u00e1nak \u00e9s korszer\u0171s\u00edt\u00e9s\u00e9nek t\u00e1mogat\u00e1sa Pest megye ter\u00fclet\u00e9n"},"content":{"rendered":"\r\n<p>A \u201eKer\u00e9kp\u00e1rutak l\u00e9tes\u00edt\u00e9s\u00e9nek, fel\u00faj\u00edt\u00e1s\u00e1nak \u00e9s korszer\u0171s\u00edt\u00e9s\u00e9nek t\u00e1mogat\u00e1sa Pest megye ter\u00fclet\u00e9n\u201d c\u00edm\u0171 p\u00e1ly\u00e1zati ki\u00edr\u00e1s\u00a0Pest megye c\u00e9lzott fejleszt\u00e9s\u00e9t szolg\u00e1l\u00f3 t\u00e1mogat\u00e1si program r\u00e9szek\u00e9nt jelent meg. A p\u00e1ly\u00e1zat keret\u00e9ben lehet\u0151s\u00e9g ny\u00edlik a Pest megyei telep\u00fcl\u00e9si \u00f6nkorm\u00e1nyzatok ter\u00fclet\u00e9n lev\u0151 \u00fajonnan kijel\u00f6lt ker\u00e9kp\u00e1rutak ki\u00e9p\u00edt\u00e9s\u00e9re, vagy m\u00e1r megl\u00e9v\u0151 ker\u00e9kp\u00e1rutak korszer\u0171s\u00edt\u00e9s\u00e9re, fel\u00faj\u00edt\u00e1s\u00e1ra a f\u0151utak \u00e1tkel\u00e9si (belter\u00fcleti) szakaszain. A p\u00e1ly\u00e1zati ki\u00edr\u00e1s c\u00e9lja a ker\u00e9kp\u00e1roz\u00e1s, mint k\u00f6rnyezetbar\u00e1t k\u00f6zleked\u00e9si m\u00f3d terjed\u00e9s\u00e9nek \u00f6szt\u00f6nz\u00e9se a lakoss\u00e1g k\u00f6r\u00e9ben \u00e9s a hivat\u00e1sforgalm\u00fa ker\u00e9kp\u00e1ros k\u00f6zleked\u00e9s forgalm\u00e1nak a n\u00f6vel\u00e9se.<\/p>\r\n\r\n\r\n\r\n<p>Magyarorsz\u00e1g Korm\u00e1nya d\u00f6nt\u00e9se \u00e9rtelm\u00e9ben Dunavars\u00e1ny \u00d6nkorm\u00e1nyzata 200 milli\u00f3 forint vissza nem t\u00e9r\u00edtend\u0151 t\u00e1mogat\u00e1si \u00f6sszeget nyert p\u00e1ly\u00e1zata megval\u00f3s\u00edt\u00e1s\u00e1ra, melynek felhaszn\u00e1l\u00e1s\u00e1val \u2013 \u00f6nkorm\u00e1nyzati forr\u00e1s biztos\u00edt\u00e1sa mellett \u2013 meg\u00e9p\u00fcl az \u00e9vek \u00f3ta tervezett kisvars\u00e1nyi \u00e9s nagyvars\u00e1nyi telep\u00fcl\u00e9sr\u00e9szt \u00f6sszek\u00f6t\u0151 ker\u00e9kp\u00e1r\u00fat.<\/p>\r\n\r\n\r\n\r\n<p>Dunavars\u00e1ny V\u00e1ros \u00d6nkorm\u00e1nyzata\u00a0a Nagyvars\u00e1nyi utc\u00e1n a Vas\u00fat sort\u00f3l a V\u00f6r\u00f6smarty utc\u00e1ig ker\u00e9kp\u00e1ros piktogramok felfest\u00e9s\u00e9vel ker\u00e9kp\u00e1rnyomot, majd a V\u00f6r\u00f6smarty Mih\u00e1ly utca B\u00faza utca \u00e9s Liget utca k\u00f6z\u00f6tti szakaszon \u00fatburkolat-sz\u00e9les\u00edt\u00e9ssel ker\u00e9kp\u00e1rs\u00e1vot alak\u00edt ki. Kisvars\u00e1nyb\u00f3l a nagyvars\u00e1nyi v\u00e1rosr\u00e9sz fel\u00e9 tartva, az \u00f6sszek\u00f6t\u0151 \u00fat bal oldal\u00e1n a Ny\u00e1r utc\u00e1ig ker\u00e9kp\u00e1r\u00fat ker\u00fcl megval\u00f3s\u00edt\u00e1sra. A Ny\u00e1r utc\u00e1t\u00f3l a Bart\u00f3k B\u00e9la utcai \u00f3vod\u00e1ig szint\u00e9n ker\u00e9kp\u00e1rnyom k\u00e9sz\u00fcl majd ker\u00e9kp\u00e1ros piktogramok felfest\u00e9s\u00e9vel. A Bart\u00f3k B\u00e9la utcai szakaszon 10 f\u00e9r\u0151helyes, nyitott ker\u00e9kp\u00e1rt\u00e1rol\u00f3 is meg\u00e9p\u00edt\u00e9sre ker\u00fcl, valamint k\u00f6zleked\u00e9sbiztons\u00e1gi elemek elhelyez\u00e9se, megvil\u00e1g\u00edt\u00e1s, \u00e9s f\u00e1s\u00edt\u00e1s is megval\u00f3sul a fejleszt\u00e9ssel \u00e9rintett szakaszokon.<\/p>\r\n\r\n\r\n\r\n<p>A projekt c\u00e9lja Dunavars\u00e1ny egyes v\u00e1rosr\u00e9szei k\u00f6zti kapcsolat jav\u00edt\u00e1sa, a v\u00e1rosban m\u0171k\u00f6d\u0151 munkahelyek el\u00e9rhet\u0151s\u00e9g\u00e9nek jav\u00edt\u00e1sa, balesetvesz\u00e9lyes g\u00f3cpontok felsz\u00e1mol\u00e1sa.\u00a0A fejleszt\u00e9s \u00e1ltal rem\u00e9nyeink szerint a k\u00f6zleked\u00e9sbiztons\u00e1g jav\u00edt\u00e1sa mellett n\u00e9pszer\u0171bb\u00e9 v\u00e1lik a ker\u00e9kp\u00e1roz\u00e1s, mint k\u00f6rnyezetbar\u00e1t, fenntarthat\u00f3 k\u00f6zleked\u00e9si m\u00f3d.<\/p>\r\n\r\n\r\n\r\n<p>A t\u00e1mogat\u00e1si szerz\u0151d\u00e9s al\u00e1\u00edr\u00e1sra ker\u00fclt, a Magyar \u00c1llamkincst\u00e1r a projekt el\u0151leg\u00e9t \u00e1tutalta \u00f6nkorm\u00e1nyzatunknak. Terveink szerint a beruh\u00e1z\u00e1s 20 h\u00f3napot fog ig\u00e9nybe venni, mely v\u00e1rhat\u00f3an 2020-ban kezd\u0151dhet meg.<\/p>\r\n\r\n\r\n\r\n<ul class=\"wp-block-gallery columns-3 is-cropped wp-block-gallery-1 is-layout-flex wp-block-gallery-is-layout-flex\">\r\n<li class=\"blocks-gallery-item\">\r\n<figure><img loading=\"lazy\" decoding=\"async\" width=\"1024\" height=\"498\" class=\"wp-image-6308\" src=\"https:\/\/dunavarsany.hu\/wp-content\/uploads\/2020\/09\/20200916_103751-1024x498.jpg\" alt=\"\" data-id=\"6308\" data-link=\"https:\/\/dunavarsany.hu\/index.php\/kerekparutak-letesitesenek-felujitasanak-es-korszerusitesenek-tamogatasa-pest-megye-teruleten\/20200916_103751\/\" srcset=\"https:\/\/dunavarsany.hu\/wp-content\/uploads\/2020\/09\/20200916_103751-1024x498.jpg 1024w, https:\/\/dunavarsany.hu\/wp-content\/uploads\/2020\/09\/20200916_103751-300x146.jpg 300w, https:\/\/dunavarsany.hu\/wp-content\/uploads\/2020\/09\/20200916_103751-768x373.jpg 768w\" sizes=\"auto, (max-width: 1024px) 100vw, 1024px\" \/><\/figure>\r\n<\/li>\r\n<li class=\"blocks-gallery-item\">\r\n<figure><img loading=\"lazy\" decoding=\"async\" width=\"1024\" height=\"498\" class=\"wp-image-6309\" src=\"https:\/\/dunavarsany.hu\/wp-content\/uploads\/2020\/09\/20200916_103804-1024x498.jpg\" alt=\"\" data-id=\"6309\" data-link=\"https:\/\/dunavarsany.hu\/index.php\/kerekparutak-letesitesenek-felujitasanak-es-korszerusitesenek-tamogatasa-pest-megye-teruleten\/20200916_103804\/\" srcset=\"https:\/\/dunavarsany.hu\/wp-content\/uploads\/2020\/09\/20200916_103804-1024x498.jpg 1024w, https:\/\/dunavarsany.hu\/wp-content\/uploads\/2020\/09\/20200916_103804-300x146.jpg 300w, https:\/\/dunavarsany.hu\/wp-content\/uploads\/2020\/09\/20200916_103804-768x373.jpg 768w\" sizes=\"auto, (max-width: 1024px) 100vw, 1024px\" \/><\/figure>\r\n<\/li>\r\n<li class=\"blocks-gallery-item\">\r\n<figure><img loading=\"lazy\" decoding=\"async\" width=\"1024\" height=\"498\" class=\"wp-image-6310\" src=\"https:\/\/dunavarsany.hu\/wp-content\/uploads\/2020\/09\/20200916_103836-1024x498.jpg\" alt=\"\" data-id=\"6310\" data-link=\"https:\/\/dunavarsany.hu\/index.php\/kerekparutak-letesitesenek-felujitasanak-es-korszerusitesenek-tamogatasa-pest-megye-teruleten\/20200916_103836\/\" srcset=\"https:\/\/dunavarsany.hu\/wp-content\/uploads\/2020\/09\/20200916_103836-1024x498.jpg 1024w, https:\/\/dunavarsany.hu\/wp-content\/uploads\/2020\/09\/20200916_103836-300x146.jpg 300w, https:\/\/dunavarsany.hu\/wp-content\/uploads\/2020\/09\/20200916_103836-768x373.jpg 768w\" sizes=\"auto, (max-width: 1024px) 100vw, 1024px\" \/><\/figure>\r\n<\/li>\r\n<li class=\"blocks-gallery-item\">\r\n<figure><img loading=\"lazy\" decoding=\"async\" width=\"1024\" height=\"498\" class=\"wp-image-6311\" src=\"https:\/\/dunavarsany.hu\/wp-content\/uploads\/2020\/09\/20200916_103918-1024x498.jpg\" alt=\"\" data-id=\"6311\" data-link=\"https:\/\/dunavarsany.hu\/index.php\/kerekparutak-letesitesenek-felujitasanak-es-korszerusitesenek-tamogatasa-pest-megye-teruleten\/20200916_103918\/\" srcset=\"https:\/\/dunavarsany.hu\/wp-content\/uploads\/2020\/09\/20200916_103918-1024x498.jpg 1024w, https:\/\/dunavarsany.hu\/wp-content\/uploads\/2020\/09\/20200916_103918-300x146.jpg 300w, https:\/\/dunavarsany.hu\/wp-content\/uploads\/2020\/09\/20200916_103918-768x373.jpg 768w\" sizes=\"auto, (max-width: 1024px) 100vw, 1024px\" \/><\/figure>\r\n<\/li>\r\n<li class=\"blocks-gallery-item\"><img loading=\"lazy\" decoding=\"async\" width=\"1024\" height=\"498\" class=\"wp-image-6312\" src=\"https:\/\/dunavarsany.hu\/wp-content\/uploads\/2020\/09\/20200916_104251-1024x498.jpg\" alt=\"\" data-id=\"6312\" data-link=\"https:\/\/dunavarsany.hu\/index.php\/kerekparutak-letesitesenek-felujitasanak-es-korszerusitesenek-tamogatasa-pest-megye-teruleten\/20200916_104251\/\" srcset=\"https:\/\/dunavarsany.hu\/wp-content\/uploads\/2020\/09\/20200916_104251-1024x498.jpg 1024w, https:\/\/dunavarsany.hu\/wp-content\/uploads\/2020\/09\/20200916_104251-300x146.jpg 300w, https:\/\/dunavarsany.hu\/wp-content\/uploads\/2020\/09\/20200916_104251-768x373.jpg 768w\" sizes=\"auto, (max-width: 1024px) 100vw, 1024px\" \/><\/li>\r\n<li><img loading=\"lazy\" decoding=\"async\" class=\"alignnone wp-image-8580\" src=\"https:\/\/dunavarsany.hu\/wp-content\/uploads\/2021\/09\/bicikliut-3-1024x693.jpg\" alt=\"\" width=\"1024\" height=\"693\" srcset=\"https:\/\/dunavarsany.hu\/wp-content\/uploads\/2021\/09\/bicikliut-3-1024x693.jpg 1024w, https:\/\/dunavarsany.hu\/wp-content\/uploads\/2021\/09\/bicikliut-3-300x203.jpg 300w, https:\/\/dunavarsany.hu\/wp-content\/uploads\/2021\/09\/bicikliut-3-768x520.jpg 768w, https:\/\/dunavarsany.hu\/wp-content\/uploads\/2021\/09\/bicikliut-3-1536x1040.jpg 1536w, https:\/\/dunavarsany.hu\/wp-content\/uploads\/2021\/09\/bicikliut-3-2048x1386.jpg 2048w\" sizes=\"auto, (max-width: 1024px) 100vw, 1024px\" \/><\/li>\r\n<li><img loading=\"lazy\" decoding=\"async\" class=\"alignnone wp-image-8581\" src=\"https:\/\/dunavarsany.hu\/wp-content\/uploads\/2021\/09\/Kerekparutatado-5-1024x717.jpg\" alt=\"\" width=\"1024\" height=\"717\" srcset=\"https:\/\/dunavarsany.hu\/wp-content\/uploads\/2021\/09\/Kerekparutatado-5-1024x717.jpg 1024w, https:\/\/dunavarsany.hu\/wp-content\/uploads\/2021\/09\/Kerekparutatado-5-300x210.jpg 300w, https:\/\/dunavarsany.hu\/wp-content\/uploads\/2021\/09\/Kerekparutatado-5-768x538.jpg 768w, https:\/\/dunavarsany.hu\/wp-content\/uploads\/2021\/09\/Kerekparutatado-5-1536x1076.jpg 1536w, https:\/\/dunavarsany.hu\/wp-content\/uploads\/2021\/09\/Kerekparutatado-5-2048x1434.jpg 2048w\" sizes=\"auto, (max-width: 1024px) 100vw, 1024px\" \/><\/li>\r\n<li><img loading=\"lazy\" decoding=\"async\" class=\"alignnone wp-image-8582\" src=\"https:\/\/dunavarsany.hu\/wp-content\/uploads\/2021\/09\/Kerekparutatado-9-1024x665.jpg\" alt=\"\" width=\"1024\" height=\"665\" srcset=\"https:\/\/dunavarsany.hu\/wp-content\/uploads\/2021\/09\/Kerekparutatado-9-1024x665.jpg 1024w, https:\/\/dunavarsany.hu\/wp-content\/uploads\/2021\/09\/Kerekparutatado-9-300x195.jpg 300w, https:\/\/dunavarsany.hu\/wp-content\/uploads\/2021\/09\/Kerekparutatado-9-768x499.jpg 768w, https:\/\/dunavarsany.hu\/wp-content\/uploads\/2021\/09\/Kerekparutatado-9-1536x998.jpg 1536w, https:\/\/dunavarsany.hu\/wp-content\/uploads\/2021\/09\/Kerekparutatado-9-2048x1330.jpg 2048w\" sizes=\"auto, (max-width: 1024px) 100vw, 1024px\" \/><\/li>\r\n<li><img loading=\"lazy\" decoding=\"async\" class=\"alignnone wp-image-8583\" src=\"https:\/\/dunavarsany.hu\/wp-content\/uploads\/2021\/09\/Kerekparutatado-19-683x1024.jpg\" alt=\"\" width=\"683\" height=\"1024\" srcset=\"https:\/\/dunavarsany.hu\/wp-content\/uploads\/2021\/09\/Kerekparutatado-19-683x1024.jpg 683w, https:\/\/dunavarsany.hu\/wp-content\/uploads\/2021\/09\/Kerekparutatado-19-200x300.jpg 200w, https:\/\/dunavarsany.hu\/wp-content\/uploads\/2021\/09\/Kerekparutatado-19-768x1152.jpg 768w, https:\/\/dunavarsany.hu\/wp-content\/uploads\/2021\/09\/Kerekparutatado-19-1024x1536.jpg 1024w, https:\/\/dunavarsany.hu\/wp-content\/uploads\/2021\/09\/Kerekparutatado-19-1365x2048.jpg 1365w, https:\/\/dunavarsany.hu\/wp-content\/uploads\/2021\/09\/Kerekparutatado-19-scaled.jpg 1707w\" sizes=\"auto, (max-width: 683px) 100vw, 683px\" \/><\/li>\r\n<li><img loading=\"lazy\" decoding=\"async\" class=\"alignnone wp-image-8584\" src=\"https:\/\/dunavarsany.hu\/wp-content\/uploads\/2021\/09\/Kerekparutatado-20-866x1024.jpg\" alt=\"\" width=\"866\" height=\"1024\" srcset=\"https:\/\/dunavarsany.hu\/wp-content\/uploads\/2021\/09\/Kerekparutatado-20-866x1024.jpg 866w, https:\/\/dunavarsany.hu\/wp-content\/uploads\/2021\/09\/Kerekparutatado-20-254x300.jpg 254w, https:\/\/dunavarsany.hu\/wp-content\/uploads\/2021\/09\/Kerekparutatado-20-768x908.jpg 768w, https:\/\/dunavarsany.hu\/wp-content\/uploads\/2021\/09\/Kerekparutatado-20-1299x1536.jpg 1299w, https:\/\/dunavarsany.hu\/wp-content\/uploads\/2021\/09\/Kerekparutatado-20-1733x2048.jpg 1733w\" sizes=\"auto, (max-width: 866px) 100vw, 866px\" \/><\/li>\r\n<\/ul>\r\n","protected":false},"excerpt":{"rendered":"<div class=\"mh-excerpt\"><p>A \u201eKer\u00e9kp\u00e1rutak l\u00e9tes\u00edt\u00e9s\u00e9nek, fel\u00faj\u00edt\u00e1s\u00e1nak \u00e9s korszer\u0171s\u00edt\u00e9s\u00e9nek t\u00e1mogat\u00e1sa Pest megye ter\u00fclet\u00e9n\u201d c\u00edm\u0171 p\u00e1ly\u00e1zati ki\u00edr\u00e1s\u00a0Pest megye c\u00e9lzott fejleszt\u00e9s\u00e9t szolg\u00e1l\u00f3 t\u00e1mogat\u00e1si program r\u00e9szek\u00e9nt jelent meg. A p\u00e1ly\u00e1zat keret\u00e9ben lehet\u0151s\u00e9g ny\u00edlik a Pest megyei telep\u00fcl\u00e9si \u00f6nkorm\u00e1nyzatok ter\u00fclet\u00e9n lev\u0151 \u00fajonnan <a class=\"mh-excerpt-more\" href=\"https:\/\/dunavarsany.hu\/index.php\/kerekparutak-letesitesenek-felujitasanak-es-korszerusitesenek-tamogatasa-pest-megye-teruleten\/\" title=\"Ker\u00e9kp\u00e1rutak l\u00e9tes\u00edt\u00e9s\u00e9nek, fel\u00faj\u00edt\u00e1s\u00e1nak \u00e9s korszer\u0171s\u00edt\u00e9s\u00e9nek t\u00e1mogat\u00e1sa Pest megye ter\u00fclet\u00e9n\">[&#8230;]<\/a><\/p>\n<\/div>","protected":false},"author":1,"featured_media":0,"parent":0,"menu_order":0,"comment_status":"closed","ping_status":"closed","template":"","meta":{"footnotes":""},"class_list":["post-6059","page","type-page","status-publish"],"_links":{"self":[{"href":"https:\/\/dunavarsany.hu\/index.php\/wp-json\/wp\/v2\/pages\/6059","targetHints":{"allow":["GET"]}}],"collection":[{"href":"https:\/\/dunavarsany.hu\/index.php\/wp-json\/wp\/v2\/pages"}],"about":[{"href":"https:\/\/dunavarsany.hu\/index.php\/wp-json\/wp\/v2\/types\/page"}],"author":[{"embeddable":true,"href":"https:\/\/dunavarsany.hu\/index.php\/wp-json\/wp\/v2\/users\/1"}],"replies":[{"embeddable":true,"href":"https:\/\/dunavarsany.hu\/index.php\/wp-json\/wp\/v2\/comments?post=6059"}],"version-history":[{"count":5,"href":"https:\/\/dunavarsany.hu\/index.php\/wp-json\/wp\/v2\/pages\/6059\/revisions"}],"predecessor-version":[{"id":8586,"href":"https:\/\/dunavarsany.hu\/index.php\/wp-json\/wp\/v2\/pages\/6059\/revisions\/8586"}],"wp:attachment":[{"href":"https:\/\/dunavarsany.hu\/index.php\/wp-json\/wp\/v2\/media?parent=6059"}],"curies":[{"name":"wp","href":"https:\/\/api.w.org\/{rel}","templated":true}]}}