{"id":6047,"date":"2020-08-31T16:25:38","date_gmt":"2020-08-31T16:25:38","guid":{"rendered":"http:\/\/dunavarsany.hu\/?page_id=6047"},"modified":"2020-09-24T13:46:43","modified_gmt":"2020-09-24T13:46:43","slug":"belteruleti-utak-fejlesztese","status":"publish","type":"page","link":"https:\/\/dunavarsany.hu\/index.php\/belteruleti-utak-fejlesztese\/","title":{"rendered":"Belter\u00fcleti utak fejleszt\u00e9se"},"content":{"rendered":"\n<figure class=\"wp-block-image size-large\"><img loading=\"lazy\" decoding=\"async\" width=\"936\" height=\"662\" src=\"https:\/\/dunavarsany.hu\/wp-content\/uploads\/2020\/08\/PM_nyilvanossag_tabla_sablon_2018_kulteri_A0_x5.jpg\" alt=\"\" class=\"wp-image-6048\" srcset=\"https:\/\/dunavarsany.hu\/wp-content\/uploads\/2020\/08\/PM_nyilvanossag_tabla_sablon_2018_kulteri_A0_x5.jpg 936w, https:\/\/dunavarsany.hu\/wp-content\/uploads\/2020\/08\/PM_nyilvanossag_tabla_sablon_2018_kulteri_A0_x5-300x212.jpg 300w, https:\/\/dunavarsany.hu\/wp-content\/uploads\/2020\/08\/PM_nyilvanossag_tabla_sablon_2018_kulteri_A0_x5-768x543.jpg 768w\" sizes=\"auto, (max-width: 936px) 100vw, 936px\" \/><\/figure>\n\n\n\n<figure class=\"wp-block-image size-large\"><img loading=\"lazy\" decoding=\"async\" width=\"724\" height=\"1024\" src=\"https:\/\/dunavarsany.hu\/wp-content\/uploads\/2020\/08\/ALOLDAL20190627_Oldal_1-724x1024.jpg\" alt=\"\" class=\"wp-image-6049\" srcset=\"https:\/\/dunavarsany.hu\/wp-content\/uploads\/2020\/08\/ALOLDAL20190627_Oldal_1-724x1024.jpg 724w, https:\/\/dunavarsany.hu\/wp-content\/uploads\/2020\/08\/ALOLDAL20190627_Oldal_1-212x300.jpg 212w, https:\/\/dunavarsany.hu\/wp-content\/uploads\/2020\/08\/ALOLDAL20190627_Oldal_1-768x1086.jpg 768w, https:\/\/dunavarsany.hu\/wp-content\/uploads\/2020\/08\/ALOLDAL20190627_Oldal_1-1086x1536.jpg 1086w, https:\/\/dunavarsany.hu\/wp-content\/uploads\/2020\/08\/ALOLDAL20190627_Oldal_1-1448x2048.jpg 1448w, https:\/\/dunavarsany.hu\/wp-content\/uploads\/2020\/08\/ALOLDAL20190627_Oldal_1-scaled.jpg 1811w\" sizes=\"auto, (max-width: 724px) 100vw, 724px\" \/><\/figure>\n\n\n\n<figure class=\"wp-block-image size-large\"><img loading=\"lazy\" decoding=\"async\" width=\"724\" height=\"1024\" src=\"https:\/\/dunavarsany.hu\/wp-content\/uploads\/2020\/08\/ALOLDAL20190627_Oldal_2-724x1024.jpg\" alt=\"\" class=\"wp-image-6050\" srcset=\"https:\/\/dunavarsany.hu\/wp-content\/uploads\/2020\/08\/ALOLDAL20190627_Oldal_2-724x1024.jpg 724w, https:\/\/dunavarsany.hu\/wp-content\/uploads\/2020\/08\/ALOLDAL20190627_Oldal_2-212x300.jpg 212w, https:\/\/dunavarsany.hu\/wp-content\/uploads\/2020\/08\/ALOLDAL20190627_Oldal_2-768x1086.jpg 768w, https:\/\/dunavarsany.hu\/wp-content\/uploads\/2020\/08\/ALOLDAL20190627_Oldal_2-1086x1536.jpg 1086w, https:\/\/dunavarsany.hu\/wp-content\/uploads\/2020\/08\/ALOLDAL20190627_Oldal_2-1448x2048.jpg 1448w, https:\/\/dunavarsany.hu\/wp-content\/uploads\/2020\/08\/ALOLDAL20190627_Oldal_2-scaled.jpg 1811w\" sizes=\"auto, (max-width: 724px) 100vw, 724px\" \/><\/figure>\n\n\n\n<figure class=\"wp-block-image size-large\"><img loading=\"lazy\" decoding=\"async\" width=\"724\" height=\"1024\" src=\"https:\/\/dunavarsany.hu\/wp-content\/uploads\/2020\/08\/ALOLDAL20190627_Oldal_3-724x1024.jpg\" alt=\"\" class=\"wp-image-6051\" srcset=\"https:\/\/dunavarsany.hu\/wp-content\/uploads\/2020\/08\/ALOLDAL20190627_Oldal_3-724x1024.jpg 724w, https:\/\/dunavarsany.hu\/wp-content\/uploads\/2020\/08\/ALOLDAL20190627_Oldal_3-212x300.jpg 212w, https:\/\/dunavarsany.hu\/wp-content\/uploads\/2020\/08\/ALOLDAL20190627_Oldal_3-768x1086.jpg 768w, https:\/\/dunavarsany.hu\/wp-content\/uploads\/2020\/08\/ALOLDAL20190627_Oldal_3-1086x1536.jpg 1086w, https:\/\/dunavarsany.hu\/wp-content\/uploads\/2020\/08\/ALOLDAL20190627_Oldal_3-1448x2048.jpg 1448w, https:\/\/dunavarsany.hu\/wp-content\/uploads\/2020\/08\/ALOLDAL20190627_Oldal_3-scaled.jpg 1811w\" sizes=\"auto, (max-width: 724px) 100vw, 724px\" \/><\/figure>\n\n\n\n<figure class=\"wp-block-image size-large\"><img loading=\"lazy\" decoding=\"async\" width=\"640\" height=\"360\" src=\"https:\/\/dunavarsany.hu\/wp-content\/uploads\/2020\/08\/11000406-1.jpg\" alt=\"\" class=\"wp-image-6052\" srcset=\"https:\/\/dunavarsany.hu\/wp-content\/uploads\/2020\/08\/11000406-1.jpg 640w, https:\/\/dunavarsany.hu\/wp-content\/uploads\/2020\/08\/11000406-1-300x169.jpg 300w\" sizes=\"auto, (max-width: 640px) 100vw, 640px\" \/><\/figure>\n\n\n\n<figure class=\"wp-block-image size-large\"><img loading=\"lazy\" decoding=\"async\" width=\"640\" height=\"360\" src=\"https:\/\/dunavarsany.hu\/wp-content\/uploads\/2020\/08\/11000408-2.jpg\" alt=\"\" class=\"wp-image-6053\" srcset=\"https:\/\/dunavarsany.hu\/wp-content\/uploads\/2020\/08\/11000408-2.jpg 640w, https:\/\/dunavarsany.hu\/wp-content\/uploads\/2020\/08\/11000408-2-300x169.jpg 300w\" sizes=\"auto, (max-width: 640px) 100vw, 640px\" \/><\/figure>\n\n\n\n<figure class=\"wp-block-image size-large\"><img loading=\"lazy\" decoding=\"async\" width=\"640\" height=\"360\" src=\"https:\/\/dunavarsany.hu\/wp-content\/uploads\/2020\/08\/11000408-3.jpg\" alt=\"\" class=\"wp-image-6054\" srcset=\"https:\/\/dunavarsany.hu\/wp-content\/uploads\/2020\/08\/11000408-3.jpg 640w, https:\/\/dunavarsany.hu\/wp-content\/uploads\/2020\/08\/11000408-3-300x169.jpg 300w\" sizes=\"auto, (max-width: 640px) 100vw, 640px\" \/><\/figure>\n\n\n\n<figure class=\"wp-block-image size-large\"><img loading=\"lazy\" decoding=\"async\" width=\"640\" height=\"360\" src=\"https:\/\/dunavarsany.hu\/wp-content\/uploads\/2020\/08\/11000408-4.jpg\" alt=\"\" class=\"wp-image-6055\" srcset=\"https:\/\/dunavarsany.hu\/wp-content\/uploads\/2020\/08\/11000408-4.jpg 640w, https:\/\/dunavarsany.hu\/wp-content\/uploads\/2020\/08\/11000408-4-300x169.jpg 300w\" sizes=\"auto, (max-width: 640px) 100vw, 640px\" \/><\/figure>\n\n\n\n<figure class=\"wp-block-gallery columns-3 is-cropped wp-block-gallery-1 is-layout-flex wp-block-gallery-is-layout-flex\"><ul class=\"blocks-gallery-grid\"><li class=\"blocks-gallery-item\"><figure><img loading=\"lazy\" decoding=\"async\" width=\"1024\" height=\"768\" src=\"https:\/\/dunavarsany.hu\/wp-content\/uploads\/2020\/09\/Skanyar-4-1024x768.jpg\" alt=\"\" data-id=\"6340\" data-link=\"https:\/\/dunavarsany.hu\/index.php\/belteruleti-utak-fejlesztese\/skanyar-4\/\" class=\"wp-image-6340\" srcset=\"https:\/\/dunavarsany.hu\/wp-content\/uploads\/2020\/09\/Skanyar-4-1024x768.jpg 1024w, https:\/\/dunavarsany.hu\/wp-content\/uploads\/2020\/09\/Skanyar-4-300x225.jpg 300w, https:\/\/dunavarsany.hu\/wp-content\/uploads\/2020\/09\/Skanyar-4-768x576.jpg 768w, https:\/\/dunavarsany.hu\/wp-content\/uploads\/2020\/09\/Skanyar-4-1536x1152.jpg 1536w, https:\/\/dunavarsany.hu\/wp-content\/uploads\/2020\/09\/Skanyar-4-2048x1536.jpg 2048w, https:\/\/dunavarsany.hu\/wp-content\/uploads\/2020\/09\/Skanyar-4-678x509.jpg 678w, https:\/\/dunavarsany.hu\/wp-content\/uploads\/2020\/09\/Skanyar-4-326x245.jpg 326w, https:\/\/dunavarsany.hu\/wp-content\/uploads\/2020\/09\/Skanyar-4-80x60.jpg 80w\" sizes=\"auto, (max-width: 1024px) 100vw, 1024px\" \/><\/figure><\/li><li class=\"blocks-gallery-item\"><figure><img loading=\"lazy\" decoding=\"async\" width=\"1024\" height=\"768\" src=\"https:\/\/dunavarsany.hu\/wp-content\/uploads\/2020\/09\/Skanyar_FRISS-6-1024x768.jpg\" alt=\"\" data-id=\"6341\" data-link=\"https:\/\/dunavarsany.hu\/index.php\/belteruleti-utak-fejlesztese\/skanyar_friss-6\/\" class=\"wp-image-6341\" srcset=\"https:\/\/dunavarsany.hu\/wp-content\/uploads\/2020\/09\/Skanyar_FRISS-6-1024x768.jpg 1024w, https:\/\/dunavarsany.hu\/wp-content\/uploads\/2020\/09\/Skanyar_FRISS-6-300x225.jpg 300w, https:\/\/dunavarsany.hu\/wp-content\/uploads\/2020\/09\/Skanyar_FRISS-6-768x576.jpg 768w, https:\/\/dunavarsany.hu\/wp-content\/uploads\/2020\/09\/Skanyar_FRISS-6-1536x1152.jpg 1536w, https:\/\/dunavarsany.hu\/wp-content\/uploads\/2020\/09\/Skanyar_FRISS-6-2048x1536.jpg 2048w, https:\/\/dunavarsany.hu\/wp-content\/uploads\/2020\/09\/Skanyar_FRISS-6-678x509.jpg 678w, https:\/\/dunavarsany.hu\/wp-content\/uploads\/2020\/09\/Skanyar_FRISS-6-326x245.jpg 326w, https:\/\/dunavarsany.hu\/wp-content\/uploads\/2020\/09\/Skanyar_FRISS-6-80x60.jpg 80w\" sizes=\"auto, (max-width: 1024px) 100vw, 1024px\" \/><\/figure><\/li><li class=\"blocks-gallery-item\"><figure><img loading=\"lazy\" decoding=\"async\" width=\"1024\" height=\"768\" src=\"https:\/\/dunavarsany.hu\/wp-content\/uploads\/2020\/09\/Skanyar_FRISS-7-1024x768.jpg\" alt=\"\" data-id=\"6344\" data-link=\"https:\/\/dunavarsany.hu\/index.php\/belteruleti-utak-fejlesztese\/skanyar_friss-7\/\" class=\"wp-image-6344\" srcset=\"https:\/\/dunavarsany.hu\/wp-content\/uploads\/2020\/09\/Skanyar_FRISS-7-1024x768.jpg 1024w, https:\/\/dunavarsany.hu\/wp-content\/uploads\/2020\/09\/Skanyar_FRISS-7-300x225.jpg 300w, https:\/\/dunavarsany.hu\/wp-content\/uploads\/2020\/09\/Skanyar_FRISS-7-768x576.jpg 768w, https:\/\/dunavarsany.hu\/wp-content\/uploads\/2020\/09\/Skanyar_FRISS-7-1536x1152.jpg 1536w, https:\/\/dunavarsany.hu\/wp-content\/uploads\/2020\/09\/Skanyar_FRISS-7-2048x1536.jpg 2048w, https:\/\/dunavarsany.hu\/wp-content\/uploads\/2020\/09\/Skanyar_FRISS-7-678x509.jpg 678w, https:\/\/dunavarsany.hu\/wp-content\/uploads\/2020\/09\/Skanyar_FRISS-7-326x245.jpg 326w, https:\/\/dunavarsany.hu\/wp-content\/uploads\/2020\/09\/Skanyar_FRISS-7-80x60.jpg 80w\" sizes=\"auto, (max-width: 1024px) 100vw, 1024px\" \/><\/figure><\/li><\/ul><figcaption class=\"blocks-gallery-caption\">2020. j\u00faliusi k\u00e9sz\u00fclts\u00e9g<\/figcaption><\/figure>\n\n\n\n<p><\/p>\n\n\n\n<p><\/p>\n","protected":false},"excerpt":{"rendered":"<div class=\"mh-excerpt\"><\/div>","protected":false},"author":1,"featured_media":0,"parent":0,"menu_order":0,"comment_status":"closed","ping_status":"closed","template":"","meta":{"footnotes":""},"class_list":["post-6047","page","type-page","status-publish"],"_links":{"self":[{"href":"https:\/\/dunavarsany.hu\/index.php\/wp-json\/wp\/v2\/pages\/6047","targetHints":{"allow":["GET"]}}],"collection":[{"href":"https:\/\/dunavarsany.hu\/index.php\/wp-json\/wp\/v2\/pages"}],"about":[{"href":"https:\/\/dunavarsany.hu\/index.php\/wp-json\/wp\/v2\/types\/page"}],"author":[{"embeddable":true,"href":"https:\/\/dunavarsany.hu\/index.php\/wp-json\/wp\/v2\/users\/1"}],"replies":[{"embeddable":true,"href":"https:\/\/dunavarsany.hu\/index.php\/wp-json\/wp\/v2\/comments?post=6047"}],"version-history":[{"count":3,"href":"https:\/\/dunavarsany.hu\/index.php\/wp-json\/wp\/v2\/pages\/6047\/revisions"}],"predecessor-version":[{"id":6347,"href":"https:\/\/dunavarsany.hu\/index.php\/wp-json\/wp\/v2\/pages\/6047\/revisions\/6347"}],"wp:attachment":[{"href":"https:\/\/dunavarsany.hu\/index.php\/wp-json\/wp\/v2\/media?parent=6047"}],"curies":[{"name":"wp","href":"https:\/\/api.w.org\/{rel}","templated":true}]}}