{"id":5476,"date":"2020-07-20T12:48:28","date_gmt":"2020-07-20T12:48:28","guid":{"rendered":"http:\/\/localhost\/dunavarsany.hu\/?page_id=5476"},"modified":"2026-03-23T10:26:52","modified_gmt":"2026-03-23T10:26:52","slug":"kozszolgaltatas-rendeszet","status":"publish","type":"page","link":"https:\/\/dunavarsany.hu\/index.php\/kozszolgaltatas-rendeszet\/","title":{"rendered":"K\u00f6zszolg\u00e1ltat\u00e1sok"},"content":{"rendered":"\r\n\r\n\r\n<p><strong>Rend\u0151r\u0151rs<\/strong><\/p>\r\n<ul>\r\n<li>Gy\u00f3ni G\u00e9za u. 5.<\/li>\r\n<li>06 24 472 125; 06 20 489 6753<\/li>\r\n<\/ul>\r\n\r\n\r\n\r\n<p><strong>Polg\u00e1r\u0151rs\u00e9g<\/strong><\/p>\r\n<ul>\r\n<li>06 30 845 1007<\/li>\r\n<\/ul>\r\n<p>\r\n\r\n<\/p>\r\n<p><strong>\u00d6nk\u00e9ntes t\u0171zolt\u00f3k<\/strong><\/p>\r\n<ul>\r\n<li>06 30 987 2850<\/li>\r\n<\/ul>\r\n<p><strong>K\u00f6zter\u00fclet-fel\u00fcgyel\u0151k<\/strong><\/p>\r\n<ul>\r\n<li>KIS G\u00c1BOR Rend\u00e9szeti csoportvezet\u0151 +36 20 266 4652<\/li>\r\n<li>GRAJCZ\u00c1R L\u00c1SZL\u00d3 K\u00f6zter\u00fclet-fel\u00fcgyel\u0151 +36 20 266 5109<\/li>\r\n<li>SZAB\u00d3 KRISZTINA K\u00f6zter\u00fclet-fel\u00fcgyel\u0151 +36 20 266 4332<\/li>\r\n<li>T\u00d3TH ALAD\u00c1R K\u00f6zter\u00fclet-fel\u00fcgyel\u0151 +36 20 215 8324<\/li>\r\n<\/ul>\r\n<p><strong>Gyepmester &#8211; <\/strong><strong>Ebrend\u00e9szet<\/strong><\/p>\r\n<ul>\r\n<li>+36 20 316 5462<\/li>\r\n<li>Kis\u00e1llat tetem elsz\u00e1ll\u00edt\u00e1s k\u00f6zter\u00fcletr\u0151l: +36 80 630 242<\/li>\r\n<\/ul>\r\n\r\n\r\n\r\n<p><strong>Mez\u0151\u0151r<\/strong><\/p>\r\n<ul>\r\n<li>Schipeck S\u00e1ndor 06 70 382 3660<\/li>\r\n<\/ul>\r\n<p><strong><a href=\"http:\/\/dtkh.hu\/\">Hullad\u00e9ksz\u00e1ll\u00edt\u00e1s<\/a><\/strong><\/p>\r\n<p><strong>\r\n\r\n<\/strong><\/p>\r\n<p><strong><a href=\"https:\/\/dpmv.hu\/\">V\u00edz \u00e9s csatorna &#8211; D\u00e9l-Pest Megyei Vizik\u00f6zm\u0171 Szolg\u00e1ltat\u00f3 Kft.<\/a><\/strong><\/p>\r\n<p><strong>\r\n\r\n<\/strong><\/p>\r\n<p><strong><a href=\"http:\/\/elohimkft.hu\">Temetkez\u00e9s \u2013 Elohim Kft.<\/a><\/strong><\/p>\r\n\r\n\r\n\r\n<p>&nbsp;<\/p>\r\n","protected":false},"excerpt":{"rendered":"<div class=\"mh-excerpt\"><p>Rend\u0151r\u0151rs Gy\u00f3ni G\u00e9za u. 5. 06 24 472 125; 06 20 489 6753 Polg\u00e1r\u0151rs\u00e9g 06 30 845 1007 \u00d6nk\u00e9ntes t\u0171zolt\u00f3k 06 30 987 2850 K\u00f6zter\u00fclet-fel\u00fcgyel\u0151k KIS G\u00c1BOR Rend\u00e9szeti csoportvezet\u0151 +36 20 266 4652 GRAJCZ\u00c1R L\u00c1SZL\u00d3 <a class=\"mh-excerpt-more\" href=\"https:\/\/dunavarsany.hu\/index.php\/kozszolgaltatas-rendeszet\/\" title=\"K\u00f6zszolg\u00e1ltat\u00e1sok\">[&#8230;]<\/a><\/p>\n<\/div>","protected":false},"author":2,"featured_media":0,"parent":0,"menu_order":0,"comment_status":"closed","ping_status":"closed","template":"","meta":{"footnotes":""},"class_list":["post-5476","page","type-page","status-publish"],"_links":{"self":[{"href":"https:\/\/dunavarsany.hu\/index.php\/wp-json\/wp\/v2\/pages\/5476","targetHints":{"allow":["GET"]}}],"collection":[{"href":"https:\/\/dunavarsany.hu\/index.php\/wp-json\/wp\/v2\/pages"}],"about":[{"href":"https:\/\/dunavarsany.hu\/index.php\/wp-json\/wp\/v2\/types\/page"}],"author":[{"embeddable":true,"href":"https:\/\/dunavarsany.hu\/index.php\/wp-json\/wp\/v2\/users\/2"}],"replies":[{"embeddable":true,"href":"https:\/\/dunavarsany.hu\/index.php\/wp-json\/wp\/v2\/comments?post=5476"}],"version-history":[{"count":13,"href":"https:\/\/dunavarsany.hu\/index.php\/wp-json\/wp\/v2\/pages\/5476\/revisions"}],"predecessor-version":[{"id":15260,"href":"https:\/\/dunavarsany.hu\/index.php\/wp-json\/wp\/v2\/pages\/5476\/revisions\/15260"}],"wp:attachment":[{"href":"https:\/\/dunavarsany.hu\/index.php\/wp-json\/wp\/v2\/media?parent=5476"}],"curies":[{"name":"wp","href":"https:\/\/api.w.org\/{rel}","templated":true}]}}