{"id":5469,"date":"2020-07-20T12:39:26","date_gmt":"2020-07-20T12:39:26","guid":{"rendered":"http:\/\/localhost\/dunavarsany.hu\/?page_id=5469"},"modified":"2020-07-20T12:39:26","modified_gmt":"2020-07-20T12:39:26","slug":"kozszolgaltatas","status":"publish","type":"page","link":"https:\/\/dunavarsany.hu\/index.php\/kozszolgaltatas\/","title":{"rendered":"K\u00f6zszolg\u00e1ltat\u00e1s"},"content":{"rendered":"\n<p>Hullad\u00e9ksz\u00e1ll\u00edt\u00e1s (Multi Szint Kft.)<\/p>\n\n\n\n<p>K\u00f6zter\u00fclet-fel\u00fcgyel\u0151k (Doktor J\u00e1nos, Nagy Istv\u00e1n)<\/p>\n\n\n\n<p>Mez\u0151\u0151r (Schipek S\u00e1ndor)<\/p>\n\n\n\n<p><a href=\"http:\/\/elohimkft.hu\">Temetkez\u00e9s \u2013 Elohim Kft.<\/a><\/p>\n\n\n\n<p>V\u00edz \u00e9s csatorna (DPMV Zrt.)<\/p>\n","protected":false},"excerpt":{"rendered":"<div class=\"mh-excerpt\"><p>Hullad\u00e9ksz\u00e1ll\u00edt\u00e1s (Multi Szint Kft.) K\u00f6zter\u00fclet-fel\u00fcgyel\u0151k (Doktor J\u00e1nos, Nagy Istv\u00e1n) Mez\u0151\u0151r (Schipek S\u00e1ndor) Temetkez\u00e9s \u2013 Elohim Kft. V\u00edz \u00e9s csatorna (DPMV Zrt.)<\/p>\n<\/div>","protected":false},"author":2,"featured_media":0,"parent":0,"menu_order":0,"comment_status":"closed","ping_status":"closed","template":"","meta":{"footnotes":""},"class_list":["post-5469","page","type-page","status-publish"],"_links":{"self":[{"href":"https:\/\/dunavarsany.hu\/index.php\/wp-json\/wp\/v2\/pages\/5469","targetHints":{"allow":["GET"]}}],"collection":[{"href":"https:\/\/dunavarsany.hu\/index.php\/wp-json\/wp\/v2\/pages"}],"about":[{"href":"https:\/\/dunavarsany.hu\/index.php\/wp-json\/wp\/v2\/types\/page"}],"author":[{"embeddable":true,"href":"https:\/\/dunavarsany.hu\/index.php\/wp-json\/wp\/v2\/users\/2"}],"replies":[{"embeddable":true,"href":"https:\/\/dunavarsany.hu\/index.php\/wp-json\/wp\/v2\/comments?post=5469"}],"version-history":[{"count":0,"href":"https:\/\/dunavarsany.hu\/index.php\/wp-json\/wp\/v2\/pages\/5469\/revisions"}],"wp:attachment":[{"href":"https:\/\/dunavarsany.hu\/index.php\/wp-json\/wp\/v2\/media?parent=5469"}],"curies":[{"name":"wp","href":"https:\/\/api.w.org\/{rel}","templated":true}]}}