{"id":5464,"date":"2020-07-20T12:37:26","date_gmt":"2020-07-20T12:37:26","guid":{"rendered":"http:\/\/localhost\/dunavarsany.hu\/?page_id=5464"},"modified":"2024-11-12T09:28:47","modified_gmt":"2024-11-12T09:28:47","slug":"varosgazdalkodas","status":"publish","type":"page","link":"https:\/\/dunavarsany.hu\/index.php\/varosgazdalkodas\/","title":{"rendered":"V\u00c1ROSGAZD\u00c1LKOD\u00c1S"},"content":{"rendered":"\r\n<p>&nbsp;<\/p>\r\n\r\n\r\n\r\n<h2 class=\"wp-block-heading\">DUNAVARS\u00c1NYI V\u00c1ROSGAZD\u00c1LKOD\u00c1SI KFT.<\/h2>\r\n\r\n\r\n\r\n<p>Honlap &#8211; <a href=\"https:\/\/dvvg.hu\/\">www.dvvg.hu<\/a><\/p>\r\n<p>E-mail &#8211; <a href=\"mailto:info@dvvg.hu\">info@dvvg.hu<\/a><\/p>\r\n<p>Telefon +36 30 388 4538<\/p>\r\n\r\n\r\n<hr class=\"wp-block-separator\" \/>\r\n\r\n\r\n<p>Kern Ildik\u00f3 (kert\u00e9szeti \u00e1gazat koordin\u00e1tor)<br \/>Tel.: +36 20 335 5671<br \/>E-mail: kern@dvvg.hu<\/p>\r\n\r\n\r\n<hr class=\"wp-block-separator\" \/>\r\n\r\n\r\n<p>Szab\u00f3 No\u00e9mi D\u00f3ra (takar\u00edt\u00e1si \u00e1gazat koordin\u00e1tor)<br \/>Tel.: +36 20 443 3177<\/p>\r\n\r\n\r\n\r\n<p>A Dunavars\u00e1nyi V\u00e1rosgazd\u00e1lkod\u00e1si Kft-t Dunavars\u00e1ny V\u00e1ros \u00d6nkorm\u00e1nyzata 2004-ben alap\u00edtotta, a t\u00e1rsas\u00e1g 2006 nyar\u00e1n kezdte meg m\u0171k\u00f6d\u00e9s\u00e9t. M\u00e9g ebben az \u00e9vben bejelentkezett az OEP fel\u00e9, az 1997.\u00e9vi LXXX. t\u00f6rv\u00e9ny alapj\u00e1n foglalkoztat\u00f3nak min\u0151s\u00fcl\u0151k r\u00e9sz\u00e9re k\u00f6telez\u0151 nyilv\u00e1ntart\u00e1sba v\u00e9telre. 2009-ben a K\u00f6z\u00e9p-Duna-V\u00f6lgyi K\u00f6rnyezetv\u00e9delmi, Term\u00e9szetv\u00e9delmi \u00e9s V\u00edz\u00fcgyi Fel\u00fcgyel\u0151s\u00e9gt\u0151l &#8211; a 78\/2007.(IV.24.) rendeletben foglaltak alapj\u00e1n- k\u00e9rte a k\u00f6rnyezetv\u00e9delmi alapnyilv\u00e1ntart\u00e1sba t\u00f6rt\u00e9n\u0151 felv\u00e9tel\u00e9t az azonos\u00edt\u00f3sz\u00e1mok kiad\u00e1sa megt\u00f6rt\u00e9nt.<\/p>\r\n\r\n\r\n\r\n<p>A Magyar Kereskedelmi \u00e9s Iparkamara, mint az \u00e9p\u00edtett k\u00f6rnyezet alak\u00edt\u00e1s\u00e1r\u00f3l \u00e9s v\u00e9delm\u00e9r\u0151l sz\u00f3l\u00f3 1997.\u00e9vi LXXVIII. T\u00f6rv\u00e9ny (\u00c9tv.) 39.\u00a7 (7) bekezd\u00e9se alapj\u00e1n az \u00e9p\u00edt\u0151ipari kivitelez\u0151i tev\u00e9kenys\u00e9gre jogosultak nyilv\u00e1ntart\u00e1s\u00e1t vezet\u0151 hat\u00f3s\u00e1g, a szolg\u00e1ltat\u00e1si tev\u00e9kenys\u00e9g megkezd\u00e9s\u00e9nek \u00e9s folytat\u00e1s\u00e1nak \u00e1ltal\u00e1nos szab\u00e1lyair\u00f3l sz\u00f3l\u00f3 2009.\u00e9vi LXXVI. T\u00f6rv\u00e9ny (Szolgtv.) 27.\u00a7 (1) bekezd\u00e9se szerint a Dunavars\u00e1nyi V\u00e1rosgazd\u00e1lkod\u00e1si Kft-t, mint v\u00e1llalkoz\u00f3 kivitelez\u0151t 2010.02.08-\u00e1n nyilv\u00e1ntart\u00e1s\u00e1ba bejegyezte.<\/p>\r\n\r\n\r\n\r\n<p>A Dunavars\u00e1nyi V\u00e1rosgazd\u00e1lkod\u00e1si Kft a k\u00e9miai biztons\u00e1gr\u00f3l sz\u00f3l\u00f3 2000.\u00e9vi XXV. T\u00f6rv\u00e9ny \u00e9s annak a 44\/2000. (XII.27.) E\u00fcM. V\u00e9grehajt\u00e1si rendelet\u00e9ben foglaltak szerint az \u00c1NTSZ R\u00e1ckevei Kist\u00e9rs\u00e9gi Int\u00e9zet\u00e9n\u00e9l bejelent\u00e9st tett a vesz\u00e9lyes anyagokkal \u00e9s vesz\u00e9lyes k\u00e9sz\u00edtm\u00e9nyekkel kapcsolatos tev\u00e9kenys\u00e9g v\u00e9gz\u00e9s\u00e9r\u0151l. A bejelent\u00e9st az \u00c1NTSZ 2010.02.26.-\u00e1n fogadta, az igazol\u00e1st kiadta.<\/p>\r\n\r\n\r\n\r\n<p>2013. \u00e9v v\u00e9g\u00e9n, T\u00e1rsas\u00e1gn\u00e1l \u00fcgyvezet\u0151 v\u00e1lt\u00e1s volt. Ez \u00e1tmenetileg nagy v\u00e1ltoz\u00e1sokat hozott a T\u00e1rsas\u00e1g m\u0171k\u00f6d\u00e9s\u00e9ben. Ezt k\u00f6vet\u0151en a gondnokok \u00e9s m\u00e1s dolgoz\u00f3k eszk\u00f6zig\u00e9ny\u00e9nek felm\u00e9r\u00e9se valamint ezek beszerz\u00e9se megt\u00f6rt\u00e9nt. A beosztottakkal, operat\u00edv jelleggel t\u00f6rt\u00e9nik a munkav\u00e9gz\u00e9s. Az anyag \u00e9s \u00e1ru beszerz\u00e9s k\u00f6telezetts\u00e9g v\u00e1llal\u00e1si rendszerben t\u00f6rt\u00e9nik. A konyha \u00e9s a takar\u00edt\u00e1s beszerz\u00e9seket anyagbeszerz\u00e9si rendszerbe szor\u00edtottuk. A besz\u00e1ll\u00edt\u00f3kat megversenyeztett\u00fck \u00e9s sz\u00e1ll\u00edt\u00e1si szerz\u0151d\u00e9seket egy \u00e9vre k\u00f6t\u00f6tt\u00fck ezzel 10%-os megtakar\u00edt\u00e1st tudtunk el\u00e9rni a nyersanyag beszerz\u00e9sen. A t\u00e1rsas\u00e1gn\u00e1l informatikai fejleszt\u00e9sek t\u00f6rt\u00e9ntek. A banki tranzakci\u00f3ink v\u00e1llalati rendszerbe ker\u00fcltek. A k\u00f6nyvel\u00e9sben sokkal \u00e1tl\u00e1that\u00f3bb, kialakult k\u00f6lts\u00e9gvisel\u00e9si rend. Ezekkel a v\u00e1ltoztat\u00e1sokkal, a T\u00e1rsas\u00e1g sokkal szab\u00e1lyozottabban \u00e9s hat\u00e9konyabban m\u0171k\u00f6dik.<\/p>\r\n\r\n\r\n\r\n<p>A T\u00e1rsas\u00e1g \u00d6nkorm\u00e1nyzattal szerz\u0151d\u00e9ses viszonyban \u00e1ll, feladatait a 2008. febru\u00e1r 12-\u00e9n kelt, t\u00f6bbsz\u00f6r m\u00f3dos\u00edtott, egy\u00fcttm\u0171k\u00f6d\u00e9si meg\u00e1llapod\u00e1s alapj\u00e1n l\u00e1tja el.<\/p>\r\n\r\n\r\n\r\n<h4 class=\"wp-block-heading\">Az egy\u00fcttm\u0171k\u00f6d\u00e9si meg\u00e1llapod\u00e1s szerinti feladatok:<\/h4>\r\n\r\n\r\n\r\n<ul class=\"wp-block-list\">\r\n<li>Int\u00e9zm\u00e9nyek teljes k\u00f6r\u0171 takar\u00edt\u00e1sa<\/li>\r\n<li>Polg\u00e1rmesteri Hivatal \u00e9p\u00fcletei<\/li>\r\n<li>\u00c1rp\u00e1d Fejedelem \u00c1lt. Isk. \u00e9p\u00fcletei<\/li>\r\n<li>Sportcsarnok<\/li>\r\n<li>Pet\u0151fi M\u0171vel\u0151d\u00e9si H\u00e1z<\/li>\r\n<li>Erkel Ferenc Zeneiskola<\/li>\r\n<li>Eg\u00e9szs\u00e9gh\u00e1z<\/li>\r\n<li>We\u00f6res S\u00e1ndor \u00d3voda<\/li>\r\n<li>Eg\u00e9szs\u00e9gh\u00e1z<\/li>\r\n<li>Pet\u0151fi S\u00e1ndor M\u0171vel\u0151d\u00e9si H\u00e1z<\/li>\r\n<li>Erkel Ferenc Zeneiskola<\/li>\r\n<li>Gyermekj\u00f3l\u00e9ti \u00e9s Csal\u00e1dseg\u00edt\u0151 Szolg\u00e1lat<\/li>\r\n<li>\u00c1rp\u00e1d Fejedelem \u00c1ltal\u00e1nos Iskola<\/li>\r\n<li>K\u00f6z\u00fati jelz\u0151t\u00e1bl\u00e1k kihelyez\u00e9se, p\u00f3tl\u00e1s<\/li>\r\n<li>S\u00edkoss\u00e1g mentes\u00edt\u00e9s, h\u00f3 eltakar\u00edt\u00e1s<\/li>\r\n<li>Utca n\u00e9vt\u00e1bl\u00e1k kihelyez\u00e9se, p\u00f3tl\u00e1sa<\/li>\r\n<li>Parkok, j\u00e1tsz\u00f3terek, egy\u00e9b k\u00f6zter\u00fcletek kasz\u00e1l\u00e1sa<\/li>\r\n<li>N\u00f6v\u00e9nyek \u00fcltet\u00e9se, p\u00f3tl\u00e1sa, gondoz\u00e1sa, locsol\u00e1s<\/li>\r\n<li>F\u00e1k, bokrok sarjaz\u00e1sa, gallyaz\u00e1sa<\/li>\r\n<li>\u00c9telsz\u00e1ll\u00edt\u00e1s<\/li>\r\n<li>F\u0151z\u0151konyha \u00fczemeltet\u00e9se<\/li>\r\n<li>Szem\u00e9tszed\u00e9s, illeg\u00e1lis szem\u00e9tlerak\u00f3k megsz\u00fcntet\u00e9se<\/li>\r\n<li>\u00dcnnepek alkalm\u00e1val z\u00e1szl\u00f3z\u00e1s<\/li>\r\n<li>Rendezv\u00e9nyek alkalm\u00e1val sz\u00ednpad sz\u00e1ll\u00edt\u00e1s, szerel\u00e9s-bont\u00e1s<\/li>\r\n<li>K\u00f6ztisztas\u00e1gi feladatok ell\u00e1t\u00e1sa<\/li>\r\n<li>J\u00e1tsz\u00f3t\u00e9ri eszk\u00f6z\u00f6k ellen\u0151rz\u00e9se, karbantart\u00e1sa, jav\u00edt\u00e1sa<\/li>\r\n<li>Szem\u00e9ly illetve egy\u00e9b sz\u00e1ll\u00edt\u00e1si feladatok ell\u00e1t\u00e1sa<\/li>\r\n<li>K\u00f6z\u00f6s \u00d6nkorm\u00e1nyzati Hivatal gondnoki feladatok ell\u00e1t\u00e1sa<\/li>\r\n<li>Szikkaszt\u00f3\u00e1rkok ig\u00e9ny szerinti karbantart\u00e1sa<\/li>\r\n<li>Kisebb-nagyobb \u00e9p\u00edt\u0151ipari jav\u00edt\u00e1sok-fel\u00faj\u00edt\u00e1sok elv\u00e9gz\u00e9se<\/li>\r\n<li>Belv\u00edzzel kapcsolatos probl\u00e9m\u00e1k kezel\u00e9se<\/li>\r\n<li>Rendk\u00edv\u00fcli id\u0151j\u00e1r\u00e1si helyzetben v\u00e9sz-\u00e9s k\u00e1relh\u00e1r\u00edt\u00e1s<\/li>\r\n<\/ul>\r\n\r\n\r\n\r\n<p>Az \u00e1rbev\u00e9tel legnagyobb r\u00e9sze az \u00f6nkorm\u00e1nyzatt\u00f3l valamint a t\u00e9r\u00edt\u00e9si d\u00edjakb\u00f3l sz\u00e1rmazik, de egyre ink\u00e1bb t\u00f6reksz\u00fcnk a k\u00fcls\u0151 megrendel\u00e9sekre. A Kft. tulajdon\u00e1ban l\u00e9v\u0151 g\u00e9pek \u00e9s eszk\u00f6z\u00f6k m\u0171szaki \u00e1llapota megfelel\u0151. A dolgoz\u00f3ink min\u0151s\u00e9gi kisg\u00e9pekkel \u00e9s szersz\u00e1mokkal v\u00e9gzik munk\u00e1jukat. Az ir\u00e1ny\u00edt\u00e1st az \u00fczlet\u00e1g vezet\u0151, a m\u0171szaki vezet\u0151, a multi-szerviz koordin\u00e1tor, a takar\u00edt\u00f3- \u00e9s rendezv\u00e9nyszervez\u0151 \u00e9s az irodavezet\u0151 v\u00e9gzi. A konyh\u00e1n 10 f\u0151t foglalkoztatunk, 1 f\u0151 \u00e9lelmez\u00e9svezet\u0151t, 2 f\u0151 szak\u00e1csn\u0151t \u00e9s 7 f\u0151 konyhai kiseg\u00edt\u0151t. A k\u00f6z\u00e9p\u00fcletek takar\u00edt\u00e1s\u00e1t 20 f\u0151 takar\u00edt\u00f3 v\u00e9gzi. Gondnokk\u00e9nt 5 f\u0151t foglalkoztatunk, 1 f\u0151 asztalost, k\u00f6zter\u00fcleti munk\u00e1sk\u00e9nt pedig \u00e1tlagosan 17 f\u0151t.<\/p>\r\n\r\n\r\n\r\n<p>A T\u00e1rsas\u00e1g v\u00e1ltoz\u00f3 l\u00e9tsz\u00e1m\u00fa k\u00f6zc\u00e9l\u00fa foglalkoztatottak szakmai ir\u00e1ny\u00edt\u00e1s\u00e1t is v\u00e9gzi, sz\u00fcks\u00e9g szerint a hosszabb id\u0151 alatt elhaszn\u00e1l\u00f3d\u00f3 eszk\u00f6z\u00f6ket biztos\u00edtja (benzinmotoros f\u0171kasza). A sz\u00fcks\u00e9ges munka-, baleset-, \u00e9rint\u00e9s-, v\u00e9delmi oktat\u00e1sokat saj\u00e1t szakember\u00fcnk v\u00e9gzi. A takar\u00edt\u00e1st k\u00e9zzel \u00e9s g\u00e9ppel v\u00e9gezz\u00fck az int\u00e9zm\u00e9nyekben. A Sportcsarnok takar\u00edt\u00e1s\u00e1t 2014. \u00e1prilis elej\u00e9t\u0151l speci\u00e1lis takar\u00edt\u00f3g\u00e9ppel v\u00e9gezz\u00fck. Minden ter\u00fcleten k\u00fcl\u00f6n\u00f6s figyelmet szentel\u00fcnk arra, hogy csak bevizsg\u00e1lt tiszt\u00edt\u00f3szereket haszn\u00e1lunk, amelyek eg\u00e9szs\u00e9gk\u00e1ros\u00edt\u00f3 hat\u00e1sa minim\u00e1lis \u00e9s fel\u00fclet k\u00edm\u00e9l\u0151k. \u00dcgyel\u00fcnk arra is, hogy a takar\u00edt\u00f3szem\u00e9lyzet megfelel\u0151 v\u00e9d\u0151 \u00e9s munkaruh\u00e1zattal legyen ell\u00e1tva.<\/p>\r\n\r\n\r\n\r\n<p>Az ingatlan\u00fczemeltet\u00e9s ter\u00fcleten 4 k\u00fcl\u00f6nb\u00f6z\u0151 int\u00e9zm\u00e9ny 6 \u00e9p\u00fclet\u00e9ben 5 \u00e9p\u00fclet gondnok munkat\u00e1rsunk dolgozik j\u00f3 min\u0151s\u00e9g\u0171 szersz\u00e1mokkal \u00e9s kisg\u00e9pekkel. Rendelkez\u00fcnk kisebb rakt\u00e1rk\u00e9szlettel fogy\u00f3 eszk\u00f6z\u00f6k \u00e9s anyagok tekintet\u00e9ben, ezzel is megk\u00f6nny\u00edtve a hat\u00e9kony munkav\u00e9gz\u00e9st. A konyha \u00e1tlag napi 750-780 adagra \u00e9telt f\u0151z. Ma m\u00e1r nem k\u00e9pzelhet\u0151 el v\u00e1rosi rendezv\u00e9ny a konyha r\u00e9szv\u00e9tele n\u00e9lk\u00fcl: lakoss\u00e1gi f\u00f3rum, \u00c1rp\u00e1d-b\u00e1l, pedag\u00f3gus \u00e9vz\u00e1r\u00f3 eb\u00e9d, a v\u00e1rosnapok rendezv\u00e9nyei, egyh\u00e1zmegyei tal\u00e1lkoz\u00f3, Summer fest v\u00e1rosi rendezv\u00e9ny, k\u00f6zalkalmazotti vacsora, egy\u00e9b \u00e9v v\u00e9gi \u00f6sszej\u00f6vetelek. Elv\u00e9gezz\u00fck multi szervizhez igazod\u00f3an csal\u00e1di programok, \u00f6sszej\u00f6vetelek, rendezv\u00e9nyek, n\u00e9vnapok\u2026 lebonyol\u00edt\u00e1s\u00e1t. A konyha bel\u00e9pett a \u201eMENZA MINTA=MINTA MENZA\u201d programba. Ez egy\u00fctt j\u00e1r az eg\u00e9szs\u00e9ges \u00e9s v\u00e1ltozatos t\u00e1pl\u00e1lkoz\u00e1s bevezet\u00e9s\u00e9vel \u00e9s megszerettet\u00e9s\u00e9vel. Az \u00e9telek jelent\u0151sen kevesebb s\u00f3t, cukrot tartalmaznak, az \u00e9trend kialak\u00edt\u00e1s\u00e1n\u00e1l el\u0151nyben r\u00e9szes\u00edtj\u00fck a z\u00f6lds\u00e9get, a gy\u00fcm\u00f6lcs\u00f6t a teljes ki\u0151rl\u00e9s\u0171 lisztb\u0151l k\u00e9sz\u00fclt p\u00e9ks\u00fctem\u00e9nyeket. A b\u0151 zs\u00edrban kis\u00fclt \u00e9telek helyett rakott \u00e9teleket f\u0151z\u00fcnk.<\/p>\r\n\r\n\r\n\r\n<p>T\u00e1bl\u00e1kkal val\u00f3 munk\u00e1latok az utcan\u00e9v \u00e9s \u00fatjelz\u0151 t\u00e1bl\u00e1k kihelyez\u00e9s\u00e9t, helyre\u00e1ll\u00edt\u00e1s\u00e1t foglalja mag\u00e1ba. Szem\u00e9t gy\u0171jt\u00e9s kapcs\u00e1n fontos szerepet kap a k\u00f6zt\u00e9ri szemetesek \u00fcr\u00edt\u00e9se, a k\u00f6zter\u00fcleti szem\u00e9t szed\u00e9s \u00e9s az illeg\u00e1lis szem\u00e9t lerak\u00f3k felsz\u00e1mol\u00e1sa. A z\u00f6ld ter\u00fclet kezel\u00e9shez kapcsol\u00f3d\u00f3an \u00fcdv\u00f6z\u00f6lt\u00fck az \u00d6nkorm\u00e1nyzat azon l\u00e9p\u00e9s\u00e9t, hogy a Corvinus egyetemmel egy\u00fcttm\u0171k\u00f6d\u00e9si meg\u00e1llapod\u00e1st k\u00f6t\u00f6tt a v\u00e1rosk\u00e9p fejleszt\u00e9se \u00e9s kialak\u00edt\u00e1sa tekintet\u00e9ben.<\/p>\r\n\r\n\r\n\r\n<p>A t\u00e9li h\u00f3 \u00e9s s\u00edkoss\u00e1g mentes\u00edt\u00e9st az el\u0151z\u0151 \u00e9vekhez hasonl\u00f3an a saj\u00e1t er\u0151ink teljes mozg\u00f3s\u00edt\u00e1s\u00e1val \u00e9s alv\u00e1llalkoz\u00f3k bevon\u00e1s\u00e1val v\u00e9gezz\u00fck. A h\u00f3 eltol\u00e1s\u00e1t tov\u00e1bbra is alv\u00e1llalkoz\u00f3k v\u00e9gzik majd, viszont a s\u00edkoss\u00e1g mentes\u00edt\u00e9st a Kft. L\u00e9trehoztunk egy \u00fan. h\u00f3-tervet, mely szerint az \u00f6sszes k\u00f6zter\u00fcleti karbantart\u00f3 \u00e9s gondnok munkat\u00e1rsunk akt\u00edvan r\u00e9szt vesz a v\u00e1ros s\u00edkoss\u00e1g mentes\u00edt\u00e9s\u00e9ben. A j\u00e1tsz\u00f3terek ellen\u0151rz\u00e9s\u00e9t havi rendszeress\u00e9ggel v\u00e9gezz\u00fck el, a felt\u00e1rt hi\u00e1nyoss\u00e1gokat jegyz\u0151k\u00f6nyvben r\u00f6gz\u00edtj\u00fck. V\u00e1rosunk parkjait nagy odafigyel\u00e9ssel gondozzuk. Egyre t\u00f6bb megkeres\u00e9s \u00e9rkezik a Kft.-hez csatorna \u00e9s iv\u00f3v\u00edz bek\u00f6t\u00e9sre, melyeknek eleget tesz\u00fcnk.<\/p>\r\n\r\n\r\n\r\n<p>A Kft. kiterjesztette szolg\u00e1ltat\u00e1sait a lakoss\u00e1g fel\u00e9 is. K\u00fcls\u0151 megrendel\u00e9seket fogadunk b\u00e1rmilyen \u00e1ltalunk elv\u00e9gezhet\u0151 feladatra. A hirdet\u00e9seink rendszeresen jelennek meg a helyi \u00fajs\u00e1gban. Minden, a tev\u00e9kenys\u00e9gi k\u00f6r\u00fcnkbe tartoz\u00f3 feladatot hajland\u00f3ak vagyunk k\u00fcls\u0151 megrendel\u0151knek is szolg\u00e1ltatni. Igyeksz\u00fcnk egy megrendel\u0151bar\u00e1t, m\u00e9gis gazdas\u00e1gos \u00e1rat kidolgozni minden egyes esetben.<\/p>\r\n","protected":false},"excerpt":{"rendered":"<div class=\"mh-excerpt\"><p>&nbsp; DUNAVARS\u00c1NYI V\u00c1ROSGAZD\u00c1LKOD\u00c1SI KFT. Honlap &#8211; www.dvvg.hu E-mail &#8211; info@dvvg.hu Telefon +36 30 388 4538 Kern Ildik\u00f3 (kert\u00e9szeti \u00e1gazat koordin\u00e1tor)Tel.: +36 20 335 5671E-mail: kern@dvvg.hu Szab\u00f3 No\u00e9mi D\u00f3ra (takar\u00edt\u00e1si \u00e1gazat koordin\u00e1tor)Tel.: +36 20 443 3177 <a class=\"mh-excerpt-more\" href=\"https:\/\/dunavarsany.hu\/index.php\/varosgazdalkodas\/\" title=\"V\u00c1ROSGAZD\u00c1LKOD\u00c1S\">[&#8230;]<\/a><\/p>\n<\/div>","protected":false},"author":2,"featured_media":0,"parent":0,"menu_order":0,"comment_status":"closed","ping_status":"closed","template":"","meta":{"footnotes":""},"class_list":["post-5464","page","type-page","status-publish"],"_links":{"self":[{"href":"https:\/\/dunavarsany.hu\/index.php\/wp-json\/wp\/v2\/pages\/5464","targetHints":{"allow":["GET"]}}],"collection":[{"href":"https:\/\/dunavarsany.hu\/index.php\/wp-json\/wp\/v2\/pages"}],"about":[{"href":"https:\/\/dunavarsany.hu\/index.php\/wp-json\/wp\/v2\/types\/page"}],"author":[{"embeddable":true,"href":"https:\/\/dunavarsany.hu\/index.php\/wp-json\/wp\/v2\/users\/2"}],"replies":[{"embeddable":true,"href":"https:\/\/dunavarsany.hu\/index.php\/wp-json\/wp\/v2\/comments?post=5464"}],"version-history":[{"count":12,"href":"https:\/\/dunavarsany.hu\/index.php\/wp-json\/wp\/v2\/pages\/5464\/revisions"}],"predecessor-version":[{"id":13053,"href":"https:\/\/dunavarsany.hu\/index.php\/wp-json\/wp\/v2\/pages\/5464\/revisions\/13053"}],"wp:attachment":[{"href":"https:\/\/dunavarsany.hu\/index.php\/wp-json\/wp\/v2\/media?parent=5464"}],"curies":[{"name":"wp","href":"https:\/\/api.w.org\/{rel}","templated":true}]}}