{"id":5462,"date":"2020-07-20T12:36:34","date_gmt":"2020-07-20T12:36:34","guid":{"rendered":"http:\/\/localhost\/dunavarsany.hu\/?page_id=5462"},"modified":"2021-09-30T11:52:48","modified_gmt":"2021-09-30T11:52:48","slug":"media","status":"publish","type":"page","link":"https:\/\/dunavarsany.hu\/index.php\/media\/","title":{"rendered":"M\u00e9dia"},"content":{"rendered":"\r\n<p class=\"has-text-align-left\"><a href=\"https:\/\/dunavarsany.hu\/index.php\/dunavarsanyi-naplo\/\" target=\"_blank\" rel=\"noopener\"><img loading=\"lazy\" decoding=\"async\" class=\"wp-image-6030 alignleft\" style=\"width: 160px;\" src=\"https:\/\/dunavarsany.hu\/wp-content\/uploads\/2020\/08\/K\u00e9perny\u0151fot\u00f3-2020-08-31-16.13.11.png\" alt=\"\" width=\"1370\" height=\"356\" srcset=\"https:\/\/dunavarsany.hu\/wp-content\/uploads\/2020\/08\/K\u00e9perny\u0151fot\u00f3-2020-08-31-16.13.11.png 1370w, https:\/\/dunavarsany.hu\/wp-content\/uploads\/2020\/08\/K\u00e9perny\u0151fot\u00f3-2020-08-31-16.13.11-300x78.png 300w, https:\/\/dunavarsany.hu\/wp-content\/uploads\/2020\/08\/K\u00e9perny\u0151fot\u00f3-2020-08-31-16.13.11-1024x266.png 1024w, https:\/\/dunavarsany.hu\/wp-content\/uploads\/2020\/08\/K\u00e9perny\u0151fot\u00f3-2020-08-31-16.13.11-768x200.png 768w\" sizes=\"auto, (max-width: 1370px) 100vw, 1370px\" \/><\/a>\u00a0<\/p>\r\n<p>&nbsp;<\/p>\r\n\r\n\r\n\r\n<p><a href=\"http:\/\/lakihegyradio.hu\" target=\"_blank\" rel=\"noopener\"><img loading=\"lazy\" decoding=\"async\" class=\"wp-image-5953 alignleft\" style=\"width: 150px;\" src=\"https:\/\/dunavarsany.hu\/wp-content\/uploads\/2020\/08\/lakihegy.jpg\" alt=\"\" width=\"2112\" height=\"2228\" srcset=\"https:\/\/dunavarsany.hu\/wp-content\/uploads\/2020\/08\/lakihegy.jpg 2112w, https:\/\/dunavarsany.hu\/wp-content\/uploads\/2020\/08\/lakihegy-284x300.jpg 284w, https:\/\/dunavarsany.hu\/wp-content\/uploads\/2020\/08\/lakihegy-971x1024.jpg 971w, https:\/\/dunavarsany.hu\/wp-content\/uploads\/2020\/08\/lakihegy-768x810.jpg 768w, https:\/\/dunavarsany.hu\/wp-content\/uploads\/2020\/08\/lakihegy-1456x1536.jpg 1456w, https:\/\/dunavarsany.hu\/wp-content\/uploads\/2020\/08\/lakihegy-1941x2048.jpg 1941w\" sizes=\"auto, (max-width: 2112px) 100vw, 2112px\" \/><\/a><\/p>\r\n<div class=\"wp-block-image\">\r\n<figure class=\"alignleft size-large is-resized\"><\/figure>\r\n<p>&nbsp;<\/p>\r\n<\/div>\r\n\r\n\r\n\r\n<p>&nbsp;<\/p>\r\n<p>&nbsp;<\/p>\r\n<p>&nbsp;<\/p>\r\n<p>&nbsp;<\/p>\r\n<p><a href=\"http:\/\/duna-media.hu\/category\/dunavarsanyi-magazin\/\" target=\"_blank\" rel=\"noopener\"><img loading=\"lazy\" decoding=\"async\" class=\"wp-image-5954 alignleft\" src=\"https:\/\/dunavarsany.hu\/wp-content\/uploads\/2020\/08\/DunaM\u00e9dia-logo-1024x231.jpg\" alt=\"\" width=\"159\" height=\"35\" srcset=\"https:\/\/dunavarsany.hu\/wp-content\/uploads\/2020\/08\/DunaM\u00e9dia-logo-1024x231.jpg 1024w, https:\/\/dunavarsany.hu\/wp-content\/uploads\/2020\/08\/DunaM\u00e9dia-logo-300x68.jpg 300w, https:\/\/dunavarsany.hu\/wp-content\/uploads\/2020\/08\/DunaM\u00e9dia-logo-768x173.jpg 768w, https:\/\/dunavarsany.hu\/wp-content\/uploads\/2020\/08\/DunaM\u00e9dia-logo-1536x347.jpg 1536w, https:\/\/dunavarsany.hu\/wp-content\/uploads\/2020\/08\/DunaM\u00e9dia-logo-2048x462.jpg 2048w\" sizes=\"auto, (max-width: 159px) 100vw, 159px\" \/><\/a><\/p>\r\n","protected":false},"excerpt":{"rendered":"<div class=\"mh-excerpt\"><p>\u00a0 &nbsp; &nbsp; &nbsp; &nbsp; &nbsp; &nbsp;<\/p>\n<\/div>","protected":false},"author":2,"featured_media":0,"parent":0,"menu_order":0,"comment_status":"closed","ping_status":"closed","template":"","meta":{"footnotes":""},"class_list":["post-5462","page","type-page","status-publish"],"_links":{"self":[{"href":"https:\/\/dunavarsany.hu\/index.php\/wp-json\/wp\/v2\/pages\/5462","targetHints":{"allow":["GET"]}}],"collection":[{"href":"https:\/\/dunavarsany.hu\/index.php\/wp-json\/wp\/v2\/pages"}],"about":[{"href":"https:\/\/dunavarsany.hu\/index.php\/wp-json\/wp\/v2\/types\/page"}],"author":[{"embeddable":true,"href":"https:\/\/dunavarsany.hu\/index.php\/wp-json\/wp\/v2\/users\/2"}],"replies":[{"embeddable":true,"href":"https:\/\/dunavarsany.hu\/index.php\/wp-json\/wp\/v2\/comments?post=5462"}],"version-history":[{"count":17,"href":"https:\/\/dunavarsany.hu\/index.php\/wp-json\/wp\/v2\/pages\/5462\/revisions"}],"predecessor-version":[{"id":8596,"href":"https:\/\/dunavarsany.hu\/index.php\/wp-json\/wp\/v2\/pages\/5462\/revisions\/8596"}],"wp:attachment":[{"href":"https:\/\/dunavarsany.hu\/index.php\/wp-json\/wp\/v2\/media?parent=5462"}],"curies":[{"name":"wp","href":"https:\/\/api.w.org\/{rel}","templated":true}]}}