{"id":5452,"date":"2020-07-20T12:21:39","date_gmt":"2020-07-20T12:21:39","guid":{"rendered":"http:\/\/localhost\/dunavarsany.hu\/?page_id=5452"},"modified":"2026-02-12T14:27:51","modified_gmt":"2026-02-12T14:27:51","slug":"palyazatok","status":"publish","type":"page","link":"https:\/\/dunavarsany.hu\/index.php\/palyazatok\/","title":{"rendered":"P\u00e1ly\u00e1zatok"},"content":{"rendered":"\r\n<h3 style=\"text-align: center;\"><strong>Aktu\u00e1lis p\u00e1ly\u00e1zatok<\/strong><\/h3>\r\n<h4>Civil p\u00e1ly\u00e1zat 2026<\/h4>\r\n<ul>\r\n<li><a href=\"https:\/\/dunavarsany.hu\/wp-content\/uploads\/2026\/02\/CIVIL_palyazati_felhivas_2026_teljes.pdf\">Civil p\u00e1ly\u00e1zati felh\u00edv\u00e1s 2026<\/a><\/li>\r\n<li><a href=\"https:\/\/dunavarsany.hu\/wp-content\/uploads\/2026\/02\/1.fuggelek_CIVIL_palyazati_urlap_szerkesztheto.docx\">1. f\u00fcggel\u00e9k civil p\u00e1ly\u00e1zati \u0171rlap (szerkeszthet\u0151)<\/a><\/li>\r\n<li><a href=\"https:\/\/dunavarsany.hu\/wp-content\/uploads\/2026\/02\/2.fuggelek_elszamolo_urlap_CIVIL_szerkesztheto.docx\">2. f\u00fcggel\u00e9k elsz\u00e1mol\u00f3 \u0171rlap civil (szerkeszthet\u0151)<\/a><\/li>\r\n<\/ul>\r\n<hr \/>\r\n<h4>Sport p\u00e1ly\u00e1zat 2026<\/h4>\r\n<ul>\r\n<li><a href=\"https:\/\/dunavarsany.hu\/wp-content\/uploads\/2026\/02\/SPORT_palyazati_felhivas_2026_teljes.pdf\">Sport p\u00e1ly\u00e1zati felh\u00edv\u00e1s 2026<\/a><\/li>\r\n<li><a href=\"https:\/\/dunavarsany.hu\/wp-content\/uploads\/2026\/02\/1.fuggelek_SPORT_palyazati_urlap_szerkesztheto.docx\">1. f\u00fcggel\u00e9k sport p\u00e1ly\u00e1zati \u0171rlap (szerkeszthet\u0151)<\/a><\/li>\r\n<li><a href=\"https:\/\/dunavarsany.hu\/wp-content\/uploads\/2026\/02\/2.fuggelek_elszamolo_urlap_SPORT_szerkesztheto.docx\">2. f\u00fcggel\u00e9k elsz\u00e1mol\u00f3 \u0171rlap sport (szerkeszthet\u0151)<\/a><\/li>\r\n<\/ul>\r\n<hr \/>\r\n<h4 data-fontsize=\"18\">BURSA HUNGARICA 2026.<\/h4>\r\n<p data-fontsize=\"14\">\u201eA\u201d t\u00edpus fels\u0151oktat\u00e1si hallgat\u00f3k sz\u00e1m\u00e1ra a 2025\/2026. tan\u00e9v m\u00e1sodik \u00e9s a 2026\/2027. tan\u00e9v els\u0151 f\u00e9l\u00e9v\u00e9re vonatkoz\u00f3an,<br \/>\u201eB\u201d t\u00edpus fels\u0151oktat\u00e1si tanulm\u00e1nyokat kezdeni k\u00edv\u00e1n\u00f3 fiatalok sz\u00e1m\u00e1ra<\/p>\r\n<p>A p\u00e1ly\u00e1zat r\u00f6gz\u00edt\u00e9s\u00e9nek \u00e9s az \u00f6nkorm\u00e1nyzatokhoz t\u00f6rt\u00e9n\u0151 beny\u00fajt\u00e1s\u00e1nak hat\u00e1rideje: 2025. november 4.<\/p>\r\n<h4 data-fontsize=\"18\"><a href=\"https:\/\/dunavarsany.hu\/wp-content\/uploads\/2025\/10\/A-tipusu-palyazati-kiiras.docx\"><strong>\u201cA\u201d t\u00edpus\u00fa p\u00e1ly\u00e1zati ki\u00edr\u00e1s let\u00f6lthet\u0151 a sz\u00f6vegre kattintva<\/strong><\/a><br \/><a href=\"https:\/\/dunavarsany.hu\/wp-content\/uploads\/2025\/10\/B-tipusu-palyazati-kiiras.docx\"><strong>\u201cB\u201d t\u00edpus\u00fa p\u00e1ly\u00e1zati ki\u00edr\u00e1s let\u00f6lthet\u0151 a sz\u00f6vegre kattintva<\/strong><\/a><\/h4>\r\n<hr \/>\r\n<h4 data-fontsize=\"18\">P\u00e1ly\u00e1zat Pet\u0151fi M\u0171vel\u0151d\u00e9si H\u00e1z \u00e9s K\u00f6nyvt\u00e1r igazgat\u00f3i munkak\u00f6r bet\u00f6lt\u00e9s\u00e9re <span style=\"color: #ff0000;\">LEJ\u00c1RT!<\/span><\/h4>\r\n<p class=\"p1\"><b>A p\u00e1ly\u00e1zat beny\u00fajt\u00e1si hat\u00e1rideje: <\/b>2025. augusztus 11.<\/p>\r\n<p class=\"p1\"><b>A p\u00e1ly\u00e1zat elb\u00edr\u00e1l\u00e1s\u00e1nak hat\u00e1rideje: <\/b>2025. szeptember 9.<\/p>\r\n<p><a href=\"https:\/\/dunavarsany.hu\/wp-content\/uploads\/2025\/07\/PALYAZATI-FELHIVAS-Petofi-Muvelodesi-Haz-es-Konyvtar-igazgatoi-munkakor-betoltsesere.docx\">PA\u0301LYA\u0301ZATI FELHI\u0301VA\u0301S Peto\u030bfi Mu\u030bvelo\u030bde\u0301si Ha\u0301z e\u0301s Ko\u0308nyvta\u0301r igazgato\u0301i munkako\u0308r beto\u0308ltse\u0301se\u0301re<\/a><\/p>\r\n<hr \/>\r\n<h4 data-fontsize=\"18\">Fels\u0151oktat\u00e1si \u00f6szt\u00f6nd\u00edjp\u00e1ly\u00e1zat 2025. <span style=\"color: #ff0000;\">LEJ\u00c1RT!<\/span><\/h4>\r\n<p data-fontsize=\"14\">A p\u00e1ly\u00e1zat beny\u00fajt\u00e1si hat\u00e1rideje: <strong>2025. m\u00e1jus 30. (p\u00e9ntek)<\/strong><br \/>A p\u00e1ly\u00e1zat elb\u00edr\u00e1l\u00e1s\u00e1nak hat\u00e1rideje: A p\u00e1ly\u00e1zat beny\u00fajt\u00e1si hat\u00e1ridej\u00e9nek letelt\u00e9t k\u00f6vet\u0151 k\u00e9pvisel\u0151-test\u00fcleti \u00fcl\u00e9s.<\/p>\r\n<p data-fontsize=\"14\"><a href=\"https:\/\/dunavarsany.hu\/wp-content\/uploads\/2025\/04\/2025.-evi-palyazati-felhivas.pdf\">P\u00c1LY\u00c1ZATI FELH\u00cdV\u00c1S \u2013 a fels\u0151fok\u00fa oktat\u00e1sban tanulm\u00e1nyokat folytat\u00f3 fiatalok anyagi t\u00e1mogat\u00e1s\u00e1ra 2025.<\/a><\/p>\r\n<p data-fontsize=\"14\"><a href=\"https:\/\/dunavarsany.hu\/wp-content\/uploads\/2025\/04\/2025.-evi-palyazati-adatlap.pdf\">Fels\u0151fok\u00fa oktat\u00e1s-p\u00e1ly\u00e1zati adatlap 2025.<\/a><\/p>\r\n<ul>\r\n<li style=\"list-style-type: none;\"><hr \/><\/li>\r\n<li>\r\n<h4 data-fontsize=\"18\">BURSA HUNGARICA 2025. <span style=\"color: #ff0000;\">LEJ\u00c1RT!<\/span><\/h4>\r\n<\/li>\r\n<\/ul>\r\n<p data-fontsize=\"14\">\u201eA\u201d t\u00edpus fels\u0151oktat\u00e1si hallgat\u00f3k sz\u00e1m\u00e1ra a 2024\/2025. tan\u00e9v m\u00e1sodik \u00e9s a 2025\/2026. tan\u00e9v els\u0151 f\u00e9l\u00e9v\u00e9re vonatkoz\u00f3an,<br \/>\u201eB\u201d t\u00edpus fels\u0151oktat\u00e1si tanulm\u00e1nyokat kezdeni k\u00edv\u00e1n\u00f3 fiatalok sz\u00e1m\u00e1ra<\/p>\r\n<p>A p\u00e1ly\u00e1zat r\u00f6gz\u00edt\u00e9s\u00e9nek \u00e9s az \u00f6nkorm\u00e1nyzatokhoz t\u00f6rt\u00e9n\u0151 beny\u00fajt\u00e1s\u00e1nak hat\u00e1rideje: 2024. december 4.<\/p>\r\n<h4 data-fontsize=\"18\"><a href=\"https:\/\/dunavarsany.hu\/wp-content\/uploads\/2024\/10\/BURSA_A-tipusu-palyazati-kiiras_2025.docx\"><strong>\u201cA\u201d t\u00edpus\u00fa p\u00e1ly\u00e1zati ki\u00edr\u00e1s let\u00f6lthet\u0151 a sz\u00f6vegre kattintva<\/strong><\/a><br \/><a href=\"https:\/\/dunavarsany.hu\/wp-content\/uploads\/2024\/10\/BURSA_B-tipusu-palyazati-kiiras_2025.docx\"><strong>\u201cB\u201d t\u00edpus\u00fa p\u00e1ly\u00e1zati ki\u00edr\u00e1s let\u00f6lthet\u0151 a sz\u00f6vegre kattintva<\/strong><\/a><\/h4>\r\n<hr \/>\r\n<ul>\r\n<li>\r\n<h4 data-fontsize=\"18\">Fels\u0151oktat\u00e1si \u00f6szt\u00f6nd\u00edjp\u00e1ly\u00e1zat <span style=\"color: #ff0000;\">LEJ\u00c1RT!<\/span><\/h4>\r\n<\/li>\r\n<\/ul>\r\n<p data-fontsize=\"14\">P\u00e1ly\u00e1zat bead\u00e1s\u00e1nak hat\u00e1rideje: 2024. m\u00e1jus 31.<\/p>\r\n<p data-fontsize=\"14\"><a href=\"https:\/\/dunavarsany.hu\/wp-content\/uploads\/2024\/04\/2024.-evi-felsofoku_T_palyazati-felhivas.pdf\">P\u00c1LY\u00c1ZATI FELH\u00cdV\u00c1S \u2013 a fels\u0151fok\u00fa oktat\u00e1sban tanulm\u00e1nyokat folytat\u00f3 fiatalok anyagi t\u00e1mogat\u00e1s\u00e1ra 2024.<\/a><\/p>\r\n<p data-fontsize=\"14\"><a href=\"https:\/\/dunavarsany.hu\/wp-content\/uploads\/2024\/04\/2024.-evi-felsofoku_t_palyazati-adatlap.pdf\">Fels\u0151fok\u00fa oktat\u00e1s-p\u00e1ly\u00e1zati adatlap 2024.<\/a><\/p>\r\n<hr \/>\r\n<p>Kor\u00e1bbi p\u00e1ly\u00e1zatok ki\u00edr\u00e1s\u00e1t az <a href=\"https:\/\/dunavarsany.hu\/index.php\/palyazatok\/archiv-palyazatok\/\">arch\u00edv p\u00e1ly\u00e1zatok<\/a> f\u00fcl alatt tal\u00e1lj\u00e1k!<\/p>\r\n\r\n\r\n<center><center><center><\/center><\/center><\/center>","protected":false},"excerpt":{"rendered":"<div class=\"mh-excerpt\"><p>Aktu\u00e1lis p\u00e1ly\u00e1zatok Civil p\u00e1ly\u00e1zat 2026 Civil p\u00e1ly\u00e1zati felh\u00edv\u00e1s 2026 1. f\u00fcggel\u00e9k civil p\u00e1ly\u00e1zati \u0171rlap (szerkeszthet\u0151) 2. f\u00fcggel\u00e9k elsz\u00e1mol\u00f3 \u0171rlap civil (szerkeszthet\u0151) Sport p\u00e1ly\u00e1zat 2026 Sport p\u00e1ly\u00e1zati felh\u00edv\u00e1s 2026 1. f\u00fcggel\u00e9k sport p\u00e1ly\u00e1zati \u0171rlap (szerkeszthet\u0151) 2. <a class=\"mh-excerpt-more\" href=\"https:\/\/dunavarsany.hu\/index.php\/palyazatok\/\" title=\"P\u00e1ly\u00e1zatok\">[&#8230;]<\/a><\/p>\n<\/div>","protected":false},"author":2,"featured_media":0,"parent":0,"menu_order":0,"comment_status":"closed","ping_status":"closed","template":"","meta":{"footnotes":""},"class_list":["post-5452","page","type-page","status-publish"],"_links":{"self":[{"href":"https:\/\/dunavarsany.hu\/index.php\/wp-json\/wp\/v2\/pages\/5452","targetHints":{"allow":["GET"]}}],"collection":[{"href":"https:\/\/dunavarsany.hu\/index.php\/wp-json\/wp\/v2\/pages"}],"about":[{"href":"https:\/\/dunavarsany.hu\/index.php\/wp-json\/wp\/v2\/types\/page"}],"author":[{"embeddable":true,"href":"https:\/\/dunavarsany.hu\/index.php\/wp-json\/wp\/v2\/users\/2"}],"replies":[{"embeddable":true,"href":"https:\/\/dunavarsany.hu\/index.php\/wp-json\/wp\/v2\/comments?post=5452"}],"version-history":[{"count":80,"href":"https:\/\/dunavarsany.hu\/index.php\/wp-json\/wp\/v2\/pages\/5452\/revisions"}],"predecessor-version":[{"id":15040,"href":"https:\/\/dunavarsany.hu\/index.php\/wp-json\/wp\/v2\/pages\/5452\/revisions\/15040"}],"wp:attachment":[{"href":"https:\/\/dunavarsany.hu\/index.php\/wp-json\/wp\/v2\/media?parent=5452"}],"curies":[{"name":"wp","href":"https:\/\/api.w.org\/{rel}","templated":true}]}}