{"id":5447,"date":"2020-07-20T12:18:04","date_gmt":"2020-07-20T12:18:04","guid":{"rendered":"http:\/\/localhost\/dunavarsany.hu\/?page_id=5447"},"modified":"2021-02-24T12:40:54","modified_gmt":"2021-02-24T12:40:54","slug":"nemzetisegi-onkormanyzatok","status":"publish","type":"page","link":"https:\/\/dunavarsany.hu\/index.php\/nemzetisegi-onkormanyzatok\/","title":{"rendered":"Nemzetis\u00e9gi \u00f6nkorm\u00e1nyzatok"},"content":{"rendered":"\r\n<h3 class=\"wp-block-heading\">A N\u00e9met telep\u00fcl\u00e9si nemzetis\u00e9gi \u00f6nkorm\u00e1nyzat \u00f6sszet\u00e9tele:<\/h3>\r\n\r\n\r\n\r\n<ul style=\"list-style-type: square;\">\r\n<li>Jangel M\u00e1ty\u00e1s \u00c9MN\u00d6SZ<\/li>\r\n<li>Kreisz Csaba \u00c9MN\u00d6SZ<\/li>\r\n<li>Schuszter Istv\u00e1nn\u00e9 \u00c9MN\u00d6SZ<\/li>\r\n<li>Schuszter Istv\u00e1n \u00c9MN\u00d6SZ<\/li>\r\n<li>Tiefenbeck L\u00e1szl\u00f3 \u00c9MN\u00d6SZ<\/li>\r\n<\/ul>\r\n\r\n\r\n<hr class=\"wp-block-separator\" \/>\r\n\r\n\r\n<h3 class=\"wp-block-heading\">A Roma telep\u00fcl\u00e9si nemzetis\u00e9gi \u00f6nkorm\u00e1nyzat \u00f6sszet\u00e9tele:<\/h3>\r\n\r\n\r\n\r\n<ul style=\"list-style-type: square;\">\r\n<li style=\"font-weight: 400;\">Szab\u00f3 S\u00e1ndor &#8211; eln\u00f6k<\/li>\r\n<li><span style=\"font-weight: 400;\">Kaltenecker J\u00f3zsefn\u00e9 &#8211; k\u00e9pvisel\u0151<\/span><\/li>\r\n<li style=\"font-weight: 400;\">Kelemen S\u00e1ndor &#8211; k\u00e9pvisel\u0151<\/li>\r\n<li style=\"font-weight: 400;\">Szab\u00f3 S\u00e1ndorn\u00e9 &#8211; k\u00e9pvisel\u0151<\/li>\r\n<li style=\"font-weight: 400;\">Ujv\u00e1ri Imr\u00e9n\u00e9 &#8211; k\u00e9pvisel\u0151<\/li>\r\n<\/ul>\r\n","protected":false},"excerpt":{"rendered":"<div class=\"mh-excerpt\"><p>A N\u00e9met telep\u00fcl\u00e9si nemzetis\u00e9gi \u00f6nkorm\u00e1nyzat \u00f6sszet\u00e9tele: Jangel M\u00e1ty\u00e1s \u00c9MN\u00d6SZ Kreisz Csaba \u00c9MN\u00d6SZ Schuszter Istv\u00e1nn\u00e9 \u00c9MN\u00d6SZ Schuszter Istv\u00e1n \u00c9MN\u00d6SZ Tiefenbeck L\u00e1szl\u00f3 \u00c9MN\u00d6SZ A Roma telep\u00fcl\u00e9si nemzetis\u00e9gi \u00f6nkorm\u00e1nyzat \u00f6sszet\u00e9tele: Szab\u00f3 S\u00e1ndor &#8211; eln\u00f6k Kaltenecker J\u00f3zsefn\u00e9 &#8211; k\u00e9pvisel\u0151 <a class=\"mh-excerpt-more\" href=\"https:\/\/dunavarsany.hu\/index.php\/nemzetisegi-onkormanyzatok\/\" title=\"Nemzetis\u00e9gi \u00f6nkorm\u00e1nyzatok\">[&#8230;]<\/a><\/p>\n<\/div>","protected":false},"author":2,"featured_media":0,"parent":0,"menu_order":0,"comment_status":"closed","ping_status":"closed","template":"","meta":{"footnotes":""},"class_list":["post-5447","page","type-page","status-publish"],"_links":{"self":[{"href":"https:\/\/dunavarsany.hu\/index.php\/wp-json\/wp\/v2\/pages\/5447","targetHints":{"allow":["GET"]}}],"collection":[{"href":"https:\/\/dunavarsany.hu\/index.php\/wp-json\/wp\/v2\/pages"}],"about":[{"href":"https:\/\/dunavarsany.hu\/index.php\/wp-json\/wp\/v2\/types\/page"}],"author":[{"embeddable":true,"href":"https:\/\/dunavarsany.hu\/index.php\/wp-json\/wp\/v2\/users\/2"}],"replies":[{"embeddable":true,"href":"https:\/\/dunavarsany.hu\/index.php\/wp-json\/wp\/v2\/comments?post=5447"}],"version-history":[{"count":4,"href":"https:\/\/dunavarsany.hu\/index.php\/wp-json\/wp\/v2\/pages\/5447\/revisions"}],"predecessor-version":[{"id":7251,"href":"https:\/\/dunavarsany.hu\/index.php\/wp-json\/wp\/v2\/pages\/5447\/revisions\/7251"}],"wp:attachment":[{"href":"https:\/\/dunavarsany.hu\/index.php\/wp-json\/wp\/v2\/media?parent=5447"}],"curies":[{"name":"wp","href":"https:\/\/api.w.org\/{rel}","templated":true}]}}