{"id":5432,"date":"2020-07-15T10:14:16","date_gmt":"2020-07-15T10:14:16","guid":{"rendered":"http:\/\/localhost\/dunavarsany.hu\/?page_id=5432"},"modified":"2025-03-11T09:49:24","modified_gmt":"2025-03-11T09:49:24","slug":"kepviselo-testulet","status":"publish","type":"page","link":"https:\/\/dunavarsany.hu\/index.php\/kepviselo-testulet\/","title":{"rendered":"K\u00e9pvisel\u0151-test\u00fclet"},"content":{"rendered":"\r\n<h4 class=\"wp-block-heading\">A k\u00e9pvisel\u0151-test\u00fclet el\u00e9rhet\u0151s\u00e9gei, fogad\u00f3\u00f3r\u00e1k\u00a0<\/h4>\r\n\r\n\r\n\r\n<figure class=\"wp-block-table\">\r\n<table style=\"width: 100.209%;\">\r\n<thead>\r\n<tr>\r\n<th style=\"width: 19.8872%;\">Polg\u00e1rmester<\/th>\r\n<th style=\"width: 28.5296%;\">El\u00e9rhet\u0151s\u00e9g<\/th>\r\n<th style=\"width: 57.4132%;\">Fogad\u00f3\u00f3ra<\/th>\r\n<\/tr>\r\n<\/thead>\r\n<tbody>\r\n<tr>\r\n<td style=\"width: 19.8872%;\">Keresztesi Bal\u00e1zs<\/td>\r\n<td style=\"width: 28.5296%;\"><a href=\"mailto:polgarmester@dunavarsany.hu\">polgarmester@dunavarsany.hu<\/a><\/td>\r\n<td style=\"width: 57.4132%;\">el\u0151zetes egyeztet\u00e9s szerint<\/td>\r\n<\/tr>\r\n<\/tbody>\r\n<\/table>\r\n<\/figure>\r\n\r\n\r\n\r\n<figure class=\"wp-block-table\">\r\n<table style=\"width: 100.253%; height: 72px;\">\r\n<thead>\r\n<tr style=\"height: 24px;\">\r\n<th style=\"width: 19.7463%; height: 24px;\">Alpolg\u00e1rmesterek<\/th>\r\n<th style=\"width: 28.5561%; height: 24px;\">El\u00e9rhet\u0151s\u00e9g<\/th>\r\n<th style=\"width: 55.464%; height: 24px;\">Fogad\u00f3\u00f3ra<\/th>\r\n<\/tr>\r\n<\/thead>\r\n<tbody>\r\n<tr style=\"height: 24px;\">\r\n<td style=\"width: 19.7463%; height: 24px;\">Herczeg Mariann<\/td>\r\n<td style=\"width: 28.5561%; height: 24px;\"><a href=\"mailto:herczeg.mariann@dunavarsany.hu\">herczeg.mariann@dunavarsany.hu<\/a><\/td>\r\n<td style=\"width: 55.464%; height: 24px;\">el\u0151zetes egyeztet\u00e9s szerint<\/td>\r\n<\/tr>\r\n<tr style=\"height: 24px;\">\r\n<td style=\"width: 19.7463%; height: 24px;\">Dr. Kun L\u00e1szl\u00f3 K\u00e1roly<\/td>\r\n<td style=\"width: 28.5561%; height: 24px;\">\u00a0<a href=\"mailto:alpolgarmester@dunavarsany.hu\">alpolgarmester@dunavarsany.hu<\/a><\/td>\r\n<td style=\"width: 55.464%; height: 24px;\">el\u0151zetes egyeztet\u00e9s szerint<\/td>\r\n<\/tr>\r\n<\/tbody>\r\n<\/table>\r\n<\/figure>\r\n\r\n\r\n\r\n<figure class=\"wp-block-table\">\r\n<table style=\"width: 100.25%;\">\r\n<thead>\r\n<tr>\r\n<th style=\"width: 19.6496%;\">Telep\u00fcl\u00e9si k\u00e9pvisel\u0151k<\/th>\r\n<th style=\"width: 28.6501%;\">El\u00e9rhet\u0151s\u00e9g<\/th>\r\n<th style=\"width: 135.958%;\">Fogad\u00f3\u00f3ra<\/th>\r\n<\/tr>\r\n<\/thead>\r\n<tbody>\r\n<tr>\r\n<td style=\"width: 19.6496%;\">Gerg\u0151n\u00e9 Varga T\u00fcnde<\/td>\r\n<td style=\"width: 28.6501%;\"><a href=\"mailto:vargatunder1959@gmail.com\" data-fontsize=\"14\">vargatunder1959@gmail.com<\/a><\/td>\r\n<td style=\"width: 135.958%;\">el\u0151zetes egyeztet\u00e9s szerint<\/td>\r\n<\/tr>\r\n<tr>\r\n<td style=\"width: 19.6496%;\">Knul Andrea<\/td>\r\n<td style=\"width: 28.6501%;\"><a href=\"mailto:knul.andrea@dunavarsany.hu\">knul.andrea@dunavarsany.hu<\/a><\/td>\r\n<td style=\"width: 135.958%;\">el\u0151zetes egyeztet\u00e9s szerint<\/td>\r\n<\/tr>\r\n<tr>\r\n<td style=\"width: 19.6496%;\">Nagyn\u00e9 dr. Csoboly\u00f3 Eszter<\/td>\r\n<td style=\"width: 28.6501%;\"><a href=\"mailto:csobolyo.eszter@dunavarsany.hu\">csobolyo.eszter@dunavarsany.hu<\/a><\/td>\r\n<td style=\"width: 135.958%;\">el\u0151zetes egyeztet\u00e9s szerint<\/td>\r\n<\/tr>\r\n<tr>\r\n<td style=\"width: 19.6496%;\">V\u00e1l\u00f3czi Attila<\/td>\r\n<td style=\"width: 28.6501%;\"><a href=\"mailto:valoczi.attila@dunavarsany.hu\" target=\"_blank\" rel=\"noopener\" data-fontsize=\"14\">valoczi.attila@dunavarsany.hu<\/a><\/td>\r\n<td style=\"width: 135.958%;\">el\u0151zetes egyeztet\u00e9s szerint<\/td>\r\n<\/tr>\r\n<tr>\r\n<td style=\"width: 19.6496%;\">Veresegyh\u00e1zi B\u00e9la<\/td>\r\n<td style=\"width: 28.6501%;\"><a href=\"mailto:veresegyhazi.bela@dunavarsany.hu\" data-fontsize=\"14\">veresegyhazi.bela@dunavarsany.hu<\/a><\/td>\r\n<td style=\"width: 135.958%;\">el\u0151zetes egyeztet\u00e9s szerint<\/td>\r\n<\/tr>\r\n<tr>\r\n<td style=\"width: 19.6496%;\">Zentai Krist\u00f3f<\/td>\r\n<td style=\"width: 28.6501%;\"><a href=\"mailto:zentai.kristof@dunavarsany.hu\">zentai.kristof@dunavarsany.hu<\/a><\/td>\r\n<td style=\"width: 135.958%;\">el\u0151zetes egyeztet\u00e9s szerint<\/td>\r\n<\/tr>\r\n<\/tbody>\r\n<\/table>\r\n<\/figure>\r\n","protected":false},"excerpt":{"rendered":"<div class=\"mh-excerpt\"><p>A k\u00e9pvisel\u0151-test\u00fclet el\u00e9rhet\u0151s\u00e9gei, fogad\u00f3\u00f3r\u00e1k\u00a0 Polg\u00e1rmester El\u00e9rhet\u0151s\u00e9g Fogad\u00f3\u00f3ra Keresztesi Bal\u00e1zs polgarmester@dunavarsany.hu el\u0151zetes egyeztet\u00e9s szerint Alpolg\u00e1rmesterek El\u00e9rhet\u0151s\u00e9g Fogad\u00f3\u00f3ra Herczeg Mariann herczeg.mariann@dunavarsany.hu el\u0151zetes egyeztet\u00e9s szerint Dr. Kun L\u00e1szl\u00f3 K\u00e1roly \u00a0alpolgarmester@dunavarsany.hu el\u0151zetes egyeztet\u00e9s szerint Telep\u00fcl\u00e9si k\u00e9pvisel\u0151k El\u00e9rhet\u0151s\u00e9g Fogad\u00f3\u00f3ra Gerg\u0151n\u00e9 <a class=\"mh-excerpt-more\" href=\"https:\/\/dunavarsany.hu\/index.php\/kepviselo-testulet\/\" title=\"K\u00e9pvisel\u0151-test\u00fclet\">[&#8230;]<\/a><\/p>\n<\/div>","protected":false},"author":2,"featured_media":0,"parent":0,"menu_order":0,"comment_status":"closed","ping_status":"closed","template":"","meta":{"footnotes":""},"class_list":["post-5432","page","type-page","status-publish"],"_links":{"self":[{"href":"https:\/\/dunavarsany.hu\/index.php\/wp-json\/wp\/v2\/pages\/5432","targetHints":{"allow":["GET"]}}],"collection":[{"href":"https:\/\/dunavarsany.hu\/index.php\/wp-json\/wp\/v2\/pages"}],"about":[{"href":"https:\/\/dunavarsany.hu\/index.php\/wp-json\/wp\/v2\/types\/page"}],"author":[{"embeddable":true,"href":"https:\/\/dunavarsany.hu\/index.php\/wp-json\/wp\/v2\/users\/2"}],"replies":[{"embeddable":true,"href":"https:\/\/dunavarsany.hu\/index.php\/wp-json\/wp\/v2\/comments?post=5432"}],"version-history":[{"count":7,"href":"https:\/\/dunavarsany.hu\/index.php\/wp-json\/wp\/v2\/pages\/5432\/revisions"}],"predecessor-version":[{"id":13593,"href":"https:\/\/dunavarsany.hu\/index.php\/wp-json\/wp\/v2\/pages\/5432\/revisions\/13593"}],"wp:attachment":[{"href":"https:\/\/dunavarsany.hu\/index.php\/wp-json\/wp\/v2\/media?parent=5432"}],"curies":[{"name":"wp","href":"https:\/\/api.w.org\/{rel}","templated":true}]}}