{"id":5429,"date":"2020-07-15T08:23:59","date_gmt":"2020-07-15T08:23:59","guid":{"rendered":"http:\/\/localhost\/dunavarsany.hu\/?page_id=5429"},"modified":"2026-03-26T17:07:32","modified_gmt":"2026-03-26T17:07:32","slug":"budapest-belgrad-vasutvonal","status":"publish","type":"page","link":"https:\/\/dunavarsany.hu\/index.php\/budapest-belgrad-vasutvonal\/","title":{"rendered":"Budapest-Belgr\u00e1d vas\u00fatvonal"},"content":{"rendered":"\r\n<p style=\"text-align: justify;\">Tisztelt Dunavars\u00e1nyi Polg\u00e1rok!<\/p>\r\n\r\n\r\n\r\n<p style=\"text-align: justify;\">A Budapest-Belgr\u00e1d vas\u00fatvonal beruh\u00e1z\u00e1s hitelszerz\u0151d\u00e9s\u00e9nek al\u00e1\u00edr\u00e1s\u00e1r\u00f3l sz\u00f3l\u00f3 2020. m\u00e1jus 4-ei sajt\u00f3h\u00edrt k\u00f6vet\u0151en a beruh\u00e1z\u00e1sr\u00f3l folyamatosan egyeztet\u00fcnk az illet\u00e9kesekkel, a kapott hiteles \u00e9s \u00e9rdemi inform\u00e1ci\u00f3kr\u00f3l al\u00e1bbiakban folymatosan t\u00e1j\u00e9koztatni fogom Dunavars\u00e1ny lakoss\u00e1g\u00e1t.<\/p>\r\n\r\n\r\n\r\n\r\n\r\n<p style=\"text-align: justify;\">Gerg\u0151n\u00e9 Varga T\u00fcnde polg\u00e1rmester<\/p>\r\n\r\n\r\n\r\n<p>Kivitelez\u00e9ssel kapcsolatos \u00e9szrev\u00e9telek panaszok fogad\u00e1s\u00e1ra l\u00e9trehozott panasziroda el\u00e9rhet\u0151s\u00e9ge: <a href=\"mailto:complaintoffice@ctechu.com\" target=\"_blank\" rel=\"noopener\">complaintoffice@ctechu.com<\/a><\/p>\r\n\r\n\r\n\r\n<p style=\"text-align: justify;\">Al\u00e1bbi linkeken el\u00e9rhet\u0151 minden a fejleszt\u00e9ssel kapcsolatban hivatalos forr\u00e1sb\u00f3l tudom\u00e1sunkra jutott, Dunavars\u00e1nyt \u00e9rint\u0151 k\u00f6z\u00e9rdek\u0171 dokumentum, kronol\u00f3gikus sorrendben:<\/p>\r\n\r\n\r\n\r\n<ul class=\"wp-block-list\">\r\n<li style=\"list-style-type: none;\"><br \/>\r\n<ul>\r\n<li><a href=\"https:\/\/dunavarsany.hu\/index.php\/2026\/03\/26\/bube-eljarast-lezaro-hatarozat\/\">BUBE &#8211; elj\u00e1r\u00e1st lez\u00e1r\u00f3 hat\u00e1rozat<\/a><\/li>\r\n<li><a href=\"https:\/\/dunavarsany.hu\/wp-content\/uploads\/2026\/01\/68-3-hirdetmeny_hiteles.pdf\">BUBE &#8211; Dunavars\u00e1ny, a vas\u00fati p\u00e1lya 233+69 \u00e9s 239+83 hmsz k\u00f6z\u00f6tti szakasz\u00e1n a bal oldalon zaj\u00e1rny\u00e9kol\u00f3 fal \u00e9p\u00edt\u00e9se, a k\u00f6rnyezetv\u00e9delmi enged\u00e9ly nem jelent\u00f5s m\u00f3dosit\u00e1sa 2026.01.06.<\/a><\/li>\r\n<li><a href=\"https:\/\/dunavarsany.hu\/wp-content\/uploads\/2025\/12\/BUBE_MENETREND_MAV_KORMANYOS.pdf\">BUBE-Keleti v\u00e9g\u00e1llom\u00e1s k\u00e9r\u00e9s_dr. Korm\u00e1nyos_2025.12.17.<\/a><\/li>\r\n<li><a href=\"https:\/\/dunavarsany.hu\/wp-content\/uploads\/2025\/12\/BUBE_MENETREND_MAV_HEGYI.pdf\">BUBE-Keleti v\u00e9g\u00e1llom\u00e1s k\u00e9r\u00e9s_Hegyi_2025.12.17.<\/a><\/li>\r\n<li><a href=\"https:\/\/dunavarsany.hu\/wp-content\/uploads\/2025\/12\/BUBE_MENETREND_LAZAR-J.pdf\">BUBE-Keleti v\u00e9g\u00e1llom\u00e1s k\u00e9r\u00e9s_L\u00e1z\u00e1rJ_2025.12.17.<\/a><\/li>\r\n<li><a href=\"https:\/\/dunavarsany.hu\/wp-content\/uploads\/2025\/11\/BUBE-valaszlevele.pdf\">V\u00e1laszlev\u00e9l BUBE m\u0171szaki k\u00e9rd\u00e9sekre 2025.11.04.<\/a><\/li>\r\n<li><a href=\"https:\/\/dunavarsany.hu\/wp-content\/uploads\/2025\/11\/Polgarmesteri-nyilatkozat.pdf\">Polga\u0301rmesteri nyilatkozat 2025.11.03.<\/a><\/li>\r\n<li><a href=\"https:\/\/dunavarsany.hu\/wp-content\/uploads\/2025\/11\/Oktober-7.pdf\">Ism\u00e9telt t\u00e1j\u00e9koztat\u00e1s k\u00e9r\u00e9s m\u0171szaki k\u00e9rd\u00e9sekben 2025.10.07.<\/a><\/li>\r\n<li><a href=\"https:\/\/dunavarsany.hu\/wp-content\/uploads\/2025\/11\/Szeptember-8.pdf\">Ism\u00e9telt t\u00e1j\u00e9koztat\u00e1s k\u00e9r\u00e9s a BUBE projekt kivitelez\u00e9se sor\u00e1n felmer\u00fclt m\u0171szaki k\u00e9rd\u00e9sekben 2025.09.08.\u00a0<\/a><\/li>\r\n<li><a href=\"https:\/\/dunavarsany.hu\/wp-content\/uploads\/2025\/11\/0250718_3245_Valasz-a-Tajekoztatas-keres-Budapest-Belgrad-vasutvonal-fejlesztes-soran-felmerult-muszaki-kerdesekben-temaju-megkeresesere_S.pdf\">Va\u0301lasz a -Ta\u0301je\u0301koztata\u0301s ke\u0301re\u0301s Budapest-Belgra\u0301d vasu\u0301tvonal fejleszte\u0301s sora\u0301n felmeru\u0308lt mu\u030bszaki ke\u0301rde\u0301sekben- te\u0301ma\u0301ju\u0301 megkerese\u0301se\u0301re 2025.07.18.<\/a><\/li>\r\n<li><a href=\"https:\/\/dunavarsany.hu\/wp-content\/uploads\/2025\/11\/Julius-16.pdf\">T\u00e1j\u00e9koztat\u00e1s k\u00e9r\u00e9s a BUBE vas\u00fatvonalfejleszt\u00e9sr\u0151l 2025.07.16.<\/a><\/li>\r\n<li><a href=\"https:\/\/dunavarsany.hu\/wp-content\/uploads\/2025\/11\/Junius-30.pdf\">T\u00e1j\u00e9koztat\u00e1s k\u00e9r\u00e9s a Budapest-Belgr\u00e1s vas\u00fatfejleszt\u00e9s sor\u00e1n felmer\u00fclt m\u0171szaki k\u00e9rd\u00e9sekre 2025.06.30.<\/a><\/li>\r\n<li><a href=\"https:\/\/dunavarsany.hu\/wp-content\/uploads\/2025\/11\/Junius-3.pdf\">T\u00e1j\u00e9koztat\u00e1s k\u00e9r\u00e9s a Budapest-Belgr\u00e1s vas\u00fatfejleszt\u00e9s sor\u00e1n felmer\u00fclt m\u0171szaki k\u00e9rd\u00e9sekre 2025.06.03.<\/a><\/li>\r\n<li><a href=\"https:\/\/dunavarsany.hu\/index.php\/2025\/05\/07\/hirdetmeny-44\/\">Hirdetm\u00e9ny 2025.05.07.<\/a><\/li>\r\n<li><a href=\"https:\/\/dunavarsany.hu\/wp-content\/uploads\/2024\/03\/02059-8-2024_BUBE_ESZAK_felmentes_zajkibocsatasi_hatertek_2024_mod_HAT1.pdf\">2024. \u00e9vre vonatkoz\u00f3 zajterhel\u00e9si hat\u00e1r\u00e9rt\u00e9k betart\u00e1sa al\u00f3li felment\u00e9sr\u0151l rendelkez\u0151 BK\/KTF\/00022-6\/2024. iktat\u00f3sz\u00e1mon kiadott hat\u00e1rozat m\u00f3dos\u00edt\u00e1sa [a hat\u00e1rozatban szerepl\u0151 helyrajzi sz\u00e1m \u00e9s c\u00edmlista friss\u00edt\u00e9se miatt] 2024.03.14.<\/a><\/li>\r\n<li><a href=\"https:\/\/dunavarsany.hu\/index.php\/2024\/01\/22\/bube-zajterheles-betartasa-aloli-felmentes-iranti-kerelem-2024\/\">Hirdetm\u00e9ny &#8211; zajterhel\u00e9s betart\u00e1sa al\u00f3li felment\u00e9s ir\u00e1nti k\u00e9relem_2024.01.22.<\/a><\/li>\r\n<li><a href=\"https:\/\/dunavarsany.hu\/wp-content\/uploads\/2023\/10\/Valaszlevel-Szabo-Andras-Leventenek_2023.10.03.pdf\">V\u00e1laszlev\u00e9l Szab\u00f3 Andr\u00e1s Levent\u00e9nek 2023.10.03.<\/a><\/li>\r\n<li><a href=\"https:\/\/dunavarsany.hu\/index.php\/2023\/09\/12\/hirdetmeny-a-kotottpalya-es-a-hozzatartozo-letesitmeny-epitesi-engedelyezesevel-kapcsolatos-eljaras-meginditasarol\/\">HIRDETM\u00c9NY \u2013 A k\u00f6t\u00f6ttp\u00e1lya \u00e9s a hozz\u00e1tartoz\u00f3 l\u00e9tes\u00edtm\u00e9ny \u00e9p\u00edt\u00e9si enged\u00e9lyez\u00e9s\u00e9vel kapcsolatos elj\u00e1r\u00e1s megind\u00edt\u00e1s\u00e1r\u00f3l 2023.09.12.<\/a><\/li>\r\n<li><a href=\"https:\/\/dunavarsany.hu\/wp-content\/uploads\/2023\/06\/00416_4_2023_BUBE_Zajterhelesi_HAT.pdf\">Hat\u00e1rozat a zajterhel\u00e9si hat\u00e1r\u00e9rt\u00e9k betart\u00e1sa al\u00f3li felment\u00e9s ir\u00e1nti k\u00e9relem a 2023. \u00e9vre vonatkoz\u00f3an 2023.06.08.<\/a><\/li>\r\n<li><a href=\"https:\/\/dunavarsany.hu\/wp-content\/uploads\/2023\/03\/Gantt_2023.03.13..pdf\">\u00c9p\u00edt\u00e9si tev\u00e9kenys\u00e9g id\u0151terve 2023-ban 2023.03.13.<\/a><\/li>\r\n<li><a href=\"https:\/\/dunavarsany.hu\/wp-content\/uploads\/2023\/01\/00416-4-2023-BUBE-ESZAK-felmentes-zajt-hatertek-2023-HAT-.pdf\">Hat\u00e1rozat a zajterhel\u00e9si hat\u00e1r\u00e9rt\u00e9k betart\u00e1sa al\u00f3li felment\u00e9s ir\u00e1nti k\u00e9relem a 2023. \u00e9vre vonatkoz\u00f3an (Soroks\u00e1r &#8211; F\u00fcl\u00f6psz\u00e1ll\u00e1s 75+00 &#8211; 821+87 hm szelv\u00e9nyek k\u00f6z\u00f6tti) szakasz<\/a><\/li>\r\n<li><a href=\"https:\/\/dunavarsany.hu\/index.php\/2022\/09\/21\/budapest-belgrad-lakossagi-forum\/\">LAKOSS\u00c1GI F\u00d3RUM 2022. okt\u00f3ber 10.<\/a><\/li>\r\n<li><a href=\"https:\/\/dunavarsany.hu\/wp-content\/uploads\/2022\/10\/00793-99-2022-BUBE-KHV-MOD2-HAT.pdf\">K\u00f6rnyezetv\u00e9delmi enged\u00e9ly nem jelent\u0151s m\u00f3dos\u00edt\u00e1sa, elj\u00e1r\u00e1st lez\u00e1r\u00f3 hat\u00e1rozat 2022.10.06.<\/a><\/li>\r\n<li><a href=\"https:\/\/dunavarsany.hu\/index.php\/2022\/04\/25\/utazasi-alternativak-a-150-es-vasutvonal-felujitasa-idejen-2022-majus-1-tol\/\">Utaz\u00e1si alternat\u00edv\u00e1k a 150-es vas\u00fatvonal fel\u00faj\u00edt\u00e1sa idej\u00e9n, 2022. m\u00e1jus 1-t\u0151l<\/a><\/li>\r\n<li><a href=\"https:\/\/dunavarsany.hu\/wp-content\/uploads\/2022\/02\/00793-7-2022-BUBE-KHV-MOD-71-sz.-HAT_2022.02.18..pdf\">K\u00f6rnyezetv\u00e9delmi enged\u00e9ly m\u00f3dos\u00edt\u00e1sa &#8211; Hat\u00e1rozat 2022.02.18.<\/a><\/li>\r\n<li><a href=\"https:\/\/dunavarsany.hu\/wp-content\/uploads\/2022\/01\/00151-6-2022-BUBE-ESZAK-felmentes-zajt-hatertek-HIRD.pdf\">Hirdetm\u00e9ny BUBE \u00c9SZAK zajterhel\u00e9si hat\u00e1r\u00e9rt\u00e9k betart\u00e1sa al\u00f3li felment\u00e9s 2022.01.20.<\/a><\/li>\r\n<li><a href=\"https:\/\/dunavarsany.hu\/wp-content\/uploads\/2022\/01\/00151-5-2022-BUBE-ESZAK-felmentes-zajt-hatertek-HAT.pdf\">Hat\u00e1rozat BUBE \u00c9SZAK zajterhel\u00e9si hat\u00e1r\u00e9rt\u00e9k betart\u00e1sa al\u00f3li felment\u00e9s 2022.01.20.<\/a><\/li>\r\n<li><a href=\"https:\/\/dunavarsany.hu\/wp-content\/uploads\/2021\/10\/Hirdetmeny10.19..pdf\">Miniszt\u00e9riumi hirdetm\u00e9ny 2021.10.19.<\/a><\/li>\r\n<li><a href=\"https:\/\/dunavarsany.hu\/index.php\/2021\/08\/10\/miniszteriumi-hirdetmeny-budapest-belgrad-vasutvonal-2021-07-29\/\">Miniszt\u00e9riumi hirdetm\u00e9ny 2021.07.29.<\/a><\/li>\r\n<li><a href=\"https:\/\/dunavarsany.hu\/wp-content\/uploads\/2021\/05\/04636-257-2021-MAV-Zrt-BUBEKHV-ENG_vegleges-0518.pdf\">K\u00f6rnyezetv\u00e9delmi enged\u00e9ly a Budapest &#8211; Belgr\u00e1d vas\u00fatvonal hazai szakasz\u00e1nak fejleszt\u00e9s\u00e9hez 2021.05.18.<\/a><\/li>\r\n<li><a href=\"https:\/\/dunavarsany.hu\/wp-content\/uploads\/2021\/03\/04636-4-2021-BUBE-KHV-Kozlemeny.pdf\">M\u00c1V Zrt., a Budapest \u2013 Belgr\u00e1d vas\u00fatvonal hazai szakasz\u00e1nak fejleszt\u00e9se t\u00e1rgy\u00fa k\u00f6rnyezeti hat\u00e1svizsg\u00e1lati elj\u00e1r\u00e1s 2021.03.19.<\/a><\/li>\r\n<li><a href=\"https:\/\/dunavarsany.hu\/wp-content\/uploads\/2021\/02\/MAV-Bajcsy-Zsilinszky-Szabadkai-u-i-sorompo-kerdese.pdf\">M\u00c1V Bajcsy Zsilinszky-Szabadkai u-i soromp\u00f3 k\u00e9rd\u00e9se 2021.02.19.<\/a><\/li>\r\n<li><a href=\"https:\/\/dunavarsany.hu\/dokumentumok\/K%C3%8DNAIMAGYARVAS%C3%9ATTT%C3%81J%C3%89KOZTAT%C3%93_06.02..pdf\">K\u00cdNAI-MAGYAR Vas\u00fati Nonprofit Zrt. v\u00e1laszlev\u00e9l 2020.06.02.<\/a><\/li>\r\n<li><a href=\"https:\/\/dunavarsany.hu\/dokumentumok\/M%C3%81V%20V%C3%A1lasz_BP-Belgr%C3%A1d.pdf\">M\u00c1V v\u00e1laszlev\u00e9l 2020.06.02.<\/a><\/li>\r\n<li><a href=\"https:\/\/dunavarsany.hu\/dokumentumok\/Innov%C3%A1ci%C3%B3s%20%C3%A9s%20Techn.Miniszt%C3%A9rium_v%C3%A1lasz_05.29..pdf\">Innov\u00e1ci\u00f3s \u00e9s Technol\u00f3giai Miniszt\u00e9rium v\u00e1laszlev\u00e9l 2020.05.29.<\/a><\/li>\r\n<li><a href=\"https:\/\/dunavarsany.hu\/dokumentumok\/Beruhazas\/T%C3%81J%C3%89KOZTAT%C3%81SK%C3%89R%C3%89S_20200514.pdf\">T\u00e1j\u00e9koztat\u00e1s-k\u00e9r\u00e9s a Budapest-Belgr\u00e1d vas\u00fatfejleszt\u00e9sr\u0151l 2020.05.14.<\/a><\/li>\r\n<\/ul>\r\n<\/li>\r\n<\/ul>\r\n<figure id=\"attachment_7401\" aria-describedby=\"caption-attachment-7401\" style=\"width: 1024px\" class=\"wp-caption alignnone\"><img loading=\"lazy\" decoding=\"async\" class=\"wp-image-7401 size-large\" src=\"https:\/\/dunavarsany.hu\/wp-content\/uploads\/2021\/03\/BP-Belgrad_terkepes-1024x701.png\" alt=\"\" width=\"1024\" height=\"701\" srcset=\"https:\/\/dunavarsany.hu\/wp-content\/uploads\/2021\/03\/BP-Belgrad_terkepes-1024x701.png 1024w, https:\/\/dunavarsany.hu\/wp-content\/uploads\/2021\/03\/BP-Belgrad_terkepes-300x205.png 300w, https:\/\/dunavarsany.hu\/wp-content\/uploads\/2021\/03\/BP-Belgrad_terkepes-768x526.png 768w, https:\/\/dunavarsany.hu\/wp-content\/uploads\/2021\/03\/BP-Belgrad_terkepes.png 1301w\" sizes=\"auto, (max-width: 1024px) 100vw, 1024px\" \/><figcaption id=\"caption-attachment-7401\" class=\"wp-caption-text\">Forr\u00e1s: innorail.hu<\/figcaption><\/figure>\r\n","protected":false},"excerpt":{"rendered":"<div class=\"mh-excerpt\"><p>Tisztelt Dunavars\u00e1nyi Polg\u00e1rok! A Budapest-Belgr\u00e1d vas\u00fatvonal beruh\u00e1z\u00e1s hitelszerz\u0151d\u00e9s\u00e9nek al\u00e1\u00edr\u00e1s\u00e1r\u00f3l sz\u00f3l\u00f3 2020. m\u00e1jus 4-ei sajt\u00f3h\u00edrt k\u00f6vet\u0151en a beruh\u00e1z\u00e1sr\u00f3l folyamatosan egyeztet\u00fcnk az illet\u00e9kesekkel, a kapott hiteles \u00e9s \u00e9rdemi inform\u00e1ci\u00f3kr\u00f3l al\u00e1bbiakban folymatosan t\u00e1j\u00e9koztatni fogom Dunavars\u00e1ny lakoss\u00e1g\u00e1t. Gerg\u0151n\u00e9 Varga <a class=\"mh-excerpt-more\" href=\"https:\/\/dunavarsany.hu\/index.php\/budapest-belgrad-vasutvonal\/\" title=\"Budapest-Belgr\u00e1d vas\u00fatvonal\">[&#8230;]<\/a><\/p>\n<\/div>","protected":false},"author":2,"featured_media":0,"parent":0,"menu_order":0,"comment_status":"closed","ping_status":"closed","template":"","meta":{"footnotes":""},"class_list":["post-5429","page","type-page","status-publish"],"_links":{"self":[{"href":"https:\/\/dunavarsany.hu\/index.php\/wp-json\/wp\/v2\/pages\/5429","targetHints":{"allow":["GET"]}}],"collection":[{"href":"https:\/\/dunavarsany.hu\/index.php\/wp-json\/wp\/v2\/pages"}],"about":[{"href":"https:\/\/dunavarsany.hu\/index.php\/wp-json\/wp\/v2\/types\/page"}],"author":[{"embeddable":true,"href":"https:\/\/dunavarsany.hu\/index.php\/wp-json\/wp\/v2\/users\/2"}],"replies":[{"embeddable":true,"href":"https:\/\/dunavarsany.hu\/index.php\/wp-json\/wp\/v2\/comments?post=5429"}],"version-history":[{"count":47,"href":"https:\/\/dunavarsany.hu\/index.php\/wp-json\/wp\/v2\/pages\/5429\/revisions"}],"predecessor-version":[{"id":15275,"href":"https:\/\/dunavarsany.hu\/index.php\/wp-json\/wp\/v2\/pages\/5429\/revisions\/15275"}],"wp:attachment":[{"href":"https:\/\/dunavarsany.hu\/index.php\/wp-json\/wp\/v2\/media?parent=5429"}],"curies":[{"name":"wp","href":"https:\/\/api.w.org\/{rel}","templated":true}]}}