{"id":5422,"date":"2020-07-13T09:03:46","date_gmt":"2020-07-13T09:03:46","guid":{"rendered":"http:\/\/localhost\/dunavarsany.hu\/?page_id=5422"},"modified":"2021-01-27T15:13:00","modified_gmt":"2021-01-27T15:13:00","slug":"dunavarsanyrol","status":"publish","type":"page","link":"https:\/\/dunavarsany.hu\/index.php\/dunavarsanyrol\/","title":{"rendered":"Dunavars\u00e1nyr\u00f3l"},"content":{"rendered":"\r\n<h3 class=\"wp-block-heading\">\u00dcdv\u00f6z\u00f6lj\u00fck Dunavars\u00e1nyban!<\/h3>\r\n\r\n\r\n\r\n<p>A Soroks\u00e1ri-R\u00e1ckevei Duna\u00e1g k\u00f6zel\u00e9ben, Budapest d\u00e9li perem\u00e9t\u00f5l mintegy 12 km-re elhelyezked\u00f5 Dunavars\u00e1ny k\u00f6zigazgat\u00e1silag a K\u00f6z\u00e9p-Magyarorsz\u00e1gi R\u00e9gi\u00f3hoz, azon bel\u00fcl Pest megy\u00e9hez, a R\u00e1ckevei kist\u00e9rs\u00e9ghez, valamint a Budapesti agglomer\u00e1ci\u00f3hoz tartozik. Ter\u00fclete 22,52 km2, \u00e1lland\u00f3 lakosainak sz\u00e1ma k\u00f6zel 8000 f\u00f5.<br \/><br \/>A v\u00e1ros k\u00e9t egym\u00e1st\u00f3l f\u00f6ldrajzilag elk\u00fcl\u00f6n\u00fcl\u00f5 telep\u00fcl\u00e9sr\u00e9szb\u00f5l \u00e1ll; a honfoglal\u00e1s kor\u00e1ban kialakult t\u00f6rt\u00e9nelmi telep\u00fcl\u00e9sr\u00e9szb\u00f5l, Dunanagyvars\u00e1nyb\u00f3l \u00e9s a Budapest-Kelebia-Belgr\u00e1d vas\u00fatvonal 1880-83 k\u00f6z\u00f6tti meg\u00e9p\u00edt\u00e9se ut\u00e1n, a vas\u00fat mell\u00e9 ki\u00e9p\u00fclt Dunakisvars\u00e1nyb\u00f3l.<br \/><br \/>N\u00e9pess\u00e9g\u00e9t tekintve a telep\u00fcl\u00e9s k\u00e9t v\u00e1rosr\u00e9sz\u00e9nek lak\u00f3i etnikai szempontb\u00f3l j\u00f3l megk\u00fcl\u00f6nb\u00f6ztethet\u00f5ek. Nagyvars\u00e1ny lakoss\u00e1g\u00e1t f\u00f5k\u00e9nt a th\u00fcringiai sv\u00e1bok lesz\u00e1rmazottai alkotj\u00e1k. Kisvars\u00e1ny lakoss\u00e1ga etnikai szempontb\u00f3l igen vegyes, az orsz\u00e1gban jelen l\u00e9v\u00f5 valamennyi n\u00e9pcsoport megtal\u00e1lhat\u00f3 ter\u00fclet\u00e9n.<br \/><br \/>Dunavars\u00e1ny f\u00f6ldrajzi elhelyezked\u00e9se r\u00e9v\u00e9n rendk\u00edv\u00fcl j\u00f3 k\u00f6zleked\u00e9si adotts\u00e1gokkal rendelkezik. Az Eur\u00f3pai Uni\u00f3 region\u00e1lis politik\u00e1j\u00e1ban kijel\u00f6lt transz-eur\u00f3pai k\u00f6zleked\u00e9si folyos\u00f3k k\u00f6z\u00fcl a dunai nemzetk\u00f6zi v\u00edzi\u00fat, a sugaras szerkezet\u00fb orsz\u00e1gos k\u00f6z\u00fat-, \u00e9s vas\u00fath\u00e1l\u00f3zat f\u00f3kusz\u00e1ban tal\u00e1lhat\u00f3. A f\u00f5v\u00e1ros is gyorsan el\u00e9rhet\u00f5 a telep\u00fcl\u00e9sen \u00e1thalad\u00f3 51. sz\u00e1m\u00fa f\u00f5k\u00f6zleked\u00e9si \u00fatnak \u00e9s a Budapest-Kelebia villamos\u00edtott vas\u00fati f\u00f5vonalnak k\u00f6sz\u00f6nhet\u00f5en. A t\u00e1vols\u00e1gi aut\u00f3buszj\u00e1rat Budapest N\u00e9pligetig, m\u00edg a vonat Budapest K\u00f5b\u00e1nya-Kispest v\u00e9g\u00e1llom\u00e1sig k\u00f6zlekedik.<br \/><br \/>Dunavars\u00e1ny term\u00e9szeti \u00e9rt\u00e9kei k\u00f6vetkezt\u00e9ben jelent\u00f5s idegenforgalommal rendelkezik. A fest\u00f5i Duna-parti \u00fcd\u00fcl\u00f5helyek \u00e9s a mesters\u00e9gesen kialak\u00edtott b\u00e1nyatavak kellemes pihen\u00e9si, sz\u00f3rakoz\u00e1si lehet\u00f5s\u00e9get biztos\u00edtanak a telep\u00fcl\u00e9sre l\u00e1togat\u00f3knak.<br \/><br \/>A telep\u00fcl\u00e9s nevezetes term\u00e9szeti l\u00e1tnival\u00f3i k\u00f6z\u00e9 tartozik a Kis-Dun\u00e1n tal\u00e1lhat\u00f3 mintegy 10 hekt\u00e1rnyi \u00fasz\u00f3l\u00e1p, a Domariba-sziget, a Vars\u00e1nyhalmon tal\u00e1lhat\u00f3 \u00c1rval\u00e1nyhajas ter\u00fclet. Ady Endre eml\u00e9k\u00e9t id\u00e9zi a h\u00e1bor\u00fa ut\u00e1n elpusztult V\u00e9szi-k\u00faria udvar\u00e1n tal\u00e1lhat\u00f3 n\u00e9gy darab feketefeny\u00f5. A kast\u00e9ly gyakori vend\u00e9gek\u00e9nt a k\u00f6lt\u00f5 itt \u00edrta p\u00e9ld\u00e1ul a Fekete zongora c\u00edm\u00fb vers\u00e9t, illetve a Margita \u00e9lni akar ciklusk\u00f6ltem\u00e9ny\u00e9t.<br \/><br \/>Az egykori b\u00e1nyatavak k\u00f6z\u00fcl kiemelkedik a telep\u00fcl\u00e9s \u00e9szaki oldal\u00e1n fekv\u00f5 k\u00f6zkedvelt f\u00fcrd\u00f5z\u00f5hely, a Rukkel-t\u00f3. Duna-parton jelent\u00f5s sportcentrum a K\u00f6z\u00e9p-magyarorsz\u00e1gi \u00c1ltal\u00e1nos Olimpiai K\u00f6zpont.<br \/><br \/>A ny\u00e1r elej\u00e9n megrendez\u00e9sre ker\u00fcl\u00f5 Dunavars\u00e1ny Napok, a Sz\u00fcreti b\u00e1l, vagy a gyakran tizen\u00f6t-h\u00fasz egy\u00fcttes r\u00e9szv\u00e9tel megval\u00f3sul\u00f3 n\u00e9pzenei tal\u00e1lkoz\u00f3k minden \u00e9vben sok idel\u00e1togat\u00f3nak ny\u00fajtanak felejthetetlen \u00e9lm\u00e9nyt, sz\u00f3rakoz\u00e1st.<br \/><br \/>Dunavars\u00e1ny a rendszerv\u00e1lt\u00e1sig D\u00e9legyh\u00e1z\u00e1val \u00e9s Majosh\u00e1z\u00e1val alkotott k\u00f6zigazgat\u00e1si egys\u00e9get \u00e9s nagyk\u00f6zs\u00e9gi k\u00f6z\u00f6s tan\u00e1csot m\u00fbk\u00f6dtetett. Ez a k\u00e9nyszer\u00fb egy\u00fcttm\u00fbk\u00f6d\u00e9s v\u00e1lt alapj\u00e1v\u00e1 Dunavars\u00e1ny k\u00e9s\u00f5bbi kist\u00e9rs\u00e9gi vezet\u00f5 szerep\u00e9nek.<br \/><br \/>A v\u00e1ros leg\u00fajabbkori t\u00f6rt\u00e9nelme viszonylag r\u00f6vid, de ezen id\u00f5 alatt rendk\u00edv\u00fcl dinamikusan fejl\u00f5d\u00f6tt, k\u00fcl\u00f6n\u00f6sen az ut\u00f3bbi \u00e9vtizedben. Az 1990-es \u00e9vek elej\u00e9t\u00f5l zajl\u00f3 k\u00f6zm\u00fbves beruh\u00e1z\u00e1sok t\u00falnyom\u00f3 t\u00f6bbs\u00e9g\u00e9t (v\u00edz, g\u00e1z, telefon, szennyv\u00edzcsatorna-h\u00e1l\u00f3zat) Dunavars\u00e1ny koordin\u00e1lta a kist\u00e9rs\u00e9gben. Dunavars\u00e1ny t\u00f6bb mint 300 v\u00e1llalkoz\u00e1ssal, 200 mag\u00e1nv\u00e1llalkoz\u00e1ssal, illetve egy 90 hekt\u00e1ros ipari parkkal rendelkezik, amely a ter\u00fclet fekv\u00e9se, k\u00f6nny\u00fb megk\u00f6zel\u00edthet\u00f5s\u00e9ge miatt kiv\u00e1l\u00f3 lehet\u00f5s\u00e9geket ny\u00fajt a betelep\u00fclni k\u00edv\u00e1n\u00f3 v\u00e1llalatok sz\u00e1m\u00e1ra.<br \/><br \/>Telep\u00fcl\u00e9s\u00fcnk a teljes alapell\u00e1t\u00e1st biztos\u00edt\u00f3 int\u00e9zm\u00e9nyh\u00e1l\u00f3zaton t\u00fal emelt szint\u00fb ell\u00e1t\u00e1st biztos\u00edt\u00f3 int\u00e9zm\u00e9nyekkel \u00e9s szervezetekkel is rendelkezik (pl. m\u00fbv\u00e9szeti iskola, \u00e1ltal\u00e1nos iskola speci\u00e1lis tagozata, id\u00f5sek \u00e1tmeneti otthona).<br \/><br \/>Dunavars\u00e1ny a hazai kapcsolatokon t\u00fal a nemzetk\u00f6zi kapcsolatait is igyekszik \u00e1polni. 1999. nyar\u00e1n, t\u00f6bb\u00e9ves bemutatkoz\u00e1s, ismerked\u00e9s ut\u00e1n ker\u00fclt sor a testv\u00e9rv\u00e1rosi szerz\u00f5d\u00e9s al\u00e1\u00edr\u00e1s\u00e1ra a n\u00e9metorsz\u00e1gi Gemmingennel, 2002. m\u00e1rcius 15-\u00e9n a szlov\u00e1kiai Szal\u00f3ccal \u00e9s 2008. m\u00e1jus 17-\u00e9n a k\u00e1rp\u00e1taljai Csetfalv\u00e1val.<br \/><br \/>2004. szeptember 18. \u00f3ta Dunavars\u00e1ny megkapta a v\u00e1rosi c\u00edmet.<\/p>\r\n","protected":false},"excerpt":{"rendered":"<div class=\"mh-excerpt\"><p>\u00dcdv\u00f6z\u00f6lj\u00fck Dunavars\u00e1nyban! A Soroks\u00e1ri-R\u00e1ckevei Duna\u00e1g k\u00f6zel\u00e9ben, Budapest d\u00e9li perem\u00e9t\u00f5l mintegy 12 km-re elhelyezked\u00f5 Dunavars\u00e1ny k\u00f6zigazgat\u00e1silag a K\u00f6z\u00e9p-Magyarorsz\u00e1gi R\u00e9gi\u00f3hoz, azon bel\u00fcl Pest megy\u00e9hez, a R\u00e1ckevei kist\u00e9rs\u00e9ghez, valamint a Budapesti agglomer\u00e1ci\u00f3hoz tartozik. Ter\u00fclete 22,52 km2, \u00e1lland\u00f3 lakosainak <a class=\"mh-excerpt-more\" href=\"https:\/\/dunavarsany.hu\/index.php\/dunavarsanyrol\/\" title=\"Dunavars\u00e1nyr\u00f3l\">[&#8230;]<\/a><\/p>\n<\/div>","protected":false},"author":2,"featured_media":6033,"parent":0,"menu_order":0,"comment_status":"closed","ping_status":"closed","template":"","meta":{"footnotes":""},"class_list":["post-5422","page","type-page","status-publish","has-post-thumbnail"],"_links":{"self":[{"href":"https:\/\/dunavarsany.hu\/index.php\/wp-json\/wp\/v2\/pages\/5422","targetHints":{"allow":["GET"]}}],"collection":[{"href":"https:\/\/dunavarsany.hu\/index.php\/wp-json\/wp\/v2\/pages"}],"about":[{"href":"https:\/\/dunavarsany.hu\/index.php\/wp-json\/wp\/v2\/types\/page"}],"author":[{"embeddable":true,"href":"https:\/\/dunavarsany.hu\/index.php\/wp-json\/wp\/v2\/users\/2"}],"replies":[{"embeddable":true,"href":"https:\/\/dunavarsany.hu\/index.php\/wp-json\/wp\/v2\/comments?post=5422"}],"version-history":[{"count":2,"href":"https:\/\/dunavarsany.hu\/index.php\/wp-json\/wp\/v2\/pages\/5422\/revisions"}],"predecessor-version":[{"id":7119,"href":"https:\/\/dunavarsany.hu\/index.php\/wp-json\/wp\/v2\/pages\/5422\/revisions\/7119"}],"wp:featuredmedia":[{"embeddable":true,"href":"https:\/\/dunavarsany.hu\/index.php\/wp-json\/wp\/v2\/media\/6033"}],"wp:attachment":[{"href":"https:\/\/dunavarsany.hu\/index.php\/wp-json\/wp\/v2\/media?parent=5422"}],"curies":[{"name":"wp","href":"https:\/\/api.w.org\/{rel}","templated":true}]}}