{"id":5413,"date":"2020-07-13T08:59:51","date_gmt":"2020-07-13T08:59:51","guid":{"rendered":"http:\/\/localhost\/dunavarsany.hu\/?page_id=5413"},"modified":"2020-07-13T08:59:51","modified_gmt":"2020-07-13T08:59:51","slug":"oktatas","status":"publish","type":"page","link":"https:\/\/dunavarsany.hu\/index.php\/oktatas\/","title":{"rendered":"Oktat\u00e1s"},"content":{"rendered":"\n<ul class=\"wp-block-list\"><li><a href=\"https:\/\/dunavarsany.hu\/dokumentumok\/weoresovi.pdf\" target=\"_blank\" rel=\"noreferrer noopener\">Dunavars\u00e1ny V\u00e1ros \u00d6nkorm\u00e1nyzat We\u00f6res S\u00e1ndor \u00d3voda<\/a><\/li><li><a href=\"https:\/\/dunavarsany.hu\/index.php\/intezmenyek\/oktatas?id=414\">Dunavars\u00e1nyi \u00c1rp\u00e1d Fejedelem \u00c1ltal\u00e1nos Iskola<\/a><\/li><li><a href=\"http:\/\/dverkelfami.hu\/\" target=\"_blank\" rel=\"noreferrer noopener\">Dunavars\u00e1ny V\u00e1ros Erkel Ferenc Alapfok\u00fa M\u0171v\u00e9szetoktat\u00e1si Iskola<\/a><\/li><li><a href=\"https:\/\/dunavarsany.hu\/dokumentumok\/gyejo18.pdf\" target=\"_blank\" rel=\"noreferrer noopener\">Dunavars\u00e1ny&nbsp;K\u00f6rny\u00e9ki Gyermekj\u00f3l\u00e9ti \u00e9s Csal\u00e1dseg\u00edt\u0151 Szolg\u00e1lat<\/a><\/li><\/ul>\n","protected":false},"excerpt":{"rendered":"<div class=\"mh-excerpt\"><p>Dunavars\u00e1ny V\u00e1ros \u00d6nkorm\u00e1nyzat We\u00f6res S\u00e1ndor \u00d3voda Dunavars\u00e1nyi \u00c1rp\u00e1d Fejedelem \u00c1ltal\u00e1nos Iskola Dunavars\u00e1ny V\u00e1ros Erkel Ferenc Alapfok\u00fa M\u0171v\u00e9szetoktat\u00e1si Iskola Dunavars\u00e1ny&nbsp;K\u00f6rny\u00e9ki Gyermekj\u00f3l\u00e9ti \u00e9s Csal\u00e1dseg\u00edt\u0151 Szolg\u00e1lat<\/p>\n<\/div>","protected":false},"author":2,"featured_media":0,"parent":0,"menu_order":0,"comment_status":"closed","ping_status":"closed","template":"","meta":{"footnotes":""},"class_list":["post-5413","page","type-page","status-publish"],"_links":{"self":[{"href":"https:\/\/dunavarsany.hu\/index.php\/wp-json\/wp\/v2\/pages\/5413","targetHints":{"allow":["GET"]}}],"collection":[{"href":"https:\/\/dunavarsany.hu\/index.php\/wp-json\/wp\/v2\/pages"}],"about":[{"href":"https:\/\/dunavarsany.hu\/index.php\/wp-json\/wp\/v2\/types\/page"}],"author":[{"embeddable":true,"href":"https:\/\/dunavarsany.hu\/index.php\/wp-json\/wp\/v2\/users\/2"}],"replies":[{"embeddable":true,"href":"https:\/\/dunavarsany.hu\/index.php\/wp-json\/wp\/v2\/comments?post=5413"}],"version-history":[{"count":0,"href":"https:\/\/dunavarsany.hu\/index.php\/wp-json\/wp\/v2\/pages\/5413\/revisions"}],"wp:attachment":[{"href":"https:\/\/dunavarsany.hu\/index.php\/wp-json\/wp\/v2\/media?parent=5413"}],"curies":[{"name":"wp","href":"https:\/\/api.w.org\/{rel}","templated":true}]}}