{"id":5411,"date":"2020-07-13T08:59:34","date_gmt":"2020-07-13T08:59:34","guid":{"rendered":"http:\/\/localhost\/dunavarsany.hu\/?page_id=5411"},"modified":"2024-11-12T16:35:56","modified_gmt":"2024-11-12T16:35:56","slug":"kultura","status":"publish","type":"page","link":"https:\/\/dunavarsany.hu\/index.php\/kultura\/","title":{"rendered":"Kult\u00fara"},"content":{"rendered":"\r\n<p><strong>Dunavars\u00e1ny V\u00e1ros \u00d6nkorm\u00e1nyzat Pet\u0151fi M\u0171vel\u0151d\u00e9si H\u00e1z \u00e9s K\u00f6nyvt\u00e1r<\/strong><\/p>\r\n\r\n\r\n\r\n<ul style=\"list-style-type: square;\">\r\n<li>C\u00edm: 2336 Dunavars\u00e1ny, Pet\u0151fi t\u00e9r 1.<\/li>\r\n<li>Telefonsz\u00e1m: 06-24-534-250 (m\u0171vel\u0151d\u00e9s)06-24-534-251 (k\u00f6nyvt\u00e1r)<\/li>\r\n<li>E-mail c\u00edmek: <a href=\"mailto:kapcsolat@varsanymuvhaz.hu\">kapcsolat@varsanymuvhaz.hu<\/a>,\u00a0<a href=\"mailto:info@varsanymuvhaz.hu\">info@varsanymuvhaz.hu<\/a><\/li>\r\n<li>Honlapc\u00edm:\u00a0<a href=\"http:\/\/www.varsanymuvhaz.hu\/\">www.varsanymuvhaz.hu<\/a><\/li>\r\n<li>Tov\u00e1bbi inform\u00e1ci\u00f3k, rendezv\u00e9nyek:\u00a0<a href=\"https:\/\/www.facebook.com\/varsanymuvhaz\/\">https:\/\/www.facebook.com\/varsanymuvhaz\/<\/a><\/li>\r\n<\/ul>\r\n\r\n\r\n\r\n<p><strong>Munkat\u00e1rsak:<\/strong><\/p>\r\n<ul style=\"list-style-type: square;\">\r\n<li>Portik-Cseres \u00c9va\u00a0<span class=\"title\">igazgat\u00f3<\/span><\/li>\r\n<li>B\u00e1rsony P\u00e9tern\u00e9\u00a0<span class=\"title\">gazdas\u00e1gi \u00fcgyint\u00e9z\u0151<\/span><\/li>\r\n<li>Frankovics Ferenc\u00a0<span class=\"title\">szerkeszt\u0151, informatikus<\/span><\/li>\r\n<li>Dr. Kun L\u00e1szl\u00f3 K\u00e1rolyn\u00e9\u00a0<span class=\"title\">rendezv\u00e9nyszervez\u0151<\/span><\/li>\r\n<li>Szab\u00f3 Diana\u00a0<span class=\"title\">rendezv\u00e9nyszervez\u0151<\/span><\/li>\r\n<li>Szab\u00f3n\u00e9 Eszes Erzs\u00e9bet\u00a0<span class=\"title\">k\u00f6nyvt\u00e1ros<\/span><\/li>\r\n<\/ul>\r\n<p><strong>\u00c1lland\u00f3 programok:<\/strong><\/p>\r\n\r\n\r\n\r\n<p><a href=\"https:\/\/dunavarsany.hu\/wp-content\/uploads\/2024\/11\/Kepernyofoto-2024-11-12-11.30.12.png\"><img loading=\"lazy\" decoding=\"async\" class=\"aligncenter wp-image-13054 size-full\" src=\"https:\/\/dunavarsany.hu\/wp-content\/uploads\/2024\/11\/Kepernyofoto-2024-11-12-11.30.12-e1731429297451.png\" alt=\"Dunavars\u00e1nyi Pet\u0151fi M\u0171vel\u0151d\u00e9si H\u00e1z \u00e1lland\u00f3 programjai\" width=\"922\" height=\"995\" srcset=\"https:\/\/dunavarsany.hu\/wp-content\/uploads\/2024\/11\/Kepernyofoto-2024-11-12-11.30.12-e1731429297451.png 922w, https:\/\/dunavarsany.hu\/wp-content\/uploads\/2024\/11\/Kepernyofoto-2024-11-12-11.30.12-e1731429297451-278x300.png 278w, https:\/\/dunavarsany.hu\/wp-content\/uploads\/2024\/11\/Kepernyofoto-2024-11-12-11.30.12-e1731429297451-768x829.png 768w\" sizes=\"auto, (max-width: 922px) 100vw, 922px\" \/><\/a><\/p>\r\n","protected":false},"excerpt":{"rendered":"<div class=\"mh-excerpt\"><p>Dunavars\u00e1ny V\u00e1ros \u00d6nkorm\u00e1nyzat Pet\u0151fi M\u0171vel\u0151d\u00e9si H\u00e1z \u00e9s K\u00f6nyvt\u00e1r C\u00edm: 2336 Dunavars\u00e1ny, Pet\u0151fi t\u00e9r 1. Telefonsz\u00e1m: 06-24-534-250 (m\u0171vel\u0151d\u00e9s)06-24-534-251 (k\u00f6nyvt\u00e1r) E-mail c\u00edmek: kapcsolat@varsanymuvhaz.hu,\u00a0info@varsanymuvhaz.hu Honlapc\u00edm:\u00a0www.varsanymuvhaz.hu Tov\u00e1bbi inform\u00e1ci\u00f3k, rendezv\u00e9nyek:\u00a0https:\/\/www.facebook.com\/varsanymuvhaz\/ Munkat\u00e1rsak: Portik-Cseres \u00c9va\u00a0igazgat\u00f3 B\u00e1rsony P\u00e9tern\u00e9\u00a0gazdas\u00e1gi \u00fcgyint\u00e9z\u0151 Frankovics Ferenc\u00a0szerkeszt\u0151, informatikus Dr. <a class=\"mh-excerpt-more\" href=\"https:\/\/dunavarsany.hu\/index.php\/kultura\/\" title=\"Kult\u00fara\">[&#8230;]<\/a><\/p>\n<\/div>","protected":false},"author":2,"featured_media":0,"parent":0,"menu_order":0,"comment_status":"closed","ping_status":"closed","template":"","meta":{"footnotes":""},"class_list":["post-5411","page","type-page","status-publish"],"_links":{"self":[{"href":"https:\/\/dunavarsany.hu\/index.php\/wp-json\/wp\/v2\/pages\/5411","targetHints":{"allow":["GET"]}}],"collection":[{"href":"https:\/\/dunavarsany.hu\/index.php\/wp-json\/wp\/v2\/pages"}],"about":[{"href":"https:\/\/dunavarsany.hu\/index.php\/wp-json\/wp\/v2\/types\/page"}],"author":[{"embeddable":true,"href":"https:\/\/dunavarsany.hu\/index.php\/wp-json\/wp\/v2\/users\/2"}],"replies":[{"embeddable":true,"href":"https:\/\/dunavarsany.hu\/index.php\/wp-json\/wp\/v2\/comments?post=5411"}],"version-history":[{"count":10,"href":"https:\/\/dunavarsany.hu\/index.php\/wp-json\/wp\/v2\/pages\/5411\/revisions"}],"predecessor-version":[{"id":13095,"href":"https:\/\/dunavarsany.hu\/index.php\/wp-json\/wp\/v2\/pages\/5411\/revisions\/13095"}],"wp:attachment":[{"href":"https:\/\/dunavarsany.hu\/index.php\/wp-json\/wp\/v2\/media?parent=5411"}],"curies":[{"name":"wp","href":"https:\/\/api.w.org\/{rel}","templated":true}]}}