{"id":5407,"date":"2020-07-13T08:58:41","date_gmt":"2020-07-13T08:58:41","guid":{"rendered":"http:\/\/localhost\/dunavarsany.hu\/?page_id=5407"},"modified":"2026-02-16T10:14:03","modified_gmt":"2026-02-16T10:14:03","slug":"egeszsegugy","status":"publish","type":"page","link":"https:\/\/dunavarsany.hu\/index.php\/egeszsegugy\/","title":{"rendered":"Eg\u00e9szs\u00e9g\u00fcgy"},"content":{"rendered":"<p><\/p>\r\n<p>&nbsp;<\/p>\r\n<ul class=\"wp-block-list\">\r\n<li><a href=\"http:\/\/www.szszri.hu\/\">Szakorvosi Rendel\u0151int\u00e9zet<\/a><\/li>\r\n<li><a href=\"https:\/\/dunavarsany.hu\/index.php\/2016\/01\/12\/haziorvosok\/\">H\u00e1ziorvosok<\/a><\/li>\r\n<li><a href=\"https:\/\/dunavarsany.hu\/index.php\/2016\/01\/12\/fogorvosok\/\">Fogorvosok<\/a><\/li>\r\n<li><a href=\"https:\/\/dunavarsany.hu\/index.php\/2016\/01\/12\/vedonok\/\">V\u00e9d\u0151n\u0151k<\/a><\/li>\r\n<li><a href=\"https:\/\/dunavarsany.hu\/index.php\/2016\/01\/12\/orvosi-ugyelet\/\">Egys\u00e9ges k\u00f6zponti orvosi \u00fcgyelet<\/a><\/li>\r\n<li><a href=\"https:\/\/dunavarsany.hu\/index.php\/2016\/01\/12\/gyogyszertar\/\">Gy\u00f3gyszert\u00e1r<\/a><\/li>\r\n<li><a href=\"https:\/\/www.medi-catus.hu\/haziorvos\/\">Medicatus Eg\u00e9szs\u00e9gh\u00e1z<\/a><\/li>\r\n<\/ul>\r\n\r\n\r\n\r\n<p>&nbsp;<\/p>\r\n","protected":false},"excerpt":{"rendered":"<div class=\"mh-excerpt\"><p>&nbsp; Szakorvosi Rendel\u0151int\u00e9zet H\u00e1ziorvosok Fogorvosok V\u00e9d\u0151n\u0151k Egys\u00e9ges k\u00f6zponti orvosi \u00fcgyelet Gy\u00f3gyszert\u00e1r Medicatus Eg\u00e9szs\u00e9gh\u00e1z &nbsp;<\/p>\n<\/div>","protected":false},"author":2,"featured_media":0,"parent":0,"menu_order":0,"comment_status":"closed","ping_status":"closed","template":"","meta":{"footnotes":""},"class_list":["post-5407","page","type-page","status-publish"],"_links":{"self":[{"href":"https:\/\/dunavarsany.hu\/index.php\/wp-json\/wp\/v2\/pages\/5407","targetHints":{"allow":["GET"]}}],"collection":[{"href":"https:\/\/dunavarsany.hu\/index.php\/wp-json\/wp\/v2\/pages"}],"about":[{"href":"https:\/\/dunavarsany.hu\/index.php\/wp-json\/wp\/v2\/types\/page"}],"author":[{"embeddable":true,"href":"https:\/\/dunavarsany.hu\/index.php\/wp-json\/wp\/v2\/users\/2"}],"replies":[{"embeddable":true,"href":"https:\/\/dunavarsany.hu\/index.php\/wp-json\/wp\/v2\/comments?post=5407"}],"version-history":[{"count":18,"href":"https:\/\/dunavarsany.hu\/index.php\/wp-json\/wp\/v2\/pages\/5407\/revisions"}],"predecessor-version":[{"id":15047,"href":"https:\/\/dunavarsany.hu\/index.php\/wp-json\/wp\/v2\/pages\/5407\/revisions\/15047"}],"wp:attachment":[{"href":"https:\/\/dunavarsany.hu\/index.php\/wp-json\/wp\/v2\/media?parent=5407"}],"curies":[{"name":"wp","href":"https:\/\/api.w.org\/{rel}","templated":true}]}}