{"id":14747,"date":"2025-11-25T10:56:21","date_gmt":"2025-11-25T10:56:21","guid":{"rendered":"https:\/\/dunavarsany.hu\/?page_id=14747"},"modified":"2026-04-10T16:04:01","modified_gmt":"2026-04-10T16:04:01","slug":"orszaggyulesi-valasztas-2026","status":"publish","type":"page","link":"https:\/\/dunavarsany.hu\/index.php\/orszaggyulesi-valasztas-2026\/","title":{"rendered":"Orsz\u00e1ggy\u0171l\u00e9si v\u00e1laszt\u00e1s 2026"},"content":{"rendered":"<p><a href=\"https:\/\/www.valasztas.hu\/home\"><img loading=\"lazy\" decoding=\"async\" class=\"aligncenter wp-image-9012 size-full\" src=\"https:\/\/dunavarsany.hu\/wp-content\/uploads\/2022\/01\/Nemzeti-Valasztasi-Iroda.png\" alt=\"\" width=\"372\" height=\"158\" srcset=\"https:\/\/dunavarsany.hu\/wp-content\/uploads\/2022\/01\/Nemzeti-Valasztasi-Iroda.png 372w, https:\/\/dunavarsany.hu\/wp-content\/uploads\/2022\/01\/Nemzeti-Valasztasi-Iroda-300x127.png 300w\" sizes=\"auto, (max-width: 372px) 100vw, 372px\" \/><\/a><\/p>\n<p data-fontsize=\"14\"><strong>Helyi V\u00e1laszt\u00e1si Iroda el\u00e9rhet\u0151s\u00e9gei <a href=\"https:\/\/dunavarsany.hu\/wp-content\/uploads\/2026\/01\/hirdetmeny-500x700-2026.pdf\"><img loading=\"lazy\" decoding=\"async\" class=\"alignright wp-image-14968 size-medium\" src=\"https:\/\/dunavarsany.hu\/wp-content\/uploads\/2026\/01\/Kepernyofoto-2026-01-27-13.47.24-e1769518216832-213x300.png\" alt=\"\" width=\"213\" height=\"300\" srcset=\"https:\/\/dunavarsany.hu\/wp-content\/uploads\/2026\/01\/Kepernyofoto-2026-01-27-13.47.24-e1769518216832-213x300.png 213w, https:\/\/dunavarsany.hu\/wp-content\/uploads\/2026\/01\/Kepernyofoto-2026-01-27-13.47.24-e1769518216832-726x1024.png 726w, https:\/\/dunavarsany.hu\/wp-content\/uploads\/2026\/01\/Kepernyofoto-2026-01-27-13.47.24-e1769518216832-768x1084.png 768w, https:\/\/dunavarsany.hu\/wp-content\/uploads\/2026\/01\/Kepernyofoto-2026-01-27-13.47.24-e1769518216832-1088x1536.png 1088w, https:\/\/dunavarsany.hu\/wp-content\/uploads\/2026\/01\/Kepernyofoto-2026-01-27-13.47.24-e1769518216832.png 1242w\" sizes=\"auto, (max-width: 213px) 100vw, 213px\" \/><\/a><\/strong><\/p>\n<p data-fontsize=\"14\"><strong>HVI Vezet\u0151:<\/strong>\u00a0dr. Szil\u00e1gyi \u00c1kos Andor jegyz\u0151<br \/>\n<strong>C\u00edm:<\/strong>\u00a02336 Dunavars\u00e1ny, Kossuth Lajos u. 18.<br \/>\nTel.: 06 24-521-040<br \/>\nFax.: 06 24-521-056<\/p>\n<p data-fontsize=\"14\">email:\u00a0<a href=\"mailto:titkarsag@dunavarsany.hu\" data-fontsize=\"14\">titkarsag@dunavarsany.hu<\/a><\/p>\n<p data-fontsize=\"14\"><strong>\u00dcgyf\u00e9lfogad\u00e1si id\u0151:<\/strong><br \/>\nH\u00e9tf\u0151: 13.00-17.00<br \/>\nSzerda: 8.00-12.00 13.00-16.00<br \/>\nP\u00e9ntek: 8.00-12.00<\/p>\n<hr \/>\n<p data-fontsize=\"14\"><strong>Dunavars\u00e1nyi szavaz\u00f3k\u00f6r\u00f6k \u00e9s a k\u00f6rzetek r\u00e9szletes c\u00edmlist\u00e1ja:<\/strong><\/p>\n<ul>\n<li data-fontsize=\"14\"><a href=\"https:\/\/dunavarsany.hu\/wp-content\/uploads\/2026\/02\/001.-szavazokor-korzetellenorzo-lista.pdf\">Dunavars\u00e1ny 001. szavaz\u00f3k\u00f6r<\/a><\/li>\n<li data-fontsize=\"14\"><a href=\"https:\/\/dunavarsany.hu\/wp-content\/uploads\/2026\/02\/002.-szavazokor-korzetellenorzo-lista.pdf\">Dunavars\u00e1ny 002. szavaz\u00f3k\u00f6r<\/a><\/li>\n<li data-fontsize=\"14\"><a href=\"https:\/\/dunavarsany.hu\/wp-content\/uploads\/2026\/02\/003.-szavazokor-korzetellenorzo-lista.pdf\">Dunavars\u00e1ny 003. szavaz\u00f3k\u00f6r<\/a><\/li>\n<li data-fontsize=\"14\"><a href=\"https:\/\/dunavarsany.hu\/wp-content\/uploads\/2026\/02\/004.-szavazokor-korzetellenorzo-lista.pdf\">Dunavars\u00e1ny 004. szavaz\u00f3k\u00f6r<\/a><\/li>\n<li data-fontsize=\"14\"><a href=\"https:\/\/dunavarsany.hu\/wp-content\/uploads\/2026\/02\/005.-szavazokor-korzetellenorzo-lista.pdf\">Dunavars\u00e1ny 005. szavaz\u00f3k\u00f6r<\/a><\/li>\n<li data-fontsize=\"14\"><a href=\"https:\/\/dunavarsany.hu\/wp-content\/uploads\/2026\/02\/006.-szavazokor-korzetellenorzo-lista.pdf\">Dunavars\u00e1ny 006. szavaz\u00f3k\u00f6r<\/a><\/li>\n<li data-fontsize=\"14\"><a href=\"https:\/\/dunavarsany.hu\/wp-content\/uploads\/2026\/02\/Majoshaza-korzetellenorzo-lista.pdf\">Majosh\u00e1za szavaz\u00f3k\u00f6r<\/a><\/li>\n<\/ul>\n<hr \/>\n<p data-fontsize=\"14\"><strong>Orsz\u00e1ggy\u0171l\u00e9si v\u00e1laszt\u00e1shoz kapcsol\u00f3d\u00f3 inform\u00e1ci\u00f3k<\/strong>:<\/p>\n<p><a href=\"https:\/\/www.valasztas.hu\/sajtokozlemeny?id=69d8bea9dc31a40002e01931%230002\">A v\u00e1laszt\u00e1si szervek felk\u00e9sz\u00fcltek a szavaz\u00e1s lebonyol\u00edt\u00e1s\u00e1ra <\/a>&#8211; 2026. \u00e1prilis 10.<\/p>\n<p><a href=\"https:\/\/www.valasztas.hu\/sajtokozlemeny?id=69d75b7b357c290002b6cb6e%230002\">Az el\u0151zetes eredm\u00e9nyek publik\u00e1l\u00e1sa<\/a> &#8211; 2026. \u00e1prilis 09.<\/p>\n<p data-fontsize=\"14\"><a href=\"https:\/\/www.valasztas.hu\/sajtokozlemeny?id=69d60c2b620f250002644578%230001\">Seg\u00edts\u00e9gny\u00fajt\u00e1s a fogyat\u00e9kkal el\u0151 v\u00e1laszt\u00f3polg\u00e1rok sz\u00e1m\u00e1ra<\/a> &#8211; 2026. \u00e1prilis 08.<\/p>\n<p data-fontsize=\"14\"><a href=\"https:\/\/www.valasztas.hu\/sajtokozlemeny?id=69d4b91df735710002193e67%230001\">Utols\u00f3 lehet\u0151s\u00e9g n\u00e9vjegyz\u00e9kre vonatkoz\u00f3 k\u00e9relmek beny\u00fajt\u00e1s\u00e1ra<\/a> &#8211; 2026. \u00e1prilis 07.<\/p>\n<p><a href=\"https:\/\/www.valasztas.hu\/sajtokozlemeny?id=69d3467f20415b00026adf3f%230001\">H\u00fasv\u00e9t h\u00e9tf\u0151n az NVI megkezdte a lev\u00e9lszavazatok ellen\u0151rz\u00e9s\u00e9t<\/a> &#8211; 2026. \u00e1prilis 06.<\/p>\n<p>&nbsp;<\/p>\n","protected":false},"excerpt":{"rendered":"<div class=\"mh-excerpt\"><p>Helyi V\u00e1laszt\u00e1si Iroda el\u00e9rhet\u0151s\u00e9gei HVI Vezet\u0151:\u00a0dr. Szil\u00e1gyi \u00c1kos Andor jegyz\u0151 C\u00edm:\u00a02336 Dunavars\u00e1ny, Kossuth Lajos u. 18. Tel.: 06 24-521-040 Fax.: 06 24-521-056 email:\u00a0titkarsag@dunavarsany.hu \u00dcgyf\u00e9lfogad\u00e1si id\u0151: H\u00e9tf\u0151: 13.00-17.00 Szerda: 8.00-12.00 13.00-16.00 P\u00e9ntek: 8.00-12.00 Dunavars\u00e1nyi szavaz\u00f3k\u00f6r\u00f6k \u00e9s <a class=\"mh-excerpt-more\" href=\"https:\/\/dunavarsany.hu\/index.php\/orszaggyulesi-valasztas-2026\/\" title=\"Orsz\u00e1ggy\u0171l\u00e9si v\u00e1laszt\u00e1s 2026\">[&#8230;]<\/a><\/p>\n<\/div>","protected":false},"author":3,"featured_media":0,"parent":0,"menu_order":0,"comment_status":"closed","ping_status":"closed","template":"","meta":{"footnotes":""},"class_list":["post-14747","page","type-page","status-publish"],"_links":{"self":[{"href":"https:\/\/dunavarsany.hu\/index.php\/wp-json\/wp\/v2\/pages\/14747","targetHints":{"allow":["GET"]}}],"collection":[{"href":"https:\/\/dunavarsany.hu\/index.php\/wp-json\/wp\/v2\/pages"}],"about":[{"href":"https:\/\/dunavarsany.hu\/index.php\/wp-json\/wp\/v2\/types\/page"}],"author":[{"embeddable":true,"href":"https:\/\/dunavarsany.hu\/index.php\/wp-json\/wp\/v2\/users\/3"}],"replies":[{"embeddable":true,"href":"https:\/\/dunavarsany.hu\/index.php\/wp-json\/wp\/v2\/comments?post=14747"}],"version-history":[{"count":15,"href":"https:\/\/dunavarsany.hu\/index.php\/wp-json\/wp\/v2\/pages\/14747\/revisions"}],"predecessor-version":[{"id":15367,"href":"https:\/\/dunavarsany.hu\/index.php\/wp-json\/wp\/v2\/pages\/14747\/revisions\/15367"}],"wp:attachment":[{"href":"https:\/\/dunavarsany.hu\/index.php\/wp-json\/wp\/v2\/media?parent=14747"}],"curies":[{"name":"wp","href":"https:\/\/api.w.org\/{rel}","templated":true}]}}