{"id":13104,"date":"2024-11-12T18:30:25","date_gmt":"2024-11-12T18:30:25","guid":{"rendered":"https:\/\/dunavarsany.hu\/?page_id=13104"},"modified":"2024-11-12T18:30:25","modified_gmt":"2024-11-12T18:30:25","slug":"humanpolitikai-es-kornyezetvedelmi-bizottsag","status":"publish","type":"page","link":"https:\/\/dunavarsany.hu\/index.php\/humanpolitikai-es-kornyezetvedelmi-bizottsag\/","title":{"rendered":"Hum\u00e1npolitikai \u00e9s K\u00f6rnyezetv\u00e9delmi Bizotts\u00e1g"},"content":{"rendered":"<p>Eln\u00f6k &#8211; Gerg\u0151n\u00e9 Varga T\u00fcnde<\/p>\n<p>Eln\u00f6khelyettes &#8211; Knul Andrea<\/p>\n<p>Tagok:<\/p>\n<p>Veresegyh\u00e1zi B\u00e9la, Gyurasics G\u00e1born\u00e9 \u00e9s G\u00e1rdonyi Adrienn.<\/p>\n","protected":false},"excerpt":{"rendered":"<div class=\"mh-excerpt\"><p>Eln\u00f6k &#8211; Gerg\u0151n\u00e9 Varga T\u00fcnde Eln\u00f6khelyettes &#8211; Knul Andrea Tagok: Veresegyh\u00e1zi B\u00e9la, Gyurasics G\u00e1born\u00e9 \u00e9s G\u00e1rdonyi Adrienn.<\/p>\n<\/div>","protected":false},"author":3,"featured_media":0,"parent":0,"menu_order":0,"comment_status":"closed","ping_status":"closed","template":"","meta":{"footnotes":""},"class_list":["post-13104","page","type-page","status-publish"],"_links":{"self":[{"href":"https:\/\/dunavarsany.hu\/index.php\/wp-json\/wp\/v2\/pages\/13104","targetHints":{"allow":["GET"]}}],"collection":[{"href":"https:\/\/dunavarsany.hu\/index.php\/wp-json\/wp\/v2\/pages"}],"about":[{"href":"https:\/\/dunavarsany.hu\/index.php\/wp-json\/wp\/v2\/types\/page"}],"author":[{"embeddable":true,"href":"https:\/\/dunavarsany.hu\/index.php\/wp-json\/wp\/v2\/users\/3"}],"replies":[{"embeddable":true,"href":"https:\/\/dunavarsany.hu\/index.php\/wp-json\/wp\/v2\/comments?post=13104"}],"version-history":[{"count":1,"href":"https:\/\/dunavarsany.hu\/index.php\/wp-json\/wp\/v2\/pages\/13104\/revisions"}],"predecessor-version":[{"id":13105,"href":"https:\/\/dunavarsany.hu\/index.php\/wp-json\/wp\/v2\/pages\/13104\/revisions\/13105"}],"wp:attachment":[{"href":"https:\/\/dunavarsany.hu\/index.php\/wp-json\/wp\/v2\/media?parent=13104"}],"curies":[{"name":"wp","href":"https:\/\/api.w.org\/{rel}","templated":true}]}}