{"id":13070,"date":"2024-11-12T11:42:14","date_gmt":"2024-11-12T11:42:14","guid":{"rendered":"https:\/\/dunavarsany.hu\/?page_id=13070"},"modified":"2024-11-12T14:37:37","modified_gmt":"2024-11-12T14:37:37","slug":"impresszum","status":"publish","type":"page","link":"https:\/\/dunavarsany.hu\/index.php\/impresszum\/","title":{"rendered":"IMPRESSZUM"},"content":{"rendered":"<h3>A dunavarsany.hu tulajdonosa<\/h3>\n<p>Dunavars\u00e1ny V\u00e1ros \u00d6nkorm\u00e1nyzata<br \/>\nC\u00edm: 2336 Dunavars\u00e1ny, Kossuth Lajos utca 18.<br \/>\nTelefon: 0624-521-040<br \/>\nFax: 0624-521-056 Fax<br \/>\nE-mail: <a href=\"mailto:titkarsag@dunavarsany.hu\">titkarsag@dunavarsany.hu<\/a><br \/>\nWeb: <a href=\"http:\/\/www.dunavarsany.hu\">www.dunavarsany.hu<\/a><\/p>\n<div>\n<h3>A dunavarsany.hu fejleszt\u0151je \u00e9s \u00fczemeltet\u0151je<\/h3>\n<p>C\u00e9gn\u00e9v: R\u00e1di\u00f3 Flash Kereskedelmi \u00e9s Szolg\u00e1ltat\u00f3 Kft.<\/p><\/div>\n<div>Ad\u00f3sz\u00e1ma: 24388689-2-13<\/div>\n<div>Telefon: +36 20 264 4631<\/div>\n<h3><strong>A dunavarsany.hu t\u00e1rhely szolg\u00e1ltat\u00f3 adatai<\/strong><\/h3>\n<div>\n<div>C\u00e9gn\u00e9v:\u00a0<span class=\"value\">23VNet KFT.<\/span><\/div>\n<div>Ad\u00f3sz\u00e1m:\u00a0<span class=\"value\">12188224-2-43<\/span><\/div>\n<div>E-mail: <span class=\"value\">info@hostit.hu<\/span><\/div>\n<div>Web: <a href=\"https:\/\/hostit.hu\/\">www.hostit.hu<\/a><\/div>\n<h3>Tartalmi \u00e9s technikai \u00e9szrev\u00e9telek<\/h3>\n<p>Az oldallal kapcsolatos tartalmi \u00e9s technikai \u00e9szrev\u00e9teleket az al\u00e1bbi c\u00edmre v\u00e1rjuk: <a href=\"mailto:titkarsag@dunavarsany.hu\">titkarsag@dunavarsany.hu<\/a><\/p>\n<p>Az oldal tartalma szerz\u0151i jogv\u00e9delem alatt \u00e1ll. Az oldal b\u00e1rmely r\u00e9sz\u00e9t \u00e1tvenni csak m\u00f3dos\u00edt\u00e1s n\u00e9lk\u00fcl, a forr\u00e1sra val\u00f3 hivatkoz\u00e1ssal lehet. Ebben az esetben a forr\u00e1s: Dunavars\u00e1ny V\u00e1ros \u00d6nkorm\u00e1nyzata.<\/p>\n<\/div>\n","protected":false},"excerpt":{"rendered":"<div class=\"mh-excerpt\"><p>A dunavarsany.hu tulajdonosa Dunavars\u00e1ny V\u00e1ros \u00d6nkorm\u00e1nyzata C\u00edm: 2336 Dunavars\u00e1ny, Kossuth Lajos utca 18. Telefon: 0624-521-040 Fax: 0624-521-056 Fax E-mail: titkarsag@dunavarsany.hu Web: www.dunavarsany.hu A dunavarsany.hu fejleszt\u0151je \u00e9s \u00fczemeltet\u0151je C\u00e9gn\u00e9v: R\u00e1di\u00f3 Flash Kereskedelmi \u00e9s Szolg\u00e1ltat\u00f3 Kft. Ad\u00f3sz\u00e1ma: <a class=\"mh-excerpt-more\" href=\"https:\/\/dunavarsany.hu\/index.php\/impresszum\/\" title=\"IMPRESSZUM\">[&#8230;]<\/a><\/p>\n<\/div>","protected":false},"author":3,"featured_media":0,"parent":0,"menu_order":0,"comment_status":"closed","ping_status":"closed","template":"","meta":{"footnotes":""},"class_list":["post-13070","page","type-page","status-publish"],"_links":{"self":[{"href":"https:\/\/dunavarsany.hu\/index.php\/wp-json\/wp\/v2\/pages\/13070","targetHints":{"allow":["GET"]}}],"collection":[{"href":"https:\/\/dunavarsany.hu\/index.php\/wp-json\/wp\/v2\/pages"}],"about":[{"href":"https:\/\/dunavarsany.hu\/index.php\/wp-json\/wp\/v2\/types\/page"}],"author":[{"embeddable":true,"href":"https:\/\/dunavarsany.hu\/index.php\/wp-json\/wp\/v2\/users\/3"}],"replies":[{"embeddable":true,"href":"https:\/\/dunavarsany.hu\/index.php\/wp-json\/wp\/v2\/comments?post=13070"}],"version-history":[{"count":10,"href":"https:\/\/dunavarsany.hu\/index.php\/wp-json\/wp\/v2\/pages\/13070\/revisions"}],"predecessor-version":[{"id":13090,"href":"https:\/\/dunavarsany.hu\/index.php\/wp-json\/wp\/v2\/pages\/13070\/revisions\/13090"}],"wp:attachment":[{"href":"https:\/\/dunavarsany.hu\/index.php\/wp-json\/wp\/v2\/media?parent=13070"}],"curies":[{"name":"wp","href":"https:\/\/api.w.org\/{rel}","templated":true}]}}