{"id":11641,"date":"2023-11-10T12:58:34","date_gmt":"2023-11-10T12:58:34","guid":{"rendered":"https:\/\/dunavarsany.hu\/?page_id=11641"},"modified":"2023-11-10T13:05:27","modified_gmt":"2023-11-10T13:05:27","slug":"egyhazi-intezmenyek","status":"publish","type":"page","link":"https:\/\/dunavarsany.hu\/index.php\/egyhazi-intezmenyek\/","title":{"rendered":"Egyh\u00e1zak"},"content":{"rendered":"<p><a href=\"https:\/\/www.dvbaptista.hu\/#introduction1\">Dunavars\u00e1nyi Baptista Gy\u00fclekezet bemutatkoz\u00e1s<\/a><\/p>\n<ul>\n<li><a href=\"https:\/\/www.dvbaptista.hu\/\">honlap<\/a><\/li>\n<li><a href=\"https:\/\/www.facebook.com\/baptista.dunavarsany\/\">Facebook<\/a><\/li>\n<\/ul>\n<p><a href=\"https:\/\/dunavarsany.hu\/index.php\/2016\/01\/12\/katolikus-egyhaz\/\">Dunavars\u00e1nyi Katolikus Egyh\u00e1zk\u00f6z\u00f6ss\u00e9g bemutatkoz\u00e1s<\/a><\/p>\n<ul>\n<li><a href=\"http:\/\/dunavarsany.vaciegyhazmegye.hu\/index.php?page=10\">honlap<\/a><\/li>\n<li><a href=\"https:\/\/www.facebook.com\/dunavarsanyikatolikusegyhaz\">Facebook<\/a><\/li>\n<\/ul>\n<p><a href=\"https:\/\/dunavarsanyireformatusok.hu\/kik-vagyunk\">Dunavars\u00e1nyi Reform\u00e1tusok bemutatkoz\u00e1s<\/a><\/p>\n<ul>\n<li><a href=\"https:\/\/dunavarsanyireformatusok.hu\/\">honlap<\/a><\/li>\n<li><a href=\"https:\/\/www.facebook.com\/dunavarsanyi.reformatusok\">Facebook<\/a><\/li>\n<\/ul>\n","protected":false},"excerpt":{"rendered":"<div class=\"mh-excerpt\"><p>Dunavars\u00e1nyi Baptista Gy\u00fclekezet bemutatkoz\u00e1s honlap Facebook Dunavars\u00e1nyi Katolikus Egyh\u00e1zk\u00f6z\u00f6ss\u00e9g bemutatkoz\u00e1s honlap Facebook Dunavars\u00e1nyi Reform\u00e1tusok bemutatkoz\u00e1s honlap Facebook<\/p>\n<\/div>","protected":false},"author":3,"featured_media":11643,"parent":0,"menu_order":0,"comment_status":"closed","ping_status":"closed","template":"","meta":{"footnotes":""},"class_list":["post-11641","page","type-page","status-publish","has-post-thumbnail"],"_links":{"self":[{"href":"https:\/\/dunavarsany.hu\/index.php\/wp-json\/wp\/v2\/pages\/11641","targetHints":{"allow":["GET"]}}],"collection":[{"href":"https:\/\/dunavarsany.hu\/index.php\/wp-json\/wp\/v2\/pages"}],"about":[{"href":"https:\/\/dunavarsany.hu\/index.php\/wp-json\/wp\/v2\/types\/page"}],"author":[{"embeddable":true,"href":"https:\/\/dunavarsany.hu\/index.php\/wp-json\/wp\/v2\/users\/3"}],"replies":[{"embeddable":true,"href":"https:\/\/dunavarsany.hu\/index.php\/wp-json\/wp\/v2\/comments?post=11641"}],"version-history":[{"count":2,"href":"https:\/\/dunavarsany.hu\/index.php\/wp-json\/wp\/v2\/pages\/11641\/revisions"}],"predecessor-version":[{"id":11645,"href":"https:\/\/dunavarsany.hu\/index.php\/wp-json\/wp\/v2\/pages\/11641\/revisions\/11645"}],"wp:featuredmedia":[{"embeddable":true,"href":"https:\/\/dunavarsany.hu\/index.php\/wp-json\/wp\/v2\/media\/11643"}],"wp:attachment":[{"href":"https:\/\/dunavarsany.hu\/index.php\/wp-json\/wp\/v2\/media?parent=11641"}],"curies":[{"name":"wp","href":"https:\/\/api.w.org\/{rel}","templated":true}]}}