{"id":10571,"date":"2023-01-31T16:17:24","date_gmt":"2023-01-31T16:17:24","guid":{"rendered":"https:\/\/dunavarsany.hu\/?page_id=10571"},"modified":"2024-03-12T12:22:23","modified_gmt":"2024-03-12T12:22:23","slug":"2023-evi-testuleti-ulesek","status":"publish","type":"page","link":"https:\/\/dunavarsany.hu\/index.php\/2023-evi-testuleti-ulesek\/","title":{"rendered":"2023. \u00e9vi test\u00fcleti \u00fcl\u00e9sek"},"content":{"rendered":"<table style=\"width: 46.5016%;\">\n<tbody>\n<tr>\n<td style=\"width: 100%;\"><a href=\"https:\/\/dunavarsany.hu\/index.php\/2023\/01\/31\/2023-01-23-rendkivuli_nyilt-kt-ules\/\">2023. 01. 23. Rendk\u00edv\u00fcli_ny\u00edlt Kt. \u00fcl\u00e9s<\/a><\/td>\n<\/tr>\n<tr>\n<td style=\"width: 100%;\"><a href=\"https:\/\/dunavarsany.hu\/index.php\/2023\/03\/10\/2023-02-14-kt-rendes_nyilt-ules\/\"><span dir=\"ltr\">2023. 02. 14. Kt. rendes_ny\u00edlt \u00fcl\u00e9s<\/span><\/a><\/td>\n<\/tr>\n<tr>\n<td style=\"width: 100%;\"><a href=\"https:\/\/dunavarsany.hu\/index.php\/2023\/04\/04\/2023-02-27-kt-rendkivuli_nyilt-ules\/\">2023. 02. 27. Kt. rendk\u00edv\u00fcli_ny\u00edlt \u00fcl\u00e9s<\/a><\/td>\n<\/tr>\n<tr>\n<td style=\"width: 100%;\"><a href=\"https:\/\/dunavarsany.hu\/index.php\/2023\/04\/04\/2023-03-13-kt-rendes_nyilt-ules\/\">2023. 03. 13. Kt. rendes_ny\u00edlt \u00fcl\u00e9s<\/a><\/td>\n<\/tr>\n<tr>\n<td style=\"width: 100%;\"><a href=\"https:\/\/dunavarsany.hu\/index.php\/2023\/05\/02\/2023-03-27-kt-rendkivuli-nyilt-ules\/\">2023. 03. 27. Kt. rendk\u00edv\u00fcli ny\u00edlt \u00fcl\u00e9s<\/a><\/td>\n<\/tr>\n<tr>\n<td style=\"width: 100%;\"><a href=\"https:\/\/dunavarsany.hu\/index.php\/2023\/05\/02\/2023-04-18-kt-rendes-ules\/\">2023. 04. 18. Kt. rendes \u00fcl\u00e9s<\/a><\/td>\n<\/tr>\n<tr>\n<td style=\"width: 100%;\"><a href=\"https:\/\/dunavarsany.hu\/index.php\/2023\/06\/07\/2023-05-16-kt-rendes-nyilt-ules\/\">2023. 05. 16. &#8211; Kt. rendes, ny\u00edlt \u00fcl\u00e9s<\/a><\/td>\n<\/tr>\n<tr>\n<td style=\"width: 100%;\"><a href=\"https:\/\/dunavarsany.hu\/index.php\/2023\/06\/28\/2023-06-13-kt-rendes-ules\/\">2023. 06. 13. Kt rendes \u00fcl\u00e9s<\/a><\/td>\n<\/tr>\n<tr>\n<td style=\"width: 100%;\"><a href=\"https:\/\/dunavarsany.hu\/index.php\/2023\/07\/21\/2023-07-11-kt-rendes_nyilt-ules\/\">2023. 07. 11. Kt. rendes_ny\u00edlt \u00fcl\u00e9s<\/a><\/td>\n<\/tr>\n<tr>\n<td style=\"width: 100%;\"><a href=\"https:\/\/dunavarsany.hu\/index.php\/2023\/09\/22\/2023-08-16-kt-rendkivuli-nyilt-ules\/\">2023. 08. 16. Kt. rendk\u00edv\u00fcli, ny\u00edlt \u00fcl\u00e9s<\/a><\/td>\n<\/tr>\n<tr>\n<td style=\"width: 100%;\"><a href=\"https:\/\/dunavarsany.hu\/index.php\/2023\/09\/22\/2023-09-05-kozmeghallgatas\/\">2023. 09. 05. K\u00f6zmeghallgat\u00e1s<\/a><\/td>\n<\/tr>\n<tr>\n<td style=\"width: 100%;\"><a href=\"https:\/\/dunavarsany.hu\/index.php\/2023\/10\/03\/2023-09-12-rendes-nyilt-kt-ules\/\">2023. 09. 12. rendes, ny\u00edlt Kt. \u00fcl\u00e9s<\/a><\/td>\n<\/tr>\n<tr>\n<td style=\"width: 100%;\"><a href=\"https:\/\/dunavarsany.hu\/index.php\/2023\/12\/07\/2023-10-10-kt-ules\/\">2023. 10. 10. Kt. \u00fcl\u00e9s<\/a><\/td>\n<\/tr>\n<tr>\n<td style=\"width: 100%;\"><a href=\"https:\/\/dunavarsany.hu\/index.php\/2023\/12\/07\/2023-11-14-kt-ules\/\">2023. 11. 14. Kt. \u00fcl\u00e9s<\/a><\/td>\n<\/tr>\n<tr>\n<td style=\"width: 100%;\"><a href=\"https:\/\/dunavarsany.hu\/index.php\/2024\/03\/12\/2023-12-12-kt-ules\/\">2023.12.12. Kt. \u00fcl\u00e9s<\/a><\/td>\n<\/tr>\n<\/tbody>\n<\/table>\n","protected":false},"excerpt":{"rendered":"<div class=\"mh-excerpt\"><p>2023. 01. 23. Rendk\u00edv\u00fcli_ny\u00edlt Kt. \u00fcl\u00e9s 2023. 02. 14. Kt. rendes_ny\u00edlt \u00fcl\u00e9s 2023. 02. 27. Kt. rendk\u00edv\u00fcli_ny\u00edlt \u00fcl\u00e9s 2023. 03. 13. Kt. rendes_ny\u00edlt \u00fcl\u00e9s 2023. 03. 27. Kt. rendk\u00edv\u00fcli ny\u00edlt \u00fcl\u00e9s 2023. 04. 18. Kt. <a class=\"mh-excerpt-more\" href=\"https:\/\/dunavarsany.hu\/index.php\/2023-evi-testuleti-ulesek\/\" title=\"2023. \u00e9vi test\u00fcleti \u00fcl\u00e9sek\">[&#8230;]<\/a><\/p>\n<\/div>","protected":false},"author":3,"featured_media":0,"parent":0,"menu_order":0,"comment_status":"closed","ping_status":"closed","template":"","meta":{"footnotes":""},"class_list":["post-10571","page","type-page","status-publish"],"_links":{"self":[{"href":"https:\/\/dunavarsany.hu\/index.php\/wp-json\/wp\/v2\/pages\/10571","targetHints":{"allow":["GET"]}}],"collection":[{"href":"https:\/\/dunavarsany.hu\/index.php\/wp-json\/wp\/v2\/pages"}],"about":[{"href":"https:\/\/dunavarsany.hu\/index.php\/wp-json\/wp\/v2\/types\/page"}],"author":[{"embeddable":true,"href":"https:\/\/dunavarsany.hu\/index.php\/wp-json\/wp\/v2\/users\/3"}],"replies":[{"embeddable":true,"href":"https:\/\/dunavarsany.hu\/index.php\/wp-json\/wp\/v2\/comments?post=10571"}],"version-history":[{"count":32,"href":"https:\/\/dunavarsany.hu\/index.php\/wp-json\/wp\/v2\/pages\/10571\/revisions"}],"predecessor-version":[{"id":12117,"href":"https:\/\/dunavarsany.hu\/index.php\/wp-json\/wp\/v2\/pages\/10571\/revisions\/12117"}],"wp:attachment":[{"href":"https:\/\/dunavarsany.hu\/index.php\/wp-json\/wp\/v2\/media?parent=10571"}],"curies":[{"name":"wp","href":"https:\/\/api.w.org\/{rel}","templated":true}]}}