{"id":10046,"date":"2022-09-15T07:21:08","date_gmt":"2022-09-15T07:21:08","guid":{"rendered":"https:\/\/dunavarsany.hu\/?page_id=10046"},"modified":"2022-12-16T16:03:51","modified_gmt":"2022-12-16T16:03:51","slug":"dunavarsany-multifunkcionalis-zoldterulet-fejlesztes","status":"publish","type":"page","link":"https:\/\/dunavarsany.hu\/index.php\/dunavarsany-multifunkcionalis-zoldterulet-fejlesztes\/","title":{"rendered":"Dunavars\u00e1ny &#8211; multifunkcion\u00e1lis z\u00f6ldter\u00fclet fejleszt\u00e9s"},"content":{"rendered":"<p><a href=\"https:\/\/palyazatok.dunavarsany.hu\/\"><img loading=\"lazy\" decoding=\"async\" class=\"alignnone wp-image-10047\" src=\"https:\/\/dunavarsany.hu\/wp-content\/uploads\/2022\/09\/Multifunkcionalis-zold_infoblokk-300x93.png\" alt=\"\" width=\"412\" height=\"128\" srcset=\"https:\/\/dunavarsany.hu\/wp-content\/uploads\/2022\/09\/Multifunkcionalis-zold_infoblokk-300x93.png 300w, https:\/\/dunavarsany.hu\/wp-content\/uploads\/2022\/09\/Multifunkcionalis-zold_infoblokk-1024x318.png 1024w, https:\/\/dunavarsany.hu\/wp-content\/uploads\/2022\/09\/Multifunkcionalis-zold_infoblokk-768x238.png 768w, https:\/\/dunavarsany.hu\/wp-content\/uploads\/2022\/09\/Multifunkcionalis-zold_infoblokk.png 1227w\" sizes=\"auto, (max-width: 412px) 100vw, 412px\" \/><\/a><\/p>\n<p style=\"text-align: center;\"><strong>Sajt\u00f3k\u00f6zlem\u00e9ny<\/strong><\/p>\n<p style=\"text-align: center;\">Multifunkcion\u00e1lis z\u00f6ldter\u00fclet fejleszt\u00e9s kezd\u0151dik Dunavars\u00e1nyban<\/p>\n<p style=\"text-align: center;\">2022. szeptember 12.<\/p>\n<table style=\"border-collapse: collapse; width: 100%;\">\n<tbody>\n<tr>\n<td style=\"width: 821px; text-align: justify;\">Dunavars\u00e1ny V\u00e1ros \u00d6nkorm\u00e1nyzata a Sz\u00e9chenyi Terv Plusz Program TOP-Plusz-1.2.1. \u201e\u00c9lhet\u0151 telep\u00fcl\u00e9sek\u201d c. p\u00e1ly\u00e1zati felh\u00edv\u00e1s keret\u00e9ben sikeres t\u00e1mogat\u00e1si k\u00e9relmet ny\u00fajtott be multifunkcion\u00e1lis z\u00f6ldter\u00fclet fejleszt\u00e9sre. A projektet az Eur\u00f3pai Uni\u00f3 \u00e9s a Magyar Korm\u00e1ny 147,98 milli\u00f3 Ft vissza nem t\u00e9r\u00edtend\u0151 t\u00e1mogat\u00e1sban r\u00e9szes\u00edtette, a t\u00e1mogat\u00e1s m\u00e9rt\u00e9ke 100%.<\/td>\n<\/tr>\n<\/tbody>\n<\/table>\n<p style=\"text-align: justify;\">A 147,98 milli\u00f3 forint eur\u00f3pai uni\u00f3s t\u00e1mogat\u00e1s seg\u00edts\u00e9g\u00e9vel megval\u00f3sul\u00f3 beruh\u00e1z\u00e1s c\u00e9lja a Pet\u0151fi\u00a0Szabadid\u0151park tov\u00e1bbfejleszt\u00e9se. \u00d6sszesen 1914 m2-rel n\u0151 a park ter\u00fclete, mely fejleszt\u00e9ssel b\u0151v\u00fclnek a v\u00e1ros lakoss\u00e1g\u00e1nak szabadid\u0151s \u00e9s sportol\u00e1si lehet\u0151s\u00e9gei.<br \/>\nA projekt f\u0151 elemei a k\u00f6vetkez\u0151k: \u00faj 25&#215;16 m\u00e9teres aszfalt burkolat\u00fa multifunkcion\u00e1lis sportp\u00e1lya \u00e9p\u00edt\u00e9se, mely kos\u00e1rlabda pal\u00e1nkokat \u00e9s labdar\u00fag\u00f3kaput is tartalmaz. Szabadid\u0151s j\u00e1t\u00e9kok elhelyez\u00e9se: Malom, Ki nevet a v\u00e9g\u00e9n, Sakk, Ugr\u00f3iskola. A legkisebbek r\u00e9sz\u00e9re mini-j\u00e1tsz\u00f3t\u00e9r \u00e9p\u00fcl. Az \u00fajonnan kialak\u00edtott parkban f\u00e1k, vir\u00e1g\u00e1gy\u00e1sok, magas\u00e1gy\u00e1sok, iv\u00f3k\u00fat, padok \u00e9s s\u00e9t\u00e1nyok fogadj\u00e1k a l\u00e1togat\u00f3kat. A ter\u00fclet gondoz\u00e1shoz automata \u00f6nt\u00f6z\u0151rendszer j\u00e1rul hozz\u00e1. A meg\u00fajul\u00f3 energi\u00e1k felhaszn\u00e1l\u00e1s\u00e1nak el\u0151seg\u00edt\u00e9s\u00e9re a szabadid\u0151parkba l\u00e1togat\u00f3k sz\u00e1m\u00e1ra elektromos aut\u00f3t\u00f6lt\u0151 ker\u00fcl elhelyez\u00e9sre.<br \/>\nA fejleszt\u00e9s eredm\u00e9nyek\u00e9nt a Pet\u0151fi Szabadid\u0151park egy soksz\u00edn\u0171 sportol\u00e1si \u00e9s szabadid\u0151s szolg\u00e1ltat\u00e1sokat k\u00edn\u00e1l\u00f3 z\u00f6ld o\u00e1zis lesz a v\u00e1ros sz\u00edv\u00e9ben. A projektr\u0151l b\u0151vebb inform\u00e1ci\u00f3t a www.dunavarsany.hu oldalon olvashatnak.<\/p>\n<p style=\"text-align: justify;\">Tov\u00e1bbi inform\u00e1ci\u00f3 k\u00e9rhet\u0151:<br \/>\n<a href=\"mailto:titkarsag@dunavarsany.hu\">titkarsag@dunavarsany.hu<\/a><\/p>\n","protected":false},"excerpt":{"rendered":"<div class=\"mh-excerpt\"><p>Sajt\u00f3k\u00f6zlem\u00e9ny Multifunkcion\u00e1lis z\u00f6ldter\u00fclet fejleszt\u00e9s kezd\u0151dik Dunavars\u00e1nyban 2022. szeptember 12. Dunavars\u00e1ny V\u00e1ros \u00d6nkorm\u00e1nyzata a Sz\u00e9chenyi Terv Plusz Program TOP-Plusz-1.2.1. \u201e\u00c9lhet\u0151 telep\u00fcl\u00e9sek\u201d c. p\u00e1ly\u00e1zati felh\u00edv\u00e1s keret\u00e9ben sikeres t\u00e1mogat\u00e1si k\u00e9relmet ny\u00fajtott be multifunkcion\u00e1lis z\u00f6ldter\u00fclet fejleszt\u00e9sre. A projektet az <a class=\"mh-excerpt-more\" href=\"https:\/\/dunavarsany.hu\/index.php\/dunavarsany-multifunkcionalis-zoldterulet-fejlesztes\/\" title=\"Dunavars\u00e1ny &#8211; multifunkcion\u00e1lis z\u00f6ldter\u00fclet fejleszt\u00e9s\">[&#8230;]<\/a><\/p>\n<\/div>","protected":false},"author":3,"featured_media":10048,"parent":0,"menu_order":0,"comment_status":"closed","ping_status":"closed","template":"","meta":{"footnotes":""},"class_list":["post-10046","page","type-page","status-publish","has-post-thumbnail"],"_links":{"self":[{"href":"https:\/\/dunavarsany.hu\/index.php\/wp-json\/wp\/v2\/pages\/10046","targetHints":{"allow":["GET"]}}],"collection":[{"href":"https:\/\/dunavarsany.hu\/index.php\/wp-json\/wp\/v2\/pages"}],"about":[{"href":"https:\/\/dunavarsany.hu\/index.php\/wp-json\/wp\/v2\/types\/page"}],"author":[{"embeddable":true,"href":"https:\/\/dunavarsany.hu\/index.php\/wp-json\/wp\/v2\/users\/3"}],"replies":[{"embeddable":true,"href":"https:\/\/dunavarsany.hu\/index.php\/wp-json\/wp\/v2\/comments?post=10046"}],"version-history":[{"count":3,"href":"https:\/\/dunavarsany.hu\/index.php\/wp-json\/wp\/v2\/pages\/10046\/revisions"}],"predecessor-version":[{"id":10410,"href":"https:\/\/dunavarsany.hu\/index.php\/wp-json\/wp\/v2\/pages\/10046\/revisions\/10410"}],"wp:featuredmedia":[{"embeddable":true,"href":"https:\/\/dunavarsany.hu\/index.php\/wp-json\/wp\/v2\/media\/10048"}],"wp:attachment":[{"href":"https:\/\/dunavarsany.hu\/index.php\/wp-json\/wp\/v2\/media?parent=10046"}],"curies":[{"name":"wp","href":"https:\/\/api.w.org\/{rel}","templated":true}]}}